{"id":1303,"date":"2024-07-15T21:28:59","date_gmt":"2024-07-15T18:28:59","guid":{"rendered":"https:\/\/wristbandfactory.eu\/toode\/vivid-wrist-silicone-keyholders-2\/"},"modified":"2026-04-01T21:52:04","modified_gmt":"2026-04-01T18:52:04","slug":"silicone-bangle-keyholders","status":"publish","type":"product","link":"https:\/\/displayproducts.eu\/fi\/p\/silicone-bangle-keyholders\/","title":{"rendered":"Silikoni rannerengas avaimenper\u00e4t"},"content":{"rendered":"<p>Yhdist\u00e4 k\u00e4yt\u00e4nn\u00f6llisyys n\u00e4kyv\u00e4\u00e4n br\u00e4nd\u00e4ykseen k\u00e4ytt\u00e4m\u00e4ll\u00e4 silikonisia avaimenperi\u00e4mme. T\u00e4m\u00e4 tuote on tehokas mainosv\u00e4line yritystapahtumiin, kiinteist\u00f6nv\u00e4litystoimistoihin tai toimivaksi ilmaislahjaksi henkil\u00f6kunnalle ja asiakkaille.<\/p>\n<p>Ranteessa mukavasti pidett\u00e4v\u00e4ksi suunniteltu suuri, halkaisijaltaan 8,6 cm oleva ranneke pit\u00e4\u00e4 avaimet turvassa ja k\u00e4det vapaina. T\u00e4m\u00e4 muotoilu on eritt\u00e4in k\u00e4yt\u00e4nn\u00f6llinen kiireisille ammattilaisille, tapahtumavieraille tai henkil\u00f6kunnalle, jotka tarvitsevat usein p\u00e4\u00e4sy\u00e4 avaimiin tai avaimenperiin.<\/p>\n<p>T\u00e4m\u00e4 avaimenper\u00e4 on valmistettu korkealaatuisesta ja kest\u00e4v\u00e4st\u00e4 silikonista, ja se on rakennettu kest\u00e4m\u00e4\u00e4n p\u00e4ivitt\u00e4ist\u00e4 k\u00e4ytt\u00f6\u00e4. Jokainen yksikk\u00f6 on varustettu tukevalla metallirenkaalla useiden avainten tai kulkukorttien turvalliseen j\u00e4rjest\u00e4miseen. Saatavilla laajassa v\u00e4rivalikoimassa olevat avaimenper\u00e4t voidaan helposti sovittaa yrityksesi ilmeeseen, mik\u00e4 varmistaa, ett\u00e4 br\u00e4ndisi pysyy n\u00e4kyv\u00e4n\u00e4 ja hy\u00f6dyllisen\u00e4 pitk\u00e4\u00e4n tapahtuman j\u00e4lkeen.<\/p>\n<p><b>T\u00e4rkeimm\u00e4t ominaisuudet:<\/b><\/p>\n<ul>\n<li><b>Kest\u00e4v\u00e4 silikoniranneke:<\/b> Suuri, halkaisijaltaan 8,6 cm oleva sormus sopii helposti ranteeseen handsfree-mukavuutta varten.<\/li>\n<li><b>Korkealaatuinen materiaali:<\/b> Valmistettu ensiluokkaisesta ja kest\u00e4v\u00e4st\u00e4 silikonista, joka on suunniteltu p\u00e4ivitt\u00e4iseen ammattik\u00e4ytt\u00f6\u00f6n.<\/li>\n<li><b>Turvallinen metallinen avaimenper\u00e4:<\/b> Kest\u00e4v\u00e4 metallirengas pit\u00e4\u00e4 avaimet ja avaimenper\u00e4t turvassa.<\/li>\n<li><b>N\u00e4kyv\u00e4 br\u00e4nd\u00e4ys:<\/b> K\u00e4yt\u00e4nn\u00f6llinen ilmaislahja, joka pit\u00e4\u00e4 br\u00e4ndisi jatkuvasti k\u00e4dess\u00e4 tai ranteessa.<\/li>\n<li><b>Useita v\u00e4rivaihtoehtoja:<\/b> Saatavilla useissa eri v\u00e4reiss\u00e4, jotka sopivat yrityksesi br\u00e4ndiin.<\/li>\n<\/ul>","protected":false},"excerpt":{"rendered":"<ul>\n<li>Pit\u00e4\u00e4 avaimet helposti ranteessa handsfree-k\u00e4ytt\u00f6\u00e4 varten.<\/li>\n<li>Kest\u00e4v\u00e4, korkealaatuinen silikonirakenne p\u00e4ivitt\u00e4iseen k\u00e4ytt\u00f6\u00f6n.<\/li>\n<li>Saatavilla laajassa valikoimassa yksiv\u00e4risi\u00e4 v\u00e4rej\u00e4, jotka sopivat yrityksesi ilmeeseen.<\/li>\n<li>K\u00e4yt\u00e4nn\u00f6llinen ja n\u00e4kyv\u00e4 mainostuote messuille.<\/li>\n<\/ul>","protected":false},"featured_media":6668,"comment_status":"closed","ping_status":"closed","template":"","meta":[],"product_brand":[],"product_cat":[94],"product_tag":[],"class_list":{"0":"post-1303","1":"product","2":"type-product","3":"status-publish","4":"has-post-thumbnail","6":"product_cat-keychains","8":"first","9":"instock","10":"shipping-taxable","11":"purchasable","12":"product-type-simple"},"_links":{"self":[{"href":"https:\/\/displayproducts.eu\/fi\/wp-json\/wp\/v2\/product\/1303","targetHints":{"allow":["GET"]}}],"collection":[{"href":"https:\/\/displayproducts.eu\/fi\/wp-json\/wp\/v2\/product"}],"about":[{"href":"https:\/\/displayproducts.eu\/fi\/wp-json\/wp\/v2\/types\/product"}],"replies":[{"embeddable":true,"href":"https:\/\/displayproducts.eu\/fi\/wp-json\/wp\/v2\/comments?post=1303"}],"wp:featuredmedia":[{"embeddable":true,"href":"https:\/\/displayproducts.eu\/fi\/wp-json\/wp\/v2\/media\/6668"}],"wp:attachment":[{"href":"https:\/\/displayproducts.eu\/fi\/wp-json\/wp\/v2\/media?parent=1303"}],"wp:term":[{"taxonomy":"product_brand","embeddable":true,"href":"https:\/\/displayproducts.eu\/fi\/wp-json\/wp\/v2\/product_brand?post=1303"},{"taxonomy":"product_cat","embeddable":true,"href":"https:\/\/displayproducts.eu\/fi\/wp-json\/wp\/v2\/product_cat?post=1303"},{"taxonomy":"product_tag","embeddable":true,"href":"https:\/\/displayproducts.eu\/fi\/wp-json\/wp\/v2\/product_tag?post=1303"}],"curies":[{"name":"wp","href":"https:\/\/api.w.org\/{rel}","templated":true}]}}