{"id":1299,"date":"2024-10-27T11:53:51","date_gmt":"2024-10-27T08:53:51","guid":{"rendered":"https:\/\/wristbandfactory.eu\/toode\/slim-silicone-wristbands\/"},"modified":"2026-04-01T21:52:04","modified_gmt":"2026-04-01T18:52:04","slug":"slim-silicone-wristbands","status":"publish","type":"product","link":"https:\/\/displayproducts.eu\/fi\/p\/slim-silicone-wristbands\/","title":{"rendered":"Ohuet silikonirannekkeet"},"content":{"rendered":"<p>Nosta yrityksesi br\u00e4nd\u00e4yst\u00e4 tai tiedotuskampanjaa uudelle tasolle ohuilla silikonirannekkeillamme. Niiden tyylik\u00e4s 5 mm:n profiili tarjoaa hienovaraisen ja modernin vaihtoehdon tavallisille rannekkeille, mik\u00e4 tekee niist\u00e4 suositun valinnan yritystapahtumiin, hyv\u00e4ntekev\u00e4isyyskampanjoihin ja mainoslahjoituksiin, joissa halutaan hienostuneempi ilme.<\/p>\n<p>Tarjoamme t\u00e4yden r\u00e4\u00e4t\u00e4l\u00f6innin br\u00e4ndi-identiteettisi mukaan. Silikoni itsess\u00e4\u00e4n on Pantone-v\u00e4ritetty tarkan v\u00e4ritarkkuuden takaamiseksi. Voit mukauttaa viesti\u00e4si edelleen useilla korkealaatuisilla vaihtoehdoilla: puhtaalla yksiv\u00e4risell\u00e4 silkkipainatuksella, kest\u00e4v\u00e4ll\u00e4 upotetulla logolla, ensiluokkaisella kohokuvioidulla logolla tai yksiv\u00e4risell\u00e4 t\u00e4ytteell\u00e4 varustetulla kohokuvioidulla logolla maksimaalisen kontrastin ja n\u00e4kyvyyden saavuttamiseksi.<\/p>\n<p>N\u00e4m\u00e4 korkealaatuisesta ja kest\u00e4v\u00e4st\u00e4 silikonista valmistetut rannekkeet ovat mukavat p\u00e4ivitt\u00e4iseen k\u00e4ytt\u00f6\u00f6n ja t\u00e4ytt\u00e4v\u00e4t kaikki asiaankuuluvat turvallisuusm\u00e4\u00e4r\u00e4ykset, mik\u00e4 tarjoaa mielenrauhaa organisaatiollesi ja osallistujille.<\/p>\n<p><b>T\u00e4rkeimm\u00e4t ominaisuudet:<\/b><\/p>\n<ul>\n<li><b>Tyylik\u00e4s 5 mm:n profiili:<\/b> Kapea, moderni muotoilu (saatavana koossa 200x5x2 mm tai 180x5x2 mm) hienovaraiseen br\u00e4nd\u00e4ykseen.<\/li>\n<li><b>T\u00e4ysi r\u00e4\u00e4t\u00e4l\u00f6inti:<\/b> Valitse yksiv\u00e4risest\u00e4 painatuksesta, upotetusta, kohokuvioidusta tai musteella t\u00e4ytetyst\u00e4 kohokuvioidusta kuviosta.<\/li>\n<li><b>Tarkka Pantone-v\u00e4rien vastaavuus:<\/b> Takaa, ett\u00e4 silikonin v\u00e4ri sopii t\u00e4ydellisesti yrityksesi identiteettiin.<\/li>\n<li><b>Turvallisuusvaatimusten mukainen:<\/b> Valmistettu korkealaatuisesta silikonista, joka t\u00e4ytt\u00e4\u00e4 kaikki asiaankuuluvat turvallisuusstandardit.<\/li>\n<li><b>Irtopakkaus:<\/b> Minimitilaus 100 yksikk\u00f6\u00e4, oletusarvoisesti irtopakkauksessa. Yksitt\u00e4ispakkaukset saatavilla pyynn\u00f6st\u00e4.<\/li>\n<\/ul>","protected":false},"excerpt":{"rendered":"<ul>\n<li>Tyylik\u00e4s, kapea 5 mm:n profiili antaa hienovaraisen ja modernin ilmeen.<\/li>\n<li>T\u00e4ysin muokattavissa: Valitse painetuista, kaiverretuista tai kohokuvioiduista logoista.<\/li>\n<li>Pantone-yhteensopiva silikoni varmistaa t\u00e4ydellisen br\u00e4ndiv\u00e4rien yhdenmukaisuuden.<\/li>\n<li>Minimitilausm\u00e4\u00e4r\u00e4: 100 yksikk\u00f6\u00e4 per suunnittelu.<\/li>\n<\/ul>","protected":false},"featured_media":5953,"comment_status":"closed","ping_status":"closed","template":"","meta":[],"product_brand":[],"product_cat":[66,49],"product_tag":[],"class_list":{"0":"post-1299","1":"product","2":"type-product","3":"status-publish","4":"has-post-thumbnail","6":"product_cat-wristbands","7":"product_cat-silicone","9":"first","10":"instock","11":"shipping-taxable","12":"purchasable","13":"product-type-simple"},"_links":{"self":[{"href":"https:\/\/displayproducts.eu\/fi\/wp-json\/wp\/v2\/product\/1299","targetHints":{"allow":["GET"]}}],"collection":[{"href":"https:\/\/displayproducts.eu\/fi\/wp-json\/wp\/v2\/product"}],"about":[{"href":"https:\/\/displayproducts.eu\/fi\/wp-json\/wp\/v2\/types\/product"}],"replies":[{"embeddable":true,"href":"https:\/\/displayproducts.eu\/fi\/wp-json\/wp\/v2\/comments?post=1299"}],"wp:featuredmedia":[{"embeddable":true,"href":"https:\/\/displayproducts.eu\/fi\/wp-json\/wp\/v2\/media\/5953"}],"wp:attachment":[{"href":"https:\/\/displayproducts.eu\/fi\/wp-json\/wp\/v2\/media?parent=1299"}],"wp:term":[{"taxonomy":"product_brand","embeddable":true,"href":"https:\/\/displayproducts.eu\/fi\/wp-json\/wp\/v2\/product_brand?post=1299"},{"taxonomy":"product_cat","embeddable":true,"href":"https:\/\/displayproducts.eu\/fi\/wp-json\/wp\/v2\/product_cat?post=1299"},{"taxonomy":"product_tag","embeddable":true,"href":"https:\/\/displayproducts.eu\/fi\/wp-json\/wp\/v2\/product_tag?post=1299"}],"curies":[{"name":"wp","href":"https:\/\/api.w.org\/{rel}","templated":true}]}}