{"id":1292,"date":"2024-07-15T22:03:57","date_gmt":"2024-07-15T19:03:57","guid":{"rendered":"https:\/\/wristbandfactory.eu\/toode\/tyvek-wristbands-for-hospitals\/"},"modified":"2026-04-01T21:52:36","modified_gmt":"2026-04-01T18:52:36","slug":"direct-thermal-hospital-wristbands","status":"publish","type":"product","link":"https:\/\/displayproducts.eu\/fi\/p\/direct-thermal-hospital-wristbands\/","title":{"rendered":"Antibakteeriset sairaalarannekkeet"},"content":{"rendered":"<p data-path-to-node=\"8\">Nosta laitoksesi potilaiden tunnistustasoa suorilla l\u00e4mp\u00f6l\u00e4mp\u00f6rannekkeillamme. N\u00e4m\u00e4 rannekkeet on suunniteltu integroitumaan saumattomasti olemassa oleviin terveydenhuollon ty\u00f6nkulkuihin, ja ne poistavat k\u00e4sinkirjoitusvirheiden riskin mahdollistamalla viivakoodien, tekstin ja potilaskuvien v\u00e4litt\u00f6m\u00e4n tulostamisen. 29x290 mm:n aikuisille tarkoitettu koko tarjoaa mukavan istuvuuden ja suuren pinta-alan skannattavalle tiedolle, mik\u00e4 varmistaa tehokkuuden luokittelusta kotiutukseen.<\/p>\n<h2 data-path-to-node=\"9\">T\u00e4rkeimm\u00e4t ominaisuudet<\/h2>\n<ul data-path-to-node=\"10\">\n<li>\n<p data-path-to-node=\"10,0,0\"><b data-path-to-node=\"10,0,0\" data-index-in-node=\"0\">Antibakteerinen suoja:<\/b> Sis\u00e4lt\u00e4\u00e4 erikoispinnoitteen, joka est\u00e4\u00e4 aktiivisesti bakteerien kasvua, mik\u00e4 on kriittinen vaatimus kliinisiss\u00e4 ymp\u00e4rist\u00f6iss\u00e4.<\/p>\n<\/li>\n<li>\n<p data-path-to-node=\"10,1,0\"><b data-path-to-node=\"10,1,0\" data-index-in-node=\"0\">Tahraantumaton kest\u00e4vyys:<\/b> Korkealaatuinen polypropeenikalvo lukitsee l\u00e4mp\u00f6tulostuksen, jolloin potilastiedot pysyv\u00e4t luettavina my\u00f6s kosketuksissa veden, alkoholin tai k\u00e4sien desinfiointiaineiden kanssa.<\/p>\n<\/li>\n<li>\n<p data-path-to-node=\"10,2,0\"><b data-path-to-node=\"10,2,0\" data-index-in-node=\"0\">Tamper-Evident -sulkeminen:<\/b> K\u00e4ytt\u00e4\u00e4 eritt\u00e4in tarttuvaa liimaa, joka repeytyy, jos ranneke yritet\u00e4\u00e4n irrottaa tai siirt\u00e4\u00e4.<\/p>\n<\/li>\n<li>\n<p data-path-to-node=\"10,3,0\"><b data-path-to-node=\"10,3,0\" data-index-in-node=\"0\">Lateksiton ja hypoallergeeninen:<\/b> Turvallinen kaikille ihotyypeille, minimoi allergisten reaktioiden riskin pitk\u00e4aikaisessa sairaalahoidossa.<\/p>\n<\/li>\n<\/ul>\n<h2 data-path-to-node=\"11\">Tekniset tiedot<\/h2>\n<ul data-path-to-node=\"12\">\n<li>\n<p data-path-to-node=\"12,0,0\"><b data-path-to-node=\"12,0,0\" data-index-in-node=\"0\">Mitat:<\/b> 29 mm x 290 mm (aikuisen vakiokoko).<\/p>\n<\/li>\n<li>\n<p data-path-to-node=\"12,1,0\"><b data-path-to-node=\"12,1,0\" data-index-in-node=\"0\">Materiaali:<\/b> Polypropeenia antibakteerisella pinnoitteella.<\/p>\n<\/li>\n<li>\n<p data-path-to-node=\"12,2,0\"><b data-path-to-node=\"12,2,0\" data-index-in-node=\"0\">Painatustekniikka:<\/b> Suora l\u00e4mp\u00f6painatus (ei vaadi v\u00e4rinauhaa tai mustetta).<\/p>\n<\/li>\n<li>\n<p data-path-to-node=\"12,3,0\"><b data-path-to-node=\"12,3,0\" data-index-in-node=\"0\">Yhteensopivuus:<\/b> Optimoitu Zebra (GK-888T, TLP2824), Brother (TD-2020) ja TSC-p\u00f6yt\u00e4tulostimille.<\/p>\n<\/li>\n<li>\n<p data-path-to-node=\"12,4,0\"><b data-path-to-node=\"12,4,0\" data-index-in-node=\"0\">Pakkaus:<\/b> 100 rannekkeen rullat, joiden ydin on 25 mm (1 tuuma).<\/p>\n<\/li>\n<li>\n<p data-path-to-node=\"12,5,0\"><b data-path-to-node=\"12,5,0\" data-index-in-node=\"0\">Minimitilausm\u00e4\u00e4r\u00e4 (MOQ):<\/b> 100 yksikk\u00f6\u00e4.<\/p>\n<\/li>\n<\/ul>\n<h2 data-path-to-node=\"13\">K\u00e4ytt\u00f6tapaukset<\/h2>\n<ul data-path-to-node=\"14\">\n<li>\n<p data-path-to-node=\"14,0,0\"><b data-path-to-node=\"14,0,0\" data-index-in-node=\"0\">Suuret sis\u00e4\u00e4np\u00e4\u00e4sym\u00e4\u00e4r\u00e4t:<\/b> Ihanteellinen ensiapupoliklinikoille ja kiireellisen hoidon keskuksiin, jotka vaativat nopeaa henkil\u00f6llisyystodistuksen luomista.<\/p>\n<\/li>\n<li>\n<p data-path-to-node=\"14,1,0\"><b data-path-to-node=\"14,1,0\" data-index-in-node=\"0\">Sairaalahoito:<\/b> Pitk\u00e4aikainen tunnistaminen l\u00e4\u00e4kkeiden antoa ja vuodepohjien skannausta varten.<\/p>\n<\/li>\n<li>\n<p data-path-to-node=\"14,2,0\"><b data-path-to-node=\"14,2,0\" data-index-in-node=\"0\">Avohoidon toimenpiteet:<\/b> Turvallinen merkitseminen saman p\u00e4iv\u00e4n leikkauksiin ja diagnostisiin testeihin.<\/p>\n<\/li>\n<li>\n<p data-path-to-node=\"14,3,0\"><b data-path-to-node=\"14,3,0\" data-index-in-node=\"0\">Synnytys- ja lastenosastot:<\/b> Luotettava tunnistus, jossa turvallisuus ja mukavuus ovat etusijalla.<\/p>\n<\/li>\n<\/ul>\n<p data-path-to-node=\"15\">","protected":false},"excerpt":{"rendered":"<p data-path-to-node=\"6\">Virtaviivaista potilaiden vastaanottoprosessiasi suorilla l\u00e4mp\u00f6tulosteisilla sairaalarannekkeillamme, jotka on suunniteltu nykyaikaisiin terveydenhuollon laitoksiin, jotka vaativat v\u00e4lit\u00f6nt\u00e4 ja korkearesoluutioista datapainatusta suoraan vastaanottoj\u00e4rjestelmist\u00e4.<\/p>\n<ul data-path-to-node=\"7\">\n<li>\n<p data-path-to-node=\"7,0,0\"><b data-path-to-node=\"7,0,0\" data-index-in-node=\"0\">Tulostimen yhteensopivuus:<\/b> T\u00e4ysin optimoitu alan standardin mukaisille suoral\u00e4mp\u00f6tulostimille, kuten Zebra, Brother ja TSC.<\/p>\n<\/li>\n<li>\n<p data-path-to-node=\"7,1,0\"><b data-path-to-node=\"7,1,0\" data-index-in-node=\"0\">Infektioiden torjunta:<\/b> Erityinen antibakteerinen pinnoite est\u00e4\u00e4 bakteerien kasvua ja tukee tiukkoja sairaalahygieniaprotokollia.<\/p>\n<\/li>\n<li>\n<p data-path-to-node=\"7,2,0\"><b data-path-to-node=\"7,2,0\" data-index-in-node=\"0\">Maksimaalinen turvallisuus:<\/b> Suojaava akryyliliima ja muotoonleikattu suljin est\u00e4v\u00e4t siirron ja varmistavat potilastunnisteen eheyden.<\/p>\n<\/li>\n<li>\n<p data-path-to-node=\"7,3,0\"><b data-path-to-node=\"7,3,0\" data-index-in-node=\"0\">Yritysten v\u00e4linen tehokkuus:<\/b> Toimitetaan 100 nauhan rullina nopeaa lastausta ja suurten m\u00e4\u00e4rien vastaanottoa varten.<\/p>\n<\/li>\n<\/ul>","protected":false},"featured_media":631,"comment_status":"closed","ping_status":"closed","template":"","meta":[],"product_brand":[],"product_cat":[66,72],"product_tag":[],"class_list":{"0":"post-1292","1":"product","2":"type-product","3":"status-publish","4":"has-post-thumbnail","6":"product_cat-wristbands","7":"product_cat-medical-and-hospital","9":"first","10":"instock","11":"shipping-taxable","12":"purchasable","13":"product-type-simple"},"_links":{"self":[{"href":"https:\/\/displayproducts.eu\/fi\/wp-json\/wp\/v2\/product\/1292","targetHints":{"allow":["GET"]}}],"collection":[{"href":"https:\/\/displayproducts.eu\/fi\/wp-json\/wp\/v2\/product"}],"about":[{"href":"https:\/\/displayproducts.eu\/fi\/wp-json\/wp\/v2\/types\/product"}],"replies":[{"embeddable":true,"href":"https:\/\/displayproducts.eu\/fi\/wp-json\/wp\/v2\/comments?post=1292"}],"wp:featuredmedia":[{"embeddable":true,"href":"https:\/\/displayproducts.eu\/fi\/wp-json\/wp\/v2\/media\/631"}],"wp:attachment":[{"href":"https:\/\/displayproducts.eu\/fi\/wp-json\/wp\/v2\/media?parent=1292"}],"wp:term":[{"taxonomy":"product_brand","embeddable":true,"href":"https:\/\/displayproducts.eu\/fi\/wp-json\/wp\/v2\/product_brand?post=1292"},{"taxonomy":"product_cat","embeddable":true,"href":"https:\/\/displayproducts.eu\/fi\/wp-json\/wp\/v2\/product_cat?post=1292"},{"taxonomy":"product_tag","embeddable":true,"href":"https:\/\/displayproducts.eu\/fi\/wp-json\/wp\/v2\/product_tag?post=1292"}],"curies":[{"name":"wp","href":"https:\/\/api.w.org\/{rel}","templated":true}]}}