{"id":1291,"date":"2024-10-27T11:53:51","date_gmt":"2024-10-27T08:53:51","guid":{"rendered":"https:\/\/wristbandfactory.eu\/toode\/cord-lanyards-with-pvc-slider\/"},"modified":"2026-04-01T21:52:36","modified_gmt":"2026-04-01T18:52:36","slug":"custom-round-cord-lanyards-with-pvc-slider-metal-carabiner","status":"publish","type":"product","link":"https:\/\/displayproducts.eu\/fi\/p\/custom-round-cord-lanyards-with-pvc-slider-metal-carabiner\/","title":{"rendered":"Painetut py\u00f6re\u00e4t kaulanauhat PVC-liulla ja karabiinilla"},"content":{"rendered":"<div class=\"mx-12 md:mx-24 lg:mx-48\">\n<div class=\"container my-8 svelte-zlsknf\">\n<div class=\"my-24 rounded-lg border-0 border-gray-700 bg-gray-100 px-16 py-24\">\n<div class=\"mt-11 !text-gray-500\">\n<p data-path-to-node=\"12\">Virtaviivaista yrityksesi identiteetti\u00e4 ja tapahtumien turvallisuutta meid\u00e4n avullamme <b>Mukautetut py\u00f6re\u00e4t narunauhat<\/b>. T\u00e4m\u00e4 minimalistista mutta kest\u00e4v\u00e4\u00e4 henkil\u00f6llisyystodistusratkaisua tarvitseville ammattilaisille suunniteltu kaulanauha tarjoaa hienostuneen vaihtoehdon litteille nauhoille, joten se on t\u00e4ydellinen valinta p\u00e4ivitt\u00e4iseen toimistok\u00e4ytt\u00f6\u00f6n, konferensseihin ja messuhenkil\u00f6kunnalle.<\/p>\n<p data-path-to-node=\"13\">Korkealaatuisesta ja kest\u00e4v\u00e4st\u00e4 polyesterist\u00e4 valmistettu py\u00f6re\u00e4 ny\u00f6riprofiili on suunniteltu mukavuutta varten pitk\u00e4aikaisessa k\u00e4yt\u00f6ss\u00e4 est\u00e4en \u00e4rsytyst\u00e4 kaulassa. Toisin kuin tavalliset litte\u00e4t kaulanauhat, k\u00f6ysimalli tarjoaa ensiluokkaisen ja huomaamattoman ilmeen, joka t\u00e4ydent\u00e4\u00e4 bisnesasua.<\/p>\n<p data-path-to-node=\"14\">T\u00e4m\u00e4n mallin m\u00e4\u00e4rittelev\u00e4 ominaisuus on toimivuus <b>PVC-liukus\u00e4\u00e4din<\/b>. Vaikka se on vakiona tyylik\u00e4s, l\u00e4pin\u00e4kyv\u00e4 viimeistely, tarjoamme my\u00f6s omalla painatuksellaj\u00e4 v\u00e4rej\u00e4 suurissa tilauksissa, jolloin voit mukauttaa laitteiston tarkasti yrityksesi br\u00e4ndi-ilmeen mukaiseksi. Jokainen kaulanauha on viimeistelty kest\u00e4v\u00e4ll\u00e4... <b>metallinen sulkurengas<\/b>, joka tarjoaa luotettavan ja helppok\u00e4ytt\u00f6isen kiinnityspisteen henkil\u00f6llisyyskorteille, kulunvalvontakorteille tai avaimille. T\u00e4m\u00e4 kest\u00e4vyyden ja ammattimaisen estetiikan yhdistelm\u00e4 tekee siit\u00e4 ensisijaisen valinnan organisaatioille, jotka etsiv\u00e4t korkealaatuista henkil\u00f6llisyystodistusten s\u00e4ilytysratkaisua.<\/p>\n<p data-path-to-node=\"15\"><b>T\u00e4rkeimm\u00e4t ominaisuudet:<\/b><\/p>\n<ul data-path-to-node=\"16\">\n<li>\n<p data-path-to-node=\"16,0,0\"><b>Kest\u00e4v\u00e4 polyesterinauha:<\/b> Py\u00f6re\u00e4 k\u00f6ysiprofiili sopii erinomaisesti mukavaan ja koko p\u00e4iv\u00e4n kest\u00e4v\u00e4\u00e4n k\u00e4ytt\u00f6\u00f6n ilman rispaantumista.<\/p>\n<\/li>\n<li>\n<p data-path-to-node=\"16,1,0\"><b>S\u00e4\u00e4dett\u00e4v\u00e4 PVC-liukus\u00e4\u00e4din:<\/b> Vakiomuotoinen l\u00e4pin\u00e4kyv\u00e4 viimeistely tarjoaa modernin ilmeen; erikoisv\u00e4rej\u00e4 saatavilla pyynn\u00f6st\u00e4.<\/p>\n<\/li>\n<li>\n<p data-path-to-node=\"16,2,0\"><b>Br\u00e4ndin yhdenmukaistaminen:<\/b> Mahdollisuus sovittaa liukus\u00e4\u00e4timen v\u00e4ri br\u00e4ndi-identiteettiisi kelpuutetuille irtom\u00e4\u00e4rille.<\/p>\n<\/li>\n<li>\n<p data-path-to-node=\"16,3,0\"><b>Raskas lis\u00e4laite:<\/b> Mukana metallinen karabiinihaka, joka pit\u00e4\u00e4 tunnistetiedot turvassa.<\/p>\n<\/li>\n<li>\n<p data-path-to-node=\"16,4,0\"><b>Monipuolinen sovellus:<\/b> K\u00e4yt\u00e4nn\u00f6llinen ja huippuluokan ratkaisu VIP-tapahtumiin, henkil\u00f6kunnan tunnistukseen ja yritysymp\u00e4rist\u00f6ihin.<\/p>\n<\/li>\n<\/ul>\n<\/div>\n<\/div>\n<\/div>\n<\/div>","protected":false},"excerpt":{"rendered":"<ul>\n<li>\n<p data-path-to-node=\"10,0,0\"><b>Ammattimainen profiili:<\/b> Minimalistinen 5 mm:n py\u00f6re\u00e4 johto, joka sopii erinomaisesti toimistoymp\u00e4rist\u00f6ihin ja VIP-tapahtumiin.<\/p>\n<\/li>\n<li>\n<p data-path-to-node=\"10,1,0\"><b>Mukautettu laitteisto:<\/b> Sis\u00e4lt\u00e4\u00e4 PVC-liukus\u00e4\u00e4timen (saatavilla muokattavia v\u00e4rej\u00e4) br\u00e4nd\u00e4yksen kohdistamista varten.<\/p>\n<\/li>\n<li>\n<p data-path-to-node=\"10,2,0\"><b>Suojattu liite:<\/b> Kest\u00e4v\u00e4 metallinen sulkurengas pit\u00e4\u00e4 henkil\u00f6llisyystodistukset ja avaimet turvassa.<\/p>\n<\/li>\n<li>\n<p data-path-to-node=\"10,3,0\"><b>Kest\u00e4v\u00e4 mukavuus:<\/b> Pehme\u00e4 polyesterik\u00f6ysi est\u00e4\u00e4 niskan \u00e4rsytyst\u00e4 koko p\u00e4iv\u00e4n k\u00e4yt\u00f6n aikana.<\/p>\n<\/li>\n<\/ul>","protected":false},"featured_media":6691,"comment_status":"closed","ping_status":"closed","template":"","meta":[],"product_brand":[],"product_cat":[125],"product_tag":[],"class_list":{"0":"post-1291","1":"product","2":"type-product","3":"status-publish","4":"has-post-thumbnail","6":"product_cat-cord-lanyards","8":"first","9":"instock","10":"shipping-taxable","11":"purchasable","12":"product-type-simple"},"_links":{"self":[{"href":"https:\/\/displayproducts.eu\/fi\/wp-json\/wp\/v2\/product\/1291","targetHints":{"allow":["GET"]}}],"collection":[{"href":"https:\/\/displayproducts.eu\/fi\/wp-json\/wp\/v2\/product"}],"about":[{"href":"https:\/\/displayproducts.eu\/fi\/wp-json\/wp\/v2\/types\/product"}],"replies":[{"embeddable":true,"href":"https:\/\/displayproducts.eu\/fi\/wp-json\/wp\/v2\/comments?post=1291"}],"wp:featuredmedia":[{"embeddable":true,"href":"https:\/\/displayproducts.eu\/fi\/wp-json\/wp\/v2\/media\/6691"}],"wp:attachment":[{"href":"https:\/\/displayproducts.eu\/fi\/wp-json\/wp\/v2\/media?parent=1291"}],"wp:term":[{"taxonomy":"product_brand","embeddable":true,"href":"https:\/\/displayproducts.eu\/fi\/wp-json\/wp\/v2\/product_brand?post=1291"},{"taxonomy":"product_cat","embeddable":true,"href":"https:\/\/displayproducts.eu\/fi\/wp-json\/wp\/v2\/product_cat?post=1291"},{"taxonomy":"product_tag","embeddable":true,"href":"https:\/\/displayproducts.eu\/fi\/wp-json\/wp\/v2\/product_tag?post=1291"}],"curies":[{"name":"wp","href":"https:\/\/api.w.org\/{rel}","templated":true}]}}