{"id":1288,"date":"2024-10-27T11:53:51","date_gmt":"2024-10-27T08:53:51","guid":{"rendered":"https:\/\/wristbandfactory.eu\/toode\/full-colour-cord-lanyards-with-woven-label\/"},"modified":"2026-04-01T21:52:36","modified_gmt":"2026-04-01T18:52:36","slug":"sublimation-cord-lanyards-with-woven-label","status":"publish","type":"product","link":"https:\/\/displayproducts.eu\/fi\/p\/sublimation-cord-lanyards-with-woven-label\/","title":{"rendered":"Sublimaatiopainatusk\u00f6ysinauhat kudotulla etiketill\u00e4"},"content":{"rendered":"<div class=\"mx-12 md:mx-24 lg:mx-48\">\n<div class=\"container my-8 svelte-zlsknf\">\n<div class=\"my-24 rounded-lg border-0 border-gray-700 bg-gray-100 px-16 py-24\">\n<div class=\"mt-11 !text-gray-500\">\n<p>Saavuta maksimaalinen br\u00e4ndivaikutus ensiluokkaisilla sublimaatiopainatuspainatusny\u00f6reill\u00e4mme. T\u00e4m\u00e4 malli yhdist\u00e4\u00e4 kaksi korkealaatuista br\u00e4nd\u00e4ysmenetelm\u00e4\u00e4: eloisan, t\u00e4ysv\u00e4risen sublimaatiopainatuspainatuksen narussa ja kest\u00e4v\u00e4n, neliv\u00e4risen kudotun etiketin p\u00e4\u00e4logollesi.<\/p>\n<p>90 cm:n polyesterinaru on aluksi valkoinen, ja siihen painetaan kokonaan oma suunnitteluisi sublimaatiopainatusmenetelm\u00e4ll\u00e4. T\u00e4m\u00e4 menetelm\u00e4 sopii t\u00e4ydellisesti monimutkaisiin, t\u00e4ysv\u00e4risiin kuvioihin tai toistuviin logoihin, vaikka huomaatkin, ett\u00e4 logon tarkkaa sijoittelua nauhaan ei voida taata.<\/p>\n<p>Ter\u00e4v\u00e4piirtoisen neliv\u00e4risen kudotun etiketin lis\u00e4\u00e4minen tarjoaa ter\u00e4v\u00e4n ja ammattimaisen katseenvangitsijan br\u00e4ndillesi, joka ei haalistu tai naarmuunnu. T\u00e4m\u00e4 huippuluokan kaulanauha on erinomainen valinta yritystapahtumiin, henkil\u00f6st\u00f6n tunnistamiseen tai premium-kokouspasseihin, joissa tarvitaan kest\u00e4v\u00e4\u00e4 ja hienostunutta br\u00e4ndiesittely\u00e4. Jokaisessa kaulanauhassa on vakiona metallinen karbiinihaka, ja saatavilla on my\u00f6s muita klipsivaihtoehtoja.<\/p>\n<p><b>T\u00e4rkeimm\u00e4t ominaisuudet:<\/b><\/p>\n<ul>\n<li><b>Kaksoisbr\u00e4nd\u00e4ys:<\/b> Yhdist\u00e4\u00e4 t\u00e4ysv\u00e4risen sublimaatiopainatuspainetun johdon ja ensiluokkaisen neliv\u00e4risen kudotun etiketin.<\/li>\n<li><b>El\u00e4v\u00e4 sublimaatiopainatus:<\/b> 90 cm:n valkoinen polyesterinaru sopii erinomaisesti t\u00e4ysv\u00e4risten kuvioiden toistamiseen.<\/li>\n<li><b>Ensiluokkainen kudottu etiketti:<\/b> Tarjoaa kest\u00e4v\u00e4n ja ter\u00e4v\u00e4piirtoisen logon (jopa nelj\u00e4 v\u00e4ri\u00e4).<\/li>\n<li><b>Metallinen sulkurengas:<\/b> Mukana tukeva metallinen karabiinihaka, ja saatavilla on my\u00f6s muita kiinnitysvaihtoehtoja.<\/li>\n<li><b>Suurivaikutuksinen tunniste:<\/b> Huipputason ratkaisu yritysilmeeseen, henkil\u00f6st\u00f6n tunnisteisiin ja premium-tapahtumiin.<\/li>\n<\/ul>\n<\/div>\n<\/div>\n<\/div>\n<\/div>","protected":false},"excerpt":{"rendered":"<ul>\n<li>Sis\u00e4lt\u00e4\u00e4 t\u00e4ysv\u00e4risen sublimaatiopainatuspainetun johdon eloisia, toistuvia kuvioita varten.<\/li>\n<li>Sis\u00e4lt\u00e4\u00e4 ensiluokkaisen, neliv\u00e4risen kudotun etiketin kest\u00e4v\u00e4\u00e4 logoa varten.<\/li>\n<li>Kest\u00e4v\u00e4 90 cm polyesterinaru, jossa on ilman painatusta metallinen sulkurengas.<\/li>\n<li>Ihanteellinen yritystapahtumiin, henkil\u00f6llisyystodistuksiin ja messuille.<\/li>\n<\/ul>","protected":false},"featured_media":6794,"comment_status":"closed","ping_status":"closed","template":"","meta":[],"product_brand":[],"product_cat":[43],"product_tag":[],"class_list":{"0":"post-1288","1":"product","2":"type-product","3":"status-publish","4":"has-post-thumbnail","6":"product_cat-lanyards","8":"first","9":"instock","10":"shipping-taxable","11":"purchasable","12":"product-type-simple"},"_links":{"self":[{"href":"https:\/\/displayproducts.eu\/fi\/wp-json\/wp\/v2\/product\/1288","targetHints":{"allow":["GET"]}}],"collection":[{"href":"https:\/\/displayproducts.eu\/fi\/wp-json\/wp\/v2\/product"}],"about":[{"href":"https:\/\/displayproducts.eu\/fi\/wp-json\/wp\/v2\/types\/product"}],"replies":[{"embeddable":true,"href":"https:\/\/displayproducts.eu\/fi\/wp-json\/wp\/v2\/comments?post=1288"}],"wp:featuredmedia":[{"embeddable":true,"href":"https:\/\/displayproducts.eu\/fi\/wp-json\/wp\/v2\/media\/6794"}],"wp:attachment":[{"href":"https:\/\/displayproducts.eu\/fi\/wp-json\/wp\/v2\/media?parent=1288"}],"wp:term":[{"taxonomy":"product_brand","embeddable":true,"href":"https:\/\/displayproducts.eu\/fi\/wp-json\/wp\/v2\/product_brand?post=1288"},{"taxonomy":"product_cat","embeddable":true,"href":"https:\/\/displayproducts.eu\/fi\/wp-json\/wp\/v2\/product_cat?post=1288"},{"taxonomy":"product_tag","embeddable":true,"href":"https:\/\/displayproducts.eu\/fi\/wp-json\/wp\/v2\/product_tag?post=1288"}],"curies":[{"name":"wp","href":"https:\/\/api.w.org\/{rel}","templated":true}]}}