{"id":1287,"date":"2024-10-27T11:53:51","date_gmt":"2024-10-27T08:53:51","guid":{"rendered":"https:\/\/wristbandfactory.eu\/toode\/3-in-1-charging-cable-lanyards\/"},"modified":"2026-04-01T21:52:04","modified_gmt":"2026-04-01T18:52:04","slug":"sublimation-3-in-1-charging-lanyards","status":"publish","type":"product","link":"https:\/\/displayproducts.eu\/fi\/p\/sublimation-3-in-1-charging-lanyards\/","title":{"rendered":"Sublimaatiopainatus 3-in-1 latausnauhat"},"content":{"rendered":"<p>Tarjoa tapahtumasi osallistujille mainostuote, jota he todella k\u00e4ytt\u00e4v\u00e4t. Sublimaatiopainatuspainetut 3-in-1-latauskaapelinauhamme yhdist\u00e4v\u00e4t tapahtumapassin pidikkeen toiminnot ja moniliittimen latauskaapelin hy\u00f6dyllisyyden varmistaen br\u00e4ndisi maksimaalisen n\u00e4kyvyyden.<\/p>\n<p>N\u00e4m\u00e4 kaulanauhat on valmistettu kest\u00e4v\u00e4st\u00e4 polyesterist\u00e4 ja niiss\u00e4 on eloisa, moniv\u00e4rinen sublimaatiopainatuspainatus molemmilla puolilla, mik\u00e4 tarjoaa suuren pohjan monimutkaisille logoille ja tapahtumien br\u00e4nd\u00e4ykselle. Integroidussa kaapelissa on USB-A-, Micro-B- ja Type-C-liittimet, jotka tarjoavat k\u00e4tev\u00e4n latausratkaisun useimmille nykyaikaisille laitteille.<\/p>\n<p>N\u00e4m\u00e4 kaulanauhat sopivat erinomaisesti teknologiakonferensseihin, messuille tai k\u00e4yt\u00e4nn\u00f6lliseksi ilmaislahjaksi henkil\u00f6kunnalle. <b>vain lataustarkoituksiin (ei tiedonsiirtoon)<\/b>. Jokainen kaulanauha on erikseen pakattu polyeteenipussiin helppoa jakelua varten, ja sit\u00e4 on saatavana kolmessa eri pituudessa tarpeidesi mukaan.<\/p>\n<p><b>T\u00e4rkeimm\u00e4t ominaisuudet:<\/b><\/p>\n<ul>\n<li><b>3-in-1-latausliittimet:<\/b> Sis\u00e4lt\u00e4\u00e4 USB-A-, Micro-B- ja Type-C-liittimet k\u00e4tev\u00e4\u00e4 latausta varten (ei tiedonsiirtoon).<\/li>\n<li><b>Kaksipuolinen sublimaatiopainatus:<\/b> Eloisa, moniv\u00e4rinen, reunasta reunaan ulottuva painatus molemmilla puolilla br\u00e4ndin maksimaalisen n\u00e4kyvyyden takaamiseksi.<\/li>\n<li><b>Kest\u00e4v\u00e4 polyesterimateriaali:<\/b> Vahva ja mukava hihna, joka sopii erinomaisesti usean p\u00e4iv\u00e4n konferensseihin ja messuille.<\/li>\n<li><b>Toiminnallinen mainostuote:<\/b> Eritt\u00e4in k\u00e4yt\u00e4nn\u00f6llinen kaulanauha osallistujille, joka varmistaa hyv\u00e4n k\u00e4ytett\u00e4vyyden ja br\u00e4ndin pysyvyyden.<\/li>\n<li><b>Valmis jakeluun:<\/b> Jokainen kaulanauha on erikseen pakattu polyeteenipussiin ja saatavilla kolmessa eri pituudessa.<\/li>\n<\/ul>","protected":false},"excerpt":{"rendered":"<ul>\n<li>N\u00e4yt\u00e4 logosi eloisalla, kaksipuolisella t\u00e4ysv\u00e4risell\u00e4 sublimoinnilla.<\/li>\n<li>Sis\u00e4lt\u00e4\u00e4 3-in-1-latausliittimet: USB-A - Micro-B ja Type-C.<\/li>\n<li>Eritt\u00e4in k\u00e4yt\u00e4nn\u00f6llinen mainostuote teknologiakonferensseihin ja messuille.<\/li>\n<li>(Huomaa: Suunniteltu vain lataamiseen, ei tiedonsiirtoon.).<\/li>\n<\/ul>","protected":false},"featured_media":6789,"comment_status":"closed","ping_status":"closed","template":"","meta":[],"product_brand":[],"product_cat":[43],"product_tag":[],"class_list":{"0":"post-1287","1":"product","2":"type-product","3":"status-publish","4":"has-post-thumbnail","6":"product_cat-lanyards","8":"first","9":"instock","10":"shipping-taxable","11":"purchasable","12":"product-type-simple"},"_links":{"self":[{"href":"https:\/\/displayproducts.eu\/fi\/wp-json\/wp\/v2\/product\/1287","targetHints":{"allow":["GET"]}}],"collection":[{"href":"https:\/\/displayproducts.eu\/fi\/wp-json\/wp\/v2\/product"}],"about":[{"href":"https:\/\/displayproducts.eu\/fi\/wp-json\/wp\/v2\/types\/product"}],"replies":[{"embeddable":true,"href":"https:\/\/displayproducts.eu\/fi\/wp-json\/wp\/v2\/comments?post=1287"}],"wp:featuredmedia":[{"embeddable":true,"href":"https:\/\/displayproducts.eu\/fi\/wp-json\/wp\/v2\/media\/6789"}],"wp:attachment":[{"href":"https:\/\/displayproducts.eu\/fi\/wp-json\/wp\/v2\/media?parent=1287"}],"wp:term":[{"taxonomy":"product_brand","embeddable":true,"href":"https:\/\/displayproducts.eu\/fi\/wp-json\/wp\/v2\/product_brand?post=1287"},{"taxonomy":"product_cat","embeddable":true,"href":"https:\/\/displayproducts.eu\/fi\/wp-json\/wp\/v2\/product_cat?post=1287"},{"taxonomy":"product_tag","embeddable":true,"href":"https:\/\/displayproducts.eu\/fi\/wp-json\/wp\/v2\/product_tag?post=1287"}],"curies":[{"name":"wp","href":"https:\/\/api.w.org\/{rel}","templated":true}]}}