{"id":1284,"date":"2024-10-27T11:53:51","date_gmt":"2024-10-27T08:53:51","guid":{"rendered":"https:\/\/wristbandfactory.eu\/toode\/3-tone-lanyards-with-pvc-badge\/"},"modified":"2026-04-01T21:52:36","modified_gmt":"2026-04-01T18:52:36","slug":"3-tone-cord-lanyards-with-pvc-badge","status":"publish","type":"product","link":"https:\/\/displayproducts.eu\/fi\/p\/3-tone-cord-lanyards-with-pvc-badge\/","title":{"rendered":"3-v\u00e4riset narunauhat PVC-merkill\u00e4"},"content":{"rendered":"<div class=\"mx-12 md:mx-24 lg:mx-48\">\n<div class=\"container my-8 svelte-zlsknf\">\n<div class=\"my-24 rounded-lg border-0 border-gray-700 bg-gray-100 px-16 py-24\">\n<div class=\"mt-11 !text-gray-500\">\n<p>Luo erottuva ja eritt\u00e4in n\u00e4kyv\u00e4 tunnistusratkaisu tiimillesi tai tapahtuman osallistujille kolmiv\u00e4risill\u00e4 narunauhallamme. T\u00e4m\u00e4 nauha yhdist\u00e4\u00e4 vaikuttavan br\u00e4nd\u00e4yksen kest\u00e4v\u00e4\u00e4n ja k\u00e4yt\u00e4nn\u00f6lliseen muotoiluun.<\/p>\n<p>90 cm:n johto on valmistettu kest\u00e4v\u00e4st\u00e4 polyesterist\u00e4, ja se voidaan r\u00e4\u00e4t\u00e4l\u00f6id\u00e4 t\u00e4ysin valitsemalla se kolmesta eri v\u00e4rist\u00e4, joten voit sopia t\u00e4ydellisesti yrityksesi ilmeeseen tai tapahtuman teemaan.<\/p>\n<p>Keskeinen ominaisuus on omalla painatuksella PVC-merkki, johon voidaan muovata logosi tai suunnitteluisi jopa kolmella v\u00e4rill\u00e4. T\u00e4m\u00e4 tarjoaa kest\u00e4v\u00e4n, tuntuisen ja ensiluokkaisen vaihtoehdon tavalliselle painetulle passille. Jokaisessa kaulanauhassa on tukeva metallirengas, ja saatavilla on my\u00f6s muita klipsivaihtoehtoja, jotka sopivat henkil\u00f6llisyystodistuksen haltijan tai kulkukortin tarpeisiin. T\u00e4m\u00e4 tekee niist\u00e4 erinomaisen valinnan yrityshenkil\u00f6kunnan, messujen henkil\u00f6llisyystodistusten tai usean p\u00e4iv\u00e4n tapahtumien passien k\u00e4ytt\u00f6\u00f6n.<\/p>\n<p><b>T\u00e4rkeimm\u00e4t ominaisuudet:<\/b><\/p>\n<ul>\n<li><b>Kolmiv\u00e4rinen mukautus:<\/b> Valitse 90 cm:n polyesterijohdolle mitk\u00e4 tahansa kolme v\u00e4ri\u00e4 br\u00e4ndiisi sopivaksi.<\/li>\n<li><b>Mukautettu PVC-merkki:<\/b> Mukana mittatilausty\u00f6n\u00e4 valmistettu PVC-merkki logollesi (enint\u00e4\u00e4n 3 v\u00e4ri\u00e4).<\/li>\n<li><b>Kest\u00e4v\u00e4 polyesterinauha:<\/b> Rakennettu henkil\u00f6kunnan p\u00e4ivitt\u00e4iseen k\u00e4ytt\u00f6\u00f6n tai useamman p\u00e4iv\u00e4n tapahtumiin.<\/li>\n<li><b>Monipuoliset lis\u00e4laitteet:<\/b> Vakiona metallirengas, tai voit valita muita klipsivaihtoehtoja.<\/li>\n<li><b>Suurivaikutuksinen tunniste:<\/b> Ihanteellinen henkil\u00f6kunnan, VIP-henkil\u00f6iden tai tapahtumatiimien visuaaliseen segmentointiin.<\/li>\n<\/ul>\n<\/div>\n<\/div>\n<\/div>\n<\/div>","protected":false},"excerpt":{"rendered":"<ul>\n<li>Kest\u00e4v\u00e4 kolmiv\u00e4rinen polyesterinaru (valitse 3 v\u00e4ri\u00e4).<\/li>\n<li>Sis\u00e4lt\u00e4\u00e4 mittatilausty\u00f6n\u00e4 tehdyn PVC-merkin (enint\u00e4\u00e4n 3 v\u00e4ri\u00e4) logollesi.<\/li>\n<li>Vakiona metallirengas, saatavilla on my\u00f6s muita klipsivaihtoehtoja.<\/li>\n<li>Ihanteellinen henkil\u00f6kunnan tunnistamiseen tai yritystapahtumien passeihin.<\/li>\n<\/ul>","protected":false},"featured_media":6820,"comment_status":"closed","ping_status":"closed","template":"","meta":[],"product_brand":[],"product_cat":[43],"product_tag":[],"class_list":{"0":"post-1284","1":"product","2":"type-product","3":"status-publish","4":"has-post-thumbnail","6":"product_cat-lanyards","8":"first","9":"instock","10":"shipping-taxable","11":"purchasable","12":"product-type-simple"},"_links":{"self":[{"href":"https:\/\/displayproducts.eu\/fi\/wp-json\/wp\/v2\/product\/1284","targetHints":{"allow":["GET"]}}],"collection":[{"href":"https:\/\/displayproducts.eu\/fi\/wp-json\/wp\/v2\/product"}],"about":[{"href":"https:\/\/displayproducts.eu\/fi\/wp-json\/wp\/v2\/types\/product"}],"replies":[{"embeddable":true,"href":"https:\/\/displayproducts.eu\/fi\/wp-json\/wp\/v2\/comments?post=1284"}],"wp:featuredmedia":[{"embeddable":true,"href":"https:\/\/displayproducts.eu\/fi\/wp-json\/wp\/v2\/media\/6820"}],"wp:attachment":[{"href":"https:\/\/displayproducts.eu\/fi\/wp-json\/wp\/v2\/media?parent=1284"}],"wp:term":[{"taxonomy":"product_brand","embeddable":true,"href":"https:\/\/displayproducts.eu\/fi\/wp-json\/wp\/v2\/product_brand?post=1284"},{"taxonomy":"product_cat","embeddable":true,"href":"https:\/\/displayproducts.eu\/fi\/wp-json\/wp\/v2\/product_cat?post=1284"},{"taxonomy":"product_tag","embeddable":true,"href":"https:\/\/displayproducts.eu\/fi\/wp-json\/wp\/v2\/product_tag?post=1284"}],"curies":[{"name":"wp","href":"https:\/\/api.w.org\/{rel}","templated":true}]}}