{"id":1280,"date":"2024-10-27T11:53:51","date_gmt":"2024-10-27T08:53:51","guid":{"rendered":"https:\/\/wristbandfactory.eu\/toode\/3-tone-lanyards-with-woven-label\/"},"modified":"2026-04-01T21:52:36","modified_gmt":"2026-04-01T18:52:36","slug":"3-tone-cord-lanyards-with-woven-label","status":"publish","type":"product","link":"https:\/\/displayproducts.eu\/fi\/p\/3-tone-cord-lanyards-with-woven-label\/","title":{"rendered":"3-v\u00e4riset narunauhat kudotulla etiketill\u00e4"},"content":{"rendered":"<div class=\"mx-12 md:mx-24 lg:mx-48\">\n<div class=\"container my-8 svelte-zlsknf\">\n<div class=\"my-24 rounded-lg border-0 border-gray-700 bg-gray-100 px-16 py-24\">\n<div class=\"mt-11 !text-gray-500\">\n<p>Nosta yrityksesi identiteetti\u00e4 kolmiv\u00e4risill\u00e4 narunauhanauhoillamme, joissa on ensiluokkainen kudottu etiketti. T\u00e4m\u00e4 nauha tarjoaa hienostuneen ja eritt\u00e4in kest\u00e4v\u00e4n vaihtoehdon tavallisille painetuille vaihtoehdoille, joten se sopii erinomaisesti henkil\u00f6kunnan henkil\u00f6llisyystodistuksiin tai monip\u00e4iv\u00e4isiin konferensseihin.<\/p>\n<p>Kaulanauha on valmistettu kest\u00e4v\u00e4st\u00e4 90 cm:n pituisesta, kolmiv\u00e4risest\u00e4 polyesterinarusta, jonka voi r\u00e4\u00e4t\u00e4l\u00f6id\u00e4 t\u00e4ysin valitsemalla siit\u00e4 kolme v\u00e4ri\u00e4 br\u00e4ndi-identiteettisi mukaan.<\/p>\n<p>Painetun merkin sijaan t\u00e4ss\u00e4 mallissa on ter\u00e4v\u00e4piirtoinen kudottu tarra, joka on kiinnitetty tukevasti naruun kest\u00e4v\u00e4ll\u00e4 elastisella nauhalla (saatavana valkoisena tai mustana). T\u00e4m\u00e4 kudottu tarra voi n\u00e4ytt\u00e4\u00e4 logosi tai suunnitteluisi jopa nelj\u00e4ss\u00e4 v\u00e4riss\u00e4, mik\u00e4 tarjoaa pitk\u00e4kestoisen, ammattimaisen viimeistelyn, joka ei haalistu tai naarmuunnu. Jokaisessa kaulanauhassa on vakiona metallirengas, ja saatavilla on my\u00f6s muita klipsivaihtoehtoja.<\/p>\n<p><b>T\u00e4rkeimm\u00e4t ominaisuudet:<\/b><\/p>\n<ul>\n<li><b>Mukautettu 3-s\u00e4vyinen johto:<\/b> Valitse 90 cm:n polyesterinarulle mitk\u00e4 tahansa kolme v\u00e4ri\u00e4, jotka sopivat yrityksesi br\u00e4ndiin.<\/li>\n<li><b>Ensiluokkainen kudottu etiketti:<\/b> Sis\u00e4lt\u00e4\u00e4 ter\u00e4v\u00e4piirtoisen kudotun etiketin logollesi (enint\u00e4\u00e4n 4 v\u00e4ri\u00e4), joka tarjoaa ensiluokkaisen ja kest\u00e4v\u00e4n viimeistelyn.<\/li>\n<li><b>Kest\u00e4v\u00e4 kiinnitys:<\/b> Etiketti on kiinnitetty tukevasti valkoisella tai mustalla kuminauhalla.<\/li>\n<li><b>Monipuolinen laitteisto:<\/b> Vakiona metallirengas, mutta saatavilla on my\u00f6s muita kiinnitysvaihtoehtoja, jotka sopivat mihin tahansa henkil\u00f6llisyystodistuskoteloon.<\/li>\n<li><b>Pitk\u00e4kestoinen br\u00e4nd\u00e4ys:<\/b> Erinomainen valinta henkil\u00f6kunnan p\u00e4ivitt\u00e4iseen k\u00e4ytt\u00f6\u00f6n tai usean p\u00e4iv\u00e4n tapahtumien tunnistamiseen.<\/li>\n<\/ul>\n<\/div>\n<\/div>\n<\/div>\n<\/div>","protected":false},"excerpt":{"rendered":"<ul>\n<li>Kest\u00e4v\u00e4 90 cm polyesterinaru (valitse 3 mukautettua v\u00e4ri\u00e4).<\/li>\n<li>Sis\u00e4lt\u00e4\u00e4 korkealaatuisen, ensiluokkaisen kudotun etiketin logollesi (enint\u00e4\u00e4n 4 v\u00e4ri\u00e4).<\/li>\n<li>Mukana metallirengas tai muita klipsivaihtoehtoja monipuoliseen k\u00e4ytt\u00f6\u00f6n.<\/li>\n<li>Ihanteellinen kest\u00e4v\u00e4\u00e4n ja pitk\u00e4ik\u00e4iseen yritysasiakkaiden henkil\u00f6llisyystodistukseen tai tapahtumapassiin.<\/li>\n<\/ul>","protected":false},"featured_media":6823,"comment_status":"closed","ping_status":"closed","template":"","meta":[],"product_brand":[],"product_cat":[43],"product_tag":[],"class_list":{"0":"post-1280","1":"product","2":"type-product","3":"status-publish","4":"has-post-thumbnail","6":"product_cat-lanyards","8":"first","9":"instock","10":"shipping-taxable","11":"purchasable","12":"product-type-simple"},"_links":{"self":[{"href":"https:\/\/displayproducts.eu\/fi\/wp-json\/wp\/v2\/product\/1280","targetHints":{"allow":["GET"]}}],"collection":[{"href":"https:\/\/displayproducts.eu\/fi\/wp-json\/wp\/v2\/product"}],"about":[{"href":"https:\/\/displayproducts.eu\/fi\/wp-json\/wp\/v2\/types\/product"}],"replies":[{"embeddable":true,"href":"https:\/\/displayproducts.eu\/fi\/wp-json\/wp\/v2\/comments?post=1280"}],"wp:featuredmedia":[{"embeddable":true,"href":"https:\/\/displayproducts.eu\/fi\/wp-json\/wp\/v2\/media\/6823"}],"wp:attachment":[{"href":"https:\/\/displayproducts.eu\/fi\/wp-json\/wp\/v2\/media?parent=1280"}],"wp:term":[{"taxonomy":"product_brand","embeddable":true,"href":"https:\/\/displayproducts.eu\/fi\/wp-json\/wp\/v2\/product_brand?post=1280"},{"taxonomy":"product_cat","embeddable":true,"href":"https:\/\/displayproducts.eu\/fi\/wp-json\/wp\/v2\/product_cat?post=1280"},{"taxonomy":"product_tag","embeddable":true,"href":"https:\/\/displayproducts.eu\/fi\/wp-json\/wp\/v2\/product_tag?post=1280"}],"curies":[{"name":"wp","href":"https:\/\/api.w.org\/{rel}","templated":true}]}}