{"id":1279,"date":"2024-10-27T11:53:51","date_gmt":"2024-10-27T08:53:51","guid":{"rendered":"https:\/\/wristbandfactory.eu\/toode\/glitter-lanyards\/"},"modified":"2026-04-01T21:52:36","modified_gmt":"2026-04-01T18:52:36","slug":"printed-glitter-lanyards-vip-gala-events","status":"publish","type":"product","link":"https:\/\/displayproducts.eu\/fi\/p\/printed-glitter-lanyards-vip-gala-events\/","title":{"rendered":"Kimaltavat kaulanauhat painatuksella (Glitter)"},"content":{"rendered":"<div class=\"mx-12 md:mx-24 lg:mx-48\">\n<div class=\"container my-8 svelte-zlsknf\">\n<div class=\"my-24 rounded-lg border-0 border-gray-700 bg-gray-100 px-16 py-24\">\n<div class=\"mt-11 !text-gray-500\">\n<p data-path-to-node=\"11\">Anna br\u00e4ndisi loistaa ja varmista, ett\u00e4 vieraasi tuntevat olonsa ainutlaatuiseksi meid\u00e4n avullamme <b>Mukautetut painetut glitter-kaulanauhat<\/b>. T\u00e4m\u00e4 kaulanauha on ensisijainen valinta palkintogaaloihin, VIP-gaaloihin, musiikkifestivaaleille ja yritysjuhliin, joissa tavalliset kaulanauhat sulautuvat taustaan.<\/p>\n<p data-path-to-node=\"12\">Kaulanauha on valmistettu kest\u00e4v\u00e4st\u00e4 90 cm:n polyesterinauhasta, jonka p\u00e4\u00e4lle on asetettu erottuva... <b>kiilt\u00e4v\u00e4\u00e4 glitter-materiaalia<\/b>. T\u00e4m\u00e4 luo ainutlaatuisen, h\u00e4ik\u00e4isev\u00e4n kankaan, joka heijastaa tapahtumapaikan valaistuksen ja varmistaa hyv\u00e4n n\u00e4kyvyyden my\u00f6s h\u00e4m\u00e4r\u00e4ss\u00e4. Se on erinomainen ty\u00f6kalu turvallisuus- ja ravitsemustiimeille VIP-henkil\u00f6iden, kulissien takaisen henkil\u00f6st\u00f6n tai korkean tason sponsoreiden nopeaan tunnistamiseen.<\/p>\n<p data-path-to-node=\"13\">Painamme logosi glitter-pinnan toiselle puolelle k\u00e4ytt\u00e4m\u00e4ll\u00e4 <b>tarkka Pantone-v\u00e4rien t\u00e4sm\u00e4ys<\/b>. Glitterin tekstuurin vuoksi suosittelemme rohkeita ja yksinkertaisia logoja parhaan luettavuuden takaamiseksi. Jokaisessa kaulanauhassa on vakiona kest\u00e4v\u00e4 <b>metallinen sulkurengas<\/b>, mik\u00e4 lis\u00e4\u00e4 tuotteelle ammattimaista painoa ja tuntumaa, vaikka saatavilla on my\u00f6s muita kiinnitysvaihtoehtoja, jotka sopivat henkil\u00f6korttisi erityisvaatimuksiin.<\/p>\n<p data-path-to-node=\"14\"><b>T\u00e4rkeimm\u00e4t ominaisuudet:<\/b><\/p>\n<ul data-path-to-node=\"15\">\n<li>\n<p data-path-to-node=\"15,0,0\"><b>Materiaali:<\/b> Polyesteripohja ja kiilt\u00e4v\u00e4 glitterp\u00e4\u00e4llyste.<\/p>\n<\/li>\n<li>\n<p data-path-to-node=\"15,1,0\"><b>Visuaalinen tehoste:<\/b> S\u00e4ihkyv\u00e4 viimeistely tarjoaa ensiluokkaista estetiikkaa korkeatasoisiin tapahtumiin.<\/p>\n<\/li>\n<li>\n<p data-path-to-node=\"15,2,0\"><b>Painatus:<\/b> Yksipuolinen mukautettu seripainatus Pantone-v\u00e4rikartalla (paras vaihtoehto lihavoitujen logojen painatukseen).<\/p>\n<\/li>\n<li>\n<p data-path-to-node=\"15,3,0\"><b>Sovellus:<\/b> Ihanteellinen VIP-vieraiden, puhujien ja henkil\u00f6kunnan erottamiseen juhlissa ja gaaloissa.<\/p>\n<\/li>\n<li>\n<p data-path-to-node=\"15,4,0\"><b>Laitteisto:<\/b> Mukana tukeva metallinen sulkurengas merkin turvalliseen kiinnitykseen.<\/p>\n<\/li>\n<\/ul>\n<\/div>\n<\/div>\n<\/div>\n<\/div>","protected":false},"excerpt":{"rendered":"<ul>\n<li>\n<p data-path-to-node=\"9,0,0\"><b>Tehokas kimallus:<\/b> Ensiluokkainen kimallep\u00e4\u00e4llyste luo hohtavan, katseenvangitsevan pinnan, joka sopii erinomaisesti iltatilaisuuksiin.<\/p>\n<\/li>\n<li>\n<p data-path-to-node=\"9,1,0\"><b>VIP-erikoistuminen:<\/b> Omaleimainen visuaalinen ilme erottaa v\u00e4litt\u00f6m\u00e4sti erityisvieraat, henkil\u00f6kunnan j\u00e4senet tai palkinnonsaajat.<\/p>\n<\/li>\n<li>\n<p data-path-to-node=\"9,2,0\"><b>Mukautettu br\u00e4nd\u00e4ys:<\/b> Logosi silkkipainetaan yhdell\u00e4 v\u00e4rill\u00e4 (Pantone-v\u00e4rikartan mukaisesti) suoraan glitter-pinnalle.<\/p>\n<\/li>\n<li>\n<p data-path-to-node=\"9,3,0\"><b>Kest\u00e4v\u00e4 mukavuus:<\/b> Rakennettu vahvalle 90 cm polyesteripohjalle, joka varmistaa kest\u00e4vyyden tyylist\u00e4 tinkim\u00e4tt\u00e4.<\/p>\n<\/li>\n<\/ul>","protected":false},"featured_media":6741,"comment_status":"closed","ping_status":"closed","template":"","meta":[],"product_brand":[],"product_cat":[104],"product_tag":[],"class_list":{"0":"post-1279","1":"product","2":"type-product","3":"status-publish","4":"has-post-thumbnail","6":"product_cat-custom-printed-lanyards","8":"first","9":"instock","10":"shipping-taxable","11":"purchasable","12":"product-type-simple"},"_links":{"self":[{"href":"https:\/\/displayproducts.eu\/fi\/wp-json\/wp\/v2\/product\/1279","targetHints":{"allow":["GET"]}}],"collection":[{"href":"https:\/\/displayproducts.eu\/fi\/wp-json\/wp\/v2\/product"}],"about":[{"href":"https:\/\/displayproducts.eu\/fi\/wp-json\/wp\/v2\/types\/product"}],"replies":[{"embeddable":true,"href":"https:\/\/displayproducts.eu\/fi\/wp-json\/wp\/v2\/comments?post=1279"}],"wp:featuredmedia":[{"embeddable":true,"href":"https:\/\/displayproducts.eu\/fi\/wp-json\/wp\/v2\/media\/6741"}],"wp:attachment":[{"href":"https:\/\/displayproducts.eu\/fi\/wp-json\/wp\/v2\/media?parent=1279"}],"wp:term":[{"taxonomy":"product_brand","embeddable":true,"href":"https:\/\/displayproducts.eu\/fi\/wp-json\/wp\/v2\/product_brand?post=1279"},{"taxonomy":"product_cat","embeddable":true,"href":"https:\/\/displayproducts.eu\/fi\/wp-json\/wp\/v2\/product_cat?post=1279"},{"taxonomy":"product_tag","embeddable":true,"href":"https:\/\/displayproducts.eu\/fi\/wp-json\/wp\/v2\/product_tag?post=1279"}],"curies":[{"name":"wp","href":"https:\/\/api.w.org\/{rel}","templated":true}]}}