{"id":1276,"date":"2024-10-27T11:53:51","date_gmt":"2024-10-27T08:53:51","guid":{"rendered":"https:\/\/wristbandfactory.eu\/toode\/round-lanyard-with-domed-slider\/"},"modified":"2026-04-01T21:52:36","modified_gmt":"2026-04-01T18:52:36","slug":"round-cord-lanyards-with-dome-logo-slider-epoxy-3d","status":"publish","type":"product","link":"https:\/\/displayproducts.eu\/fi\/p\/round-cord-lanyards-with-dome-logo-slider-epoxy-3d\/","title":{"rendered":"Py\u00f6re\u00e4t narunauhat kupulogolla ja liukus\u00e4\u00e4timell\u00e4 (Epoxy 3D)"},"content":{"rendered":"<div class=\"mx-12 md:mx-24 lg:mx-48\">\n<div class=\"container my-8 svelte-zlsknf\">\n<div class=\"my-24 rounded-lg border-0 border-gray-700 bg-gray-100 px-16 py-24\">\n<div class=\"mt-11 !text-gray-500\">\n<p data-path-to-node=\"7\">Tarjoa tyylik\u00e4s, moderni ja huippuluokan tapa esitell\u00e4 tunnistettavuutta py\u00f6reill\u00e4 naruilla varustetuilla avainnauhoillamme, joissa on kupumainen logon liukus\u00e4\u00e4din. T\u00e4m\u00e4 minimalistinen muotoilu on teknologiayritysten, startupien ja premium-konferenssien j\u00e4rjest\u00e4jien suosiossa, jotka haluavat siirty\u00e4 pois perinteisist\u00e4 leveist\u00e4 &quot;mainostaulu&quot;-muotoisista avainnauhoista.<\/p>\n<p data-path-to-node=\"8\"><b>&quot;Kupolin&quot; etu<\/b> T\u00e4m\u00e4n tuotteen erottuva ominaisuus on br\u00e4nd\u00e4ysliuska. Toisin kuin tavallisessa litte\u00e4ss\u00e4 painatuksessa, logosi on p\u00e4\u00e4llystetty kirkkaalla epoksihartsikerroksella (kupu). T\u00e4m\u00e4 luo suurentavan kuvan. <b>3D-efekti<\/b> joka tekee v\u00e4reist\u00e4 eloisampia ja antaa br\u00e4nd\u00e4ykselle korumaisen, korkealaatuisen viimeistelyn. Hartsi suojaa my\u00f6s logoa naarmuuntumiselta, haalistumiselta ja vesivahingoilta varmistaen, ett\u00e4 br\u00e4ndisi n\u00e4ytt\u00e4\u00e4 virheett\u00f6m\u00e4lt\u00e4 pitk\u00e4aikaisen k\u00e4yt\u00f6n aikana.<\/p>\n<p data-path-to-node=\"9\"><b>Mukavuus ja kest\u00e4vyys<\/b> Kest\u00e4v\u00e4st\u00e4 polyesterinarusta (paksuus noin 5 mm) valmistettu kaulanauha on kevyt ja mukava kaulassa. Siin\u00e4 on vakiona korkealaatuinen metallinen sulkurengas henkil\u00f6llisyyskorttien, avainten tai kulkukorttien turvalliseen pit\u00e4miseen. Vaikka liukukotelo on vakiona musta, voimme valmistaa sen suuremmille tilauksille my\u00f6s omassa br\u00e4ndiv\u00e4riss\u00e4, mik\u00e4 varmistaa t\u00e4ydellisen sopivuuden yrityksesi ilmeeseen.<\/p>\n<p data-path-to-node=\"10\"><b>T\u00e4rkeimm\u00e4t ominaisuudet:<\/b><\/p>\n<ul data-path-to-node=\"11\">\n<li>\n<p data-path-to-node=\"11,0,0\"><b>Epoksikupolin liukus\u00e4\u00e4din:<\/b> Hartsip\u00e4\u00e4llysteinen br\u00e4nd\u00e4ysalue luo ensiluokkaisen ja naarmuuntumattoman 3D-ilmeen.<\/p>\n<\/li>\n<li>\n<p data-path-to-node=\"11,1,0\"><b>Py\u00f6re\u00e4 polyesterinaru:<\/b> Kest\u00e4v\u00e4 ja mukava vaihtoehto litteille lanyardeille.<\/p>\n<\/li>\n<li>\n<p data-path-to-node=\"11,2,0\"><b>El\u00e4v\u00e4inen br\u00e4nd\u00e4ys:<\/b> Ihanteellinen v\u00e4rikk\u00e4ille logoille, joiden on erotettava edukseen.<\/p>\n<\/li>\n<li>\n<p data-path-to-node=\"11,3,0\"><b>Metallinen sulkurengas:<\/b> Kest\u00e4v\u00e4 klipsi varmistaa korttien ja avainten turvallisen kiinnityksen.<\/p>\n<\/li>\n<li>\n<p data-path-to-node=\"11,4,0\"><b>Ammattimainen estetiikka:<\/b> Minimalistinen muotoilu sopii VIP-henkil\u00f6ille ja yrityshenkil\u00f6kunnalle.<\/p>\n<\/li>\n<\/ul>\n<\/div>\n<\/div>\n<\/div>\n<\/div>","protected":false},"excerpt":{"rendered":"<ul>\n<li>\n<p data-path-to-node=\"6,0,0\"><b>Premium-br\u00e4nd\u00e4ys:<\/b> Liukuvassa logolevyss\u00e4 on kristallinkirkas epoksihartsipinnoite (kupu) 3D-efektin aikaansaamiseksi.<\/p>\n<\/li>\n<li>\n<p data-path-to-node=\"6,1,0\"><b>Moniv\u00e4rinen painatus:<\/b> Mahdollistaa eloisat ja yksityiskohtaiset logot, jotka ovat suojassa naarmuuntumiselta ja haalistumiselta.<\/p>\n<\/li>\n<li>\n<p data-path-to-node=\"6,2,0\"><b>Tyylik\u00e4s muotoilu:<\/b> 90 cm py\u00f6re\u00e4 polyesterinaru tarjoaa modernin ja minimalistisen vaihtoehdon litteille nauhoille.<\/p>\n<\/li>\n<li>\n<p data-path-to-node=\"6,3,0\"><b>Suojattu liite:<\/b> Vakiona mukana tukeva metallinen sulkurengas henkil\u00f6korteille.<\/p>\n<\/li>\n<li><\/li>\n<\/ul>","protected":false},"featured_media":6765,"comment_status":"closed","ping_status":"closed","template":"","meta":[],"product_brand":[],"product_cat":[43,125,104],"product_tag":[],"class_list":{"0":"post-1276","1":"product","2":"type-product","3":"status-publish","4":"has-post-thumbnail","6":"product_cat-lanyards","7":"product_cat-cord-lanyards","8":"product_cat-custom-printed-lanyards","10":"first","11":"instock","12":"shipping-taxable","13":"purchasable","14":"product-type-simple"},"_links":{"self":[{"href":"https:\/\/displayproducts.eu\/fi\/wp-json\/wp\/v2\/product\/1276","targetHints":{"allow":["GET"]}}],"collection":[{"href":"https:\/\/displayproducts.eu\/fi\/wp-json\/wp\/v2\/product"}],"about":[{"href":"https:\/\/displayproducts.eu\/fi\/wp-json\/wp\/v2\/types\/product"}],"replies":[{"embeddable":true,"href":"https:\/\/displayproducts.eu\/fi\/wp-json\/wp\/v2\/comments?post=1276"}],"wp:featuredmedia":[{"embeddable":true,"href":"https:\/\/displayproducts.eu\/fi\/wp-json\/wp\/v2\/media\/6765"}],"wp:attachment":[{"href":"https:\/\/displayproducts.eu\/fi\/wp-json\/wp\/v2\/media?parent=1276"}],"wp:term":[{"taxonomy":"product_brand","embeddable":true,"href":"https:\/\/displayproducts.eu\/fi\/wp-json\/wp\/v2\/product_brand?post=1276"},{"taxonomy":"product_cat","embeddable":true,"href":"https:\/\/displayproducts.eu\/fi\/wp-json\/wp\/v2\/product_cat?post=1276"},{"taxonomy":"product_tag","embeddable":true,"href":"https:\/\/displayproducts.eu\/fi\/wp-json\/wp\/v2\/product_tag?post=1276"}],"curies":[{"name":"wp","href":"https:\/\/api.w.org\/{rel}","templated":true}]}}