{"id":1275,"date":"2024-10-27T11:53:51","date_gmt":"2024-10-27T08:53:51","guid":{"rendered":"https:\/\/wristbandfactory.eu\/toode\/reflective-lanyards\/"},"modified":"2026-04-01T21:52:36","modified_gmt":"2026-04-01T18:52:36","slug":"printed-reflective-lanyards","status":"publish","type":"product","link":"https:\/\/displayproducts.eu\/fi\/p\/printed-reflective-lanyards\/","title":{"rendered":"Painetut heijastavat kaulanauhat"},"content":{"rendered":"<div class=\"mx-12 md:mx-24 lg:mx-48\">\n<div class=\"container my-8 svelte-zlsknf\">\n<div class=\"my-24 rounded-lg border-0 border-gray-700 bg-gray-100 px-16 py-24\">\n<div class=\"mt-11 !text-gray-500\">\n<p>Maksimoi tiimisi turvallisuus ja n\u00e4kyvyys meid\u00e4n avullamme <b>Painetut heijastavat kaulanauhat<\/b>. T\u00e4m\u00e4 tuote on ratkaisevan t\u00e4rke\u00e4 ty\u00f6kalu kaikille organisaatioille, jotka tarvitsevat henkil\u00f6st\u00f6lleen hyv\u00e4\u00e4 n\u00e4kyvyytt\u00e4 esimerkiksi iltatapahtumissa, rakennusty\u00f6mailla tai logistiikassa.<\/p>\n<p>T\u00e4m\u00e4 90 cm:n pituinen kaulanauha on valmistettu kest\u00e4v\u00e4st\u00e4 polyesterinauhasta, joka on p\u00e4\u00e4llystetty... <b>harmaa heijastava p\u00e4\u00e4llyste<\/b>. T\u00e4m\u00e4 t\u00e4yspeittokerros tarjoaa maksimaalisen pinnan valon vastaanottamiseen pimeiss\u00e4 olosuhteissa, mik\u00e4 tekee k\u00e4ytt\u00e4j\u00e4st\u00e4 eritt\u00e4in n\u00e4kyv\u00e4n.<\/p>\n<p>Organisaatiosi logo painetaan sitten suoraan t\u00e4lle heijastavalle pinnalle haluamillasi Pantone-v\u00e4reill\u00e4. T\u00e4m\u00e4 varmistaa, ett\u00e4 br\u00e4nd\u00e4ys on selke\u00e4 ja ammattimainen samalla, kun kaulanauhan ensisijainen turvallisuusteht\u00e4v\u00e4 s\u00e4ilyy. Jokaisessa kaulanauhassa on vakiona metallinen sulkurengas henkil\u00f6llisyystodistusten tai kulkukorttien kiinnitt\u00e4mist\u00e4 varten.<\/p>\n<p><b>T\u00e4rkeimm\u00e4t ominaisuudet:<\/b><\/p>\n<ul>\n<li><b>T\u00e4ysin heijastava peittokuva:<\/b> Harmaa heijastava p\u00e4\u00e4llyste takaa 360 asteen n\u00e4kyvyyden h\u00e4m\u00e4r\u00e4ss\u00e4.<\/li>\n<li><b>Mukautettu yksipuolinen painatus:<\/b> Logosi painetaan suoraan heijastavalle pinnalle Pantone-v\u00e4rikartan avulla.<\/li>\n<li><b>Kest\u00e4v\u00e4 polyesteripohja:<\/b> 90 cm:n polyesterinauha tarjoaa vahvan ja mukavan pohjan.<\/li>\n<li><b>Parannettu turvallisuus:<\/b> Ihanteellinen henkil\u00f6kunnalle, iltatilaisuuksiin tai mihin tahansa ymp\u00e4rist\u00f6\u00f6n, joka vaatii hyv\u00e4\u00e4 n\u00e4kyvyytt\u00e4.<\/li>\n<li><b>Standardi metallinen sulkurengas:<\/b> Mukana metallinen sulkurengas (saatavilla my\u00f6s muita klipsivaihtoehtoja).<\/li>\n<\/ul>\n<p>&nbsp;<\/p>\n<\/div>\n<\/div>\n<\/div>\n<\/div>","protected":false},"excerpt":{"rendered":"<ul>\n<li>Sis\u00e4lt\u00e4\u00e4 koko leveyden harmaan heijastavan p\u00e4\u00e4llysteen maksimaalisen n\u00e4kyvyyden takaamiseksi.<\/li>\n<li>Toiselle puolelle painettu omalla Pantone-v\u00e4rikarttaan sopivalla logollasi.<\/li>\n<li>Ihanteellinen tapahtumahenkil\u00f6kunnalle, rakennusty\u00f6maille tai yritysten turvallisuusohjelmiin.<\/li>\n<li>Kest\u00e4v\u00e4 90 cm polyesterihihna metallisella karbiinihaalla.<\/li>\n<\/ul>","protected":false},"featured_media":6750,"comment_status":"closed","ping_status":"closed","template":"","meta":[],"product_brand":[],"product_cat":[43,109],"product_tag":[],"class_list":{"0":"post-1275","1":"product","2":"type-product","3":"status-publish","4":"has-post-thumbnail","6":"product_cat-lanyards","7":"product_cat-reflective-lanyards","9":"first","10":"instock","11":"shipping-taxable","12":"purchasable","13":"product-type-simple"},"_links":{"self":[{"href":"https:\/\/displayproducts.eu\/fi\/wp-json\/wp\/v2\/product\/1275","targetHints":{"allow":["GET"]}}],"collection":[{"href":"https:\/\/displayproducts.eu\/fi\/wp-json\/wp\/v2\/product"}],"about":[{"href":"https:\/\/displayproducts.eu\/fi\/wp-json\/wp\/v2\/types\/product"}],"replies":[{"embeddable":true,"href":"https:\/\/displayproducts.eu\/fi\/wp-json\/wp\/v2\/comments?post=1275"}],"wp:featuredmedia":[{"embeddable":true,"href":"https:\/\/displayproducts.eu\/fi\/wp-json\/wp\/v2\/media\/6750"}],"wp:attachment":[{"href":"https:\/\/displayproducts.eu\/fi\/wp-json\/wp\/v2\/media?parent=1275"}],"wp:term":[{"taxonomy":"product_brand","embeddable":true,"href":"https:\/\/displayproducts.eu\/fi\/wp-json\/wp\/v2\/product_brand?post=1275"},{"taxonomy":"product_cat","embeddable":true,"href":"https:\/\/displayproducts.eu\/fi\/wp-json\/wp\/v2\/product_cat?post=1275"},{"taxonomy":"product_tag","embeddable":true,"href":"https:\/\/displayproducts.eu\/fi\/wp-json\/wp\/v2\/product_tag?post=1275"}],"curies":[{"name":"wp","href":"https:\/\/api.w.org\/{rel}","templated":true}]}}