{"id":1272,"date":"2024-10-27T11:53:51","date_gmt":"2024-10-27T08:53:51","guid":{"rendered":"https:\/\/wristbandfactory.eu\/toode\/flat-polyester-lanyards-with-metal-bottle-opener\/"},"modified":"2026-04-01T21:52:04","modified_gmt":"2026-04-01T18:52:04","slug":"polyester-lanyards-with-bottle-opener","status":"publish","type":"product","link":"https:\/\/displayproducts.eu\/fi\/p\/polyester-lanyards-with-bottle-opener\/","title":{"rendered":"Polyesterinauhat pullonavaajalla"},"content":{"rendered":"<div class=\"mx-12 md:mx-24 lg:mx-48\">\n<div class=\"container my-8 svelte-zlsknf\">\n<div class=\"my-24 rounded-lg border-0 border-gray-700 bg-gray-100 px-16 py-24\">\n<div class=\"mt-11 !text-gray-500\">\n<p>Yhdist\u00e4 br\u00e4ndisi n\u00e4kyvyys k\u00e4yt\u00e4nn\u00f6llisyyteen polyesterist\u00e4 valmistetuilla pullonavaajilla varustetuilla kaulanauhoillamme. T\u00e4m\u00e4 monitoiminen kaulanaru on erinomainen mainosv\u00e4line festivaaleille, matkailu- ja ravitsemustapahtumiin, messuille ja yritysjuhliin, varmistaen, ett\u00e4 br\u00e4ndisi pysyy tallessa.<\/p>\n<p>Kest\u00e4v\u00e4st\u00e4 90 cm:n polyesterist\u00e4 valmistettu nauha tarjoaa suuren ja sile\u00e4n pinnan logollesi. Voimme painaa suunnittelusi tarkalla Pantone-v\u00e4rien t\u00e4sm\u00e4yksell\u00e4 yhdelle tai kahdelle puolelle.<\/p>\n<p>T\u00e4m\u00e4 kaulanauha on suunniteltu maksimaalista toimivuutta silm\u00e4ll\u00e4 pit\u00e4en. Se sis\u00e4lt\u00e4\u00e4 sek\u00e4 tukevan metallisen pullonavaajan ett\u00e4 erillisen metallisen karabiinin, joiden avulla osallistujat voivat esitell\u00e4 henkil\u00f6llisyystodistustaan ja pit\u00e4\u00e4 samalla k\u00e4yt\u00e4nn\u00f6llisen ty\u00f6kalun helposti saatavilla. T\u00e4m\u00e4 tekee siit\u00e4 mieleenpainuvan ja tehokkaan lahjan, jota asiakkaat ja osallistujat pit\u00e4v\u00e4t ja k\u00e4ytt\u00e4v\u00e4t.<\/p>\n<p><b>T\u00e4rkeimm\u00e4t ominaisuudet:<\/b><\/p>\n<ul>\n<li><b>Integroitu pullonavaaja:<\/b> Kest\u00e4v\u00e4, sis\u00e4\u00e4nrakennettu metallinen pullonavaaja tekee siit\u00e4 eritt\u00e4in hy\u00f6dyllisen mainostuotteen.<\/li>\n<li><b>Kaksi liitett\u00e4:<\/b> Mukana sek\u00e4 pullonavaaja ett\u00e4 metallinen sulkurengas, joten sit\u00e4 voi k\u00e4ytt\u00e4\u00e4 samanaikaisesti henkil\u00f6llisyystodistustelineen\u00e4.<\/li>\n<li><b>Mukautettu polyesterihihna:<\/b> Kest\u00e4v\u00e4 90 cm:n hihna, johon on painettu oma Pantone-v\u00e4rikarttaan sopiva logosi.<\/li>\n<li><b>Yksi- tai kaksipuolinen painatus:<\/b> Valitse yksi- tai kaksipuolinen painatus maksimoidaksesi br\u00e4ndisi n\u00e4kyvyyden.<\/li>\n<li><b>Ihanteellinen tapahtumalahja:<\/b> Eritt\u00e4in k\u00e4yt\u00e4nn\u00f6llinen ja mieleenpainuva esine festivaaleille, messuille ja yritystapahtumiin.<\/li>\n<\/ul>\n<\/div>\n<\/div>\n<\/div>\n<\/div>","protected":false},"excerpt":{"rendered":"<ul>\n<li>Toimiva, integroitu metallinen pullonavaaja on eritt\u00e4in k\u00e4tev\u00e4.<\/li>\n<li>Kest\u00e4v\u00e4 90 cm polyesterihihna, johon on painettu oma logosi.<\/li>\n<li>Pantone-v\u00e4reihin sopeutunut logopainatus saatavilla yhdelle tai kahdelle puolelle.<\/li>\n<li>Mukana erillinen metallinen karabiinihaka henkil\u00f6llisyyskorteille tai avaimille.<\/li>\n<\/ul>","protected":false},"featured_media":6724,"comment_status":"closed","ping_status":"closed","template":"","meta":[],"product_brand":[],"product_cat":[43,108],"product_tag":[],"class_list":{"0":"post-1272","1":"product","2":"type-product","3":"status-publish","4":"has-post-thumbnail","6":"product_cat-lanyards","7":"product_cat-multifunctional-lanyards","9":"first","10":"instock","11":"shipping-taxable","12":"purchasable","13":"product-type-simple"},"_links":{"self":[{"href":"https:\/\/displayproducts.eu\/fi\/wp-json\/wp\/v2\/product\/1272","targetHints":{"allow":["GET"]}}],"collection":[{"href":"https:\/\/displayproducts.eu\/fi\/wp-json\/wp\/v2\/product"}],"about":[{"href":"https:\/\/displayproducts.eu\/fi\/wp-json\/wp\/v2\/types\/product"}],"replies":[{"embeddable":true,"href":"https:\/\/displayproducts.eu\/fi\/wp-json\/wp\/v2\/comments?post=1272"}],"wp:featuredmedia":[{"embeddable":true,"href":"https:\/\/displayproducts.eu\/fi\/wp-json\/wp\/v2\/media\/6724"}],"wp:attachment":[{"href":"https:\/\/displayproducts.eu\/fi\/wp-json\/wp\/v2\/media?parent=1272"}],"wp:term":[{"taxonomy":"product_brand","embeddable":true,"href":"https:\/\/displayproducts.eu\/fi\/wp-json\/wp\/v2\/product_brand?post=1272"},{"taxonomy":"product_cat","embeddable":true,"href":"https:\/\/displayproducts.eu\/fi\/wp-json\/wp\/v2\/product_cat?post=1272"},{"taxonomy":"product_tag","embeddable":true,"href":"https:\/\/displayproducts.eu\/fi\/wp-json\/wp\/v2\/product_tag?post=1272"}],"curies":[{"name":"wp","href":"https:\/\/api.w.org\/{rel}","templated":true}]}}