{"id":1271,"date":"2024-10-27T11:53:52","date_gmt":"2024-10-27T08:53:52","guid":{"rendered":"https:\/\/wristbandfactory.eu\/toode\/fine-polyester-lanyards-with-metallic-foil-stamped-design\/"},"modified":"2026-04-01T21:52:36","modified_gmt":"2026-04-01T18:52:36","slug":"metallic-foil-printed-lanyards-premium-vip-branding","status":"publish","type":"product","link":"https:\/\/displayproducts.eu\/fi\/p\/metallic-foil-printed-lanyards-premium-vip-branding\/","title":{"rendered":"Metallinhohtoiset kaulanauhat (foliopainatus)"},"content":{"rendered":"<div class=\"mx-12 md:mx-24 lg:mx-48\">\n<div class=\"container my-8 svelte-zlsknf\">\n<div class=\"my-24 rounded-lg border-0 border-gray-700 bg-gray-100 px-16 py-24\">\n<div class=\"mt-11 !text-gray-500\">\n<p data-path-to-node=\"11\">Nosta br\u00e4ndi-identiteetti\u00e4si ja erota t\u00e4rkeimm\u00e4t asiakkaasi edukseen meid\u00e4n avullamme <b>Metallikalvolla painetut kaulanauhat<\/b>. N\u00e4m\u00e4 kaulanauhat on suunniteltu erityisesti korkean profiilin tapahtumiin, palkintojenjakotilaisuuksiin ja VIP-kulunvalvontaan, ja ne tarjoavat hienostuneisuutta, johon ilman painatusta seripainatus ei pysty.<\/p>\n<p data-path-to-node=\"12\">T\u00e4m\u00e4n tuotteen m\u00e4\u00e4rittelev\u00e4 ominaisuus on <b>metallifolion leimausprosessi<\/b>. Perinteisen musteen sijaan leimaamme logosi suoraan nauhaan kuumapuristustekniikalla k\u00e4ytt\u00e4m\u00e4ll\u00e4 eloisia metallifolioita (yleens\u00e4 kultaisia tai hopeisia). T\u00e4m\u00e4 luo ter\u00e4v\u00e4n, eritt\u00e4in heijastavan pinnan, joka hohtaa tapahtuman valaistuksessa ja kiinnitt\u00e4\u00e4 v\u00e4litt\u00f6m\u00e4sti huomion br\u00e4ndiisi. Se on paras ratkaisu luokitteluun. <b>VIP-vieraat, sponsorit ja tapahtuman henkil\u00f6kunta<\/b> joiden t\u00e4ytyy erottua joukosta.<\/p>\n<p data-path-to-node=\"13\">Valmistettu a:sta <b>korkealaatuista hienoa polyesteri\u00e4<\/b>, kaulanauha on poikkeuksellisen sile\u00e4 ja pehme\u00e4, mik\u00e4 takaa k\u00e4ytt\u00f6mukavuuden koko p\u00e4iv\u00e4n ajan muodollisen asun kanssa. Jokaisessa yksik\u00f6ss\u00e4 on vakiona luotettava <b>metallinen sulkurengas<\/b>, mik\u00e4 vahvistaa ensiluokkaista ulkoasua ja tuntumaa. J\u00e4rjest\u00e4jille, jotka etsiv\u00e4t todellista &quot;luksus&quot;-henkil\u00f6llisyystodistusratkaisua, t\u00e4m\u00e4 on lopullinen valinta.<\/p>\n<p data-path-to-node=\"14\"><b>T\u00e4rkeimm\u00e4t ominaisuudet:<\/b><\/p>\n<ul data-path-to-node=\"15\">\n<li>\n<p data-path-to-node=\"15,0,0\"><b>Painatusmenetelm\u00e4:<\/b> Ensiluokkainen metallifolioleimaus luo kiilt\u00e4v\u00e4n, heijastavan ja tyylikk\u00e4\u00e4n logoviimeistelyn.<\/p>\n<\/li>\n<li>\n<p data-path-to-node=\"15,1,0\"><b>Materiaali:<\/b> Hienokudottu sile\u00e4 polyesteri tarjoaa paremman tuntuman verrattuna tavallisiin uurrettuihin kaulanauhoihin.<\/p>\n<\/li>\n<li>\n<p data-path-to-node=\"15,2,0\"><b>Kohdeyleis\u00f6:<\/b> Ihanteellinen VIP-henkil\u00f6ille, yritysjohtajille, korkean tason sponsoreille ja iltajuhliin.<\/p>\n<\/li>\n<li>\n<p data-path-to-node=\"15,3,0\"><b>Visuaalinen vaikutus:<\/b> Heijastava painatus varmistaa, ett\u00e4 logo n\u00e4kyy ja on huomiota her\u00e4tt\u00e4v\u00e4 my\u00f6s h\u00e4m\u00e4r\u00e4ss\u00e4 valaistuksessa.<\/p>\n<\/li>\n<\/ul>\n<\/div>\n<\/div>\n<\/div>\n<\/div>","protected":false},"excerpt":{"rendered":"<ul>\n<li>\n<p data-path-to-node=\"9,0,0\"><b>Ainutlaatuinen viimeistely:<\/b> Huippuluokan metallifolioleimaus (kulta, hopea jne.) luo upean heijastavan logoefektin.<\/p>\n<\/li>\n<li>\n<p data-path-to-node=\"9,1,0\"><b>VIP-vetoomus:<\/b> T\u00e4ydellinen valinta sponsoreille, puhujille ja VIP-vieraille, jotka tarvitsevat selke\u00e4n tunnistettavuuden.<\/p>\n<\/li>\n<li>\n<p data-path-to-node=\"9,2,0\"><b>Ensiluokkainen materiaali:<\/b> Valmistettu sile\u00e4st\u00e4, hienokudoksesta polyesterist\u00e4, joka tuntuu ylelliselt\u00e4 ja mukavalta ihoa vasten.<\/p>\n<\/li>\n<li>\n<p data-path-to-node=\"9,3,0\"><b>Hyv\u00e4 n\u00e4kyvyys:<\/b> Kimaltava painatus heijastaa valoa ja varmistaa, ett\u00e4 br\u00e4ndisi erottuu edukseen kaikissa valaistusolosuhteissa.<\/p>\n<\/li>\n<li><\/li>\n<\/ul>","protected":false},"featured_media":6716,"comment_status":"closed","ping_status":"closed","template":"","meta":[],"product_brand":[],"product_cat":[43,104],"product_tag":[],"class_list":{"0":"post-1271","1":"product","2":"type-product","3":"status-publish","4":"has-post-thumbnail","6":"product_cat-lanyards","7":"product_cat-custom-printed-lanyards","9":"first","10":"instock","11":"shipping-taxable","12":"purchasable","13":"product-type-simple"},"_links":{"self":[{"href":"https:\/\/displayproducts.eu\/fi\/wp-json\/wp\/v2\/product\/1271","targetHints":{"allow":["GET"]}}],"collection":[{"href":"https:\/\/displayproducts.eu\/fi\/wp-json\/wp\/v2\/product"}],"about":[{"href":"https:\/\/displayproducts.eu\/fi\/wp-json\/wp\/v2\/types\/product"}],"replies":[{"embeddable":true,"href":"https:\/\/displayproducts.eu\/fi\/wp-json\/wp\/v2\/comments?post=1271"}],"wp:featuredmedia":[{"embeddable":true,"href":"https:\/\/displayproducts.eu\/fi\/wp-json\/wp\/v2\/media\/6716"}],"wp:attachment":[{"href":"https:\/\/displayproducts.eu\/fi\/wp-json\/wp\/v2\/media?parent=1271"}],"wp:term":[{"taxonomy":"product_brand","embeddable":true,"href":"https:\/\/displayproducts.eu\/fi\/wp-json\/wp\/v2\/product_brand?post=1271"},{"taxonomy":"product_cat","embeddable":true,"href":"https:\/\/displayproducts.eu\/fi\/wp-json\/wp\/v2\/product_cat?post=1271"},{"taxonomy":"product_tag","embeddable":true,"href":"https:\/\/displayproducts.eu\/fi\/wp-json\/wp\/v2\/product_tag?post=1271"}],"curies":[{"name":"wp","href":"https:\/\/api.w.org\/{rel}","templated":true}]}}