{"id":1268,"date":"2024-10-27T11:53:52","date_gmt":"2024-10-27T08:53:52","guid":{"rendered":"https:\/\/wristbandfactory.eu\/toode\/lanyards-with-reflective-threads\/"},"modified":"2026-04-01T21:52:36","modified_gmt":"2026-04-01T18:52:36","slug":"lanyards-with-reflective-threads","status":"publish","type":"product","link":"https:\/\/displayproducts.eu\/fi\/p\/lanyards-with-reflective-threads\/","title":{"rendered":"Heijastinlangoilla varustetut kaulanauhat"},"content":{"rendered":"<div class=\"mx-12 md:mx-24 lg:mx-48\">\n<div class=\"container my-8 svelte-zlsknf\">\n<div class=\"my-24 rounded-lg border-0 border-gray-700 bg-gray-100 px-16 py-24\">\n<div class=\"mt-11 !text-gray-500\">\n<p>Paranna tiimisi turvallisuutta ja n\u00e4kyvyytt\u00e4 iltatapahtumissa, ty\u00f6mailla tai yritystilaisuuksissa meid\u00e4n avullamme <b>Heijastinlangoilla varustetut kaulanauhat<\/b>. T\u00e4m\u00e4 kaulanauha on asiantuntevasti suunniteltu yhdist\u00e4m\u00e4\u00e4n vaikuttava br\u00e4nd\u00e4ys ja t\u00e4rke\u00e4 turvallisuusominaisuus.<\/p>\n<p>Jokainen 90 cm:n pituinen kaulanauha on valmistettu kest\u00e4v\u00e4st\u00e4 polyesterist\u00e4. Toisin kuin t\u00e4ysin heijastavat kaulanauhat, t\u00e4ss\u00e4 mallissa on <b>heijastavat langat kudottu suoraan nauhamateriaaliin<\/b>. N\u00e4m\u00e4 langat heijastavat valoa pime\u00e4ss\u00e4 tai h\u00e4m\u00e4r\u00e4ss\u00e4, mik\u00e4 tekee k\u00e4ytt\u00e4j\u00e4st\u00e4 huomattavasti n\u00e4kyv\u00e4mm\u00e4n vaarantamatta kaulanauhan mukavuutta tai ammattimaista ulkon\u00e4k\u00f6\u00e4.<\/p>\n<p>Polyesterihihna tarjoaa erinomaisen pinnan br\u00e4nd\u00e4ykselle. Voimme painattaa logosi tai viestisi mittatilausty\u00f6n\u00e4 yhdelle tai kahdelle puolelle k\u00e4ytt\u00e4m\u00e4ll\u00e4 tarkkaa Pantone-v\u00e4rien t\u00e4sm\u00e4yst\u00e4. Jokaisessa kaulanauhassa on vakiona luotettava metallinen sulkurengas, mik\u00e4 tekee siit\u00e4 toimivan ratkaisun henkil\u00f6llisyystodistusten, avainten tai kulkukorttien s\u00e4ilytt\u00e4miseen.<\/p>\n<p><b>T\u00e4rkeimm\u00e4t ominaisuudet:<\/b><\/p>\n<ul>\n<li><b>Kudotut heijastavat langat:<\/b> Suoraan polyesteriin kudotut langat parantavat n\u00e4kyvyytt\u00e4 h\u00e4m\u00e4r\u00e4ss\u00e4.<\/li>\n<li><b>Mukautettu Pantone-painatus:<\/b> Logosi painetaan yhdelle tai kahdelle puolelle tarkalla Pantone-v\u00e4ritunnisteella.<\/li>\n<li><b>Kest\u00e4v\u00e4 polyesterihihna:<\/b> 90 cm:n hihna on mukava ja suunniteltu p\u00e4ivitt\u00e4iseen k\u00e4ytt\u00f6\u00f6n yritys- tai tapahtumatiloissa.<\/li>\n<li><b>Parannettu turvallisuus:<\/b> Ihanteellinen henkil\u00f6kunnalle, iltatilaisuuksiin tai mihin tahansa ymp\u00e4rist\u00f6\u00f6n, jossa hyv\u00e4 n\u00e4kyvyys on etusijalla.<\/li>\n<li><b>Standardi metallinen sulkurengas:<\/b> Mukana turvallinen metallinen karabiinihaka, saatavilla on my\u00f6s muita klipsivaihtoehtoja.<\/li>\n<\/ul>\n<\/div>\n<\/div>\n<\/div>\n<\/div>","protected":false},"excerpt":{"rendered":"<ul>\n<li>Siin\u00e4 on eritt\u00e4in n\u00e4kyv\u00e4t heijastinlangat, jotka on kudottu suoraan polyesterihihnaan.<\/li>\n<li>Ihanteellinen parantamaan henkil\u00f6kunnan ja osallistujien turvallisuutta iltatapahtumissa.<\/li>\n<li>Tulosta Pantone-v\u00e4rikarttaan sopiva logosi mittatilausty\u00f6n\u00e4 yhdelle tai kahdelle puolelle.<\/li>\n<li>Kest\u00e4v\u00e4 90 cm:n hihna, jossa on ilman painatusta metallinen karbiinihaka.<\/li>\n<\/ul>","protected":false},"featured_media":6719,"comment_status":"closed","ping_status":"closed","template":"","meta":[],"product_brand":[],"product_cat":[43,109],"product_tag":[],"class_list":{"0":"post-1268","1":"product","2":"type-product","3":"status-publish","4":"has-post-thumbnail","6":"product_cat-lanyards","7":"product_cat-reflective-lanyards","9":"first","10":"instock","11":"shipping-taxable","12":"purchasable","13":"product-type-simple"},"_links":{"self":[{"href":"https:\/\/displayproducts.eu\/fi\/wp-json\/wp\/v2\/product\/1268","targetHints":{"allow":["GET"]}}],"collection":[{"href":"https:\/\/displayproducts.eu\/fi\/wp-json\/wp\/v2\/product"}],"about":[{"href":"https:\/\/displayproducts.eu\/fi\/wp-json\/wp\/v2\/types\/product"}],"replies":[{"embeddable":true,"href":"https:\/\/displayproducts.eu\/fi\/wp-json\/wp\/v2\/comments?post=1268"}],"wp:featuredmedia":[{"embeddable":true,"href":"https:\/\/displayproducts.eu\/fi\/wp-json\/wp\/v2\/media\/6719"}],"wp:attachment":[{"href":"https:\/\/displayproducts.eu\/fi\/wp-json\/wp\/v2\/media?parent=1268"}],"wp:term":[{"taxonomy":"product_brand","embeddable":true,"href":"https:\/\/displayproducts.eu\/fi\/wp-json\/wp\/v2\/product_brand?post=1268"},{"taxonomy":"product_cat","embeddable":true,"href":"https:\/\/displayproducts.eu\/fi\/wp-json\/wp\/v2\/product_cat?post=1268"},{"taxonomy":"product_tag","embeddable":true,"href":"https:\/\/displayproducts.eu\/fi\/wp-json\/wp\/v2\/product_tag?post=1268"}],"curies":[{"name":"wp","href":"https:\/\/api.w.org\/{rel}","templated":true}]}}