{"id":1267,"date":"2024-10-27T11:53:52","date_gmt":"2024-10-27T08:53:52","guid":{"rendered":"https:\/\/wristbandfactory.eu\/toode\/bamboo-lanyards\/"},"modified":"2026-04-01T21:52:36","modified_gmt":"2026-04-01T18:52:36","slug":"printed-bamboo-lanyards","status":"publish","type":"product","link":"https:\/\/displayproducts.eu\/fi\/p\/printed-bamboo-lanyards\/","title":{"rendered":"Painetut bambukaulanauhat (Ekologinen)"},"content":{"rendered":"<div class=\"mx-12 md:mx-24 lg:mx-48\">\n<div class=\"container my-8 svelte-zlsknf\">\n<div class=\"my-24 rounded-lg border-0 border-gray-700 bg-gray-100 px-16 py-24\">\n<div class=\"mt-11 !text-gray-500\">\n<p data-path-to-node=\"11\">Tee pysyv\u00e4 ja kest\u00e4v\u00e4 valinta seuraavaan tapahtumaasi tai yritystapaamiseesi meid\u00e4n avullamme <b>Painetut bambusta valmistetut kaulanauhat<\/b>. Organisaatioiden siirtyess\u00e4 yh\u00e4 enemm\u00e4n muovittomiin ratkaisuihin, bambu erottuu joukosta paitsi ymp\u00e4rist\u00f6yst\u00e4v\u00e4llisyytens\u00e4 my\u00f6s erinomaisen laatunsa ja tuntumansa ansiosta.<\/p>\n<p data-path-to-node=\"12\">Luonnollisista, biohajoavista bambukuiduista valmistetut kaulanauhat tarjoavat ainutlaatuisen tuntuman. Toisin kuin jotkut kierr\u00e4tysmateriaalit, jotka voivat tuntua karkeilta, bambu on luonnostaan sile\u00e4\u00e4, hengitt\u00e4v\u00e4\u00e4 ja antibakteerista, mik\u00e4 tekee siit\u00e4 mukavimman vaihtoehdon henkil\u00f6kunnalle ja osallistujille, jotka k\u00e4ytt\u00e4v\u00e4t henkil\u00f6llisyystodistustaan koko p\u00e4iv\u00e4n. Se antaa erottuvan &quot;premium eco&quot; -ilmeen, joka nostaa br\u00e4ndisi mielikuvaa.<\/p>\n<p data-path-to-node=\"13\">Tarjoamme <b>mukautettu silkkipaino<\/b> bambupinnalle, mik\u00e4 mahdollistaa ter\u00e4v\u00e4n ja selke\u00e4n logon j\u00e4ljent\u00e4misen juuri sinun haluamallasi tavalla <b>Pantone-br\u00e4ndin v\u00e4rit<\/b>. Tarvitsetpa sitten yksipuolista br\u00e4nd\u00e4yst\u00e4 tai kaksipuolista n\u00e4kyvyytt\u00e4, tuloksena on ammattimainen viimeistely luonnollisella pohjalla. Noin 90 cm pituisina ne t\u00e4ytt\u00e4v\u00e4t ammattik\u00e4ytt\u00f6\u00f6n tarkoitetut alan standardit.<\/p>\n<p data-path-to-node=\"14\">Mukauta tilauksesi vastaamaan turvallisuus- ja toiminnallisuusvaatimuksia: samalla kun vankka <b>metallinen sulkurengas<\/b> on vakiona, voimme varustaa n\u00e4m\u00e4 kaulanauhat <b>turvairrotusklipsit<\/b> (v\u00e4ltt\u00e4m\u00e4t\u00f6nt\u00e4 kouluille ja sairaaloille) tai muita erikoislaitteita pyynn\u00f6st\u00e4.<\/p>\n<p data-path-to-node=\"15\"><b>T\u00e4rkeimm\u00e4t ominaisuudet:<\/b><\/p>\n<ul data-path-to-node=\"16\">\n<li>\n<p data-path-to-node=\"16,0,0\"><b>Materiaali:<\/b> 100% Kest\u00e4v\u00e4 bambukuitu (biohajoava).<\/p>\n<\/li>\n<li>\n<p data-path-to-node=\"16,1,0\"><b>Taktiilinen tuntuma:<\/b> Poikkeuksellisen pehme\u00e4, sile\u00e4 ja hypoallergeeninen.<\/p>\n<\/li>\n<li>\n<p data-path-to-node=\"16,2,0\"><b>Painatus:<\/b> Silkkipainokuva Pantone-v\u00e4rien t\u00e4sm\u00e4ytyksell\u00e4.<\/p>\n<\/li>\n<li>\n<p data-path-to-node=\"16,3,0\"><b>Ymp\u00e4rist\u00f6sertifikaatti:<\/b> per\u00e4isin nopeasti uusiutuvasta, torjunta-aineettomasta l\u00e4hteest\u00e4.<\/p>\n<\/li>\n<li>\n<p data-path-to-node=\"16,4,0\"><b>Laitteisto:<\/b> Mukana tukeva metallinen sulkurengas; turvairrotusmahdollisuus valinnainen.<\/p>\n<\/li>\n<li>\n<p data-path-to-node=\"16,5,0\"><b>Kest\u00e4vyys:<\/b> Vahvat luonnonkuidut kest\u00e4v\u00e4t kulutusta monip\u00e4iv\u00e4isten tapahtumien aikana.<\/p>\n<\/li>\n<\/ul>\n<\/div>\n<\/div>\n<\/div>\n<\/div>","protected":false},"excerpt":{"rendered":"<ul>\n<li>\n<p data-path-to-node=\"9,0,0\"><b>Nopeasti uusiutuva:<\/b> Valmistettu kest\u00e4v\u00e4sti tuotetusta bambukuidusta, joka on yksi maailman nopeimmin kasvavista kasveista ja jonka hiilijalanj\u00e4lki on pieni.<\/p>\n<\/li>\n<li>\n<p data-path-to-node=\"9,1,0\"><b>Ensiluokkainen pehmeys:<\/b> Bambukangas on luonnostaan hypoallergeeninen ja sile\u00e4mpi kuin puuvilla tai polyesteri, mik\u00e4 takaa maksimaalisen mukavuuden.<\/p>\n<\/li>\n<li>\n<p data-path-to-node=\"9,2,0\"><b>Mukautettu br\u00e4nd\u00e4ys:<\/b> Logosi silkkipainetaan tarkasti Pantone-v\u00e4reihin t\u00e4sm\u00e4ytyneill\u00e4 v\u00e4reill\u00e4 yhdelle tai kahdelle puolelle.<\/p>\n<\/li>\n<li>\n<p data-path-to-node=\"9,3,0\"><b>Monipuolinen laitteisto:<\/b> Vakiona metallinen sulkurengas; lis\u00e4varusteena on saatavilla irrotettavat turvaklipsit vaatimustenmukaisuuden takaamiseksi.<\/p>\n<\/li>\n<\/ul>","protected":false},"featured_media":6725,"comment_status":"closed","ping_status":"closed","template":"","meta":[],"product_brand":[],"product_cat":[104,106,107],"product_tag":[],"class_list":{"0":"post-1267","1":"product","2":"type-product","3":"status-publish","4":"has-post-thumbnail","6":"product_cat-custom-printed-lanyards","7":"product_cat-breakaway-lanyards","8":"product_cat-eco-friendly-lanyards","10":"first","11":"instock","12":"shipping-taxable","13":"purchasable","14":"product-type-simple"},"_links":{"self":[{"href":"https:\/\/displayproducts.eu\/fi\/wp-json\/wp\/v2\/product\/1267","targetHints":{"allow":["GET"]}}],"collection":[{"href":"https:\/\/displayproducts.eu\/fi\/wp-json\/wp\/v2\/product"}],"about":[{"href":"https:\/\/displayproducts.eu\/fi\/wp-json\/wp\/v2\/types\/product"}],"replies":[{"embeddable":true,"href":"https:\/\/displayproducts.eu\/fi\/wp-json\/wp\/v2\/comments?post=1267"}],"wp:featuredmedia":[{"embeddable":true,"href":"https:\/\/displayproducts.eu\/fi\/wp-json\/wp\/v2\/media\/6725"}],"wp:attachment":[{"href":"https:\/\/displayproducts.eu\/fi\/wp-json\/wp\/v2\/media?parent=1267"}],"wp:term":[{"taxonomy":"product_brand","embeddable":true,"href":"https:\/\/displayproducts.eu\/fi\/wp-json\/wp\/v2\/product_brand?post=1267"},{"taxonomy":"product_cat","embeddable":true,"href":"https:\/\/displayproducts.eu\/fi\/wp-json\/wp\/v2\/product_cat?post=1267"},{"taxonomy":"product_tag","embeddable":true,"href":"https:\/\/displayproducts.eu\/fi\/wp-json\/wp\/v2\/product_tag?post=1267"}],"curies":[{"name":"wp","href":"https:\/\/api.w.org\/{rel}","templated":true}]}}