{"id":1263,"date":"2024-10-27T11:53:52","date_gmt":"2024-10-27T08:53:52","guid":{"rendered":"https:\/\/wristbandfactory.eu\/toode\/3d-printed-lanyards\/"},"modified":"2026-04-01T21:52:36","modified_gmt":"2026-04-01T18:52:36","slug":"3d-printed-lanyards-raised-silicone-logo","status":"publish","type":"product","link":"https:\/\/displayproducts.eu\/fi\/p\/3d-printed-lanyards-raised-silicone-logo\/","title":{"rendered":"3D-painetut kaulanauhat (kohokuvio)"},"content":{"rendered":"<div class=\"mx-12 md:mx-24 lg:mx-48\">\n<div class=\"container my-8 svelte-zlsknf\">\n<div class=\"my-24 rounded-lg border-0 border-gray-700 bg-gray-100 px-16 py-24\">\n<div class=\"mt-11 !text-gray-500\">\n<p data-path-to-node=\"11\">Nosta yrityksesi br\u00e4ndi\u00e4 meid\u00e4n avullamme <b>3D-tulostetut kaulanauhat<\/b>, ensiluokkainen tunnistusratkaisu, joka on suunniteltu tekem\u00e4\u00e4n pysyv\u00e4n vaikutuksen. T\u00e4m\u00e4 innovatiivinen kaulanauha ylitt\u00e4\u00e4 perinteiset litte\u00e4t painatustekniikat ja kiinnitt\u00e4\u00e4 logosi... <b>kohotettu, tihe\u00e4 silikonikerros<\/b>. T\u00e4m\u00e4 luo erottuvan, tuntuisen viimeistelyn, joka lis\u00e4\u00e4 br\u00e4ndillesi syvyytt\u00e4 ja ainutlaatuisuuden tunnetta, tehden siit\u00e4 ihanteellisen valinnan VIP-tapahtumiin, teknologiakonferensseihin ja korkean tason yritysk\u00e4ytt\u00f6\u00f6n.<\/p>\n<p data-path-to-node=\"12\">90 cm:n pituinen kaulanauha on valmistettu kest\u00e4v\u00e4st\u00e4 ja korkealaatuisesta polyesterist\u00e4, mik\u00e4 takaa kest\u00e4vyyden henkil\u00f6kunnan p\u00e4ivitt\u00e4isess\u00e4 k\u00e4yt\u00f6ss\u00e4. Painamme mittatilausty\u00f6n\u00e4 tehdyn suunnitteluin nauhan toiselle puolelle, mik\u00e4 tarjoaa tarkan... <b>Pantone-v\u00e4rien yhteensovitus<\/b> tai neliv\u00e4riominaisuuksilla, jotta logosi erottuu modernilla, arkkitehtonisella vaikutelmalla. Toisin kuin perinteiset, kuluvat tulosteet, kaiverrettu silikonipinta on kest\u00e4v\u00e4 ja s\u00e4ilytt\u00e4\u00e4 ensiluokkaisen ulkon\u00e4k\u00f6ns\u00e4 ajan kuluessa.<\/p>\n<p data-path-to-node=\"13\">Jokainen yksikk\u00f6 toimitetaan tukevalla <b>metallinen sulkurengas<\/b> vakiona, mik\u00e4 vahvistaa tuotteen korkealaatuista tuntumaa. K\u00e4ytettiinp\u00e4 sit\u00e4 sitten turvallisten kulkukorttien tai kest\u00e4vien avainsarjojen s\u00e4ilytt\u00e4miseen, t\u00e4m\u00e4 kaulanauha yhdist\u00e4\u00e4 toiminnallisen kest\u00e4vyyden ainutlaatuiseen visuaaliseen ja tuntuiseen vetovoimaan, joka saa br\u00e4ndisi erottumaan.<\/p>\n<p data-path-to-node=\"14\"><b>T\u00e4rkeimm\u00e4t ominaisuudet:<\/b><\/p>\n<ul data-path-to-node=\"15\">\n<li>\n<p data-path-to-node=\"15,0,0\"><b>Korotettu 3D-teknologia:<\/b> Logot on painettu tihe\u00e4\u00e4n silikoniin, mik\u00e4 luo tuntuvan, kohokuvioidun vaikutelman.<\/p>\n<\/li>\n<li>\n<p data-path-to-node=\"15,1,0\"><b>Premium-visuaalit:<\/b> Lis\u00e4\u00e4 syvyytt\u00e4 ja ylellisen tuntua, t\u00e4ydellinen VIP-vieraiden tai henkil\u00f6kunnan erottamiseen.<\/p>\n<\/li>\n<li>\n<p data-path-to-node=\"15,2,0\"><b>Mukauttaminen:<\/b> T\u00e4ysi Pantone-s\u00e4vyjen t\u00e4sm\u00e4ytys saatavilla kohopainokerrokselle.<\/p>\n<\/li>\n<li>\n<p data-path-to-node=\"15,3,0\"><b>Kest\u00e4vyys:<\/b> Polyesteriranneke ja silikonipainatus on suunniteltu pitk\u00e4aikaiseen p\u00e4ivitt\u00e4iseen k\u00e4ytt\u00f6\u00f6n.<\/p>\n<\/li>\n<li>\n<p data-path-to-node=\"15,4,0\"><b>Laitteisto:<\/b> Sis\u00e4lt\u00e4\u00e4 tukevan metallisen sulkurenkaan; muita kiinnikkeit\u00e4 saatavilla pyynn\u00f6st\u00e4.<\/p>\n<\/li>\n<\/ul>\n<\/div>\n<\/div>\n<\/div>\n<\/div>","protected":false},"excerpt":{"rendered":"<ul>\n<li>\n<p data-path-to-node=\"9,0,0\"><b>Taktiilinen br\u00e4nd\u00e4ys:<\/b> Innovatiivinen tihe\u00e4painatus luo kohokuvioidun 3D-logoefektin, jonka voit tuntea.<\/p>\n<\/li>\n<li>\n<p data-path-to-node=\"9,1,0\"><b>Ensiluokkainen estetiikka:<\/b> Tarjoaa hienostuneen ja modernin ulkon\u00e4\u00f6n, joka on parempi kuin ilman painatusta litte\u00e4 silkkipaino.<\/p>\n<\/li>\n<li>\n<p data-path-to-node=\"9,2,0\"><b>Kest\u00e4v\u00e4 viimeistely:<\/b> Silikonipohjainen 3D-painatus kest\u00e4\u00e4 eritt\u00e4in hyvin kulutusta, pesua ja haalistumista.<\/p>\n<\/li>\n<li>\n<p data-path-to-node=\"9,3,0\"><b>Yritysilme:<\/b> Saatavilla Pantone-v\u00e4reihin sointuvissa v\u00e4reiss\u00e4 kest\u00e4v\u00e4ss\u00e4 90 cm:n polyesterihihnassa.<\/p>\n<\/li>\n<li><\/li>\n<\/ul>","protected":false},"featured_media":6826,"comment_status":"closed","ping_status":"closed","template":"","meta":[],"product_brand":[],"product_cat":[104],"product_tag":[],"class_list":{"0":"post-1263","1":"product","2":"type-product","3":"status-publish","4":"has-post-thumbnail","6":"product_cat-custom-printed-lanyards","8":"first","9":"instock","10":"shipping-taxable","11":"purchasable","12":"product-type-simple"},"_links":{"self":[{"href":"https:\/\/displayproducts.eu\/fi\/wp-json\/wp\/v2\/product\/1263","targetHints":{"allow":["GET"]}}],"collection":[{"href":"https:\/\/displayproducts.eu\/fi\/wp-json\/wp\/v2\/product"}],"about":[{"href":"https:\/\/displayproducts.eu\/fi\/wp-json\/wp\/v2\/types\/product"}],"replies":[{"embeddable":true,"href":"https:\/\/displayproducts.eu\/fi\/wp-json\/wp\/v2\/comments?post=1263"}],"wp:featuredmedia":[{"embeddable":true,"href":"https:\/\/displayproducts.eu\/fi\/wp-json\/wp\/v2\/media\/6826"}],"wp:attachment":[{"href":"https:\/\/displayproducts.eu\/fi\/wp-json\/wp\/v2\/media?parent=1263"}],"wp:term":[{"taxonomy":"product_brand","embeddable":true,"href":"https:\/\/displayproducts.eu\/fi\/wp-json\/wp\/v2\/product_brand?post=1263"},{"taxonomy":"product_cat","embeddable":true,"href":"https:\/\/displayproducts.eu\/fi\/wp-json\/wp\/v2\/product_cat?post=1263"},{"taxonomy":"product_tag","embeddable":true,"href":"https:\/\/displayproducts.eu\/fi\/wp-json\/wp\/v2\/product_tag?post=1263"}],"curies":[{"name":"wp","href":"https:\/\/api.w.org\/{rel}","templated":true}]}}