{"id":1259,"date":"2024-10-27T11:54:13","date_gmt":"2024-10-27T08:54:13","guid":{"rendered":"https:\/\/wristbandfactory.eu\/toode\/recycled-pet-sublimation-lanyards\/"},"modified":"2026-04-01T21:52:36","modified_gmt":"2026-04-01T18:52:36","slug":"eco-friendly-rpet-lanyards-full-color-sublimation","status":"publish","type":"product","link":"https:\/\/displayproducts.eu\/fi\/p\/eco-friendly-rpet-lanyards-full-color-sublimation\/","title":{"rendered":"Kierr\u00e4tetyt rPET-kaulanauhat sublimaatiopainatuspainatuksella"},"content":{"rendered":"<div class=\"mx-12 md:mx-24 lg:mx-48\">\n<div class=\"container my-8 svelte-zlsknf\">\n<div class=\"my-24 rounded-lg border-0 border-gray-700 bg-gray-100 px-16 py-24\">\n<div class=\"mt-11 !text-gray-500\">\n<p data-path-to-node=\"11\">Osoita br\u00e4ndisi sitoutuminen kest\u00e4v\u00e4\u00e4n kehitykseen tinkim\u00e4tt\u00e4 vaikuttavasta visuaalisesta identiteetist\u00e4. Meid\u00e4n <b>Ymp\u00e4rist\u00f6yst\u00e4v\u00e4lliset rPET-sublimaatiopainatusnauhat<\/b> ovat ensisijainen valinta ymp\u00e4rist\u00f6tietoisille organisaatioille, vihreille konferensseille ja festivaaleille, jotka haluavat pienent\u00e4\u00e4 hiilijalanj\u00e4lke\u00e4\u00e4n.<\/p>\n<p data-path-to-node=\"12\"><span data-path-to-node=\"12,1\"><span class=\"citation-171\">N\u00e4m\u00e4 100% kierr\u00e4tetyst\u00e4 PET-muovista (rPET) valmistetut kaulanauhat hy\u00f6dynt\u00e4v\u00e4t kuluttajien kierr\u00e4tt\u00e4m\u00e4\u00e4 muovij\u00e4tett\u00e4 korkealaatuisena ja kest\u00e4v\u00e4n\u00e4 tekstiilinauhanauhoina.<\/span><\/span><span data-path-to-node=\"12,3\">. Vaikka materiaali on kierr\u00e4tetty\u00e4, siin\u00e4 on huomattavan hieno kudos, joka tekee siit\u00e4 sile\u00e4n ja ensiluokkaisen kankaan. T\u00e4m\u00e4 pinta on suunniteltu erityisesti <b>v\u00e4risublimaatiopainatuspainatus<\/b>, mik\u00e4 mahdollistaa upeiden, fotorealististen kuvioiden luomisen yhdelle tai molemmille puolille. Toisin kuin silkkipaino, sublimaatiopainatus v\u00e4rj\u00e4\u00e4 kankaan kuidut suoraan, mik\u00e4 varmistaa, ett\u00e4 monimutkaiset logot, yksityiskohtaiset kuvat ja eloisat liukuv\u00e4rit eiv\u00e4t halkeile, haalistu tai irtoa ajan my\u00f6t\u00e4.<\/span><\/p>\n<p data-path-to-node=\"13\"><span data-path-to-node=\"13,1\"><span class=\"citation-170\">Jokainen kaulanauha toimitetaan kest\u00e4v\u00e4ll\u00e4 <\/span><b><span class=\"citation-170\">metallinen sulkurengas<\/span><\/b><span class=\"citation-170\"> vakiona, tarjoaa turvallisen kiinnityksen henkil\u00f6korteille ja passeille<\/span><\/span><span data-path-to-node=\"13,3\">. <\/span><span data-path-to-node=\"13,5\"><span class=\"citation-169\">Yritysymp\u00e4rist\u00f6iss\u00e4 tai suurissa tapahtumissa, joissa terveys- ja turvallisuusvaatimusten noudattaminen on etusijalla, suosittelemme vahvasti valinnaisen <\/span><b><span class=\"citation-169\">turvairrotusklipsi<\/span><\/b><\/span><span data-path-to-node=\"13,7\">, joka vapauttaa k\u00f6yden, jos sit\u00e4 vedet\u00e4\u00e4n voimakkaasti.<\/span><\/p>\n<p data-path-to-node=\"14\"><b>T\u00e4rkeimm\u00e4t ominaisuudet:<\/b><\/p>\n<ul data-path-to-node=\"15\">\n<li>\n<p data-path-to-node=\"15,0,0\"><b>Ymp\u00e4rist\u00f6yst\u00e4v\u00e4llinen materiaali:<\/b> Valmistettu kierr\u00e4tetyst\u00e4 100% PET-muovista (rPET), joka on per\u00e4isin kuluttajilta ker\u00e4tyist\u00e4 muoveista.<\/p>\n<\/li>\n<li>\n<p data-path-to-node=\"15,1,0\"><b>Moniv\u00e4rinen sublimaatiopainatus:<\/b> Mahdollistaa eloisat, haalistumattomat ja fotorealistiset grafiikat yhdelle tai kahdelle sivulle.<\/p>\n<\/li>\n<li>\n<p data-path-to-node=\"15,2,0\"><b>Mukavuus:<\/b> 90 cm pitk\u00e4 hihna pehme\u00e4ll\u00e4 viimeistelyll\u00e4 mukavaan k\u00e4ytt\u00f6\u00f6n koko p\u00e4iv\u00e4n.<\/p>\n<\/li>\n<li>\n<p data-path-to-node=\"15,3,0\"><b>Turvallisuusvaihtoehdot:<\/b> Lis\u00e4varusteena saatavilla irrotettava klipsi, joka parantaa k\u00e4ytt\u00e4j\u00e4n turvallisuutta aktiivisissa ymp\u00e4rist\u00f6iss\u00e4.<\/p>\n<\/li>\n<li>\n<p data-path-to-node=\"15,4,0\"><b>Monipuolinen laitteisto:<\/b> Mukana kest\u00e4v\u00e4 metallinen sulkurengas; muita klipsimalleja saatavilla pyynn\u00f6st\u00e4.<\/p>\n<\/li>\n<\/ul>\n<\/div>\n<\/div>\n<\/div>\n<\/div>","protected":false},"excerpt":{"rendered":"<ul>\n<li>\n<p data-path-to-node=\"9,0,0\"><b>Sertifioitu kest\u00e4v\u00e4 kehitys:<\/b> Valmistettu 100% kierr\u00e4tysmuovipulloista (rPET), mik\u00e4 v\u00e4hent\u00e4\u00e4 ymp\u00e4rist\u00f6vaikutuksia.<\/p>\n<\/li>\n<li>\n<p data-path-to-node=\"9,1,0\"><b>Ter\u00e4v\u00e4piirtobr\u00e4nd\u00e4ys:<\/b> Sile\u00e4 pinta mahdollistaa reunasta reunaan -sublimaatiopainatuspainatuksen t\u00e4ysv\u00e4risen\u00e4.<\/p>\n<\/li>\n<li>\n<p data-path-to-node=\"9,2,0\"><b>Monimutkaiset mallit:<\/b> T\u00e4ydellinen monimutkaisille logoille, liukuv\u00e4reille ja valokuville.<\/p>\n<\/li>\n<li>\n<p data-path-to-node=\"9,3,0\"><b>Turvallisuus ja hy\u00f6dyllisyys:<\/b> Sis\u00e4lt\u00e4\u00e4 vakiomallisen metallisen sulkurenkaan; lis\u00e4varusteena saatavilla turvairroin vaatimustenmukaisuuden takaamiseksi.<\/p>\n<\/li>\n<li><\/li>\n<\/ul>","protected":false},"featured_media":6833,"comment_status":"closed","ping_status":"closed","template":"","meta":[],"product_brand":[],"product_cat":[43,104,106],"product_tag":[],"class_list":{"0":"post-1259","1":"product","2":"type-product","3":"status-publish","4":"has-post-thumbnail","6":"product_cat-lanyards","7":"product_cat-custom-printed-lanyards","8":"product_cat-breakaway-lanyards","10":"first","11":"instock","12":"shipping-taxable","13":"purchasable","14":"product-type-simple"},"_links":{"self":[{"href":"https:\/\/displayproducts.eu\/fi\/wp-json\/wp\/v2\/product\/1259","targetHints":{"allow":["GET"]}}],"collection":[{"href":"https:\/\/displayproducts.eu\/fi\/wp-json\/wp\/v2\/product"}],"about":[{"href":"https:\/\/displayproducts.eu\/fi\/wp-json\/wp\/v2\/types\/product"}],"replies":[{"embeddable":true,"href":"https:\/\/displayproducts.eu\/fi\/wp-json\/wp\/v2\/comments?post=1259"}],"wp:featuredmedia":[{"embeddable":true,"href":"https:\/\/displayproducts.eu\/fi\/wp-json\/wp\/v2\/media\/6833"}],"wp:attachment":[{"href":"https:\/\/displayproducts.eu\/fi\/wp-json\/wp\/v2\/media?parent=1259"}],"wp:term":[{"taxonomy":"product_brand","embeddable":true,"href":"https:\/\/displayproducts.eu\/fi\/wp-json\/wp\/v2\/product_brand?post=1259"},{"taxonomy":"product_cat","embeddable":true,"href":"https:\/\/displayproducts.eu\/fi\/wp-json\/wp\/v2\/product_cat?post=1259"},{"taxonomy":"product_tag","embeddable":true,"href":"https:\/\/displayproducts.eu\/fi\/wp-json\/wp\/v2\/product_tag?post=1259"}],"curies":[{"name":"wp","href":"https:\/\/api.w.org\/{rel}","templated":true}]}}