{"id":1256,"date":"2024-10-27T11:54:13","date_gmt":"2024-10-27T08:54:13","guid":{"rendered":"https:\/\/wristbandfactory.eu\/toode\/cork-lanyards\/"},"modified":"2026-04-01T21:52:36","modified_gmt":"2026-04-01T18:52:36","slug":"printed-cork-lanyards","status":"publish","type":"product","link":"https:\/\/displayproducts.eu\/fi\/p\/printed-cork-lanyards\/","title":{"rendered":"Korkkikaulanauhat painatuksella (Luonnonkorkki)"},"content":{"rendered":"<div class=\"mx-12 md:mx-24 lg:mx-48\">\n<div class=\"container my-8 svelte-zlsknf\">\n<div class=\"my-24 rounded-lg border-0 border-gray-700 bg-gray-100 px-16 py-24\">\n<div class=\"mt-11 !text-gray-500\">\n<p data-path-to-node=\"11\">Tee vastuullinen ja tyylik\u00e4s lausunto seuraavassa konferenssissasi tai messuillasi meid\u00e4n avullamme <b>Painetut korkkinauhat<\/b>. T\u00e4m\u00e4 kaulanauha on ihanteellinen ratkaisu ymp\u00e4rist\u00f6tietoisille organisaatioille, jotka haluavat yhdist\u00e4\u00e4 kest\u00e4v\u00e4t materiaalit ammattimaiseen br\u00e4nd\u00e4ykseen ja tarjota hienostuneen vaihtoehdon synteettisille kuiduille.<\/p>\n<p data-path-to-node=\"12\">Valmistettu <b>aitoa, luonnonkorkkia<\/b>, T\u00e4m\u00e4 90 cm:n pituinen kaulanauha tarjoaa ainutlaatuisen ja korkealaatuisen tuntuman, joka on heti tunnistettavissa. Materiaali on korjattu korkkitammen kuoresta vahingoittamatta itse puuta, mik\u00e4 tekee siit\u00e4 aidosti uusiutuvan luonnonvaran. Ymp\u00e4rist\u00f6yst\u00e4v\u00e4llisyyden lis\u00e4ksi korkki on luonnostaan kest\u00e4v\u00e4\u00e4, vedenkest\u00e4v\u00e4\u00e4 ja hypoallergeenista, mik\u00e4 takaa mukavuuden jokap\u00e4iv\u00e4isess\u00e4 k\u00e4yt\u00f6ss\u00e4.<\/p>\n<p data-path-to-node=\"13\">Me voimme <b>tulosta logosi mittatilausty\u00f6n\u00e4<\/b> hihnan yhdell\u00e4 tai kahdella puolella. Vaikka korkilla on luonnollinen pinta, edistynyt silkkipainoprosessimme varmistaa, ett\u00e4 suunnittelusi pysyy luettavana ja v\u00e4ritarkasti toistettuna (k\u00e4ytt\u00e4en <b>Pantone-yhteensopivuus<\/b>). Korkin luonnollinen ruskea v\u00e4ri tarjoaa kauniin, neutraalin taustan, joka saa tummat logot erottumaan. Jokaisessa kaulanauhassa on vakiona luotettava <b>metallinen sulkurengas<\/b>, joka tarjoaa turvallisen kiinnityksen tapahtumapasseille tai henkil\u00f6korteille.<\/p>\n<p data-path-to-node=\"14\"><b>T\u00e4rkeimm\u00e4t ominaisuudet:<\/b><\/p>\n<ul data-path-to-node=\"15\">\n<li>\n<p data-path-to-node=\"15,0,0\"><b>Materiaali:<\/b> Aitoa luonnonkorkkia (uusiutuvaa ja biohajoavaa).<\/p>\n<\/li>\n<li>\n<p data-path-to-node=\"15,1,0\"><b>Visuaalinen vaikutus:<\/b> Ainutlaatuinen puunsyykuvio viestii &quot;Premium Ecosta&quot;.<\/p>\n<\/li>\n<li>\n<p data-path-to-node=\"15,2,0\"><b>Painatus:<\/b> Silkkipaino Pantone-tarkkuudella yhdelt\u00e4 tai kahdelta puolelta.<\/p>\n<\/li>\n<li>\n<p data-path-to-node=\"15,3,0\"><b>Kest\u00e4vyys:<\/b> Luonnostaan vedenkest\u00e4v\u00e4 ja riitt\u00e4v\u00e4n kest\u00e4v\u00e4 pitk\u00e4aikaiseen k\u00e4ytt\u00f6\u00f6n.<\/p>\n<\/li>\n<li>\n<p data-path-to-node=\"15,4,0\"><b>Laitteisto:<\/b> Mukana tukeva metallinen karabiinihaka; saatavilla on my\u00f6s muita klipsivaihtoehtoja.<\/p>\n<\/li>\n<li>\n<p data-path-to-node=\"15,5,0\"><b>Mukavuus:<\/b> Kevyt ja pehme\u00e4 ihoa vasten.<\/p>\n<\/li>\n<\/ul>\n<\/div>\n<\/div>\n<\/div>\n<\/div>","protected":false},"excerpt":{"rendered":"<ul>\n<li>\n<p data-path-to-node=\"9,0,0\"><b>Erottuva estetiikka:<\/b> Korkin luonnollinen, puumainen rakenne luo ainutlaatuisen ja ensiluokkaisen ilmeen, joka erottuu tavallisista kaulanauhoista.<\/p>\n<\/li>\n<li>\n<p data-path-to-node=\"9,1,0\"><b>Sertifioitu kest\u00e4v\u00e4:<\/b> Valmistettu aidosta uusiutuvasta korkista, mik\u00e4 osoittaa vahvaa sitoutumista ymp\u00e4rist\u00f6vastuuseen.<\/p>\n<\/li>\n<li>\n<p data-path-to-node=\"9,2,0\"><b>Mukautettu br\u00e4nd\u00e4ys:<\/b> Teksturoidusta pinnasta huolimatta tarjoamme kirkasta seripainatusta Pantone-v\u00e4rien t\u00e4sm\u00e4ytyksell\u00e4 yhdelt\u00e4 tai kahdelta puolelta.<\/p>\n<\/li>\n<li>\n<p data-path-to-node=\"9,3,0\"><b>Kest\u00e4v\u00e4 ja vedenkest\u00e4v\u00e4:<\/b> Korkki on luonnostaan kest\u00e4v\u00e4\u00e4 ja kosteutta hylkiv\u00e4\u00e4, joten se sopii erinomaisesti useamman p\u00e4iv\u00e4n tapahtumiin.<\/p>\n<\/li>\n<\/ul>","protected":false},"featured_media":6730,"comment_status":"closed","ping_status":"closed","template":"","meta":[],"product_brand":[],"product_cat":[43,107],"product_tag":[],"class_list":{"0":"post-1256","1":"product","2":"type-product","3":"status-publish","4":"has-post-thumbnail","6":"product_cat-lanyards","7":"product_cat-eco-friendly-lanyards","9":"first","10":"instock","11":"shipping-taxable","12":"purchasable","13":"product-type-simple"},"_links":{"self":[{"href":"https:\/\/displayproducts.eu\/fi\/wp-json\/wp\/v2\/product\/1256","targetHints":{"allow":["GET"]}}],"collection":[{"href":"https:\/\/displayproducts.eu\/fi\/wp-json\/wp\/v2\/product"}],"about":[{"href":"https:\/\/displayproducts.eu\/fi\/wp-json\/wp\/v2\/types\/product"}],"replies":[{"embeddable":true,"href":"https:\/\/displayproducts.eu\/fi\/wp-json\/wp\/v2\/comments?post=1256"}],"wp:featuredmedia":[{"embeddable":true,"href":"https:\/\/displayproducts.eu\/fi\/wp-json\/wp\/v2\/media\/6730"}],"wp:attachment":[{"href":"https:\/\/displayproducts.eu\/fi\/wp-json\/wp\/v2\/media?parent=1256"}],"wp:term":[{"taxonomy":"product_brand","embeddable":true,"href":"https:\/\/displayproducts.eu\/fi\/wp-json\/wp\/v2\/product_brand?post=1256"},{"taxonomy":"product_cat","embeddable":true,"href":"https:\/\/displayproducts.eu\/fi\/wp-json\/wp\/v2\/product_cat?post=1256"},{"taxonomy":"product_tag","embeddable":true,"href":"https:\/\/displayproducts.eu\/fi\/wp-json\/wp\/v2\/product_tag?post=1256"}],"curies":[{"name":"wp","href":"https:\/\/api.w.org\/{rel}","templated":true}]}}