{"id":1254,"date":"2024-10-27T11:54:13","date_gmt":"2024-10-27T08:54:13","guid":{"rendered":"https:\/\/wristbandfactory.eu\/toode\/organic-cotton-lanyards\/"},"modified":"2026-04-01T21:52:36","modified_gmt":"2026-04-01T18:52:36","slug":"printed-organic-cotton-lanyards-sustainable-branding","status":"publish","type":"product","link":"https:\/\/displayproducts.eu\/fi\/p\/printed-organic-cotton-lanyards-sustainable-branding\/","title":{"rendered":"Painetut luomupuuvilla-kaulanauhat (Eco)"},"content":{"rendered":"<div class=\"mx-12 md:mx-24 lg:mx-48\">\n<div class=\"container my-8 svelte-zlsknf\">\n<div class=\"my-24 rounded-lg border-0 border-gray-700 bg-gray-100 px-16 py-24\">\n<div class=\"mt-11 !text-gray-500\">\n<p data-path-to-node=\"11\">Osoita organisaatiosi sitoutuminen kest\u00e4v\u00e4\u00e4n kehitykseen laadusta tinkim\u00e4tt\u00e4. Meid\u00e4n <b>Painetut luomupuuvillaiset kaulanauhat<\/b> ovat ensisijainen valinta ymp\u00e4rist\u00f6tietoisiin konferensseihin, messuille ja yritysymp\u00e4rist\u00f6ihin, joissa muovij\u00e4tteen v\u00e4hent\u00e4minen on etusijalla.<\/p>\n<p data-path-to-node=\"12\">Valmistettu <b>100% luomupuuvillaa<\/b>, T\u00e4ll\u00e4 kaulanauhalla on selke\u00e4 etu tavalliseen polyesteriin verrattuna: aidosti pehme\u00e4, luonnollinen tuntuma, joka tuntuu miellytt\u00e4v\u00e4lt\u00e4 ihoa vasten pitki\u00e4 aikoja. Nauhan luonnollinen mattapinta viestii v\u00e4litt\u00f6m\u00e4n viestin ymp\u00e4rist\u00f6vastuusta osallistujillesi ja asiakkaillesi.<\/p>\n<p data-path-to-node=\"13\">Vaikka se on luonnonkuitua, materiaali tarjoaa kest\u00e4v\u00e4n pinnan br\u00e4nd\u00e4ykselle. Hy\u00f6dynn\u00e4mme <b>Pantone-v\u00e4ris\u00e4vyinen silkkipaino<\/b> varmistaaksesi, ett\u00e4 logosi toistuu tarkasti hihnan toiselle tai molemmille puolille. N\u00e4in voit noudattaa tiukkoja br\u00e4ndiohjeita ja samalla hy\u00f6dynt\u00e4\u00e4 uusiutuvaa luonnonvaraa. Jokaisessa kaulanauhassa on vakiona luotettava <b>metallinen sulkurengas<\/b>, varmistaen turvallisen pidon nimimerkeille ja kulkuluville.<\/p>\n<p data-path-to-node=\"14\"><b>T\u00e4rkeimm\u00e4t ominaisuudet:<\/b><\/p>\n<ul data-path-to-node=\"15\">\n<li>\n<p data-path-to-node=\"15,0,0\"><b>Ymp\u00e4rist\u00f6yst\u00e4v\u00e4llinen materiaali:<\/b> 100% Luomupuuvilla v\u00e4hent\u00e4\u00e4 ymp\u00e4rist\u00f6vaikutuksia ja tukee yritysvastuun tavoitteita.<\/p>\n<\/li>\n<li>\n<p data-path-to-node=\"15,1,0\"><b>Ylivertainen mukavuus:<\/b> Poikkeuksellisen pehme\u00e4 ja luonnollinen koostumus ehk\u00e4isee \u00e4rsytyst\u00e4 koko p\u00e4iv\u00e4n k\u00e4yt\u00f6n aikana.<\/p>\n<\/li>\n<li>\n<p data-path-to-node=\"15,2,0\"><b>Mukautettu br\u00e4nd\u00e4ys:<\/b> Korkealaatuinen seripainatus Pantone-v\u00e4rien t\u00e4sm\u00e4ytyksell\u00e4.<\/p>\n<\/li>\n<li>\n<p data-path-to-node=\"15,3,0\"><b>Vakiokoko:<\/b> 90 cm pituus x 20 mm leveys (vakio) sopii mukavasti kaikille osallistujille.<\/p>\n<\/li>\n<li>\n<p data-path-to-node=\"15,4,0\"><b>Laitteisto:<\/b> Mukana tukeva metallinen sulkurengas; yhteensopiva ymp\u00e4rist\u00f6yst\u00e4v\u00e4llisten henkil\u00f6llisyystodistuskoteloidemme kanssa.<\/p>\n<\/li>\n<\/ul>\n<\/div>\n<\/div>\n<\/div>\n<\/div>","protected":false},"excerpt":{"rendered":"<ul>\n<li>\n<p data-path-to-node=\"9,0,0\"><b>Sertifioitu kest\u00e4v\u00e4 kehitys:<\/b> Valmistettu 100%-luonnonmukaisesta puuvillasta, ihanteellinen vihreisiin tapahtumiin ja yritysvastuuseen keskittyville br\u00e4ndeille.<\/p>\n<\/li>\n<li>\n<p data-path-to-node=\"9,1,0\"><b>Ensiluokkainen pehmeys:<\/b> Luonnonkuidut tarjoavat paremman, ihoyst\u00e4v\u00e4llisemm\u00e4n rakenteen verrattuna synteettisiin vaihtoehtoihin.<\/p>\n<\/li>\n<li>\n<p data-path-to-node=\"9,2,0\"><b>Tarkka br\u00e4nd\u00e4ys:<\/b> Pantone-v\u00e4rikarttaan sopivalla logollasi silkkipainettuna yhdelle tai kahdelle puolelle siistin ja ammattimaisen ilmeen saavuttamiseksi.<\/p>\n<\/li>\n<li>\n<p data-path-to-node=\"9,3,0\"><b>Kest\u00e4v\u00e4 laitteisto:<\/b> Mukana korkealaatuinen metallinen sulkurengas biohajoavien tai tavallisten henkil\u00f6llisyystodistuspidikkeiden kiinnitt\u00e4miseen.<\/p>\n<\/li>\n<li><\/li>\n<\/ul>","protected":false},"featured_media":6745,"comment_status":"closed","ping_status":"closed","template":"","meta":[],"product_brand":[],"product_cat":[104,107],"product_tag":[],"class_list":{"0":"post-1254","1":"product","2":"type-product","3":"status-publish","4":"has-post-thumbnail","6":"product_cat-custom-printed-lanyards","7":"product_cat-eco-friendly-lanyards","9":"first","10":"instock","11":"shipping-taxable","12":"purchasable","13":"product-type-simple"},"_links":{"self":[{"href":"https:\/\/displayproducts.eu\/fi\/wp-json\/wp\/v2\/product\/1254","targetHints":{"allow":["GET"]}}],"collection":[{"href":"https:\/\/displayproducts.eu\/fi\/wp-json\/wp\/v2\/product"}],"about":[{"href":"https:\/\/displayproducts.eu\/fi\/wp-json\/wp\/v2\/types\/product"}],"replies":[{"embeddable":true,"href":"https:\/\/displayproducts.eu\/fi\/wp-json\/wp\/v2\/comments?post=1254"}],"wp:featuredmedia":[{"embeddable":true,"href":"https:\/\/displayproducts.eu\/fi\/wp-json\/wp\/v2\/media\/6745"}],"wp:attachment":[{"href":"https:\/\/displayproducts.eu\/fi\/wp-json\/wp\/v2\/media?parent=1254"}],"wp:term":[{"taxonomy":"product_brand","embeddable":true,"href":"https:\/\/displayproducts.eu\/fi\/wp-json\/wp\/v2\/product_brand?post=1254"},{"taxonomy":"product_cat","embeddable":true,"href":"https:\/\/displayproducts.eu\/fi\/wp-json\/wp\/v2\/product_cat?post=1254"},{"taxonomy":"product_tag","embeddable":true,"href":"https:\/\/displayproducts.eu\/fi\/wp-json\/wp\/v2\/product_tag?post=1254"}],"curies":[{"name":"wp","href":"https:\/\/api.w.org\/{rel}","templated":true}]}}