{"id":1253,"date":"2024-10-27T11:54:13","date_gmt":"2024-10-27T08:54:13","guid":{"rendered":"https:\/\/wristbandfactory.eu\/toode\/sublimation-lanyards-with-2-metal-hooks\/"},"modified":"2026-04-01T21:52:36","modified_gmt":"2026-04-01T18:52:36","slug":"dual-hook-sublimation-lanyards","status":"publish","type":"product","link":"https:\/\/displayproducts.eu\/fi\/p\/dual-hook-sublimation-lanyards\/","title":{"rendered":"Kaksoiskoukkuiset sublimaatiopainatusnauhat"},"content":{"rendered":"<div class=\"mx-12 md:mx-24 lg:mx-48\">\n<div class=\"container my-8 svelte-zlsknf\">\n<div class=\"my-24 rounded-lg border-0 border-gray-700 bg-gray-100 px-16 py-24\">\n<div class=\"mt-11 !text-gray-500\">\n<p>Varmista, ett\u00e4 br\u00e4ndisi ja tapahtumasi maine on aina etusijalla meid\u00e4n avullamme <b>Kaksoiskoukkuiset sublimaatiopainatusnauhat<\/b>. T\u00e4m\u00e4 ensiluokkainen kaulanauha on ammattimainen ratkaisu suurempien tapahtumakorttien tai henkil\u00f6llisyystodistusten haltijoiden hallintaan, sill\u00e4 siin\u00e4 on kaksi kiinnityspistett\u00e4 est\u00e4m\u00e4\u00e4n niiden py\u00f6riminen tai k\u00e4\u00e4ntyminen.<\/p>\n<p>T\u00e4m\u00e4 hienosta, 90 cm:n polyesterinauhasta valmistettu kaulanauha tarjoaa sile\u00e4n pohjan edistyneelle sublimaatiopainatuspainatuksellemme. T\u00e4m\u00e4 prosessi mahdollistaa rajattomasti fotorealistisia malleja, kuten monimutkaisia logoja, liukuv\u00e4rej\u00e4 ja t\u00e4ysv\u00e4risi\u00e4 kuvia yhdelle tai molemmille puolille. Tuloksena on eloisa, haalistumaton pinta, joka ei halkeile tai irtoa.<\/p>\n<p>Kaksi metallista karabiinihakaa sopivat ihanteellisesti konferensseihin, messuille ja yritystapahtumiin. Ne tarjoavat vakaan ja turvallisen pidon henkil\u00f6llisyystodistusten haltijoille, joissa on kaksi uraa. Kuten luokissa on lueteltu, t\u00e4m\u00e4 kaulanauha on saatavana irrotettavalla turvaklipsulla, joka parantaa k\u00e4ytt\u00e4j\u00e4n turvallisuutta kiireisiss\u00e4 ymp\u00e4rist\u00f6iss\u00e4.<\/p>\n<p><b>T\u00e4rkeimm\u00e4t ominaisuudet:<\/b><\/p>\n<ul>\n<li><b>Kaksoiskoukkuinen muotoilu:<\/b> Kaksi metallista sulkurengasta pit\u00e4v\u00e4t suuret henkil\u00f6kortit tai tapahtumakortit tukevasti ja eteenp\u00e4in osoittaen.<\/li>\n<li><b>Moniv\u00e4rinen sublimaatiopainatus:<\/b> Tarjoaa eloisia, fotorealistisia tulosteita monimutkaisille logoille ja liukuv\u00e4reille yhdelle tai kahdelle puolelle.<\/li>\n<li><b>Kest\u00e4v\u00e4 90 cm polyesteri:<\/b> Mukava ja hieno polyesteriranneke, joka on suunniteltu koko p\u00e4iv\u00e4n k\u00e4ytt\u00f6\u00f6n usean p\u00e4iv\u00e4n tapahtumissa.<\/li>\n<li><b>Turvairrotusvaihtoehto:<\/b> Saatavilla irrotettavalla klipsill\u00e4, joka on t\u00e4rke\u00e4 turvallisuusominaisuus yritysymp\u00e4rist\u00f6iss\u00e4.<\/li>\n<li><b>Monipuoliset lis\u00e4laitteet:<\/b> Vakiona kaksi metallista karbiinihakaa, saatavilla on my\u00f6s muita klipsivaihtoehtoja.<\/li>\n<\/ul>\n<\/div>\n<\/div>\n<\/div>\n<\/div>","protected":false},"excerpt":{"rendered":"<ul>\n<li>Est\u00e4 merkin py\u00f6riminen turvallisella kaksoiskoukkurakenteella (2 x metallinen sulkurengas).<\/li>\n<li>Esittele br\u00e4ndi\u00e4si eloisalla, t\u00e4ysv\u00e4risell\u00e4 sublimoinnilla (yksi- tai kaksipuolisesti).<\/li>\n<li>Kest\u00e4v\u00e4 90 cm hieno polyesterihihna, ihanteellinen usean p\u00e4iv\u00e4n konferensseihin.<\/li>\n<li>Saatavilla lis\u00e4varusteena saatavalla irrotettavalla turvaklipsill\u00e4 k\u00e4ytt\u00e4j\u00e4n turvallisuuden parantamiseksi.<\/li>\n<\/ul>","protected":false},"featured_media":6694,"comment_status":"closed","ping_status":"closed","template":"","meta":[],"product_brand":[],"product_cat":[43,106],"product_tag":[],"class_list":{"0":"post-1253","1":"product","2":"type-product","3":"status-publish","4":"has-post-thumbnail","6":"product_cat-lanyards","7":"product_cat-breakaway-lanyards","9":"first","10":"instock","11":"shipping-taxable","12":"purchasable","13":"product-type-simple"},"_links":{"self":[{"href":"https:\/\/displayproducts.eu\/fi\/wp-json\/wp\/v2\/product\/1253","targetHints":{"allow":["GET"]}}],"collection":[{"href":"https:\/\/displayproducts.eu\/fi\/wp-json\/wp\/v2\/product"}],"about":[{"href":"https:\/\/displayproducts.eu\/fi\/wp-json\/wp\/v2\/types\/product"}],"replies":[{"embeddable":true,"href":"https:\/\/displayproducts.eu\/fi\/wp-json\/wp\/v2\/comments?post=1253"}],"wp:featuredmedia":[{"embeddable":true,"href":"https:\/\/displayproducts.eu\/fi\/wp-json\/wp\/v2\/media\/6694"}],"wp:attachment":[{"href":"https:\/\/displayproducts.eu\/fi\/wp-json\/wp\/v2\/media?parent=1253"}],"wp:term":[{"taxonomy":"product_brand","embeddable":true,"href":"https:\/\/displayproducts.eu\/fi\/wp-json\/wp\/v2\/product_brand?post=1253"},{"taxonomy":"product_cat","embeddable":true,"href":"https:\/\/displayproducts.eu\/fi\/wp-json\/wp\/v2\/product_cat?post=1253"},{"taxonomy":"product_tag","embeddable":true,"href":"https:\/\/displayproducts.eu\/fi\/wp-json\/wp\/v2\/product_tag?post=1253"}],"curies":[{"name":"wp","href":"https:\/\/api.w.org\/{rel}","templated":true}]}}