{"id":1246,"date":"2024-10-27T11:54:13","date_gmt":"2024-10-27T08:54:13","guid":{"rendered":"https:\/\/wristbandfactory.eu\/toode\/flat-polyester-lanyards\/"},"modified":"2026-04-01T21:52:04","modified_gmt":"2026-04-01T18:52:04","slug":"custom-printed-polyester-lanyards-corporate-branding","status":"publish","type":"product","link":"https:\/\/displayproducts.eu\/fi\/p\/custom-printed-polyester-lanyards-corporate-branding\/","title":{"rendered":"Mittatilausty\u00f6n\u00e4 painetut polyesterinauhat \u2013 Yritysbr\u00e4nd\u00e4ys"},"content":{"rendered":"<div class=\"mx-12 md:mx-24 lg:mx-48\">\n<div class=\"container my-8 svelte-zlsknf\">\n<div class=\"my-24 rounded-lg border-0 border-gray-700 bg-gray-100 px-16 py-24\">\n<div class=\"mt-11 !text-gray-500\">\n<p data-path-to-node=\"12\">Turvaa tapahtumasi ja yhdist\u00e4 tiimisi meid\u00e4n avullamme <b>Mukautetut painetut polyesterikaulanauhat<\/b>, alan standardiratkaisu tehokkaaseen br\u00e4ndin\u00e4kyvyyteen. N\u00e4m\u00e4 kaulanauhat on suunniteltu suurten volyymien vaatimuksiin, kuten kansainv\u00e4lisiin konferensseihin, messuille ja suurille festivaaleille, ja ne tarjoavat optimaalisen tasapainon kest\u00e4vyyden, painatuslaadun ja kustannustehokkuuden v\u00e4lill\u00e4.<\/p>\n<p data-path-to-node=\"13\">Korkealaatuisesta tasaisesta polyesterist\u00e4 valmistettu materiaali tarjoaa sile\u00e4n pinnan, joka on v\u00e4ltt\u00e4m\u00e4t\u00f6n selke\u00e4n ja luettavan br\u00e4nd\u00e4yksen kannalta. Toisin kuin teksturoituja vaihtoehtoja, t\u00e4m\u00e4 tasainen pinta mahdollistaa tarkan logon j\u00e4ljent\u00e4misen ja varmistaa, ett\u00e4 yrityksesi identiteetti n\u00e4kyy v\u00e4\u00e4ristym\u00e4tt\u00e4. Tarjoamme <b>Pantone-v\u00e4rien yhteensovitus<\/b>, jolloin voimme v\u00e4rj\u00e4t\u00e4 kankaan ja painaa taideteoksesi t\u00e4sm\u00e4llisiss\u00e4 br\u00e4ndisi v\u00e4reiss\u00e4 joko yhdelle tai molemmille puolille.<\/p>\n<p data-path-to-node=\"14\">Mukavuutta ja toimivuutta silm\u00e4ll\u00e4 pit\u00e4en suunniteltu kaulanauha on noin 90 cm pitk\u00e4, joten se sopii kaikille osallistujille. Yksikk\u00f6 toimitetaan esikoottuna kest\u00e4v\u00e4ll\u00e4 <b>metallinen sulkurengas<\/b>, varmistaen, ett\u00e4 henkil\u00f6kortit, vierailijakortit ja kulkutunnisteet pysyv\u00e4t tukevasti kiinni koko tapahtuman ajan. Organisaatioille, joilla on erityisi\u00e4 turvallisuus- tai toiminnallisia tarpeita, vaihtoehtoisia kiinnikkeit\u00e4 (kuten turvakatkoja tai erilaisia klipsej\u00e4) on saatavilla pyynn\u00f6st\u00e4.<\/p>\n<p data-path-to-node=\"15\"><b>T\u00e4rkeimm\u00e4t ominaisuudet:<\/b><\/p>\n<ul data-path-to-node=\"16\">\n<li>\n<p data-path-to-node=\"16,0,0\"><b>Materiaali:<\/b> Kest\u00e4v\u00e4, litte\u00e4 polyesteri, joka on suunniteltu ter\u00e4v\u00e4piirtotulostukseen.<\/p>\n<\/li>\n<li>\n<p data-path-to-node=\"16,1,0\"><b>Mukauttaminen:<\/b> T\u00e4ysi Pantone-v\u00e4rien t\u00e4sm\u00e4ys sek\u00e4 kankaalle ett\u00e4 painatukselle.<\/p>\n<\/li>\n<li>\n<p data-path-to-node=\"16,2,0\"><b>Painatusvaihtoehdot:<\/b> Saatavilla yksi- tai kaksipuolisella logoasettelulla parhaan n\u00e4kyvyyden takaamiseksi.<\/p>\n<\/li>\n<li>\n<p data-path-to-node=\"16,3,0\"><b>Vakiomitat:<\/b> 90 cm pituus x 20 mm leveys (vakio) yleisk\u00e4ytt\u00f6isyytt\u00e4 varten.<\/p>\n<\/li>\n<li>\n<p data-path-to-node=\"16,4,0\"><b>Laitteisto:<\/b> Mukana tukeva metallinen sulkurengas; saatavilla my\u00f6s mukautettuja kiinnikkeit\u00e4.<\/p>\n<\/li>\n<li>\n<p data-path-to-node=\"16,5,0\"><b>K\u00e4ytt\u00f6tapaus:<\/b> T\u00e4ydellinen yritystunnuksiin, henkil\u00f6st\u00f6merkkeihin ja mainostapahtumien lahjoihin.<\/p>\n<\/li>\n<\/ul>\n<\/div>\n<\/div>\n<\/div>\n<\/div>","protected":false},"excerpt":{"rendered":"<ul data-path-to-node=\"10\">\n<li>\n<p data-path-to-node=\"10,0,0\"><b>Vaikuttava br\u00e4nd\u00e4ys:<\/b> Sile\u00e4 ja tasainen polyesteripinta takaa ter\u00e4v\u00e4n ja kontrastisen logon toiston.<\/p>\n<\/li>\n<li>\n<p data-path-to-node=\"10,1,0\"><b>Pantone-tarkkuus:<\/b> T\u00e4ysin muokattavissa oleva painatus yhdelle tai kahdelle puolelle vastaamaan tarkasti yrityksesi v\u00e4rej\u00e4.<\/p>\n<\/li>\n<li>\n<p data-path-to-node=\"10,2,0\"><b>Kustannustehokas irtotavararatkaisu:<\/b> Alan standardi suurille konferensseille, festivaaleille ja messuille.<\/p>\n<\/li>\n<li>\n<p data-path-to-node=\"10,3,0\"><b>Luotettava laitteisto:<\/b> Mukana vakiona tukeva metallinen sulkurengas henkil\u00f6llisyystodistusten ja kulkukorttien kiinnitt\u00e4mist\u00e4 varten.<\/p>\n<\/li>\n<\/ul>","protected":false},"featured_media":6815,"comment_status":"closed","ping_status":"closed","template":"","meta":[],"product_brand":[],"product_cat":[104],"product_tag":[],"class_list":{"0":"post-1246","1":"product","2":"type-product","3":"status-publish","4":"has-post-thumbnail","6":"product_cat-custom-printed-lanyards","8":"first","9":"instock","10":"shipping-taxable","11":"purchasable","12":"product-type-simple"},"_links":{"self":[{"href":"https:\/\/displayproducts.eu\/fi\/wp-json\/wp\/v2\/product\/1246","targetHints":{"allow":["GET"]}}],"collection":[{"href":"https:\/\/displayproducts.eu\/fi\/wp-json\/wp\/v2\/product"}],"about":[{"href":"https:\/\/displayproducts.eu\/fi\/wp-json\/wp\/v2\/types\/product"}],"replies":[{"embeddable":true,"href":"https:\/\/displayproducts.eu\/fi\/wp-json\/wp\/v2\/comments?post=1246"}],"wp:featuredmedia":[{"embeddable":true,"href":"https:\/\/displayproducts.eu\/fi\/wp-json\/wp\/v2\/media\/6815"}],"wp:attachment":[{"href":"https:\/\/displayproducts.eu\/fi\/wp-json\/wp\/v2\/media?parent=1246"}],"wp:term":[{"taxonomy":"product_brand","embeddable":true,"href":"https:\/\/displayproducts.eu\/fi\/wp-json\/wp\/v2\/product_brand?post=1246"},{"taxonomy":"product_cat","embeddable":true,"href":"https:\/\/displayproducts.eu\/fi\/wp-json\/wp\/v2\/product_cat?post=1246"},{"taxonomy":"product_tag","embeddable":true,"href":"https:\/\/displayproducts.eu\/fi\/wp-json\/wp\/v2\/product_tag?post=1246"}],"curies":[{"name":"wp","href":"https:\/\/api.w.org\/{rel}","templated":true}]}}