{"id":1243,"date":"2024-10-27T11:54:13","date_gmt":"2024-10-27T08:54:13","guid":{"rendered":"https:\/\/wristbandfactory.eu\/toode\/seed-paper-lanyard\/"},"modified":"2026-04-01T21:52:36","modified_gmt":"2026-04-01T18:52:36","slug":"seed-paper-lanyards","status":"publish","type":"product","link":"https:\/\/displayproducts.eu\/fi\/p\/seed-paper-lanyards\/","title":{"rendered":"Siemenpaperikaulanauhat (Istutettava)"},"content":{"rendered":"<p data-path-to-node=\"11\">Tee kest\u00e4v\u00e4 ymp\u00e4rist\u00f6lausunto seuraavassa tapahtumassasi, n\u00e4yttelyss\u00e4si tai festivaaleillasi innovatiivisilla tuotteillamme <b>Siemenpaperin kaulanauhat<\/b>. N\u00e4m\u00e4 kaulanauhat on suunniteltu antamaan perinteiselle kertak\u00e4ytt\u00f6iselle tuotteelle uusi, vihre\u00e4 k\u00e4ytt\u00f6tarkoitus, ja ne tarjoavat ainutlaatuisen tavan osoittaa organisaatiosi sitoutumista uudistumiseen ja kest\u00e4v\u00e4\u00e4n kehitykseen.<\/p>\n<p data-path-to-node=\"12\">Sen sijaan, ett\u00e4 kaulanauha heitett\u00e4isiin pois tapahtuman j\u00e4lkeen, osallistujia pyydet\u00e4\u00e4n istuttamaan se suoraan multaan. Ajan my\u00f6t\u00e4 biohajoava paperi hajoaa ja siihen upotetut siemenet kukkivat kauniiksi sekoitukseksi <b>luonnonkukat<\/b>. T\u00e4m\u00e4 luo positiivisen, el\u00e4v\u00e4n muistutuksen br\u00e4ndist\u00e4si ja viestist\u00e4si pitk\u00e4\u00e4n konferenssin ovien sulkeutumisen j\u00e4lkeen.<\/p>\n<p data-path-to-node=\"13\">Jokainen kaulanauha on valmistettu Euroopassa <b>80 g\/m\u00b2 siemenpaperia<\/b>. Vaikka se on herkk\u00e4, se sopii t\u00e4ydellisesti yksip\u00e4iv\u00e4isiin tapahtumiin, VIP-passeihin tai eksklusiivisiin kutsuihin. Moniv\u00e4rinen suunnittelu voidaan painaa toiselle puolelle. Tuotteen ymp\u00e4rist\u00f6tietoisen luonteen tukemiseksi ja parhaan it\u00e4vyyden varmistamiseksi suosittelemme malleja, jotka peitt\u00e4v\u00e4t alle 50% pinta-alasta (mik\u00e4 tarjoaa my\u00f6s kustannusedun).<\/p>\n<p data-path-to-node=\"14\"><b>T\u00e4rkeimm\u00e4t ominaisuudet:<\/b><\/p>\n<ul data-path-to-node=\"15\">\n<li>\n<p data-path-to-node=\"15,0,0\"><b>Materiaali:<\/b> 80 g\/m\u00b2 biohajoavaa paperia, johon on upotettu luonnonkukkien siemensekoitusta.<\/p>\n<\/li>\n<li>\n<p data-path-to-node=\"15,1,0\"><b>K\u00e4ytt\u00f6 tapahtuman j\u00e4lkeen:<\/b> T\u00e4ysin istutettavissa; muuttaa j\u00e4tteen villikukkapuutarhaksi.<\/p>\n<\/li>\n<li>\n<p data-path-to-node=\"15,2,0\"><b>Painatus:<\/b> Yksipuolinen t\u00e4ysv\u00e4ripainatus (ymp\u00e4rist\u00f6yst\u00e4v\u00e4llinen matalan musteen peittokyky suositeltava).<\/p>\n<\/li>\n<li>\n<p data-path-to-node=\"15,3,0\"><b>Mitat:<\/b> Vakiokoko noin 90 x 20 mm.<\/p>\n<\/li>\n<li>\n<p data-path-to-node=\"15,4,0\"><b>Alkuper\u00e4:<\/b> Valmistettu Euroopassa pienemm\u00e4n hiilijalanj\u00e4ljen saavuttamiseksi.<\/p>\n<\/li>\n<li>\n<p data-path-to-node=\"15,5,0\"><b>K\u00e4ytt\u00f6tapaus:<\/b> Ihanteellinen lyhytaikaisiin tapahtumiin, tuotelanseerauksiin ja vihreisiin h\u00e4ihin.<\/p>\n<\/li>\n<\/ul>","protected":false},"excerpt":{"rendered":"<ul data-path-to-node=\"9\">\n<li>\n<p data-path-to-node=\"9,0,0\"><b>Plantable-br\u00e4nd\u00e4ys:<\/b> Kaulanauha sis\u00e4lt\u00e4\u00e4 sekoituksen luonnonkukkien siemeni\u00e4, jotka kukkivat, kun ne istutetaan maahan tapahtuman j\u00e4lkeen.<\/p>\n<\/li>\n<li>\n<p data-path-to-node=\"9,1,0\"><b>Nollaj\u00e4tekierto:<\/b> T\u00e4ysin biohajoava tuote, joka ei j\u00e4t\u00e4 j\u00e4lkeens\u00e4 roskia, ainoastaan kukkia.<\/p>\n<\/li>\n<li>\n<p data-path-to-node=\"9,2,0\"><b>Ekosuunnittelu:<\/b> Painatus on optimoitu minimoimaan musteenkulutus (suositus &lt;50%-peittokyky) siementen viljelykelpoisuuden varmistamiseksi.<\/p>\n<\/li>\n<li>\n<p data-path-to-node=\"9,3,0\"><b>Valmistettu Euroopassa:<\/b> Valmistettu paikallisesti 80 g\/m\u00b2 paperista kuljetuksesta aiheutuvien p\u00e4\u00e4st\u00f6jen minimoimiseksi.<\/p>\n<\/li>\n<\/ul>","protected":false},"featured_media":6780,"comment_status":"closed","ping_status":"closed","template":"","meta":[],"product_brand":[],"product_cat":[43,107],"product_tag":[],"class_list":{"0":"post-1243","1":"product","2":"type-product","3":"status-publish","4":"has-post-thumbnail","6":"product_cat-lanyards","7":"product_cat-eco-friendly-lanyards","9":"first","10":"instock","11":"shipping-taxable","12":"purchasable","13":"product-type-simple"},"_links":{"self":[{"href":"https:\/\/displayproducts.eu\/fi\/wp-json\/wp\/v2\/product\/1243","targetHints":{"allow":["GET"]}}],"collection":[{"href":"https:\/\/displayproducts.eu\/fi\/wp-json\/wp\/v2\/product"}],"about":[{"href":"https:\/\/displayproducts.eu\/fi\/wp-json\/wp\/v2\/types\/product"}],"replies":[{"embeddable":true,"href":"https:\/\/displayproducts.eu\/fi\/wp-json\/wp\/v2\/comments?post=1243"}],"wp:featuredmedia":[{"embeddable":true,"href":"https:\/\/displayproducts.eu\/fi\/wp-json\/wp\/v2\/media\/6780"}],"wp:attachment":[{"href":"https:\/\/displayproducts.eu\/fi\/wp-json\/wp\/v2\/media?parent=1243"}],"wp:term":[{"taxonomy":"product_brand","embeddable":true,"href":"https:\/\/displayproducts.eu\/fi\/wp-json\/wp\/v2\/product_brand?post=1243"},{"taxonomy":"product_cat","embeddable":true,"href":"https:\/\/displayproducts.eu\/fi\/wp-json\/wp\/v2\/product_cat?post=1243"},{"taxonomy":"product_tag","embeddable":true,"href":"https:\/\/displayproducts.eu\/fi\/wp-json\/wp\/v2\/product_tag?post=1243"}],"curies":[{"name":"wp","href":"https:\/\/api.w.org\/{rel}","templated":true}]}}