{"id":1242,"date":"2024-10-27T11:54:14","date_gmt":"2024-10-27T08:54:14","guid":{"rendered":"https:\/\/wristbandfactory.eu\/toode\/corn-lanyards\/"},"modified":"2026-04-01T21:52:36","modified_gmt":"2026-04-01T18:52:36","slug":"printed-eco-corn-lanyards","status":"publish","type":"product","link":"https:\/\/displayproducts.eu\/fi\/p\/printed-eco-corn-lanyards\/","title":{"rendered":"Maissit\u00e4rkkelys-kaulanauhat (Biohajoava PLA)"},"content":{"rendered":"<div class=\"mx-12 md:mx-24 lg:mx-48\">\n<div class=\"container my-8 svelte-zlsknf\">\n<div class=\"my-24 rounded-lg border-0 border-gray-700 bg-gray-100 px-16 py-24\">\n<div class=\"mt-11 !text-gray-500\">\n<p data-path-to-node=\"11\">Osoita aitoa ymp\u00e4rist\u00f6johtajuutta toimillamme <b>Painetut Eco Corn -naulaimet<\/b>. Toisin kuin perinteiset synteettiset \u00f6ljyst\u00e4 valmistetut kaulanauhat, n\u00e4m\u00e4 innovatiiviset tunnistushihnat on valmistettu <b>100% maissit\u00e4rkkelys (PLA)<\/b> kuitua. T\u00e4m\u00e4 tekee niist\u00e4 t\u00e4ysin biohajoavan ja kasvipohjaisen ratkaisun, joka sopii t\u00e4ydellisesti tulevaisuuteen suuntautuneille organisaatioille ja kest\u00e4ville tapahtumille.<\/p>\n<p data-path-to-node=\"12\">T\u00e4m\u00e4n tuotteen ainutlaatuisuus piilee sen tinkim\u00e4tt\u00f6m\u00e4ss\u00e4 luonteessa. Vaikka se on valmistettu maissista, sen PLA-kuitu j\u00e4ljittelee tavallisen polyesterin kest\u00e4vyytt\u00e4, rakennetta ja lujuutta. T\u00e4m\u00e4 tarkoittaa, ett\u00e4 saat kest\u00e4v\u00e4n ja korkealaatuisen kaulanauhan, joka kest\u00e4\u00e4 usean p\u00e4iv\u00e4n konferensseja, mutta on elinkaarensa lopussa kompostoitava.<\/p>\n<p data-path-to-node=\"13\">Tarjoamme ammattimaista <b>silkkipaino<\/b> sile\u00e4ll\u00e4 PLA-pinnalla, mik\u00e4 varmistaa, ett\u00e4 logosi toistetaan t\u00e4sm\u00e4lleen haluamallasi tavalla <b>Pantone-br\u00e4ndin v\u00e4rit<\/b>. Tarvitsetpa sitten yksi- tai kaksipuolista painatusta, tulos on ter\u00e4v\u00e4 ja eloisa. Jokainen laite toimitetaan vakiona <b>metallinen sulkurengas<\/b>, yhdist\u00e4en teollisen kest\u00e4vyyden ymp\u00e4rist\u00f6yst\u00e4v\u00e4llisyyteen.<\/p>\n<p data-path-to-node=\"14\"><b>T\u00e4rkeimm\u00e4t ominaisuudet:<\/b><\/p>\n<ul data-path-to-node=\"15\">\n<li>\n<p data-path-to-node=\"15,0,0\"><b>Materiaali:<\/b> 100% Maissit\u00e4rkkelyskuitu (PLA) \u2013 Kasvipohjainen ja biohajoava.<\/p>\n<\/li>\n<li>\n<p data-path-to-node=\"15,1,0\"><b>Suorituskyky:<\/b> Kest\u00e4v\u00e4 ja sile\u00e4 pinta, joka muistuttaa perinteist\u00e4 polyesteri\u00e4.<\/p>\n<\/li>\n<li>\n<p data-path-to-node=\"15,2,0\"><b>Kest\u00e4v\u00e4 kehitys:<\/b> Merkitt\u00e4v\u00e4sti pienempi hiilijalanj\u00e4lki verrattuna \u00f6ljypohjaisiin muoveihin.<\/p>\n<\/li>\n<li>\n<p data-path-to-node=\"15,3,0\"><b>Painatus:<\/b> Korkealaatuinen silkkipainokuva Pantone-v\u00e4rien t\u00e4sm\u00e4ytyksell\u00e4.<\/p>\n<\/li>\n<li>\n<p data-path-to-node=\"15,4,0\"><b>Laitteisto:<\/b> Mukana luotettava metallinen sulkurengas merkin kiinnitt\u00e4mist\u00e4 varten.<\/p>\n<\/li>\n<li>\n<p data-path-to-node=\"15,5,0\"><b>K\u00e4ytt\u00f6tapaus:<\/b> T\u00e4ydellinen &quot;vihreille&quot; konferensseille, ekofestivaaleille ja yritysvastuualoitteille.<\/p>\n<\/li>\n<\/ul>\n<\/div>\n<\/div>\n<\/div>\n<\/div>","protected":false},"excerpt":{"rendered":"<ul>\n<li>\n<p data-path-to-node=\"9,0,0\"><b>Kasvipohjainen innovaatio:<\/b> Valmistettu 100%-maissit\u00e4rkkelyskuidusta (PLA), joka tarjoaa t\u00e4ysin biohajoavan vaihtoehdon \u00f6ljypohjaisille muoveille.<\/p>\n<\/li>\n<li>\n<p data-path-to-node=\"9,1,0\"><b>Polyesterin kaltainen suorituskyky:<\/b> Tuntuu ja toimii t\u00e4sm\u00e4lleen samalla tavalla kuin synteettinen kangas \u2013 kest\u00e4v\u00e4 ja sile\u00e4 \u2013 mutta on per\u00e4isin kokonaan kasveista.<\/p>\n<\/li>\n<li>\n<p data-path-to-node=\"9,2,0\"><b>Yritysvastuu:<\/b> Ihanteellinen valinta yrityksille, joilla on tiukat nollaj\u00e4te- tai hiilineutraaliusk\u00e4yt\u00e4nn\u00f6t.<\/p>\n<\/li>\n<li>\n<p data-path-to-node=\"9,3,0\"><b>Mukautettu br\u00e4nd\u00e4ys:<\/b> Sile\u00e4 pinta mahdollistaa ter\u00e4v\u00e4n, Pantone-v\u00e4reihin t\u00e4sm\u00e4\u00e4v\u00e4n silkkipainatuksen yhdelle tai kahdelle puolelle.<\/p>\n<\/li>\n<\/ul>","protected":false},"featured_media":6736,"comment_status":"closed","ping_status":"closed","template":"","meta":[],"product_brand":[],"product_cat":[104,107],"product_tag":[],"class_list":{"0":"post-1242","1":"product","2":"type-product","3":"status-publish","4":"has-post-thumbnail","6":"product_cat-custom-printed-lanyards","7":"product_cat-eco-friendly-lanyards","9":"first","10":"instock","11":"shipping-taxable","12":"purchasable","13":"product-type-simple"},"_links":{"self":[{"href":"https:\/\/displayproducts.eu\/fi\/wp-json\/wp\/v2\/product\/1242","targetHints":{"allow":["GET"]}}],"collection":[{"href":"https:\/\/displayproducts.eu\/fi\/wp-json\/wp\/v2\/product"}],"about":[{"href":"https:\/\/displayproducts.eu\/fi\/wp-json\/wp\/v2\/types\/product"}],"replies":[{"embeddable":true,"href":"https:\/\/displayproducts.eu\/fi\/wp-json\/wp\/v2\/comments?post=1242"}],"wp:featuredmedia":[{"embeddable":true,"href":"https:\/\/displayproducts.eu\/fi\/wp-json\/wp\/v2\/media\/6736"}],"wp:attachment":[{"href":"https:\/\/displayproducts.eu\/fi\/wp-json\/wp\/v2\/media?parent=1242"}],"wp:term":[{"taxonomy":"product_brand","embeddable":true,"href":"https:\/\/displayproducts.eu\/fi\/wp-json\/wp\/v2\/product_brand?post=1242"},{"taxonomy":"product_cat","embeddable":true,"href":"https:\/\/displayproducts.eu\/fi\/wp-json\/wp\/v2\/product_cat?post=1242"},{"taxonomy":"product_tag","embeddable":true,"href":"https:\/\/displayproducts.eu\/fi\/wp-json\/wp\/v2\/product_tag?post=1242"}],"curies":[{"name":"wp","href":"https:\/\/api.w.org\/{rel}","templated":true}]}}