{"id":1238,"date":"2024-10-27T11:54:14","date_gmt":"2024-10-27T08:54:14","guid":{"rendered":"https:\/\/wristbandfactory.eu\/toode\/standard-shoelace-lanyards\/"},"modified":"2026-04-01T21:52:36","modified_gmt":"2026-04-01T18:52:36","slug":"plain-shoelace-lanyards","status":"publish","type":"product","link":"https:\/\/displayproducts.eu\/fi\/p\/plain-shoelace-lanyards\/","title":{"rendered":"Yksinkertaiset keng\u00e4nnauhat"},"content":{"rendered":"<p>Varusta tiimisi k\u00e4yt\u00e4nn\u00f6llisell\u00e4 ja ammattimaisella ratkaisulla p\u00e4ivitt\u00e4iseen tunnistautumiseen. Keng\u00e4nnauhanauhamme ovat kustannustehokas ja tyylik\u00e4s valinta yrityksille ja organisaatioille, jotka tarvitsevat luotettavan tavan esitell\u00e4 henkil\u00f6st\u00f6n henkil\u00f6llisyystodistuksia tai tapahtumien p\u00e4\u00e4sykortteja.<\/p>\n<p>N\u00e4iss\u00e4 kaulanauhoissa on suosittu keng\u00e4nnauhasuunnittelu, joka tunnetaan mukavasta tuntumastaan ja kest\u00e4vyydest\u00e4\u00e4n. Ne sopivat t\u00e4ydellisesti koko p\u00e4iv\u00e4n k\u00e4ytt\u00f6\u00f6n konferensseissa, messuilla tai toimistossa. Vaikka ne ovat painamattomia, niit\u00e4 on saatavilla laaja valikoima v\u00e4rej\u00e4, joten voit helposti sovittaa ne yrityksesi br\u00e4ndiin tai tapahtuman teemaan. Jokaisessa kaulanauhassa on tukeva metallinen pidike, johon henkil\u00f6llisyystodistus tai kulkukortti voidaan kiinnitt\u00e4\u00e4 turvallisesti.<\/p>\n<p><b>T\u00e4rkeimm\u00e4t ominaisuudet:<\/b><\/p>\n<ul>\n<li><b>Klassinen keng\u00e4nnauhamalli:<\/b> Tarjoaa mukavan, kevyen ja kest\u00e4v\u00e4n ratkaisun koko p\u00e4iv\u00e4n k\u00e4ytt\u00f6\u00f6n.<\/li>\n<li><b>Kustannustehokas henkil\u00f6llisyystodistusratkaisu:<\/b> Ihanteellinen irtotilauksille suuriin tapahtumiin, konferensseihin tai p\u00e4ivitt\u00e4iseen henkil\u00f6st\u00f6n tunnistamiseen.<\/li>\n<li><b>Useita v\u00e4rivaihtoehtoja:<\/b> Saatavilla laajassa valikoimassa yksiv\u00e4risi\u00e4 v\u00e4rej\u00e4, jotka sopivat yrityksen br\u00e4nd\u00e4ykseen tai luokittelevat osallistujat.<\/li>\n<li><b>Standardi metalliklipsi:<\/b> Mukana luotettava metalliklipsi henkil\u00f6llisyystodistusten tai tapahtumakorttien kiinnitt\u00e4miseen turvallisesti.<\/li>\n<\/ul>\n<p>&nbsp;<\/p>","protected":false},"excerpt":{"rendered":"<ul>\n<li>Kustannustehokas ratkaisu henkil\u00f6kunnan p\u00e4ivitt\u00e4iseen tunnistukseen ja tapahtumien kulunvalvontaan.<\/li>\n<li>Klassinen ja kest\u00e4v\u00e4 keng\u00e4nnauharakenne takaa k\u00e4ytt\u00f6mukavuuden koko p\u00e4iv\u00e4ksi.<\/li>\n<li>Saatavilla laajassa valikoimassa yksiv\u00e4risi\u00e4 v\u00e4rej\u00e4, jotka sopivat yrityksesi ilmeeseen.<\/li>\n<li>Sis\u00e4lt\u00e4\u00e4 vakiokokoisen metalliklipsin henkil\u00f6llisyyskorteille ja kulkukorteille.<\/li>\n<li><\/li>\n<\/ul>","protected":false},"featured_media":6723,"comment_status":"closed","ping_status":"closed","template":"","meta":[],"product_brand":[],"product_cat":[43,113],"product_tag":[],"class_list":{"0":"post-1238","1":"product","2":"type-product","3":"status-publish","4":"has-post-thumbnail","6":"product_cat-lanyards","7":"product_cat-plain-lanyards","9":"first","10":"instock","11":"shipping-taxable","12":"purchasable","13":"product-type-simple"},"_links":{"self":[{"href":"https:\/\/displayproducts.eu\/fi\/wp-json\/wp\/v2\/product\/1238","targetHints":{"allow":["GET"]}}],"collection":[{"href":"https:\/\/displayproducts.eu\/fi\/wp-json\/wp\/v2\/product"}],"about":[{"href":"https:\/\/displayproducts.eu\/fi\/wp-json\/wp\/v2\/types\/product"}],"replies":[{"embeddable":true,"href":"https:\/\/displayproducts.eu\/fi\/wp-json\/wp\/v2\/comments?post=1238"}],"wp:featuredmedia":[{"embeddable":true,"href":"https:\/\/displayproducts.eu\/fi\/wp-json\/wp\/v2\/media\/6723"}],"wp:attachment":[{"href":"https:\/\/displayproducts.eu\/fi\/wp-json\/wp\/v2\/media?parent=1238"}],"wp:term":[{"taxonomy":"product_brand","embeddable":true,"href":"https:\/\/displayproducts.eu\/fi\/wp-json\/wp\/v2\/product_brand?post=1238"},{"taxonomy":"product_cat","embeddable":true,"href":"https:\/\/displayproducts.eu\/fi\/wp-json\/wp\/v2\/product_cat?post=1238"},{"taxonomy":"product_tag","embeddable":true,"href":"https:\/\/displayproducts.eu\/fi\/wp-json\/wp\/v2\/product_tag?post=1238"}],"curies":[{"name":"wp","href":"https:\/\/api.w.org\/{rel}","templated":true}]}}