{"id":1235,"date":"2024-10-27T11:54:14","date_gmt":"2024-10-27T08:54:14","guid":{"rendered":"https:\/\/wristbandfactory.eu\/toode\/fluorescent-lanyards\/"},"modified":"2026-04-01T21:52:04","modified_gmt":"2026-04-01T18:52:04","slug":"fluorescent-lanyards","status":"publish","type":"product","link":"https:\/\/displayproducts.eu\/fi\/p\/fluorescent-lanyards\/","title":{"rendered":"Fluoresoivat kaulanauhat"},"content":{"rendered":"<p>Paranna n\u00e4kyvyytt\u00e4 ja turvallisuutta seuraavassa tapahtumassasi fluoresoivilla kaulanauhoillamme. N\u00e4m\u00e4 kaulanauhat ovat olennainen ty\u00f6kalu tapahtumaj\u00e4rjest\u00e4jille, joiden on tunnistettava henkil\u00f6kunta, VIP-vieraat tai vieraat helposti kaikissa valaistusolosuhteissa.<\/p>\n<p>N\u00e4m\u00e4 korkealaatuisista ja kest\u00e4vist\u00e4 materiaaleista valmistetut kaulanauhat on suunniteltu usean p\u00e4iv\u00e4n k\u00e4ytt\u00f6\u00f6n. El\u00e4v\u00e4inen, fluoresoiva materiaali on eritt\u00e4in n\u00e4kyv\u00e4 p\u00e4iv\u00e4nvalossa ja <b>hohtaa kirkkaasti UV-valossa (mustassa valossa)<\/b>, mik\u00e4 tekee niist\u00e4 t\u00e4ydellisen ratkaisun y\u00f6kerhoihin, konsertteihin, festivaaleille ja iltaisiin yritystapahtumiin.<\/p>\n<p>T\u00e4m\u00e4 n\u00e4kyv\u00e4 ominaisuus tarjoaa lis\u00e4turvallisuutta ja mahdollistaa valtuutetun henkil\u00f6st\u00f6n nopean visuaalisen tunnistamisen. Saatavilla useissa kirkkaissa v\u00e4reiss\u00e4, ne tarjoavat erinomaisen pohjan mukautetulle logollesi ja muuttavat turvatuotteen mainosty\u00f6kaluksi. Tilaa irtotavarana kustannustehokkaasti tapahtumasi hallintaan ja br\u00e4ndisi mainostamiseen.<\/p>\n<p><b>T\u00e4rkeimm\u00e4t ominaisuudet:<\/b><\/p>\n<ul>\n<li><b>Hyvin n\u00e4kyv\u00e4 materiaali:<\/b> Tarjoaa erinomaisen n\u00e4kyvyyden p\u00e4iv\u00e4nvalossa ja hohtaa kirkkaasti UV-\/mustassa valossa.<\/li>\n<li><b>Kest\u00e4v\u00e4 rakenne:<\/b> Valmistettu korkealaatuisista ja kest\u00e4vist\u00e4 materiaaleista, jotka sopivat useamman p\u00e4iv\u00e4n tapahtumiin.<\/li>\n<li><b>Parannettu tapahtumien suojaus:<\/b> Mahdollistaa henkil\u00f6kunnan tai vieraiden helpon ja nopean visuaalisen tunnistamisen h\u00e4m\u00e4r\u00e4ss\u00e4.<\/li>\n<li><b>Kustannustehokas br\u00e4nd\u00e4ys:<\/b> Edullinen ratkaisu br\u00e4ndisi tai viestisi joukkomarkkinointiin suurissa tapahtumissa.<\/li>\n<li><b>Useita v\u00e4rivaihtoehtoja:<\/b> Saatavilla useissa kirkkaissa, fluoresoivissa v\u00e4reiss\u00e4, jotka sopivat tapahtumasi teemaan.<\/li>\n<\/ul>","protected":false},"excerpt":{"rendered":"<ul>\n<li>Paranna henkil\u00f6kunnan ja vieraiden n\u00e4kyvyytt\u00e4 h\u00e4m\u00e4r\u00e4ss\u00e4.<\/li>\n<li>Eloisa, fluoresoiva materiaali hohtaa kirkkaasti UV-\/mustassa valossa.<\/li>\n<li>Kest\u00e4v\u00e4 ja laadukas materiaali monip\u00e4iv\u00e4iseen k\u00e4ytt\u00f6\u00f6n.<\/li>\n<li>Ihanteellinen festivaaleille, konsertteihin ja yritystapahtumiin, henkil\u00f6kunnan tunnistukseen.<\/li>\n<\/ul>","protected":false},"featured_media":6706,"comment_status":"closed","ping_status":"closed","template":"","meta":[],"product_brand":[],"product_cat":[43,109],"product_tag":[],"class_list":{"0":"post-1235","1":"product","2":"type-product","3":"status-publish","4":"has-post-thumbnail","6":"product_cat-lanyards","7":"product_cat-reflective-lanyards","9":"first","10":"instock","11":"shipping-taxable","12":"purchasable","13":"product-type-simple"},"_links":{"self":[{"href":"https:\/\/displayproducts.eu\/fi\/wp-json\/wp\/v2\/product\/1235","targetHints":{"allow":["GET"]}}],"collection":[{"href":"https:\/\/displayproducts.eu\/fi\/wp-json\/wp\/v2\/product"}],"about":[{"href":"https:\/\/displayproducts.eu\/fi\/wp-json\/wp\/v2\/types\/product"}],"replies":[{"embeddable":true,"href":"https:\/\/displayproducts.eu\/fi\/wp-json\/wp\/v2\/comments?post=1235"}],"wp:featuredmedia":[{"embeddable":true,"href":"https:\/\/displayproducts.eu\/fi\/wp-json\/wp\/v2\/media\/6706"}],"wp:attachment":[{"href":"https:\/\/displayproducts.eu\/fi\/wp-json\/wp\/v2\/media?parent=1235"}],"wp:term":[{"taxonomy":"product_brand","embeddable":true,"href":"https:\/\/displayproducts.eu\/fi\/wp-json\/wp\/v2\/product_brand?post=1235"},{"taxonomy":"product_cat","embeddable":true,"href":"https:\/\/displayproducts.eu\/fi\/wp-json\/wp\/v2\/product_cat?post=1235"},{"taxonomy":"product_tag","embeddable":true,"href":"https:\/\/displayproducts.eu\/fi\/wp-json\/wp\/v2\/product_tag?post=1235"}],"curies":[{"name":"wp","href":"https:\/\/api.w.org\/{rel}","templated":true}]}}