{"id":1233,"date":"2024-10-27T11:54:14","date_gmt":"2024-10-27T08:54:14","guid":{"rendered":"https:\/\/wristbandfactory.eu\/toode\/rpet-eco-lanyards\/"},"modified":"2026-04-01T21:52:36","modified_gmt":"2026-04-01T18:52:36","slug":"printed-rpet-lanyards","status":"publish","type":"product","link":"https:\/\/displayproducts.eu\/fi\/p\/printed-rpet-lanyards\/","title":{"rendered":"Painetut rPET-kaulanauhat (Silkkipaino)"},"content":{"rendered":"<p data-path-to-node=\"11\">Liity kest\u00e4v\u00e4n kehityksen liikkeeseen ja mainosta br\u00e4ndi\u00e4si vastuullisesti meid\u00e4n avullamme <b>Painetut rPET-kaulanauhat<\/b>. T\u00e4m\u00e4 tuote on t\u00e4ydellinen valinta organisaatioille, jotka tarvitsevat kustannustehokkaan, suuren volyymin kaulanauhan, joka on linjassa yrityksen ymp\u00e4rist\u00f6arvojen kanssa rikkomatta budjettia.<\/p>\n<p data-path-to-node=\"12\">N\u00e4m\u00e4 kaulanauhat on kudottu <b>100% rPET-polyesteri<\/b>, vahva kuitu, joka on per\u00e4isin kokonaan kierr\u00e4tetyist\u00e4 muovipulloista. Valitsemalla rPETin v\u00e4henn\u00e4t aktiivisesti muovij\u00e4tteen m\u00e4\u00e4r\u00e4\u00e4 kaatopaikoilta ja tapahtumasi hiilijalanj\u00e4lke\u00e4. Toisin kuin sublimaatiopainatusversiossamme, t\u00e4ss\u00e4 mallissa k\u00e4ytet\u00e4\u00e4n <b>silkkipaino<\/b>. T\u00e4m\u00e4 menetelm\u00e4 sopii ihanteellisesti yksiv\u00e4risille logoille, sill\u00e4 se tuottaa ter\u00e4v\u00e4n ja n\u00e4ytt\u00e4v\u00e4n lopputuloksen, joka erottuu uurretusta kankaasta.<\/p>\n<p data-path-to-node=\"13\">Tarjoamme <b>tarkka Pantone-v\u00e4rien t\u00e4sm\u00e4ys<\/b> logosi painatukseen varmistaen, ett\u00e4 yrityksesi identiteetti s\u00e4ilyy t\u00e4ydellisesti. Materiaali itsess\u00e4\u00e4n on kest\u00e4v\u00e4\u00e4 ja lujaa, eik\u00e4 sit\u00e4 voi erottaa lujuudestaan neitsytpolyesteriin, mik\u00e4 tekee siit\u00e4 luotettavan ty\u00f6juhtan konferensseihin, festivaaleille ja p\u00e4ivitt\u00e4iseen toimistok\u00e4ytt\u00f6\u00f6n. Jokaisessa kaulanauhassa on vakiona metallinen sulkurengas, joka tarjoaa toimivan ja ymp\u00e4rist\u00f6tietoisen ratkaisun osallistujillesi.<\/p>\n<p data-path-to-node=\"14\"><b>T\u00e4rkeimm\u00e4t ominaisuudet:<\/b><\/p>\n<ul data-path-to-node=\"15\">\n<li>\n<p data-path-to-node=\"15,0,0\"><b>Materiaali:<\/b> 100% rPET (kierr\u00e4tetty polyeteenitereftalaatti).<\/p>\n<\/li>\n<li>\n<p data-path-to-node=\"15,1,0\"><b>Painatustekniikka:<\/b> Silkkipainatus (paras 1\u20134 spottiv\u00e4rille).<\/p>\n<\/li>\n<li>\n<p data-path-to-node=\"15,2,0\"><b>Talous:<\/b> Edullinen ja kest\u00e4v\u00e4 vaihtoehto neitseelliselle polyesterille.<\/p>\n<\/li>\n<li>\n<p data-path-to-node=\"15,3,0\"><b>V\u00e4ritarkkuus:<\/b> Pantone-v\u00e4rikartta saatavilla painetulle logolle.<\/p>\n<\/li>\n<li>\n<p data-path-to-node=\"15,4,0\"><b>Kest\u00e4vyys:<\/b> Korkea vetolujuus sopii raskaille merkeille ja avaimille.<\/p>\n<\/li>\n<li>\n<p data-path-to-node=\"15,5,0\"><b>Laitteisto:<\/b> Mukana vakiometallisen sulkurenkaan (saatavilla my\u00f6s omalla painatuksellaj\u00e4 klipsuja).<\/p>\n<\/li>\n<\/ul>","protected":false},"excerpt":{"rendered":"<ul>\n<li>\n<p data-path-to-node=\"9,0,0\"><b>Kest\u00e4v\u00e4 valinta:<\/b> Valmistettu kierr\u00e4tetyst\u00e4 100% PET-muovista (rPET), joka on per\u00e4isin kuluttajilta ker\u00e4tyist\u00e4 muovipulloista.<\/p>\n<\/li>\n<li>\n<p data-path-to-node=\"9,1,0\"><b>Kustannustehokas ja ymp\u00e4rist\u00f6yst\u00e4v\u00e4llinen:<\/b> Edullisin aloituskustannuskohta br\u00e4ndeille, jotka haluavat siirty\u00e4 kest\u00e4viin tunnistusratkaisuihin.<\/p>\n<\/li>\n<li>\n<p data-path-to-node=\"9,2,0\"><b>Raikas br\u00e4nd\u00e4ys:<\/b> Korkealaatuinen silkkipainatus rohkeita ja ter\u00e4vi\u00e4 logoja varten k\u00e4ytt\u00e4en tarkkaa Pantone-v\u00e4rien t\u00e4sm\u00e4yst\u00e4.<\/p>\n<\/li>\n<li>\n<p data-path-to-node=\"9,3,0\"><b>Kest\u00e4v\u00e4 ja vahva:<\/b> S\u00e4ilytt\u00e4\u00e4 tavallisen polyesterin lujuuden, joten se sopii monip\u00e4iv\u00e4isiin tapahtumiin ja henkil\u00f6st\u00f6k\u00e4ytt\u00f6\u00f6n.<\/p>\n<\/li>\n<\/ul>","protected":false},"featured_media":6754,"comment_status":"closed","ping_status":"closed","template":"","meta":[],"product_brand":[],"product_cat":[104,107],"product_tag":[],"class_list":{"0":"post-1233","1":"product","2":"type-product","3":"status-publish","4":"has-post-thumbnail","6":"product_cat-custom-printed-lanyards","7":"product_cat-eco-friendly-lanyards","9":"first","10":"instock","11":"shipping-taxable","12":"purchasable","13":"product-type-simple"},"_links":{"self":[{"href":"https:\/\/displayproducts.eu\/fi\/wp-json\/wp\/v2\/product\/1233","targetHints":{"allow":["GET"]}}],"collection":[{"href":"https:\/\/displayproducts.eu\/fi\/wp-json\/wp\/v2\/product"}],"about":[{"href":"https:\/\/displayproducts.eu\/fi\/wp-json\/wp\/v2\/types\/product"}],"replies":[{"embeddable":true,"href":"https:\/\/displayproducts.eu\/fi\/wp-json\/wp\/v2\/comments?post=1233"}],"wp:featuredmedia":[{"embeddable":true,"href":"https:\/\/displayproducts.eu\/fi\/wp-json\/wp\/v2\/media\/6754"}],"wp:attachment":[{"href":"https:\/\/displayproducts.eu\/fi\/wp-json\/wp\/v2\/media?parent=1233"}],"wp:term":[{"taxonomy":"product_brand","embeddable":true,"href":"https:\/\/displayproducts.eu\/fi\/wp-json\/wp\/v2\/product_brand?post=1233"},{"taxonomy":"product_cat","embeddable":true,"href":"https:\/\/displayproducts.eu\/fi\/wp-json\/wp\/v2\/product_cat?post=1233"},{"taxonomy":"product_tag","embeddable":true,"href":"https:\/\/displayproducts.eu\/fi\/wp-json\/wp\/v2\/product_tag?post=1233"}],"curies":[{"name":"wp","href":"https:\/\/api.w.org\/{rel}","templated":true}]}}