{"id":1232,"date":"2024-10-27T11:54:14","date_gmt":"2024-10-27T08:54:14","guid":{"rendered":"https:\/\/wristbandfactory.eu\/toode\/vinyl-wristbands\/"},"modified":"2026-04-01T21:52:36","modified_gmt":"2026-04-01T18:52:36","slug":"custom-printed-vinyl-wristbands","status":"publish","type":"product","link":"https:\/\/displayproducts.eu\/fi\/p\/custom-printed-vinyl-wristbands\/","title":{"rendered":"Painetut vinyylirannekkeet"},"content":{"rendered":"<div class=\"mx-12 md:mx-24 lg:mx-48\">\n<div class=\"container my-8 svelte-zlsknf\">\n<div class=\"my-24 rounded-lg border-0 border-gray-700 bg-gray-100 px-16 py-24\">\n<div class=\"mt-11 !text-gray-500\">\n<p data-path-to-node=\"15\">Varmista tapahtumasi meid\u00e4n avullamme <b data-path-to-node=\"15\" data-index-in-node=\"52\">Painetut vinyylirannekkeet<\/b>, alan standardi usean p\u00e4iv\u00e4n kulunvalvonnalle. N\u00e4m\u00e4 rannekkeet on valmistettu kolmesta pehme\u00e4st\u00e4 mutta eritt\u00e4in kest\u00e4v\u00e4st\u00e4 vinyylikerroksesta, mik\u00e4 varmistaa, ett\u00e4 ne pysyv\u00e4t mukavina ja kest\u00e4v\u00e4t vett\u00e4, hike\u00e4 ja aktiivisia ymp\u00e4rist\u00f6j\u00e4, kuten festivaaleilla, vesipuistoissa ja lomakohteissa.<\/p>\n<p data-path-to-node=\"16\">Toisin kuin paperinauhoja, n\u00e4it\u00e4 ei voi repi\u00e4 irti. <b data-path-to-node=\"16\" data-index-in-node=\"50\">kertak\u00e4ytt\u00f6inen muovinen napsautuskiinnitys<\/b> varmistaa, ett\u00e4 kiinnityksen j\u00e4lkeen ranneke on leikattava poistettavaksi, mik\u00e4 est\u00e4\u00e4 luvattomat siirrot. Saatavilla <b data-path-to-node=\"16\" data-index-in-node=\"199\">Leve\u00e4 kasvot<\/b> (isommille logoille) tai <b data-path-to-node=\"16\" data-index-in-node=\"231\">L-muoto<\/b> suunnittelussa k\u00e4yt\u00e4mme korkealaatuisia <b data-path-to-node=\"16\" data-index-in-node=\"268\">silkkipaino<\/b> logon tai tekstin levitt\u00e4miseen yhdell\u00e4 eloisalla v\u00e4rill\u00e4, joka ei haalistu.<\/p>\n<h2 data-path-to-node=\"17\">T\u00e4rkeimm\u00e4t ominaisuudet<\/h2>\n<ul data-path-to-node=\"18\">\n<li>\n<p data-path-to-node=\"18,0,0\"><b data-path-to-node=\"18,0,0\" data-index-in-node=\"0\">V\u00e4\u00e4rink\u00e4yt\u00f6lt\u00e4 suojattu lukko:<\/b> Pysyv\u00e4 napsautuskiinnitys est\u00e4\u00e4 uudelleenk\u00e4yt\u00f6n ja takaa turvallisen v\u00e4kijoukon hallinnan.<\/p>\n<\/li>\n<li>\n<p data-path-to-node=\"18,1,0\"><b data-path-to-node=\"18,1,0\" data-index-in-node=\"0\">Vedenpit\u00e4v\u00e4 muotoilu:<\/b> T\u00e4ydellinen m\u00e4rkiin tiloihin, kuten uima-altaisiin, saunoihin ja ulkoilmafestivaaleille.<\/p>\n<\/li>\n<li>\n<p data-path-to-node=\"18,2,0\"><b data-path-to-node=\"18,2,0\" data-index-in-node=\"0\">Suurikontrastinen painatus:<\/b> Silkkipainotekniikka tuottaa ter\u00e4v\u00e4n ja kest\u00e4v\u00e4n painatuksen logostasi tai viestist\u00e4si.<\/p>\n<\/li>\n<li>\n<p data-path-to-node=\"18,3,0\"><b data-path-to-node=\"18,3,0\" data-index-in-node=\"0\">Laaja v\u00e4rivalikoima:<\/b> Valitse neon-, matta- tai kiilt\u00e4v\u00e4pohjaisista v\u00e4reist\u00e4 br\u00e4ndi-identiteettisi mukaan.<\/p>\n<\/li>\n<\/ul>\n<h2 data-path-to-node=\"19\">Tekniset tiedot<\/h2>\n<ul data-path-to-node=\"20\">\n<li>\n<p data-path-to-node=\"20,0,0\"><b data-path-to-node=\"20,0,0\" data-index-in-node=\"0\">Materiaali:<\/b> 3-kerroksinen kolmikerroksinen vinyyli<\/p>\n<\/li>\n<li>\n<p data-path-to-node=\"20,1,0\"><b data-path-to-node=\"20,1,0\" data-index-in-node=\"0\">Painatus:<\/b> 1-v\u00e4rinen silkkipaino (kest\u00e4v\u00e4 ja ter\u00e4v\u00e4)<\/p>\n<\/li>\n<li>\n<p data-path-to-node=\"20,2,0\"><b data-path-to-node=\"20,2,0\" data-index-in-node=\"0\">P\u00e4\u00e4tt\u00e4minen:<\/b> Kertak\u00e4ytt\u00f6inen muovinen neppari<\/p>\n<\/li>\n<li>\n<p data-path-to-node=\"20,3,0\"><b data-path-to-node=\"20,3,0\" data-index-in-node=\"0\">Koko:<\/b> S\u00e4\u00e4dett\u00e4v\u00e4 (sopii kaikille rannekooille)<\/p>\n<\/li>\n<li>\n<p data-path-to-node=\"20,4,0\"><b data-path-to-node=\"20,4,0\" data-index-in-node=\"0\">K\u00e4ytt\u00f6aika:<\/b> 3\u20137+ p\u00e4iv\u00e4\u00e4<\/p>\n<\/li>\n<li>\n<p data-path-to-node=\"20,5,0\"><b data-path-to-node=\"20,5,0\" data-index-in-node=\"0\">Vedenpit\u00e4v\u00e4:<\/b> Kyll\u00e4 (100%)<\/p>\n<\/li>\n<li>\n<p data-path-to-node=\"20,6,0\"><b data-path-to-node=\"20,6,0\" data-index-in-node=\"0\">Minimim\u00e4\u00e4r\u00e4:<\/b> 100 yksikk\u00f6\u00e4<\/p>\n<\/li>\n<\/ul>\n<h2 data-path-to-node=\"21\">K\u00e4ytt\u00f6tapaukset<\/h2>\n<ul data-path-to-node=\"22\">\n<li>\n<p data-path-to-node=\"22,0,0\"><b data-path-to-node=\"22,0,0\" data-index-in-node=\"0\">Hotellit ja lomakohteet:<\/b> Vierailijan henkil\u00f6llisyystodistus all-inclusive-paketteihin (uima-allas ja suihkukaappi).<\/p>\n<\/li>\n<li>\n<p data-path-to-node=\"22,1,0\"><b data-path-to-node=\"22,1,0\" data-index-in-node=\"0\">Konsertit ja festivaalit:<\/b> Turvallinen usean p\u00e4iv\u00e4n sis\u00e4\u00e4np\u00e4\u00e4syjen hallinta.<\/p>\n<\/li>\n<li>\n<p data-path-to-node=\"22,2,0\"><b data-path-to-node=\"22,2,0\" data-index-in-node=\"0\">Vesipuistot:<\/b> Kest\u00e4\u00e4 klooria ja jatkuvaa altistumista vedelle.<\/p>\n<\/li>\n<li>\n<p data-path-to-node=\"22,3,0\"><b data-path-to-node=\"22,3,0\" data-index-in-node=\"0\">Y\u00f6kerhot ja baarit:<\/b> VIP- tai ik\u00e4vahvistus, joka pysyy p\u00e4\u00e4ll\u00e4 koko y\u00f6n.<\/p>\n<\/li>\n<\/ul>\n<\/div>\n<\/div>\n<\/div>\n<\/div>","protected":false},"excerpt":{"rendered":"<ul>\n<li>\n<p data-path-to-node=\"14,0,0\"><b data-path-to-node=\"14,0,0\" data-index-in-node=\"0\">Korkea turvallisuustaso:<\/b> Kertak\u00e4ytt\u00f6inen muovinen lukitusnappi est\u00e4\u00e4 siirt\u00e4misen ja peukaloinnin.<\/p>\n<\/li>\n<li>\n<p data-path-to-node=\"14,1,0\"><b data-path-to-node=\"14,1,0\" data-index-in-node=\"0\">Usean p\u00e4iv\u00e4n kest\u00e4vyys:<\/b> Valmistettu kolmikerroksisesta vinyylist\u00e4, joka on veden- ja repe\u00e4m\u00e4nkest\u00e4v\u00e4 (100%).<\/p>\n<\/li>\n<li>\n<p data-path-to-node=\"14,2,0\"><b data-path-to-node=\"14,2,0\" data-index-in-node=\"0\">Mukautettu br\u00e4nd\u00e4ys:<\/b> Kest\u00e4v\u00e4 yksiv\u00e4rinen silkkipainotekniikka suurikontrastisia logoja ja teksti\u00e4 varten.<\/p>\n<\/li>\n<li>\n<p data-path-to-node=\"14,3,0\"><b data-path-to-node=\"14,3,0\" data-index-in-node=\"0\">Mukava k\u00e4ytt\u00f6:<\/b> Pehme\u00e4 ja sile\u00e4 materiaali, joka on suunniteltu pitk\u00e4aikaiseen k\u00e4ytt\u00f6\u00f6n (3\u20137+ p\u00e4iv\u00e4\u00e4).<\/p>\n<\/li>\n<\/ul>","protected":false},"featured_media":6007,"comment_status":"closed","ping_status":"closed","template":"","meta":[],"product_brand":[],"product_cat":[66,51],"product_tag":[],"class_list":{"0":"post-1232","1":"product","2":"type-product","3":"status-publish","4":"has-post-thumbnail","6":"product_cat-wristbands","7":"product_cat-vinyl","9":"first","10":"instock","11":"shipping-taxable","12":"purchasable","13":"product-type-simple"},"_links":{"self":[{"href":"https:\/\/displayproducts.eu\/fi\/wp-json\/wp\/v2\/product\/1232","targetHints":{"allow":["GET"]}}],"collection":[{"href":"https:\/\/displayproducts.eu\/fi\/wp-json\/wp\/v2\/product"}],"about":[{"href":"https:\/\/displayproducts.eu\/fi\/wp-json\/wp\/v2\/types\/product"}],"replies":[{"embeddable":true,"href":"https:\/\/displayproducts.eu\/fi\/wp-json\/wp\/v2\/comments?post=1232"}],"wp:featuredmedia":[{"embeddable":true,"href":"https:\/\/displayproducts.eu\/fi\/wp-json\/wp\/v2\/media\/6007"}],"wp:attachment":[{"href":"https:\/\/displayproducts.eu\/fi\/wp-json\/wp\/v2\/media?parent=1232"}],"wp:term":[{"taxonomy":"product_brand","embeddable":true,"href":"https:\/\/displayproducts.eu\/fi\/wp-json\/wp\/v2\/product_brand?post=1232"},{"taxonomy":"product_cat","embeddable":true,"href":"https:\/\/displayproducts.eu\/fi\/wp-json\/wp\/v2\/product_cat?post=1232"},{"taxonomy":"product_tag","embeddable":true,"href":"https:\/\/displayproducts.eu\/fi\/wp-json\/wp\/v2\/product_tag?post=1232"}],"curies":[{"name":"wp","href":"https:\/\/api.w.org\/{rel}","templated":true}]}}