{"id":1229,"date":"2024-10-27T11:54:14","date_gmt":"2024-10-27T08:54:14","guid":{"rendered":"https:\/\/wristbandfactory.eu\/toode\/glitter-wristbands\/"},"modified":"2026-04-01T21:52:36","modified_gmt":"2026-04-01T18:52:36","slug":"glitter-vinyl-wristbands","status":"publish","type":"product","link":"https:\/\/displayproducts.eu\/fi\/p\/glitter-vinyl-wristbands\/","title":{"rendered":"Glitter-vinyylirannekkeet"},"content":{"rendered":"<p data-path-to-node=\"8\">Lis\u00e4\u00e4 ripaus eksklusiiviutta seuraavaan huipputapahtumaasi glittervinyylirannekkeillamme. T\u00e4m\u00e4 on ensiluokkainen ratkaisu gaalajuhliin, VIP-alueille ja eksklusiivisiin juhliin, joissa vaikuttava ja ensiluokkainen viimeistely on olennaista br\u00e4ndisi imagon kannalta.<\/p>\n<p data-path-to-node=\"9\">N\u00e4iss\u00e4 rannekkeissa yhdistyv\u00e4t tavallisten vinyylirannekkeidemme monip\u00e4iv\u00e4inen kest\u00e4vyys ja vedenpit\u00e4vyys kimaltelevaan pintaan.<\/p>\n<h3>Tilaa varastosta tai painata mittatilausty\u00f6n\u00e4<\/h3>\n<p data-path-to-node=\"11\">M\u00e4\u00e4r\u00e4aikojen noudattamiseksi tarjoamme kaksi vaihtoehtoa:<\/p>\n<ol start=\"1\" data-path-to-node=\"12\">\n<li>\n<p data-path-to-node=\"12,0,0\"><b>Painamaton (varastosta):<\/b> V\u00e4lit\u00f6nt\u00e4 l\u00e4hetyst\u00e4 varten painamattomia glitterrannekkeitamme on saatavilla varastosta kuudessa eloisassa v\u00e4riss\u00e4: kulta, hopea, vihre\u00e4, sininen, pinkki tai punainen.<\/p>\n<\/li>\n<li>\n<p data-path-to-node=\"12,1,0\"><b>Mukautettu painettu:<\/b> Br\u00e4nd\u00e4yst\u00e4 varten voimme lis\u00e4t\u00e4 logosi tai tekstisi kest\u00e4v\u00e4ll\u00e4, yksiv\u00e4risell\u00e4 painatuksella k\u00e4ytt\u00e4en mit\u00e4 tahansa valitsemaasi mustev\u00e4ri\u00e4.<\/p>\n<\/li>\n<\/ol>\n<h3>Turvallisuus sis\u00e4ltyy hintaan<\/h3>\n<p data-path-to-node=\"14\">Jokainen ranneke on kiinnitetty kertak\u00e4ytt\u00f6isell\u00e4 muovisella nepparikiinnikkeell\u00e4. T\u00e4m\u00e4 ei-siirrett\u00e4v\u00e4 lukko varmistaa tapahtumasi turvallisuuden ja est\u00e4\u00e4 luvattoman p\u00e4\u00e4syn.<\/p>\n<p data-path-to-node=\"15\"><i>Huomaa: Glitter-pinnoille tehty painatus on herkk\u00e4 voiteille, hiekalle ja suolavedelle. Suosittelemme n\u00e4it\u00e4 rannekkeita sis\u00e4tiloissa tapahtuviin tapahtumiin tai kuiviin festivaaleihin painatuksen kest\u00e4vyyden maksimoimiseksi.<\/i><\/p>\n<p data-path-to-node=\"16\"><b>T\u00e4rkeimm\u00e4t ominaisuudet:<\/b><\/p>\n<ul data-path-to-node=\"17\">\n<li>\n<p data-path-to-node=\"17,0,0\"><b>Ensiluokkainen kimallusviimeistely:<\/b> Kimaltava materiaali, ihanteellinen VIP-tilaisuuksiin, gaaloihin ja eksklusiivisiin juhliin.<\/p>\n<\/li>\n<li>\n<p data-path-to-node=\"17,1,0\"><b>Korkean turvallisuuden sulku:<\/b> Kertak\u00e4ytt\u00f6inen muovinen lukko est\u00e4\u00e4 siirron.<\/p>\n<\/li>\n<li>\n<p data-path-to-node=\"17,2,0\"><b>Mukautettu br\u00e4nd\u00e4ys:<\/b> Saatavilla kest\u00e4v\u00e4ll\u00e4 yksiv\u00e4risell\u00e4 logolla tai tekstipainatuksella.<\/p>\n<\/li>\n<li>\n<p data-path-to-node=\"17,3,0\"><b>6 eloisaa v\u00e4ri\u00e4:<\/b> Valitse varastosta kultaisena, hopeisena, vihre\u00e4n\u00e4, sinisen\u00e4, punaisena tai vaaleanpunaisena.<\/p>\n<\/li>\n<li>\n<p data-path-to-node=\"17,4,0\"><b>Varastossa oleva saatavuus:<\/b> Painamattomia rannekkeita on saatavilla varastosta v\u00e4litt\u00f6m\u00e4\u00e4n l\u00e4hetykseen.<\/p>\n<\/li>\n<\/ul>","protected":false},"excerpt":{"rendered":"<ul>\n<li>\n<p data-path-to-node=\"7,0,0\"><b>Premium VIP -viimeistely:<\/b> Iskunkest\u00e4v\u00e4 glitterviimeistely, t\u00e4ydellinen gaalajuhliin, VIP-asiakkaille ja eksklusiivisiin juhliin.<\/p>\n<\/li>\n<li>\n<p data-path-to-node=\"7,1,0\"><b>Korkean turvallisuuden sulku:<\/b> Varustettu turvallisella, kertak\u00e4ytt\u00f6isell\u00e4 muovisella napsautuslukolla, joka est\u00e4\u00e4 siirron.<\/p>\n<\/li>\n<li>\n<p data-path-to-node=\"7,2,0\"><b>Joustava tilaaminen:<\/b> Saatavilla painamattomana varastosta (nopea toimitus) tai yksiv\u00e4risell\u00e4 omalla logolla.<\/p>\n<\/li>\n<li>\n<p data-path-to-node=\"7,3,0\"><b>6 perusv\u00e4ri\u00e4:<\/b> Valitse kulta, hopea, vihre\u00e4, sininen, punainen tai pinkki.<\/p>\n<\/li>\n<\/ul>","protected":false},"featured_media":6032,"comment_status":"closed","ping_status":"closed","template":"","meta":[],"product_brand":[],"product_cat":[66,51,68],"product_tag":[],"class_list":{"0":"post-1229","1":"product","2":"type-product","3":"status-publish","4":"has-post-thumbnail","6":"product_cat-wristbands","7":"product_cat-vinyl","8":"product_cat-event-supplies","10":"first","11":"instock","12":"shipping-taxable","13":"purchasable","14":"product-type-simple"},"_links":{"self":[{"href":"https:\/\/displayproducts.eu\/fi\/wp-json\/wp\/v2\/product\/1229","targetHints":{"allow":["GET"]}}],"collection":[{"href":"https:\/\/displayproducts.eu\/fi\/wp-json\/wp\/v2\/product"}],"about":[{"href":"https:\/\/displayproducts.eu\/fi\/wp-json\/wp\/v2\/types\/product"}],"replies":[{"embeddable":true,"href":"https:\/\/displayproducts.eu\/fi\/wp-json\/wp\/v2\/comments?post=1229"}],"wp:featuredmedia":[{"embeddable":true,"href":"https:\/\/displayproducts.eu\/fi\/wp-json\/wp\/v2\/media\/6032"}],"wp:attachment":[{"href":"https:\/\/displayproducts.eu\/fi\/wp-json\/wp\/v2\/media?parent=1229"}],"wp:term":[{"taxonomy":"product_brand","embeddable":true,"href":"https:\/\/displayproducts.eu\/fi\/wp-json\/wp\/v2\/product_brand?post=1229"},{"taxonomy":"product_cat","embeddable":true,"href":"https:\/\/displayproducts.eu\/fi\/wp-json\/wp\/v2\/product_cat?post=1229"},{"taxonomy":"product_tag","embeddable":true,"href":"https:\/\/displayproducts.eu\/fi\/wp-json\/wp\/v2\/product_tag?post=1229"}],"curies":[{"name":"wp","href":"https:\/\/api.w.org\/{rel}","templated":true}]}}