{"id":1228,"date":"2024-10-27T11:54:14","date_gmt":"2024-10-27T08:54:14","guid":{"rendered":"https:\/\/wristbandfactory.eu\/toode\/medical-wristbands\/"},"modified":"2026-04-01T21:52:36","modified_gmt":"2026-04-01T18:52:36","slug":"medical-wristbands","status":"publish","type":"product","link":"https:\/\/displayproducts.eu\/fi\/p\/medical-wristbands\/","title":{"rendered":"Sairaalarannekkeet"},"content":{"rendered":"<div class=\"mx-12 md:mx-24 lg:mx-48\">\n<div class=\"container my-8 svelte-zlsknf\">\n<div class=\"my-24 rounded-lg border-0 border-gray-700 bg-gray-100 px-16 py-24\">\n<div class=\"mt-11 !text-gray-500\">\n<p data-path-to-node=\"12\">Varmista potilasturvallisuus ja tarkka tunnistaminen meid\u00e4n avullamme <b data-path-to-node=\"12\" data-index-in-node=\"84\">L\u00e4\u00e4ketieteelliset henkil\u00f6llisyystodistuksen rannekkeet<\/b>. N\u00e4m\u00e4 rannekkeet on suunniteltu erityisesti sairaaloille, hoitokodeille ja terveydenhuollon laitoksille, ja ne tarjoavat luotettavan ja tehokkaan tavan n\u00e4ytt\u00e4\u00e4 t\u00e4rkeit\u00e4 potilastietoja.<\/p>\n<p data-path-to-node=\"13\"><span data-path-to-node=\"13,0\">Rannekkeet on valmistettu pehme\u00e4st\u00e4, hypoallergeenisesta vinyylist\u00e4, mik\u00e4 varmistaa niiden mukavuuden pitk\u00e4aikaisessa k\u00e4yt\u00f6ss\u00e4 ja turvallisuuden herk\u00e4lle iholle. <\/span><span data-path-to-node=\"13,2\"><span class=\"citation-59\">Materiaali on kest\u00e4v\u00e4\u00e4 ja vedenkest\u00e4v\u00e4\u00e4, joten se sopii suihku- ja sairaalaymp\u00e4rist\u00f6ihin tahriintumatta tai kulumatta.<\/span><\/span><span data-path-to-node=\"13,4\">.<\/span><\/p>\n<h2 data-path-to-node=\"14\">T\u00e4rkeimm\u00e4t ominaisuudet<\/h2>\n<ul data-path-to-node=\"15\">\n<li>\n<p data-path-to-node=\"15,0,0\"><b data-path-to-node=\"15,0,0\" data-index-in-node=\"0\">Kortin lis\u00e4ysj\u00e4rjestelm\u00e4:<\/b> Sis\u00e4lt\u00e4\u00e4 turvallisen taskun, jossa on paperikortti, jonka avulla henkil\u00f6kunta voi nopeasti kirjoittaa muistiin nimet, syntym\u00e4ajat tai l\u00e4\u00e4ketieteelliset henkil\u00f6tunnukset ilman erikoistulostimia.<\/p>\n<\/li>\n<li>\n<p data-path-to-node=\"15,1,0\"><b data-path-to-node=\"15,1,0\" data-index-in-node=\"0\">Ei-siirrett\u00e4v\u00e4 arvopaperi:<\/b> Varustettu kertak\u00e4ytt\u00f6isell\u00e4 muovisella napsautuskiinnikkeell\u00e4, joka on leikattava irrotettavaksi, mik\u00e4 est\u00e4\u00e4 luvattoman siirt\u00e4misen potilaiden v\u00e4lill\u00e4.<\/p>\n<\/li>\n<li>\n<p data-path-to-node=\"15,2,0\"><b data-path-to-node=\"15,2,0\" data-index-in-node=\"0\">Potilasturvallisuus ensin:<\/b> Valmistettu hypoallergeenisista materiaaleista ilman ter\u00e4vi\u00e4 reunoja ihon \u00e4rsytyksen tai vammojen est\u00e4miseksi.<\/p>\n<\/li>\n<li>\n<p data-path-to-node=\"15,3,0\"><b data-path-to-node=\"15,3,0\" data-index-in-node=\"0\">Visuaalinen tunniste:<\/b> Saatavilla vakiov\u00e4rin\u00e4 valkoinen (aikuiset), ja muita v\u00e4rej\u00e4 saatavilla pyynn\u00f6st\u00e4 potilasryhmien luokittelun helpottamiseksi (esim. allergiat, kaatumisriski).<\/p>\n<\/li>\n<\/ul>\n<h2 data-path-to-node=\"16\">Tekniset tiedot<\/h2>\n<ul data-path-to-node=\"17\">\n<li>\n<p data-path-to-node=\"17,0,0\"><b data-path-to-node=\"17,0,0\" data-index-in-node=\"0\">Materiaali:<\/b> Pehme\u00e4 PVC \/ vinyyli (hypoallergeeninen).<\/p>\n<\/li>\n<li>\n<p data-path-to-node=\"17,1,0\"><b data-path-to-node=\"17,1,0\" data-index-in-node=\"0\">Sulkemistyyppi:<\/b> Kertak\u00e4ytt\u00f6inen muovinen neppari\/klipsi.<\/p>\n<\/li>\n<li>\n<p data-path-to-node=\"17,2,0\"><b data-path-to-node=\"17,2,0\" data-index-in-node=\"0\">Kirjoitusalue:<\/b> Sis\u00e4\u00e4nrakennettu kortti sis\u00e4ltyy.<\/p>\n<\/li>\n<li>\n<p data-path-to-node=\"17,3,0\"><b data-path-to-node=\"17,3,0\" data-index-in-node=\"0\">Koot:<\/b> Saatavilla aikuisten ja lasten variaatioita.<\/p>\n<\/li>\n<li>\n<p data-path-to-node=\"17,4,0\"><b data-path-to-node=\"17,4,0\" data-index-in-node=\"0\">Kest\u00e4vyys:<\/b> Vedenkest\u00e4v\u00e4 ja repe\u00e4m\u00e4t\u00f6n.<\/p>\n<\/li>\n<li>\n<p data-path-to-node=\"17,5,0\"><b data-path-to-node=\"17,5,0\" data-index-in-node=\"0\">Minimitilausm\u00e4\u00e4r\u00e4:<\/b> 100 yksikk\u00f6\u00e4.<\/p>\n<\/li>\n<\/ul>\n<h2 data-path-to-node=\"18\">K\u00e4ytt\u00f6tapaukset<\/h2>\n<ul data-path-to-node=\"19\">\n<li>\n<p data-path-to-node=\"19,0,0\"><b data-path-to-node=\"19,0,0\" data-index-in-node=\"0\">Sairaalahoito:<\/b> Nopea tunnistaminen tuleville potilaille ensiavussa tai osastoilla.<\/p>\n<\/li>\n<li>\n<p data-path-to-node=\"19,1,0\"><b data-path-to-node=\"19,1,0\" data-index-in-node=\"0\">Hoitokodit:<\/b> Kest\u00e4v\u00e4 henkil\u00f6llisyystodistus pitk\u00e4aikaisille asukkaille.<\/p>\n<\/li>\n<li>\n<p data-path-to-node=\"19,2,0\"><b data-path-to-node=\"19,2,0\" data-index-in-node=\"0\">Klinikan poliklinikka:<\/b> Ilman painatusta merkitseminen p\u00e4iv\u00e4toimenpiteit\u00e4 varten.<\/p>\n<\/li>\n<li>\n<p data-path-to-node=\"19,3,0\"><b data-path-to-node=\"19,3,0\" data-index-in-node=\"0\">L\u00e4\u00e4ketieteellinen triage:<\/b> Potilaiden nopea luokittelu h\u00e4t\u00e4tilanteessa.<\/p>\n<\/li>\n<\/ul>\n<\/div>\n<\/div>\n<\/div>\n<\/div>","protected":false},"excerpt":{"rendered":"<ul>\n<li>\n<p data-path-to-node=\"11,0,1\"><span data-path-to-node=\"11,0,1,0\"><b data-path-to-node=\"11,0,1,0\" data-index-in-node=\"0\"><span class=\"citation-60\">Materiaali:<\/span><\/b><span class=\"citation-60\"> Pehme\u00e4, hypoallergeeninen vinyyli (vedenkest\u00e4v\u00e4)<\/span><\/span><span data-path-to-node=\"11,0,1,2\">.<\/span><\/p>\n<\/li>\n<li>\n<p data-path-to-node=\"11,1,0\"><b data-path-to-node=\"11,1,0\" data-index-in-node=\"0\">Tiedonsy\u00f6tt\u00f6:<\/b> L\u00e4pin\u00e4kyv\u00e4 tasku, jossa on sis\u00e4\u00e4n liu&#039;utettava paperikortti potilastiedoille.<\/p>\n<\/li>\n<li>\n<p data-path-to-node=\"11,2,0\"><b data-path-to-node=\"11,2,0\" data-index-in-node=\"0\">Turvallisuus:<\/b> Kertak\u00e4ytt\u00f6inen muovinen napsautussuljin est\u00e4\u00e4 siirron.<\/p>\n<\/li>\n<li>\n<p data-path-to-node=\"11,3,0\"><b data-path-to-node=\"11,3,0\" data-index-in-node=\"0\">Koko:<\/b> Saatavilla aikuisten ja lasten kokoina.<\/p>\n<\/li>\n<\/ul>","protected":false},"featured_media":6413,"comment_status":"closed","ping_status":"closed","template":"","meta":[],"product_brand":[],"product_cat":[66,51,72],"product_tag":[],"class_list":{"0":"post-1228","1":"product","2":"type-product","3":"status-publish","4":"has-post-thumbnail","6":"product_cat-wristbands","7":"product_cat-vinyl","8":"product_cat-medical-and-hospital","10":"first","11":"instock","12":"shipping-taxable","13":"purchasable","14":"product-type-simple"},"_links":{"self":[{"href":"https:\/\/displayproducts.eu\/fi\/wp-json\/wp\/v2\/product\/1228","targetHints":{"allow":["GET"]}}],"collection":[{"href":"https:\/\/displayproducts.eu\/fi\/wp-json\/wp\/v2\/product"}],"about":[{"href":"https:\/\/displayproducts.eu\/fi\/wp-json\/wp\/v2\/types\/product"}],"replies":[{"embeddable":true,"href":"https:\/\/displayproducts.eu\/fi\/wp-json\/wp\/v2\/comments?post=1228"}],"wp:featuredmedia":[{"embeddable":true,"href":"https:\/\/displayproducts.eu\/fi\/wp-json\/wp\/v2\/media\/6413"}],"wp:attachment":[{"href":"https:\/\/displayproducts.eu\/fi\/wp-json\/wp\/v2\/media?parent=1228"}],"wp:term":[{"taxonomy":"product_brand","embeddable":true,"href":"https:\/\/displayproducts.eu\/fi\/wp-json\/wp\/v2\/product_brand?post=1228"},{"taxonomy":"product_cat","embeddable":true,"href":"https:\/\/displayproducts.eu\/fi\/wp-json\/wp\/v2\/product_cat?post=1228"},{"taxonomy":"product_tag","embeddable":true,"href":"https:\/\/displayproducts.eu\/fi\/wp-json\/wp\/v2\/product_tag?post=1228"}],"curies":[{"name":"wp","href":"https:\/\/api.w.org\/{rel}","templated":true}]}}