{"id":1217,"date":"2024-10-27T11:54:36","date_gmt":"2024-10-27T08:54:36","guid":{"rendered":"https:\/\/wristbandfactory.eu\/toode\/polyester-wristbands-with-woven-logo\/"},"modified":"2026-04-01T21:52:36","modified_gmt":"2026-04-01T18:52:36","slug":"woven-fabric-wristbands-up-to-4-colours","status":"publish","type":"product","link":"https:\/\/displayproducts.eu\/fi\/p\/woven-fabric-wristbands-up-to-4-colours\/","title":{"rendered":"Kudotut festivaalirannekkeet (jopa 4 v\u00e4ri\u00e4)"},"content":{"rendered":"<div class=\"mx-12 md:mx-24 lg:mx-48\">\n<div class=\"container my-8 svelte-zlsknf\">\n<div class=\"my-24 rounded-lg border-0 border-gray-700 bg-gray-100 px-16 py-24\">\n<div class=\"mt-11 !text-gray-500\">\n<p data-path-to-node=\"8\">Nosta tapahtumasi br\u00e4nd\u00e4yst\u00e4 ensiluokkaisilla kudotulla kangasrannekkeillamme. Toisin kuin painetut vaihtoehdot, t\u00e4ss\u00e4 mallissa logosi ja viestisi (jopa nelj\u00e4ll\u00e4 eri v\u00e4rill\u00e4) on integroitu suoraan kest\u00e4v\u00e4\u00e4n polyesterikankaaseen. T\u00e4m\u00e4 kudottu menetelm\u00e4 luo kest\u00e4v\u00e4n, korkealaatuisen ja teksturoidun pinnan, joka kest\u00e4\u00e4 haalistumista ja kulumista, joten se on ensisijainen valinta usean p\u00e4iv\u00e4n festivaaleille ja yritystapahtumiin, joissa br\u00e4ndin arvovalta on ensiarvoisen t\u00e4rke\u00e4\u00e4.<\/p>\n<h3 data-path-to-node=\"9\"><b>Luo t\u00e4ydellinen kudottu rannekkeesi<\/b><\/h3>\n<ol start=\"1\" data-path-to-node=\"10\">\n<li>\n<p data-path-to-node=\"10,0,0\"><b>Valitse lukkosi:<\/b> Valitse tapahtumasi turvallisuustarpeisiin sopiva suljin. T\u00e4m\u00e4 ranneke on yhteensopiva kaikkien lukkojemme kanssa, mukaan lukien:<\/p>\n<ul data-path-to-node=\"10,0,1\">\n<li>\n<p data-path-to-node=\"10,0,1,0,0\"><b>Korkean turvallisuuden lukot:<\/b> Kertak\u00e4ytt\u00f6inen suljin est\u00e4\u00e4 siirron ja varmistaa vankan p\u00e4\u00e4synvalvonnan.<\/p>\n<\/li>\n<li>\n<p data-path-to-node=\"10,0,1,1,0\"><b>Uudelleenk\u00e4ytett\u00e4v\u00e4t lukot:<\/b> S\u00e4\u00e4dett\u00e4v\u00e4 helmi useamman p\u00e4iv\u00e4n joustavaan k\u00e4ytt\u00f6\u00f6n.<\/p>\n<\/li>\n<li>\n<p data-path-to-node=\"10,0,1,2,0\"><b>Ymp\u00e4rist\u00f6yst\u00e4v\u00e4lliset lukot:<\/b> Kest\u00e4v\u00e4, kertak\u00e4ytt\u00f6inen bambulukkomme.<\/p>\n<\/li>\n<\/ul>\n<\/li>\n<li>\n<p data-path-to-node=\"10,1,0\"><b>Lis\u00e4\u00e4 valinnainen antibakteerinen k\u00e4sittely:<\/b> Korkeimpia hygieniastandardeja vaativiin tapahtumiin n\u00e4m\u00e4 rannekkeet ovat saatavilla valinnaisella <b>ISO 20743 -standardin mukainen antibakteerinen k\u00e4sittely<\/b>. T\u00e4m\u00e4 tarjoaa olennaisen turvallisuuskerroksen terveydenhuollon konferenssien, ruokafestivaalien tai suurten julkisten kokoontumisten osallistujille.<\/p>\n<\/li>\n<\/ol>\n<h3 data-path-to-node=\"11\"><b>T\u00e4rkeimm\u00e4t ominaisuudet:<\/b><\/h3>\n<ul data-path-to-node=\"12\">\n<li>\n<p data-path-to-node=\"12,0,0\"><b>Ensiluokkainen kudottu logo:<\/b> Suunnittelusi kudotaan kankaaseen (enint\u00e4\u00e4n nelj\u00e4ss\u00e4 v\u00e4riss\u00e4) kest\u00e4v\u00e4n ja korkealaatuisen viimeistelyn saavuttamiseksi.<\/p>\n<\/li>\n<li>\n<p data-path-to-node=\"12,1,0\"><b>Turvalukkovaihtoehdot:<\/b> Valitse kertak\u00e4ytt\u00f6isest\u00e4, uudelleenk\u00e4ytett\u00e4v\u00e4st\u00e4 tai ymp\u00e4rist\u00f6yst\u00e4v\u00e4llisest\u00e4 bambusta.<\/p>\n<\/li>\n<li>\n<p data-path-to-node=\"12,2,0\"><b>Valinnainen antibakteerinen hoito:<\/b> ISO 20743 -sertifioitu parannetun hygienian takaamiseksi.<\/p>\n<\/li>\n<li>\n<p data-path-to-node=\"12,3,0\"><b>Kest\u00e4v\u00e4 polyesteri:<\/b> Kest\u00e4v\u00e4 materiaali sopii erinomaisesti pitk\u00e4aikaiseen k\u00e4ytt\u00f6\u00f6n.<\/p>\n<\/li>\n<li>\n<p data-path-to-node=\"12,4,0\"><b>Minimitilaus:<\/b> 100 kappaletta.<\/p>\n<\/li>\n<\/ul>\n<p data-path-to-node=\"13\">\n<\/div>\n<\/div>\n<\/div>\n<\/div>","protected":false},"excerpt":{"rendered":"<ul>\n<li>\n<p data-path-to-node=\"7,0,0\">Ensiluokkainen kudottu muotoilu: Logosi on kudottu suoraan kankaaseen jopa nelj\u00e4ll\u00e4 v\u00e4rill\u00e4 kest\u00e4v\u00e4n ja haalistumattoman pinnan saavuttamiseksi.<\/p>\n<\/li>\n<li>\n<p data-path-to-node=\"7,1,0\">Lukkovaihtoehdot: Valitse kertak\u00e4ytt\u00f6inen, uudelleenk\u00e4ytett\u00e4v\u00e4 tai ymp\u00e4rist\u00f6yst\u00e4v\u00e4llinen bambulukko.<\/p>\n<\/li>\n<li>\n<p data-path-to-node=\"7,2,0\">Valinnainen antibakteerinen k\u00e4sittely: ISO 20743 -sertifioitu k\u00e4sittely paremman hygienian ja osallistujien turvallisuuden takaamiseksi.<\/p>\n<\/li>\n<li>\n<p data-path-to-node=\"7,3,0\">Kest\u00e4v\u00e4 polyesterimateriaali, ihanteellinen monip\u00e4iv\u00e4isiin festivaaleihin.<\/p>\n<\/li>\n<\/ul>","protected":false},"featured_media":6385,"comment_status":"closed","ping_status":"closed","template":"","meta":[],"product_brand":[],"product_cat":[66,47],"product_tag":[],"class_list":{"0":"post-1217","1":"product","2":"type-product","3":"status-publish","4":"has-post-thumbnail","6":"product_cat-wristbands","7":"product_cat-fabric-wristbands","9":"first","10":"instock","11":"shipping-taxable","12":"purchasable","13":"product-type-simple"},"_links":{"self":[{"href":"https:\/\/displayproducts.eu\/fi\/wp-json\/wp\/v2\/product\/1217","targetHints":{"allow":["GET"]}}],"collection":[{"href":"https:\/\/displayproducts.eu\/fi\/wp-json\/wp\/v2\/product"}],"about":[{"href":"https:\/\/displayproducts.eu\/fi\/wp-json\/wp\/v2\/types\/product"}],"replies":[{"embeddable":true,"href":"https:\/\/displayproducts.eu\/fi\/wp-json\/wp\/v2\/comments?post=1217"}],"wp:featuredmedia":[{"embeddable":true,"href":"https:\/\/displayproducts.eu\/fi\/wp-json\/wp\/v2\/media\/6385"}],"wp:attachment":[{"href":"https:\/\/displayproducts.eu\/fi\/wp-json\/wp\/v2\/media?parent=1217"}],"wp:term":[{"taxonomy":"product_brand","embeddable":true,"href":"https:\/\/displayproducts.eu\/fi\/wp-json\/wp\/v2\/product_brand?post=1217"},{"taxonomy":"product_cat","embeddable":true,"href":"https:\/\/displayproducts.eu\/fi\/wp-json\/wp\/v2\/product_cat?post=1217"},{"taxonomy":"product_tag","embeddable":true,"href":"https:\/\/displayproducts.eu\/fi\/wp-json\/wp\/v2\/product_tag?post=1217"}],"curies":[{"name":"wp","href":"https:\/\/api.w.org\/{rel}","templated":true}]}}