{"id":1216,"date":"2024-10-27T11:54:36","date_gmt":"2024-10-27T08:54:36","guid":{"rendered":"https:\/\/wristbandfactory.eu\/toode\/adjustable-cord-wristbands\/"},"modified":"2026-04-01T21:52:04","modified_gmt":"2026-04-01T18:52:04","slug":"adjustable-rope-wristbands-custom-printed-cord-with-logo","status":"publish","type":"product","link":"https:\/\/displayproducts.eu\/fi\/p\/adjustable-rope-wristbands-custom-printed-cord-with-logo\/","title":{"rendered":"Paracord-rannekkeet \u2013 Logolla"},"content":{"rendered":"<div class=\"mx-12 md:mx-24 lg:mx-48\">\n<div class=\"container my-8 svelte-zlsknf\">\n<div class=\"my-24 rounded-lg border-0 border-gray-700 bg-gray-100 px-16 py-24\">\n<div class=\"mt-11 !text-gray-500\">\n<p data-path-to-node=\"9\"><b>Tyylik\u00e4s ja monipuolinen br\u00e4nd\u00e4ys: Mukautettavat s\u00e4\u00e4dett\u00e4v\u00e4t k\u00f6ysirannekkeet<\/b><\/p>\n<p data-path-to-node=\"10\">Nosta mainostuotteesi tasoa uudelle tasolle r\u00e4\u00e4t\u00e4l\u00f6idyill\u00e4, s\u00e4\u00e4dett\u00e4vill\u00e4 k\u00f6ysirannekkeillamme. Kest\u00e4v\u00e4t ja pitk\u00e4aikaiseen k\u00e4ytt\u00f6\u00f6n suunnitellut rannekkeet sis\u00e4lt\u00e4v\u00e4t tukevan py\u00f6re\u00e4n polyesterinauhan ja mukautettavan kumiletkun, jotka tarjoavat modernin vaihtoehdon perinteisille litteille rannekkeille. Ne ovat t\u00e4ydellinen ratkaisu br\u00e4nditietoisuuskampanjoihin, hyv\u00e4ntekev\u00e4isyystapahtumiin ja VIP-tuotteisiin.<\/p>\n<p data-path-to-node=\"11\"><b>Yhden koon mukavuus<\/b> \u00c4lykk\u00e4\u00e4n liukuny\u00f6rimekanismin ansiosta ranneketta on helppo s\u00e4\u00e4t\u00e4\u00e4 sopivaksi kaikenkokoisille ranteille, lapsista aikuisiin. T\u00e4m\u00e4 &quot;yhden koon&quot; monipuolisuus yksinkertaistaa tilausprosessia, eik\u00e4 sinun tarvitse arvailla kokosuhteita yleis\u00f6si mukaan.<\/p>\n<p data-path-to-node=\"12\"><b>Keskittynyt br\u00e4nd\u00e4ys<\/b> Toisin kuin t\u00e4ysin k\u00e4\u00e4ritt\u00e4v\u00e4t rannekkeet, n\u00e4m\u00e4 rannekkeet keskitt\u00e4v\u00e4t huomion logoosi tai viestiisi, joka on painettu selke\u00e4sti keskell\u00e4 olevaan kumiputkeen. Voimakkaan kontrastin omaava yksiv\u00e4rinen painatus varmistaa, ett\u00e4 br\u00e4ndisi pysyy keskipisteen\u00e4 tyylikk\u00e4\u00e4n kaksiv\u00e4risen nauhan taustaa vasten.<\/p>\n<p data-path-to-node=\"13\"><b>Hygienia- ja turvallisuusvaihtoehdot<\/b> Korkeampia terveysstandardeja vaativiin tapahtumiin tarjoamme valinnaisen ISO 20743 -sertifioidun antibakteerisen k\u00e4sittelyn polyesterinarulle. T\u00e4m\u00e4 ominaisuus lis\u00e4\u00e4 mielenrauhaa k\u00e4ytt\u00e4jille ja asettaa br\u00e4ndisi vastuulliseksi alan johtajaksi.<\/p>\n<p data-path-to-node=\"14\"><b>T\u00e4rkeimm\u00e4t ominaisuudet:<\/b><\/p>\n<ul data-path-to-node=\"15\">\n<li>\n<p data-path-to-node=\"15,0,0\"><b>Korkealaatuinen johto:<\/b> Kest\u00e4v\u00e4 polyesterikankaasta valmistettu kangas s\u00e4ilytt\u00e4\u00e4 muotonsa ja v\u00e4rins\u00e4.<\/p>\n<\/li>\n<li>\n<p data-path-to-node=\"15,1,0\"><b>Erottuva muotoilu:<\/b> Saatavilla kaksiv\u00e4risin\u00e4 yhdistelmin\u00e4 br\u00e4ndin teemojen mukaan.<\/p>\n<\/li>\n<li>\n<p data-path-to-node=\"15,2,0\"><b>S\u00e4\u00e4dett\u00e4v\u00e4 liukus\u00e4\u00e4din:<\/b> Turvallinen ja helppok\u00e4ytt\u00f6inen liukuputkimekanismi.<\/p>\n<\/li>\n<li>\n<p data-path-to-node=\"15,3,0\"><b>Pitk\u00e4kestoinen:<\/b> Suunniteltu pitk\u00e4aikaiseen k\u00e4ytt\u00f6\u00f6n, maksimoimaan br\u00e4ndivaikutelman.<\/p>\n<\/li>\n<li>\n<p data-path-to-node=\"15,4,0\"><b>Tukkumyyntiin valmis:<\/b> Optimoitu irtotilauksille ja johdonmukaisella laadunvalvonnalla.<\/p>\n<\/li>\n<\/ul>\n<\/div>\n<\/div>\n<\/div>\n<\/div>","protected":false},"excerpt":{"rendered":"<ul>\n<li>\n<p data-path-to-node=\"6,0,0\"><b>Materiaali:<\/b> Py\u00f6re\u00e4 kaksiv\u00e4rinen polyesterinaru, jossa liukuva kumiletku.<\/p>\n<\/li>\n<li>\n<p data-path-to-node=\"6,1,0\"><b>Mukauttaminen:<\/b> Ter\u00e4v\u00e4 yksiv\u00e4rinen logopainatus keskiputkessa.<\/p>\n<\/li>\n<li>\n<p data-path-to-node=\"6,2,0\"><b>Sopivuus:<\/b> T\u00e4ysin s\u00e4\u00e4dett\u00e4v\u00e4 liukuva solmumekanismi (yksi koko sopii kaikille).<\/p>\n<\/li>\n<li>\n<p data-path-to-node=\"6,3,0\"><b>Turvallisuus:<\/b> Saatavilla valinnaisesti ISO 20743 -standardin mukainen antibakteerinen k\u00e4sittely.<\/p>\n<\/li>\n<\/ul>","protected":false},"featured_media":6400,"comment_status":"closed","ping_status":"closed","template":"","meta":[],"product_brand":[],"product_cat":[66,112],"product_tag":[],"class_list":{"0":"post-1216","1":"product","2":"type-product","3":"status-publish","4":"has-post-thumbnail","6":"product_cat-wristbands","7":"product_cat-paracord-wristbands","9":"first","10":"instock","11":"shipping-taxable","12":"purchasable","13":"product-type-simple"},"_links":{"self":[{"href":"https:\/\/displayproducts.eu\/fi\/wp-json\/wp\/v2\/product\/1216","targetHints":{"allow":["GET"]}}],"collection":[{"href":"https:\/\/displayproducts.eu\/fi\/wp-json\/wp\/v2\/product"}],"about":[{"href":"https:\/\/displayproducts.eu\/fi\/wp-json\/wp\/v2\/types\/product"}],"replies":[{"embeddable":true,"href":"https:\/\/displayproducts.eu\/fi\/wp-json\/wp\/v2\/comments?post=1216"}],"wp:featuredmedia":[{"embeddable":true,"href":"https:\/\/displayproducts.eu\/fi\/wp-json\/wp\/v2\/media\/6400"}],"wp:attachment":[{"href":"https:\/\/displayproducts.eu\/fi\/wp-json\/wp\/v2\/media?parent=1216"}],"wp:term":[{"taxonomy":"product_brand","embeddable":true,"href":"https:\/\/displayproducts.eu\/fi\/wp-json\/wp\/v2\/product_brand?post=1216"},{"taxonomy":"product_cat","embeddable":true,"href":"https:\/\/displayproducts.eu\/fi\/wp-json\/wp\/v2\/product_cat?post=1216"},{"taxonomy":"product_tag","embeddable":true,"href":"https:\/\/displayproducts.eu\/fi\/wp-json\/wp\/v2\/product_tag?post=1216"}],"curies":[{"name":"wp","href":"https:\/\/api.w.org\/{rel}","templated":true}]}}