{"id":1212,"date":"2024-10-27T11:54:36","date_gmt":"2024-10-27T08:54:36","guid":{"rendered":"https:\/\/wristbandfactory.eu\/toode\/safety-wristbands-for-children\/"},"modified":"2026-04-01T21:52:36","modified_gmt":"2026-04-01T18:52:36","slug":"safety-wristbands-for-children","status":"publish","type":"product","link":"https:\/\/displayproducts.eu\/fi\/p\/safety-wristbands-for-children\/","title":{"rendered":"Lasten turvarannekkeet"},"content":{"rendered":"<div class=\"wpb_text_column wpb_content_element\">\n<div class=\"wpb_wrapper\">\n<p>K\u00e4sivarsinauhat ovat t\u00e4ysin turvallisia lapsen terveydelle ja iholle, mink\u00e4 todistavat asianmukaiset sertifikaatit. Teemme yhteisty\u00f6t\u00e4 kokeneimpien materiaalivalmistajien kanssa varmistaaksemme, ett\u00e4 asiakkaamme saavat ehdottoman turvallisen tuotteen.<\/p>\n<\/div>\n<\/div>\n<p>sertifioitu<br \/>\nPuolan kansallisen hygieniainstituutin hyv\u00e4ksym\u00e4<\/p>\n<p>materiaali<br \/>\nerityinen materiaali, joka on hell\u00e4varainen lapsen iholle<\/p>\n<p>hypoallergeeninen<br \/>\nei allergeeneja sis\u00e4lt\u00e4vi\u00e4 yhdisteit\u00e4<\/p>\n<p>hypoallergeeninen<br \/>\nSuotuisat kumppanuusehdot<\/p>\n<p>yli 300 kpl<br \/>\npienet tuotantom\u00e4\u00e4r\u00e4t mahdollisia<\/p>\n<p>aika<br \/>\nlyhyet valmistusajat<br \/>\nkest\u00e4vyys<br \/>\nmateriaali on joustavaa, herkk\u00e4 ja samalla kest\u00e4v\u00e4<\/p>\n<p>uudelleenk\u00e4ytett\u00e4v\u00e4<br \/>\nrannekkeen soljet on suunniteltu mahdollistamaan rannekkeen monik\u00e4ytt\u00f6isyys<\/p>\n<p>v\u00e4ri<br \/>\nsolki vaihtaa v\u00e4ri\u00e4 altistuessaan voimakkaille UV-s\u00e4teille<\/p>","protected":false},"excerpt":{"rendered":"<div>\n<p class=\"text-gray-500\">Laaja valikoima v\u00e4rikk\u00e4it\u00e4, ainutlaatuisia kuvioita, jotka ovat kuvittajan ja kouluttajan suunnittelemia. Lis\u00e4ksi asiakas voi luoda mink\u00e4 tahansa kuvion ja sijoittaa sen k\u00e4sivarsinauhaan. Se on t\u00e4ydellinen ratkaisu yrityksille, jotka etsiv\u00e4t ainutlaatuista mainosv\u00e4linett\u00e4, innovatiivista ja mielikuvituksellista laitetta tai hy\u00f6dyllist\u00e4 lahjaa ty\u00f6ntekij\u00f6illeen ja asiakkailleen. Mainosgrafiikka voi peitt\u00e4\u00e4 koko k\u00e4sivarsinauhan pinnan (kiinnityst\u00e4 lukuun ottamatta).<\/p>\n<\/div>","protected":false},"featured_media":6439,"comment_status":"closed","ping_status":"closed","template":"","meta":[],"product_brand":[],"product_cat":[66,68],"product_tag":[],"class_list":{"0":"post-1212","1":"product","2":"type-product","3":"status-publish","4":"has-post-thumbnail","6":"product_cat-wristbands","7":"product_cat-event-supplies","9":"first","10":"instock","11":"shipping-taxable","12":"purchasable","13":"product-type-simple"},"_links":{"self":[{"href":"https:\/\/displayproducts.eu\/fi\/wp-json\/wp\/v2\/product\/1212","targetHints":{"allow":["GET"]}}],"collection":[{"href":"https:\/\/displayproducts.eu\/fi\/wp-json\/wp\/v2\/product"}],"about":[{"href":"https:\/\/displayproducts.eu\/fi\/wp-json\/wp\/v2\/types\/product"}],"replies":[{"embeddable":true,"href":"https:\/\/displayproducts.eu\/fi\/wp-json\/wp\/v2\/comments?post=1212"}],"wp:featuredmedia":[{"embeddable":true,"href":"https:\/\/displayproducts.eu\/fi\/wp-json\/wp\/v2\/media\/6439"}],"wp:attachment":[{"href":"https:\/\/displayproducts.eu\/fi\/wp-json\/wp\/v2\/media?parent=1212"}],"wp:term":[{"taxonomy":"product_brand","embeddable":true,"href":"https:\/\/displayproducts.eu\/fi\/wp-json\/wp\/v2\/product_brand?post=1212"},{"taxonomy":"product_cat","embeddable":true,"href":"https:\/\/displayproducts.eu\/fi\/wp-json\/wp\/v2\/product_cat?post=1212"},{"taxonomy":"product_tag","embeddable":true,"href":"https:\/\/displayproducts.eu\/fi\/wp-json\/wp\/v2\/product_tag?post=1212"}],"curies":[{"name":"wp","href":"https:\/\/api.w.org\/{rel}","templated":true}]}}