{"id":1209,"date":"2024-07-16T17:57:25","date_gmt":"2024-07-16T14:57:25","guid":{"rendered":"https:\/\/wristbandfactory.eu\/toode\/seed-paper-bracelet\/"},"modified":"2026-04-01T21:52:36","modified_gmt":"2026-04-01T18:52:36","slug":"seed-paper-wristbands","status":"publish","type":"product","link":"https:\/\/displayproducts.eu\/fi\/p\/seed-paper-wristbands\/","title":{"rendered":"Siemenpaperirannekkeet"},"content":{"rendered":"<p data-path-to-node=\"12\">Tee pysyv\u00e4 ja positiivinen vaikutus osallistujiisi ja ymp\u00e4rist\u00f6\u00f6si meid\u00e4n avullamme <b data-path-to-node=\"12\" data-index-in-node=\"104\">Siemenpaperirannekkeet<\/b>. T\u00e4m\u00e4 innovatiivinen tuote tarjoaa ainutlaatuisen ja j\u00e4tteett\u00f6m\u00e4n ratkaisun ymp\u00e4rist\u00f6tietoisille tapahtumaj\u00e4rjest\u00e4jille muuttamalla tyypillisesti kertak\u00e4ytt\u00f6isen esineen ikimuistoiseksi &quot;toiseksi el\u00e4m\u00e4ksi&quot; luonnonkukkien tavoin. Festivaaleille, yritysten kest\u00e4v\u00e4n kehityksen tapahtumiin ja vihreisiin konferensseihin suunnitellut rannekkeet toimivat sek\u00e4 turvallisena kulkulupana ett\u00e4 ymp\u00e4rist\u00f6arvojesi ilmentym\u00e4n\u00e4.<\/p>\n<h2 data-path-to-node=\"13\">T\u00e4rkeimm\u00e4t ominaisuudet<\/h2>\n<ul data-path-to-node=\"14\">\n<li>\n<p data-path-to-node=\"14,0,0\"><b data-path-to-node=\"14,0,0\" data-index-in-node=\"0\">Istutustekniikka:<\/b> Valmistettu 80 g\/m\u00b2:n paperista, johon on upotettu villikukkien siemeni\u00e4. Tapahtuman j\u00e4lkeen ranneke voidaan istuttaa multaan kukkien kasvattamista varten.<\/p>\n<\/li>\n<li>\n<p data-path-to-node=\"14,1,0\"><b data-path-to-node=\"14,1,0\" data-index-in-node=\"0\">Moniv\u00e4rinen br\u00e4nd\u00e4ys:<\/b> Tukee reunasta reunaan painatusta, jonka avulla voit esitell\u00e4 logosi, sponsorisi tai ymp\u00e4rist\u00f6viestisi el\u00e4v\u00e4sti.<\/p>\n<\/li>\n<li>\n<p data-path-to-node=\"14,2,0\"><b data-path-to-node=\"14,2,0\" data-index-in-node=\"0\">Suojattu p\u00e4\u00e4synhallinta:<\/b> Sis\u00e4lt\u00e4\u00e4 luotettavan, kertak\u00e4ytt\u00f6isen ja siirrett\u00e4v\u00e4n teipin, joka varmistaa turvallisuuden tapahtumapaikallasi.<\/p>\n<\/li>\n<li>\n<p data-path-to-node=\"14,3,0\"><b data-path-to-node=\"14,3,0\" data-index-in-node=\"0\">Tekstuuri ja tuntuma:<\/b> Siemenpaperin luonnollinen, hieman ep\u00e4tasainen rakenne lis\u00e4\u00e4 siihen tuntuvaa, orgaanista ominaisuutta, joka vahvistaa kest\u00e4v\u00e4n kehityksen viesti\u00e4.<\/p>\n<\/li>\n<\/ul>\n<h2 data-path-to-node=\"15\">Tekniset tiedot<\/h2>\n<ul data-path-to-node=\"16\">\n<li>\n<p data-path-to-node=\"16,0,0\"><b data-path-to-node=\"16,0,0\" data-index-in-node=\"0\">Mitat:<\/b> Noin 240 x 20 mm (vakiokoko, s\u00e4\u00e4dett\u00e4v\u00e4).<\/p>\n<\/li>\n<li>\n<p data-path-to-node=\"16,1,0\"><b data-path-to-node=\"16,1,0\" data-index-in-node=\"0\">Materiaalin paino:<\/b> 80 g\/m\u00b2 siemenpaperia.<\/p>\n<\/li>\n<li>\n<p data-path-to-node=\"16,2,0\"><b data-path-to-node=\"16,2,0\" data-index-in-node=\"0\">Painatusmenetelm\u00e4:<\/b> Moniv\u00e4rinen digitaalinen painatus (CMYK).<\/p>\n<\/li>\n<li>\n<p data-path-to-node=\"16,3,0\"><b data-path-to-node=\"16,3,0\" data-index-in-node=\"0\">K\u00e4ytt\u00f6aika:<\/b> Suositellaan yhden p\u00e4iv\u00e4n tapahtumiin (enint\u00e4\u00e4n 1-2 p\u00e4iv\u00e4\u00e4) biohajoavuuden vuoksi.<\/p>\n<\/li>\n<li>\n<p data-path-to-node=\"16,4,0\"><b data-path-to-node=\"16,4,0\" data-index-in-node=\"0\">Minimitilausm\u00e4\u00e4r\u00e4:<\/b> 100 yksikk\u00f6\u00e4.<\/p>\n<\/li>\n<\/ul>\n<h2 data-path-to-node=\"17\">K\u00e4ytt\u00f6tapaukset<\/h2>\n<ul data-path-to-node=\"18\">\n<li>\n<p data-path-to-node=\"18,0,0\"><b data-path-to-node=\"18,0,0\" data-index-in-node=\"0\">Vihre\u00e4t festivaalit:<\/b> T\u00e4ydellinen ulkoilmamusiikki- ja taidefestivaaleille, joissa painotetaan &quot;\u00c4l\u00e4 j\u00e4t\u00e4 j\u00e4lki\u00e4&quot; -periaatetta.<\/p>\n<\/li>\n<li>\n<p data-path-to-node=\"18,1,0\"><b data-path-to-node=\"18,1,0\" data-index-in-node=\"0\">Yritysten yhteiskuntavastuuseen liittyv\u00e4t tapahtumat:<\/b> Ihanteellinen yritystapaamisiin, joissa keskityt\u00e4\u00e4n kest\u00e4v\u00e4\u00e4n kehitykseen ja ymp\u00e4rist\u00f6vastuuseen.<\/p>\n<\/li>\n<li>\n<p data-path-to-node=\"18,2,0\"><b data-path-to-node=\"18,2,0\" data-index-in-node=\"0\">Hyv\u00e4ntekev\u00e4isyysker\u00e4ykset:<\/b> Symbolinen lahja lahjoittajille, josta kasvaa kukkia, symboloiden kasvua ja kiitollisuutta.<\/p>\n<\/li>\n<li>\n<p data-path-to-node=\"18,3,0\"><b data-path-to-node=\"18,3,0\" data-index-in-node=\"0\">VIP-p\u00e4\u00e4sy:<\/b> Ainutlaatuinen ja ensiluokkainen erottautumistekij\u00e4 ekoteemaisten konferenssien erityisvieraille.<\/p>\n<\/li>\n<\/ul>","protected":false},"excerpt":{"rendered":"<ul>\n<li>\n<p data-path-to-node=\"11,0,0\"><b data-path-to-node=\"11,0,0\" data-index-in-node=\"0\">Materiaali:<\/b> 80 g\/m\u00b2 biohajoavaa paperia, johon on upotettu luonnonkukkien siemeni\u00e4.<\/p>\n<\/li>\n<li>\n<p data-path-to-node=\"11,1,0\"><b data-path-to-node=\"11,1,0\" data-index-in-node=\"0\">Mukauttaminen:<\/b> Moniv\u00e4rinen, reunasta reunaan ulottuva painatus vaikuttavaan br\u00e4nd\u00e4ykseen.<\/p>\n<\/li>\n<li>\n<p data-path-to-node=\"11,2,0\"><b data-path-to-node=\"11,2,0\" data-index-in-node=\"0\">P\u00e4\u00e4tt\u00e4minen:<\/b> Turvallinen, kertak\u00e4ytt\u00f6inen teippi est\u00e4\u00e4 tarttumisen.<\/p>\n<\/li>\n<li>\n<p data-path-to-node=\"11,3,0\"><b data-path-to-node=\"11,3,0\" data-index-in-node=\"0\">Ymp\u00e4rist\u00f6keskeisyys:<\/b> 100% istutettavissa k\u00e4yt\u00f6n j\u00e4lkeen j\u00e4tteett\u00f6m\u00e4ksi tapahtumaratkaisuksi.<\/p>\n<\/li>\n<\/ul>","protected":false},"featured_media":6394,"comment_status":"closed","ping_status":"closed","template":"","meta":[],"product_brand":[],"product_cat":[133,66],"product_tag":[],"class_list":{"0":"post-1209","1":"product","2":"type-product","3":"status-publish","4":"has-post-thumbnail","6":"product_cat-eco-friendly-wristbands","7":"product_cat-wristbands","9":"first","10":"instock","11":"shipping-taxable","12":"purchasable","13":"product-type-simple"},"_links":{"self":[{"href":"https:\/\/displayproducts.eu\/fi\/wp-json\/wp\/v2\/product\/1209","targetHints":{"allow":["GET"]}}],"collection":[{"href":"https:\/\/displayproducts.eu\/fi\/wp-json\/wp\/v2\/product"}],"about":[{"href":"https:\/\/displayproducts.eu\/fi\/wp-json\/wp\/v2\/types\/product"}],"replies":[{"embeddable":true,"href":"https:\/\/displayproducts.eu\/fi\/wp-json\/wp\/v2\/comments?post=1209"}],"wp:featuredmedia":[{"embeddable":true,"href":"https:\/\/displayproducts.eu\/fi\/wp-json\/wp\/v2\/media\/6394"}],"wp:attachment":[{"href":"https:\/\/displayproducts.eu\/fi\/wp-json\/wp\/v2\/media?parent=1209"}],"wp:term":[{"taxonomy":"product_brand","embeddable":true,"href":"https:\/\/displayproducts.eu\/fi\/wp-json\/wp\/v2\/product_brand?post=1209"},{"taxonomy":"product_cat","embeddable":true,"href":"https:\/\/displayproducts.eu\/fi\/wp-json\/wp\/v2\/product_cat?post=1209"},{"taxonomy":"product_tag","embeddable":true,"href":"https:\/\/displayproducts.eu\/fi\/wp-json\/wp\/v2\/product_tag?post=1209"}],"curies":[{"name":"wp","href":"https:\/\/api.w.org\/{rel}","templated":true}]}}