{"id":1208,"date":"2024-10-27T11:54:37","date_gmt":"2024-10-27T08:54:37","guid":{"rendered":"https:\/\/wristbandfactory.eu\/toode\/faux-leather-wristbands\/"},"modified":"2026-04-01T21:52:36","modified_gmt":"2026-04-01T18:52:36","slug":"faux-leather-wristbands","status":"publish","type":"product","link":"https:\/\/displayproducts.eu\/fi\/p\/faux-leather-wristbands\/","title":{"rendered":"Keinonahkaiset rannekkeet"},"content":{"rendered":"<p>Luo autenttinen ilme kaiverretuilla nahkarannekkeilla. Tekstisi on kaiverrettu rannekkeeseen, aivan kuten aidot nahkaty\u00f6ntekij\u00e4t tekev\u00e4t. T\u00e4ll\u00e4 tavoin teksti on samanv\u00e4rinen kuin ranneke.<\/p>\n<p>Tarjoamme kahdenlaisia sulkimia: muoviklipsill\u00e4 ja metalliklipsill\u00e4.<\/p>\n<p>Muovinen klipsikiinnitys on samanlainen kuin vinyylirannekkeiden. Rannekkeessa on reiki\u00e4, jotka mahdollistavat r\u00e4\u00e4t\u00e4l\u00f6idyn istuvuuden. Et voi avata suljinta napsauttamisen j\u00e4lkeen vahingoittamatta sit\u00e4, sill\u00e4 siin\u00e4 n\u00e4kyy merkkej\u00e4 peukaloinnista. T\u00e4m\u00e4 est\u00e4\u00e4 petokset.<\/p>\n<p>Metallinen suljin on my\u00f6s kankaisten festivaalirannekkeiden vakiosuljin. Sulkemiseen tarvitset puristusty\u00f6kalun. Ranneketta ei voi irrottaa puristamisen j\u00e4lkeen ilman, ett\u00e4 siin\u00e4 n\u00e4kyy merkkej\u00e4 peukaloinnista, mik\u00e4 est\u00e4\u00e4 petokset.<\/p>","protected":false},"excerpt":{"rendered":"<div>\n<p class=\"text-gray-500\">Keinonahasta tai nahkaj\u00e4ljitelm\u00e4st\u00e4 valmistetuilla rannekkeilla saat tapahtumaasi turvallisen ja ainutlaatuisen kulunvalvonnan. Voit valita nelj\u00e4st\u00e4 eri v\u00e4rist\u00e4 keinonahan, joihin voit painaa 1- tai 2-v\u00e4risen\u00e4 tai kaivertaa. Rannekkeiden kiinnitt\u00e4miseen tarjoamme kaksi vaihtoehtoa: metallisen tai muovisen painonappikiinnityksen.<\/p>\n<\/div>","protected":false},"featured_media":6410,"comment_status":"closed","ping_status":"closed","template":"","meta":[],"product_brand":[],"product_cat":[66,117],"product_tag":[],"class_list":{"0":"post-1208","1":"product","2":"type-product","3":"status-publish","4":"has-post-thumbnail","6":"product_cat-wristbands","7":"product_cat-leather-wristbands","9":"first","10":"instock","11":"shipping-taxable","12":"purchasable","13":"product-type-simple"},"_links":{"self":[{"href":"https:\/\/displayproducts.eu\/fi\/wp-json\/wp\/v2\/product\/1208","targetHints":{"allow":["GET"]}}],"collection":[{"href":"https:\/\/displayproducts.eu\/fi\/wp-json\/wp\/v2\/product"}],"about":[{"href":"https:\/\/displayproducts.eu\/fi\/wp-json\/wp\/v2\/types\/product"}],"replies":[{"embeddable":true,"href":"https:\/\/displayproducts.eu\/fi\/wp-json\/wp\/v2\/comments?post=1208"}],"wp:featuredmedia":[{"embeddable":true,"href":"https:\/\/displayproducts.eu\/fi\/wp-json\/wp\/v2\/media\/6410"}],"wp:attachment":[{"href":"https:\/\/displayproducts.eu\/fi\/wp-json\/wp\/v2\/media?parent=1208"}],"wp:term":[{"taxonomy":"product_brand","embeddable":true,"href":"https:\/\/displayproducts.eu\/fi\/wp-json\/wp\/v2\/product_brand?post=1208"},{"taxonomy":"product_cat","embeddable":true,"href":"https:\/\/displayproducts.eu\/fi\/wp-json\/wp\/v2\/product_cat?post=1208"},{"taxonomy":"product_tag","embeddable":true,"href":"https:\/\/displayproducts.eu\/fi\/wp-json\/wp\/v2\/product_tag?post=1208"}],"curies":[{"name":"wp","href":"https:\/\/api.w.org\/{rel}","templated":true}]}}