{"id":1205,"date":"2024-10-27T11:54:37","date_gmt":"2024-10-27T08:54:37","guid":{"rendered":"https:\/\/wristbandfactory.eu\/toode\/custom-rfid-leather-wristband\/"},"modified":"2026-04-01T21:52:36","modified_gmt":"2026-04-01T18:52:36","slug":"custom-rfid-leather-wristband","status":"publish","type":"product","link":"https:\/\/displayproducts.eu\/fi\/p\/custom-rfid-leather-wristband\/","title":{"rendered":"Nahkaiset RFID-rannekkeet"},"content":{"rendered":"<p data-path-to-node=\"12\">Nosta asiakaskokemustasi uudelle tasolle meid\u00e4n avullamme <b data-path-to-node=\"12\" data-index-in-node=\"64\">Mukautetut nahkaiset RFID-rannekkeet<\/b>. N\u00e4m\u00e4 rannekkeet on suunniteltu ymp\u00e4rist\u00f6ihin, joissa tyyli on yht\u00e4 t\u00e4rke\u00e4\u00e4 kuin turvallisuus, ja ne yhdist\u00e4v\u00e4t edistyneen RFID-teknologian nahan klassiseen eleganssiin. Toisin kuin tavalliset silikoni- tai kangasvaihtoehdot, n\u00e4m\u00e4 rannekkeet toimivat ensiluokkaisena asusteena, mik\u00e4 tekee niist\u00e4 t\u00e4ydellisen valinnan VIP-alueille, luksuslomakohteisiin, golfkentille ja korkeatasoisiin yritystapahtumiin.<\/p>\n<p data-path-to-node=\"13\">Kest\u00e4v\u00e4st\u00e4 PU-nahasta (saatavilla my\u00f6s aitoa nahkaa) valmistetut rannekkeet tarjoavat mukavan istuvuuden pitk\u00e4aikaiseen k\u00e4ytt\u00f6\u00f6n. Integroitu siru on saumattomasti upotettu, mik\u00e4 varmistaa luotettavan tiedonsiirron kulunvalvontaa, k\u00e4teisvapaita maksuja tai sosiaalisen median integrointia varten vaarantamatta rannekkeen esteettist\u00e4 ilmett\u00e4.<\/p>\n<h2 data-path-to-node=\"14\">T\u00e4rkeimm\u00e4t ominaisuudet<\/h2>\n<ul data-path-to-node=\"15\">\n<li>\n<p data-path-to-node=\"15,0,1\"><span data-path-to-node=\"15,0,1,0\"><b data-path-to-node=\"15,0,1,0\" data-index-in-node=\"0\"><span class=\"citation-43\">Edistynyt siruyhteensopivuus:<\/span><\/b><span class=\"citation-43\"> Saatavilla laajalla valikoimalla RFID-siruja, mukaan lukien LF (125 kHz), HF (13,56 MHz NTAG\u00ae\/Mifare) ja UHF (860\u2013960 MHz), joten ne sopivat mihin tahansa j\u00e4rjestelm\u00e4\u00e4n.<\/span><\/span><span data-path-to-node=\"15,0,1,2\">.<\/span><\/p>\n<\/li>\n<li>\n<p data-path-to-node=\"15,1,1\"><span data-path-to-node=\"15,1,1,0\"><b data-path-to-node=\"15,1,1,0\" data-index-in-node=\"0\"><span class=\"citation-42\">Ensiluokkainen estetiikka:<\/span><\/b><span class=\"citation-42\"> Nahkapinta tarjoaa hienostuneen vaihtoehdon muoville ja parantaa tapahtumasi tai tapahtumapaikkasi ilmett\u00e4.<\/span><\/span><span data-path-to-node=\"15,1,1,2\">.<\/span><\/p>\n<\/li>\n<li>\n<p data-path-to-node=\"15,2,0\"><b data-path-to-node=\"15,2,0\" data-index-in-node=\"0\">Mukautettu br\u00e4nd\u00e4ys:<\/b> Mukauta logollasi k\u00e4ytt\u00e4m\u00e4ll\u00e4 ensiluokkaisia tekniikoita, kuten kohopainatusta, syv\u00e4painatusta tai silkkipainatusta.<\/p>\n<\/li>\n<li>\n<p data-path-to-node=\"15,3,0\"><b data-path-to-node=\"15,3,0\" data-index-in-node=\"0\">S\u00e4\u00e4dett\u00e4v\u00e4 istuvuus:<\/b> Suunniteltu klassisella solkikiinnityksell\u00e4 (vakiokoko 250x22x3 mm), joka sopii mukavasti useimpiin rannekokoihin.<\/p>\n<\/li>\n<\/ul>\n<h2 data-path-to-node=\"16\">Tekniset tiedot<\/h2>\n<ul data-path-to-node=\"17\">\n<li>\n<p data-path-to-node=\"17,0,0\"><b data-path-to-node=\"17,0,0\" data-index-in-node=\"0\">Mitat:<\/b> 250 mm x 22 mm x 3 mm.<\/p>\n<\/li>\n<li>\n<p data-path-to-node=\"17,1,0\"><b data-path-to-node=\"17,1,0\" data-index-in-node=\"0\">Materiaali:<\/b> PU-nahka (vakio) tai aito nahka (p\u00e4ivitys).<\/p>\n<\/li>\n<li>\n<p data-path-to-node=\"17,2,0\"><b data-path-to-node=\"17,2,0\" data-index-in-node=\"0\">Taajuusasetukset:<\/b> LF (125 kHz), HF (13,56 MHz), UHF (860\u2013960 MHz).<\/p>\n<\/li>\n<li>\n<p data-path-to-node=\"17,3,0\"><b data-path-to-node=\"17,3,0\" data-index-in-node=\"0\">Sirutyypit:<\/b> TK4100, F08, NTAG213\/215\/216, Alien H3 ja paljon muuta.<\/p>\n<\/li>\n<li>\n<p data-path-to-node=\"17,4,0\"><b data-path-to-node=\"17,4,0\" data-index-in-node=\"0\">Lukuet\u00e4isyys:<\/b> 1\u201310 cm (LF\/HF), jopa useita metrej\u00e4 (UHF, lukijasta riippuen).<\/p>\n<\/li>\n<li>\n<p data-path-to-node=\"17,5,0\"><b data-path-to-node=\"17,5,0\" data-index-in-node=\"0\">Minimitilausm\u00e4\u00e4r\u00e4:<\/b> 100 yksikk\u00f6\u00e4.<\/p>\n<\/li>\n<\/ul>\n<h2 data-path-to-node=\"18\">K\u00e4ytt\u00f6tapaukset<\/h2>\n<ul data-path-to-node=\"19\">\n<li>\n<p data-path-to-node=\"19,0,0\"><b data-path-to-node=\"19,0,0\" data-index-in-node=\"0\">Luksushotellit ja lomakohteet:<\/b> Avaimeton sis\u00e4\u00e4np\u00e4\u00e4sy huoneeseen ja k\u00e4teismaksut lomakeskuksen palveluista.<\/p>\n<\/li>\n<li>\n<p data-path-to-node=\"19,1,0\"><b data-path-to-node=\"19,1,0\" data-index-in-node=\"0\">VIP-tapahtuman p\u00e4\u00e4sy:<\/b> Yksinoikeudella k\u00e4ytett\u00e4v\u00e4t tunnukset kulissien takaisiin tiloihin, yksityisiin oleskelutiloihin ja gaaloihin.<\/p>\n<\/li>\n<li>\n<p data-path-to-node=\"19,2,0\"><b data-path-to-node=\"19,2,0\" data-index-in-node=\"0\">Kunto- ja maaseurat:<\/b> Kest\u00e4v\u00e4t ja tyylikk\u00e4\u00e4t j\u00e4sentunnukset tiloihin p\u00e4\u00e4sy\u00e4 varten.<\/p>\n<\/li>\n<li>\n<p data-path-to-node=\"19,3,0\"><b data-path-to-node=\"19,3,0\" data-index-in-node=\"0\">Toimiston turvallisuus:<\/b> Elegantti henkil\u00f6kunnan tunniste yritysymp\u00e4rist\u00f6iss\u00e4.<\/p>\n<\/li>\n<\/ul>","protected":false},"excerpt":{"rendered":"<ul>\n<li>\n<p data-path-to-node=\"11,0,0\"><b data-path-to-node=\"11,0,0\" data-index-in-node=\"0\">Materiaali:<\/b> Korkealaatuiset PU- tai aitoa nahkaa hienostuneeseen ilmeeseen.<\/p>\n<\/li>\n<li>\n<p data-path-to-node=\"11,1,0\"><b data-path-to-node=\"11,1,0\" data-index-in-node=\"0\">Teknologia:<\/b> Integroidut LF (TK4100), HF (NTAG\u00ae) tai UHF (Alien H3) -sirut.<\/p>\n<\/li>\n<li>\n<p data-path-to-node=\"11,2,0\"><b data-path-to-node=\"11,2,0\" data-index-in-node=\"0\">Mukauttaminen:<\/b> Kohokuviointi, kohokuviointi tai painatus huomaamatonta br\u00e4nd\u00e4yst\u00e4 varten.<\/p>\n<\/li>\n<li>\n<p data-path-to-node=\"11,3,0\"><b data-path-to-node=\"11,3,0\" data-index-in-node=\"0\">Sovellus:<\/b> Ihanteellinen VIP-kulunvalvontaan, k\u00e4teismaksuihin ja luksushotelleihin.<\/p>\n<\/li>\n<\/ul>","protected":false},"featured_media":6037,"comment_status":"closed","ping_status":"closed","template":"","meta":[],"product_brand":[],"product_cat":[66,117,81],"product_tag":[],"class_list":{"0":"post-1205","1":"product","2":"type-product","3":"status-publish","4":"has-post-thumbnail","6":"product_cat-wristbands","7":"product_cat-leather-wristbands","8":"product_cat-rfid","10":"first","11":"instock","12":"shipping-taxable","13":"purchasable","14":"product-type-simple"},"_links":{"self":[{"href":"https:\/\/displayproducts.eu\/fi\/wp-json\/wp\/v2\/product\/1205","targetHints":{"allow":["GET"]}}],"collection":[{"href":"https:\/\/displayproducts.eu\/fi\/wp-json\/wp\/v2\/product"}],"about":[{"href":"https:\/\/displayproducts.eu\/fi\/wp-json\/wp\/v2\/types\/product"}],"replies":[{"embeddable":true,"href":"https:\/\/displayproducts.eu\/fi\/wp-json\/wp\/v2\/comments?post=1205"}],"wp:featuredmedia":[{"embeddable":true,"href":"https:\/\/displayproducts.eu\/fi\/wp-json\/wp\/v2\/media\/6037"}],"wp:attachment":[{"href":"https:\/\/displayproducts.eu\/fi\/wp-json\/wp\/v2\/media?parent=1205"}],"wp:term":[{"taxonomy":"product_brand","embeddable":true,"href":"https:\/\/displayproducts.eu\/fi\/wp-json\/wp\/v2\/product_brand?post=1205"},{"taxonomy":"product_cat","embeddable":true,"href":"https:\/\/displayproducts.eu\/fi\/wp-json\/wp\/v2\/product_cat?post=1205"},{"taxonomy":"product_tag","embeddable":true,"href":"https:\/\/displayproducts.eu\/fi\/wp-json\/wp\/v2\/product_tag?post=1205"}],"curies":[{"name":"wp","href":"https:\/\/api.w.org\/{rel}","templated":true}]}}