{"id":1203,"date":"2024-10-27T11:54:37","date_gmt":"2024-10-27T08:54:37","guid":{"rendered":"https:\/\/wristbandfactory.eu\/toode\/fabric-wristbands\/"},"modified":"2026-04-01T21:52:36","modified_gmt":"2026-04-01T18:52:36","slug":"full-colour-printed-fabric-wristbands","status":"publish","type":"product","link":"https:\/\/displayproducts.eu\/fi\/p\/full-colour-printed-fabric-wristbands\/","title":{"rendered":"T\u00e4ysv\u00e4ripainetut festivaalirannekkeet"},"content":{"rendered":"<div class=\"mx-12 md:mx-24 lg:mx-48\">\n<div class=\"container my-8 svelte-zlsknf\">\n<div class=\"my-24 rounded-lg border-0 border-gray-700 bg-gray-100 px-16 py-24\">\n<div class=\"mt-11 !text-gray-500\">\n<p data-path-to-node=\"8\">Nosta tapahtumael\u00e4myksesi uudelle tasolle v\u00e4rillisill\u00e4 painetuilla kangasrannekkeillamme. T\u00e4m\u00e4 on suosituin ratkaisumme tapahtumien kulunvalvontaan, ja se on suunniteltu tehokkaaksi markkinointity\u00f6kaluksi, joka toimii my\u00f6s arvokkaana matkamuistona osallistujille.<\/p>\n<p data-path-to-node=\"9\"><b>Yksi ranneke, t\u00e4ysin omalla painatuksellan\u00e4 itse<\/b><\/p>\n<p data-path-to-node=\"10\">T\u00e4m\u00e4 tuotesivu kokoaa yhteen kaikki painetut kangasvaihtoehtomme. Valitse vain materiaali ja lukitse luodaksesi t\u00e4ydellisen rannekkeen tapahtumaasi varten.<\/p>\n<ol start=\"1\" data-path-to-node=\"11\">\n<li>\n<p data-path-to-node=\"11,0,0\"><b>Valitse tulosteesi ja materiaalisi:<\/b> Huippuluokan sublimaatiopainatuspainatusta k\u00e4ytt\u00e4en painamme suunnittelusi eloisissa, haalistumattomissa CMYK- tai tarkoissa Pantone (PMS) -s\u00e4vyiss\u00e4. Valitse kahdesta materiaalivaihtoehdosta:<\/p>\n<ul data-path-to-node=\"11,0,1\">\n<li>\n<p data-path-to-node=\"11,0,1,0,0\"><b>Kest\u00e4v\u00e4 polyesteri:<\/b> Korkealaatuinen, vedenpit\u00e4v\u00e4 ja ihoyst\u00e4v\u00e4llinen standardimme kaikkiin tapahtumiin.<\/p>\n<\/li>\n<li>\n<p data-path-to-node=\"11,0,1,1,0\"><b>Ensiluokkainen satiini:<\/b> Sile\u00e4mpi ja kiilt\u00e4v\u00e4mpi pinta antaa ensiluokkaisen ja tyylikk\u00e4\u00e4n tuntuman (imee itseens\u00e4 &quot;Satin Wristbands&quot; -tuotteen).<\/p>\n<\/li>\n<\/ul>\n<\/li>\n<li>\n<p data-path-to-node=\"11,1,0\"><b>Valitse lukkosi:<\/b> Turvallisuus on ensiarvoisen t\u00e4rke\u00e4\u00e4. M\u00e4\u00e4rit\u00e4 rannekkeisiisi juuri sinun tarpeisiisi sopiva lukko. Tarjoamme t\u00e4yden valikoiman vaihtoehtoja:<\/p>\n<ul data-path-to-node=\"11,1,1\">\n<li>\n<p data-path-to-node=\"11,1,1,0,0\"><b>Korkean turvallisuuden lukot:<\/b> Kertak\u00e4ytt\u00f6iset muoviset itsest\u00e4\u00e4n sulkeutuvat klipsit tai kest\u00e4v\u00e4t metallilukot siirron est\u00e4miseksi.<\/p>\n<\/li>\n<li>\n<p data-path-to-node=\"11,1,1,1,0\"><b>Uudelleenk\u00e4ytett\u00e4v\u00e4t lukot:<\/b> S\u00e4\u00e4dett\u00e4v\u00e4 helmi, jonka avulla rannekkeet voi irrottaa ja vy\u00f6tt\u00e4\u00e4 uudelleen.<\/p>\n<\/li>\n<li>\n<p data-path-to-node=\"11,1,1,2,0\"><b>Ymp\u00e4rist\u00f6yst\u00e4v\u00e4lliset lukot:<\/b> Kest\u00e4v\u00e4, kertak\u00e4ytt\u00f6inen bambulukkomme.<\/p>\n<\/li>\n<\/ul>\n<\/li>\n<\/ol>\n<p data-path-to-node=\"12\">N\u00e4m\u00e4 rannekkeet ovat ihanteellinen turvallinen ratkaisu kulunvalvontaan konserteissa, festivaaleilla, juhlissa, hotelleissa ja vesipuistoissa.<\/p>\n<p data-path-to-node=\"13\"><i>(Huomaa: Valmistusprosessin vuoksi suosittelemme toistuvien kuvioiden k\u00e4ytt\u00f6\u00e4 rannekkeen nurjalla puolella optimaalisen tuloksen saavuttamiseksi.)<\/i><\/p>\n<p data-path-to-node=\"14\"><b>T\u00e4rkeimm\u00e4t ominaisuudet:<\/b><\/p>\n<ul data-path-to-node=\"15\">\n<li>\n<p data-path-to-node=\"15,0,0\"><b>Painatus:<\/b> Moniv\u00e4rinen CMYK- tai PMS-sublimaatiopainatuspainatus.<\/p>\n<\/li>\n<li>\n<p data-path-to-node=\"15,1,0\"><b>Materiaali:<\/b> Korkealaatuinen polyesteri (saatavilla my\u00f6s Premium Satin -viimeistelyll\u00e4).<\/p>\n<\/li>\n<li>\n<p data-path-to-node=\"15,2,0\"><b>Turvalukkovaihtoehdot:<\/b> Korkean turvallisuuden takaava (muovi\/metalli), uudelleenk\u00e4ytett\u00e4v\u00e4 helmi tai ymp\u00e4rist\u00f6yst\u00e4v\u00e4llinen bambu.<\/p>\n<\/li>\n<li>\n<p data-path-to-node=\"15,3,0\"><b>Kest\u00e4v\u00e4 ja vedenpit\u00e4v\u00e4:<\/b> Ihanteellinen usean p\u00e4iv\u00e4n tapahtumiin.<\/p>\n<\/li>\n<li>\n<p data-path-to-node=\"15,4,0\"><b>Mukavuus:<\/b> Kevyt ja pehme\u00e4 mukavaan ja pitk\u00e4aikaiseen k\u00e4ytt\u00f6\u00f6n.<\/p>\n<\/li>\n<li>\n<p data-path-to-node=\"15,5,0\"><b>Minimitilaus:<\/b> 100 kappaletta.<\/p>\n<\/li>\n<\/ul>\n<p data-path-to-node=\"16\">\n<\/div>\n<\/div>\n<\/div>\n<\/div>","protected":false},"excerpt":{"rendered":"<ul data-path-to-node=\"7\">\n<li>\n<p data-path-to-node=\"7,0,0\">Eloisa, moniv\u00e4rinen CMYK- tai Pantone-sublimaatiopainatuspainatus.<\/p>\n<\/li>\n<li>\n<p data-path-to-node=\"7,1,0\"><b>Materiaalivaihtoehdot:<\/b> Valitse kest\u00e4v\u00e4st\u00e4 ja vedenpit\u00e4v\u00e4st\u00e4 polyesterist\u00e4 tai ensiluokkaisesta satiinista.<\/p>\n<\/li>\n<li>\n<p data-path-to-node=\"7,2,0\"><b>Lukitusvaihtoehdot:<\/b> Korkean turvallisuuden omaava (kertak\u00e4ytt\u00f6inen muovi\/metalli), uudelleenk\u00e4ytett\u00e4v\u00e4 (s\u00e4\u00e4dett\u00e4v\u00e4 helmi) tai ymp\u00e4rist\u00f6yst\u00e4v\u00e4llinen bambu.<\/p>\n<\/li>\n<li>\n<p data-path-to-node=\"7,3,0\">Mukava, kest\u00e4v\u00e4 ja ihoyst\u00e4v\u00e4llinen useamman p\u00e4iv\u00e4n tapahtumiin.<\/p>\n<\/li>\n<\/ul>","protected":false},"featured_media":6388,"comment_status":"closed","ping_status":"closed","template":"","meta":[],"product_brand":[],"product_cat":[47],"product_tag":[],"class_list":{"0":"post-1203","1":"product","2":"type-product","3":"status-publish","4":"has-post-thumbnail","6":"product_cat-fabric-wristbands","8":"first","9":"instock","10":"shipping-taxable","11":"purchasable","12":"product-type-simple"},"_links":{"self":[{"href":"https:\/\/displayproducts.eu\/fi\/wp-json\/wp\/v2\/product\/1203","targetHints":{"allow":["GET"]}}],"collection":[{"href":"https:\/\/displayproducts.eu\/fi\/wp-json\/wp\/v2\/product"}],"about":[{"href":"https:\/\/displayproducts.eu\/fi\/wp-json\/wp\/v2\/types\/product"}],"replies":[{"embeddable":true,"href":"https:\/\/displayproducts.eu\/fi\/wp-json\/wp\/v2\/comments?post=1203"}],"wp:featuredmedia":[{"embeddable":true,"href":"https:\/\/displayproducts.eu\/fi\/wp-json\/wp\/v2\/media\/6388"}],"wp:attachment":[{"href":"https:\/\/displayproducts.eu\/fi\/wp-json\/wp\/v2\/media?parent=1203"}],"wp:term":[{"taxonomy":"product_brand","embeddable":true,"href":"https:\/\/displayproducts.eu\/fi\/wp-json\/wp\/v2\/product_brand?post=1203"},{"taxonomy":"product_cat","embeddable":true,"href":"https:\/\/displayproducts.eu\/fi\/wp-json\/wp\/v2\/product_cat?post=1203"},{"taxonomy":"product_tag","embeddable":true,"href":"https:\/\/displayproducts.eu\/fi\/wp-json\/wp\/v2\/product_tag?post=1203"}],"curies":[{"name":"wp","href":"https:\/\/api.w.org\/{rel}","templated":true}]}}