{"id":7473,"date":"2026-04-01T19:53:02","date_gmt":"2026-04-01T16:53:02","guid":{"rendered":"https:\/\/displayproducts.eu\/p\/pet-blockout-152x50m\/"},"modified":"2026-04-02T23:13:07","modified_gmt":"2026-04-02T20:13:07","slug":"pet-blockout-152x50m","status":"publish","type":"product","link":"https:\/\/displayproducts.eu\/et\/p\/pet-blockout-152x50m\/","title":{"rendered":"LEMMIKLOOMADE VARJUTUSKAART 1,52x50m"},"content":{"rendered":"<p>PET BLOCKOUT on kvaliteetne materjal, mida kasutatakse graafilise tootmise jaoks roll-upidele, X\/L b\u00e4nneritele, plakatitele ja muudele reklaammaterjalidele. Seda soovitatakse kasutada solvent- ja latekstr\u00fcki jaoks. Materjali esik\u00fclg on valge, tagak\u00fclg aga hall. T\u00e4nu sellele lahendusele ei lase materjal valgust l\u00e4bi ja graafika on suurep\u00e4raselt n\u00e4htav. Materjali servad ei narmenda ega kortsu, mis on madalama kvaliteediga alternatiivide puhul tavaline.<\/p>","protected":false},"excerpt":{"rendered":"<p>PET BLOCKOUT is a high quality material used for graphic production to rollups, X\/L banners, posters and other advertising materials. It is recommended for solvent and latex printing. The front of the material is white, whereas the back is grey. Thanks to this solution, the material does not let the light go through it and [&hellip;]<\/p>","protected":false},"featured_media":7474,"comment_status":"closed","ping_status":"open","template":"","meta":[],"product_brand":[],"product_cat":[246,231,161,232,254],"product_tag":[],"class_list":{"0":"post-7473","1":"product","2":"type-product","3":"status-publish","4":"has-post-thumbnail","6":"product_cat-banners","7":"product_cat-industry","8":"product_cat-printing-materials","9":"product_cat-retail-point-of-sale-pos","10":"product_cat-roll-ups","12":"first","13":"instock","14":"product-type-simple"},"_links":{"self":[{"href":"https:\/\/displayproducts.eu\/et\/wp-json\/wp\/v2\/product\/7473","targetHints":{"allow":["GET"]}}],"collection":[{"href":"https:\/\/displayproducts.eu\/et\/wp-json\/wp\/v2\/product"}],"about":[{"href":"https:\/\/displayproducts.eu\/et\/wp-json\/wp\/v2\/types\/product"}],"replies":[{"embeddable":true,"href":"https:\/\/displayproducts.eu\/et\/wp-json\/wp\/v2\/comments?post=7473"}],"wp:featuredmedia":[{"embeddable":true,"href":"https:\/\/displayproducts.eu\/et\/wp-json\/wp\/v2\/media\/7474"}],"wp:attachment":[{"href":"https:\/\/displayproducts.eu\/et\/wp-json\/wp\/v2\/media?parent=7473"}],"wp:term":[{"taxonomy":"product_brand","embeddable":true,"href":"https:\/\/displayproducts.eu\/et\/wp-json\/wp\/v2\/product_brand?post=7473"},{"taxonomy":"product_cat","embeddable":true,"href":"https:\/\/displayproducts.eu\/et\/wp-json\/wp\/v2\/product_cat?post=7473"},{"taxonomy":"product_tag","embeddable":true,"href":"https:\/\/displayproducts.eu\/et\/wp-json\/wp\/v2\/product_tag?post=7473"}],"curies":[{"name":"wp","href":"https:\/\/api.w.org\/{rel}","templated":true}]}}