{"id":6857,"date":"2026-01-15T16:48:49","date_gmt":"2026-01-15T13:48:49","guid":{"rendered":"https:\/\/wristbandfactory.eu\/?post_type=product&#038;p=6857"},"modified":"2026-04-01T21:52:34","modified_gmt":"2026-04-01T18:52:34","slug":"custom-lanyards-with-metal-bulldog-clip","status":"publish","type":"product","link":"https:\/\/displayproducts.eu\/et\/p\/custom-lanyards-with-metal-bulldog-clip\/","title":{"rendered":"Logoga kaelapaelad metallist n\u00e4pitsklambriga"},"content":{"rendered":"<p data-path-to-node=\"4\">Sujuvamaks muutke oma \u00fcritusele registreerimise protsessi meie abil <b data-path-to-node=\"4\" data-index-in-node=\"73\">Eridisainiga kaelapaelad metallist buldogiklambriga<\/b>. Seda kinnitusvahendit, mida sageli kirjeldatakse kui \u201cpesul\u00f5ksu\u201d t\u00fc\u00fcpi kinnitust, on oma kiiruse ja mitmek\u00fclgsuse t\u00f5ttu konverentside ja messide lemmik. Vedruga l\u00f5uad avanevad n\u00e4pistamise abil kergesti, v\u00f5imaldades teil ID-kaarte, p\u00e4\u00e4smeid v\u00f5i plastmassist rahakotte koheselt kinnitada \u2013 isegi neid, millel pole spetsiaalset auguava.<\/p>\n<h2 data-path-to-node=\"5\">Peamised omadused<\/h2>\n<ul data-path-to-node=\"6\">\n<li>\n<p data-path-to-node=\"6,0,0\"><b data-path-to-node=\"6,0,0\" data-index-in-node=\"0\">Mitmek\u00fclgne kinnitus:<\/b> Erinevalt konksudest, mis vajavad kindlat augu suurust, saavad Bulldogi klambriga l\u00f5uad haarduda peaaegu iga m\u00e4rgihoidja, laminaadi v\u00f5i kaardi servaga.<\/p>\n<\/li>\n<li>\n<p data-path-to-node=\"6,1,0\"><b data-path-to-node=\"6,1,0\" data-index-in-node=\"0\">V\u00e4\u00e4ndumisvastane stabiilsus:<\/b> Lai haardeala tagab, et ID-kaardid ripuvad sirgelt ja ettepoole, hoides nimed ja logod kogu aeg n\u00e4htaval.<\/p>\n<\/li>\n<li>\n<p data-path-to-node=\"6,2,0\"><b data-path-to-node=\"6,2,0\" data-index-in-node=\"0\">Materjalidele \u00f5rn:<\/b> Kuigi haare on tugev, on siledad metalll\u00f5uad loodud nii, et need hoiavad kindlalt kinni ilma standardseid PVC-kotte kahjustamata.<\/p>\n<\/li>\n<li>\n<p data-path-to-node=\"6,3,0\"><b data-path-to-node=\"6,3,0\" data-index-in-node=\"0\">T\u00e4ielik sublimatsioonitr\u00fckk:<\/b> Paelarihm ise on servast servani tr\u00fckitud erksav\u00e4rviliselt, tagades, et teie br\u00e4nd sobib klambri esmaklassilise otstarbega.<\/p>\n<\/li>\n<\/ul>\n<h2 data-path-to-node=\"7\">Spetsifikatsioonid<\/h2>\n<ul data-path-to-node=\"8\">\n<li>\n<p data-path-to-node=\"8,0,0\"><b data-path-to-node=\"8,0,0\" data-index-in-node=\"0\">Materjal:<\/b> 100% sile pol\u00fcester.<\/p>\n<\/li>\n<li>\n<p data-path-to-node=\"8,1,0\"><b data-path-to-node=\"8,1,0\" data-index-in-node=\"0\">Lisatud:<\/b> Nikeldatud metallist buldogklamber (m\u00e4rgiklamber).<\/p>\n<\/li>\n<li>\n<p data-path-to-node=\"8,2,0\"><b data-path-to-node=\"8,2,0\" data-index-in-node=\"0\">Printimismeetod:<\/b> T\u00e4isv\u00e4rviline v\u00e4rvisublimatsioon.<\/p>\n<\/li>\n<li>\n<p data-path-to-node=\"8,3,0\"><b data-path-to-node=\"8,3,0\" data-index-in-node=\"0\">Klambri laius:<\/b> Standardne ~10 mm l\u00f5ualuu laius kindla kinnituse tagamiseks.<\/p>\n<\/li>\n<li>\n<p data-path-to-node=\"8,4,0\"><b data-path-to-node=\"8,4,0\" data-index-in-node=\"0\">Saadaval olevad laiused:<\/b> 15 mm, 20 mm, 25 mm.<\/p>\n<\/li>\n<\/ul>\n<h2 data-path-to-node=\"9\">Kasutusjuhud<\/h2>\n<ul data-path-to-node=\"10\">\n<li>\n<p data-path-to-node=\"10,0,0\"><b data-path-to-node=\"10,0,0\" data-index-in-node=\"0\">Konverentsid ja messid:<\/b> Kiireim viis m\u00e4rkide kinnitamiseks kaelapaeltele suuremahuliste registreerimiste ajal.<\/p>\n<\/li>\n<li>\n<p data-path-to-node=\"10,1,0\"><b data-path-to-node=\"10,1,0\" data-index-in-node=\"0\">K\u00fclastajapassid:<\/b> Ideaalne ajutiste m\u00e4rkide jaoks, mida tuleb koguda ja taaskasutada.<\/p>\n<\/li>\n<li>\n<p data-path-to-node=\"10,2,0\"><b data-path-to-node=\"10,2,0\" data-index-in-node=\"0\">Personali vormiriietus:<\/b> Saab kinnitada krae v\u00f5i taskute k\u00fclge, kui kaelapaela ei eelistata.<\/p>\n<\/li>\n<\/ul>","protected":false},"excerpt":{"rendered":"<ul>\n<li>\n<p data-path-to-node=\"3,0,0\"><b data-path-to-node=\"3,0,0\" data-index-in-node=\"0\">Pesul\u00f5ksu stiilis tegevus:<\/b> Lihtsalt avatav \u201cbuldogi\u201d mehhanism kinnitub kindlalt m\u00e4rgihoidjate v\u00f5i riiete k\u00fclge ilma augu tegemata.<\/p>\n<\/li>\n<li>\n<p data-path-to-node=\"3,1,0\"><b data-path-to-node=\"3,1,0\" data-index-in-node=\"0\">Stabiilne kuva:<\/b> Laiad ja lamedad l\u00f5uad haaravad m\u00e4rki kindlalt, takistades selle keerdumist v\u00f5i nihkumist.<\/p>\n<\/li>\n<li>\n<p data-path-to-node=\"3,2,0\"><b data-path-to-node=\"3,2,0\" data-index-in-node=\"0\">Kahekordne kinnitus:<\/b> Saab kinnitada plastist ID-tasku k\u00fclge v\u00f5i otse s\u00e4rgitasku v\u00f5i rev\u00e4\u00e4ri k\u00fclge.<\/p>\n<\/li>\n<li>\n<p data-path-to-node=\"3,3,0\"><b data-path-to-node=\"3,3,0\" data-index-in-node=\"0\">Vastupidav metallkonstruktsioon:<\/b> Valmistatud nikeldatud terasest, et tagada vedru pikaajaline p\u00fcsivus ja tugevus.<\/p>\n<\/li>\n<\/ul>","protected":false},"featured_media":6858,"comment_status":"closed","ping_status":"closed","template":"","meta":[],"product_brand":[],"product_cat":[104],"product_tag":[],"class_list":{"0":"post-6857","1":"product","2":"type-product","3":"status-publish","4":"has-post-thumbnail","6":"product_cat-custom-printed-lanyards","8":"first","9":"instock","10":"shipping-taxable","11":"purchasable","12":"product-type-simple"},"_links":{"self":[{"href":"https:\/\/displayproducts.eu\/et\/wp-json\/wp\/v2\/product\/6857","targetHints":{"allow":["GET"]}}],"collection":[{"href":"https:\/\/displayproducts.eu\/et\/wp-json\/wp\/v2\/product"}],"about":[{"href":"https:\/\/displayproducts.eu\/et\/wp-json\/wp\/v2\/types\/product"}],"replies":[{"embeddable":true,"href":"https:\/\/displayproducts.eu\/et\/wp-json\/wp\/v2\/comments?post=6857"}],"wp:featuredmedia":[{"embeddable":true,"href":"https:\/\/displayproducts.eu\/et\/wp-json\/wp\/v2\/media\/6858"}],"wp:attachment":[{"href":"https:\/\/displayproducts.eu\/et\/wp-json\/wp\/v2\/media?parent=6857"}],"wp:term":[{"taxonomy":"product_brand","embeddable":true,"href":"https:\/\/displayproducts.eu\/et\/wp-json\/wp\/v2\/product_brand?post=6857"},{"taxonomy":"product_cat","embeddable":true,"href":"https:\/\/displayproducts.eu\/et\/wp-json\/wp\/v2\/product_cat?post=6857"},{"taxonomy":"product_tag","embeddable":true,"href":"https:\/\/displayproducts.eu\/et\/wp-json\/wp\/v2\/product_tag?post=6857"}],"curies":[{"name":"wp","href":"https:\/\/api.w.org\/{rel}","templated":true}]}}