{"id":6618,"date":"2026-01-09T15:51:34","date_gmt":"2026-01-09T12:51:34","guid":{"rendered":"https:\/\/wristbandfactory.eu\/?post_type=product&#038;p=6618"},"modified":"2026-04-01T21:52:34","modified_gmt":"2026-04-01T18:52:34","slug":"custom-natural-cork-wristbands","status":"publish","type":"product","link":"https:\/\/displayproducts.eu\/et\/p\/custom-natural-cork-wristbands\/","title":{"rendered":"Naturaalsest korgist k\u00e4epaelad"},"content":{"rendered":"<p data-path-to-node=\"10\">Tee julge avaldus j\u00e4tkusuutlikkuse kohta meie abil <b data-path-to-node=\"10\" data-index-in-node=\"77\">Naturaalsest korgist k\u00e4epaelad<\/b>. See materjal, mis on korjatud korgitamme koorest puud ennast kahjustamata, on \u00fcks keskkonnas\u00f5bralikumaid saadaolevaid ressursse. Need k\u00e4epaelad on ideaalne valik keskkonnakonverentsidele, looduskuurortidesse ja festivalidele, mis soovivad plastj\u00e4\u00e4tmetest vabaneda, pakkudes samal ajal k\u00fclalistele esmaklassilist aksessuaari.<\/p>\n<p data-path-to-node=\"11\">Erinevalt s\u00fcnteetilistest materjalidest on igal korgist k\u00e4epaelal ainulaadne looduslik kiudude muster. Materjal on naha vastas pehme, kerge ja \u00fcllatavalt vastupidav \u2013 loomulikult vett ja higi t\u00f5rjuv. \u00dclima \u00f6koloogilise v\u00e4limuse saavutamiseks soovitame <b data-path-to-node=\"11\" data-index-in-node=\"239\">Lasergraveerimine<\/b> teie logo, mis loob tumeda ja terava kontrasti kuldse korgi taustaga ilma keemilisi tinti kasutamata.<\/p>\n<h2 data-path-to-node=\"12\">Peamised omadused<\/h2>\n<ul data-path-to-node=\"13\">\n<li>\n<p data-path-to-node=\"13,0,0\"><b data-path-to-node=\"13,0,0\" data-index-in-node=\"0\">Taastuv ressurss:<\/b> Kork on korjatud s\u00e4\u00e4stvalt; puu taastab oma koore, muutes selle s\u00fc\u00fcmepiinadeta tooteks.<\/p>\n<\/li>\n<li>\n<p data-path-to-node=\"13,1,0\"><b data-path-to-node=\"13,1,0\" data-index-in-node=\"0\">Premium-br\u00e4nding:<\/b> Valige terava musta siiditr\u00fcki v\u00f5i keeruka lasergraveeringu vahel, et saavutada kombatav tunne.<\/p>\n<\/li>\n<li>\n<p data-path-to-node=\"13,2,0\"><b data-path-to-node=\"13,2,0\" data-index-in-node=\"0\">Turvaline lukustamine:<\/b> Saadaval j\u00e4tkusuutliku <b data-path-to-node=\"13,2,0\" data-index-in-node=\"45\">Puidust liugur<\/b> v\u00f5i bambushelmega 100% plastikvaba profiili viimistlemiseks (saadaval on ka standardsed plastlukud).<\/p>\n<\/li>\n<li>\n<p data-path-to-node=\"13,3,0\"><b data-path-to-node=\"13,3,0\" data-index-in-node=\"0\">H\u00fcpoallergeenne:<\/b> Ideaalne tundliku nahaga k\u00fclalistele, kuna kork on tolmu- ja bakterikindel.<\/p>\n<\/li>\n<\/ul>\n<h2 data-path-to-node=\"14\">Spetsifikatsioonid<\/h2>\n<ul data-path-to-node=\"15\">\n<li>\n<p data-path-to-node=\"15,0,0\"><b data-path-to-node=\"15,0,0\" data-index-in-node=\"0\">Materjal:<\/b> Naturaalne korgikiht (tugevdatud aluskiht)<\/p>\n<\/li>\n<li>\n<p data-path-to-node=\"15,1,0\"><b data-path-to-node=\"15,1,0\" data-index-in-node=\"0\">Br\u00e4ndingu meetod:<\/b> Lasergraveerimine (soovitatav) v\u00f5i siiditr\u00fckk<\/p>\n<\/li>\n<li>\n<p data-path-to-node=\"15,2,0\"><b data-path-to-node=\"15,2,0\" data-index-in-node=\"0\">Suurus:<\/b> 350 mm x 15 mm (reguleeritav)<\/p>\n<\/li>\n<li>\n<p data-path-to-node=\"15,3,0\"><b data-path-to-node=\"15,3,0\" data-index-in-node=\"0\">Veekindel:<\/b> Jah (loomulikult veekindel)<\/p>\n<\/li>\n<li>\n<p data-path-to-node=\"15,4,0\"><b data-path-to-node=\"15,4,0\" data-index-in-node=\"0\">Lukustusvalikud:<\/b> Puidust helmed, bambusest liugur v\u00f5i taaskasutatud plast<\/p>\n<\/li>\n<li>\n<p data-path-to-node=\"15,5,0\"><b data-path-to-node=\"15,5,0\" data-index-in-node=\"0\">Minimaalne kogus:<\/b> 100 \u00fchikut<\/p>\n<\/li>\n<\/ul>\n<h2 data-path-to-node=\"16\">Kasutusjuhud<\/h2>\n<ul data-path-to-node=\"17\">\n<li>\n<p data-path-to-node=\"17,0,0\"><b data-path-to-node=\"17,0,0\" data-index-in-node=\"0\">J\u00e4tkusuutlikkuse konverentsid:<\/b> Ideaalne alus kliimale ja keskkonnale keskenduvateks \u00fcritusteks.<\/p>\n<\/li>\n<li>\n<p data-path-to-node=\"17,1,0\"><b data-path-to-node=\"17,1,0\" data-index-in-node=\"0\">\u00d6kokuurordid ja glamping:<\/b> Sobib luksuslike v\u00e4listingimustes majutuskohtade loomuliku esteetikaga.<\/p>\n<\/li>\n<li>\n<p data-path-to-node=\"17,2,0\"><b data-path-to-node=\"17,2,0\" data-index-in-node=\"0\">Veinifestivalid:<\/b> Temaatiline seos veinikorkidega muudab selle l\u00f5busaks ja asjakohaseks br\u00e4ndinguvahendiks.<\/p>\n<\/li>\n<li>\n<p data-path-to-node=\"17,3,0\"><b data-path-to-node=\"17,3,0\" data-index-in-node=\"0\">Heategevusgalad:<\/b> Elegantne ja tagasihoidlik v\u00e4limus tipptasemel heategevus\u00fcrituste jaoks.<\/p>\n<\/li>\n<\/ul>","protected":false},"excerpt":{"rendered":"<ul>\n<li>\n<p data-path-to-node=\"9,0,0\"><b data-path-to-node=\"9,0,0\" data-index-in-node=\"0\">100% loomulik esteetika:<\/b> Valmistatud ehtsast korgist, millel on ainulaadne, orgaaniline puidulaadne tekstuur.<\/p>\n<\/li>\n<li>\n<p data-path-to-node=\"9,1,0\"><b data-path-to-node=\"9,1,0\" data-index-in-node=\"0\">Keskkonnas\u00f5bralik valik:<\/b> Taastuv, biolagunev alternatiiv plastikule, ideaalne rohelisteks \u00fcritusteks.<\/p>\n<\/li>\n<li>\n<p data-path-to-node=\"9,2,0\"><b data-path-to-node=\"9,2,0\" data-index-in-node=\"0\">Lasergraveerimine:<\/b> Br\u00e4nding p\u00f5letatakse otse korki, et saavutada p\u00fcsiv ja kvaliteetne viimistlus (saadaval on ka tindiga tr\u00fckkimine).<\/p>\n<\/li>\n<li>\n<p data-path-to-node=\"9,3,0\"><b data-path-to-node=\"9,3,0\" data-index-in-node=\"0\">Loomulikult vastupidav:<\/b> Kork on loomulikult veekindel, h\u00fcpoallergeenne ja mugav pikaajaliseks kandmiseks.<\/p>\n<\/li>\n<\/ul>","protected":false},"featured_media":6620,"comment_status":"closed","ping_status":"closed","template":"","meta":[],"product_brand":[],"product_cat":[133,47],"product_tag":[],"class_list":{"0":"post-6618","1":"product","2":"type-product","3":"status-publish","4":"has-post-thumbnail","6":"product_cat-eco-friendly-wristbands","7":"product_cat-fabric-wristbands","9":"first","10":"instock","11":"shipping-taxable","12":"purchasable","13":"product-type-simple"},"_links":{"self":[{"href":"https:\/\/displayproducts.eu\/et\/wp-json\/wp\/v2\/product\/6618","targetHints":{"allow":["GET"]}}],"collection":[{"href":"https:\/\/displayproducts.eu\/et\/wp-json\/wp\/v2\/product"}],"about":[{"href":"https:\/\/displayproducts.eu\/et\/wp-json\/wp\/v2\/types\/product"}],"replies":[{"embeddable":true,"href":"https:\/\/displayproducts.eu\/et\/wp-json\/wp\/v2\/comments?post=6618"}],"wp:featuredmedia":[{"embeddable":true,"href":"https:\/\/displayproducts.eu\/et\/wp-json\/wp\/v2\/media\/6620"}],"wp:attachment":[{"href":"https:\/\/displayproducts.eu\/et\/wp-json\/wp\/v2\/media?parent=6618"}],"wp:term":[{"taxonomy":"product_brand","embeddable":true,"href":"https:\/\/displayproducts.eu\/et\/wp-json\/wp\/v2\/product_brand?post=6618"},{"taxonomy":"product_cat","embeddable":true,"href":"https:\/\/displayproducts.eu\/et\/wp-json\/wp\/v2\/product_cat?post=6618"},{"taxonomy":"product_tag","embeddable":true,"href":"https:\/\/displayproducts.eu\/et\/wp-json\/wp\/v2\/product_tag?post=6618"}],"curies":[{"name":"wp","href":"https:\/\/api.w.org\/{rel}","templated":true}]}}