{"id":6232,"date":"2025-12-20T18:21:12","date_gmt":"2025-12-20T15:21:12","guid":{"rendered":"https:\/\/wristbandfactory.eu\/?post_type=product&#038;p=6232"},"modified":"2026-04-01T21:52:03","modified_gmt":"2026-04-01T18:52:03","slug":"custom-printed-beer-coasters-drink-mats-absorbent-pulpboard","status":"publish","type":"product","link":"https:\/\/displayproducts.eu\/et\/p\/custom-printed-beer-coasters-drink-mats-absorbent-pulpboard\/","title":{"rendered":"Logoga \u00f5llealused"},"content":{"rendered":"<p data-path-to-node=\"10\">Muutke iga laud reklaamtahvliks meie abil <b data-path-to-node=\"10\" data-index-in-node=\"68\">Eridisainiga tr\u00fckitud \u00f5llealused<\/b>. Need joogialused on enamat kui lihtsalt praktiline vahend m\u00f6\u00f6bli kaitsmiseks lekete ja kondensatsiooni eest, vaid ka v\u00f5imas ja k\u00f5rgsageduslik turundusmeedium. Olenemata sellest, kas peate \u00f5lletehast, baari v\u00f5i korraldate suuremahulist firma\u00fcritust, panevad eridisainiga joogialused teie br\u00e4ndi s\u00f5na otseses m\u00f5ttes publiku k\u00e4tte.<\/p>\n<p data-path-to-node=\"11\">Me julgustame teid <b data-path-to-node=\"11\" data-index-in-node=\"20\">kasuta oma kujutlusv\u00f5imet<\/b>. Kuna need joogialused on tr\u00fckitud t\u00e4isv\u00e4rvides, ei piirdu te lihtsa logoga. Kasutage kahepoolse printimise v\u00f5imalust v\u00f5istluste korraldamiseks, kokteiliretseptide jagamiseks v\u00f5i QR-koodide kuvamiseks, mis edendavad digitaalset kaasatust.<\/p>\n<h2 data-path-to-node=\"12\">Peamised omadused<\/h2>\n<ul data-path-to-node=\"13\">\n<li>\n<p data-path-to-node=\"13,0,0\"><b data-path-to-node=\"13,0,0\" data-index-in-node=\"0\">Suurep\u00e4rane imamisv\u00f5ime:<\/b> Valmistatud spetsiaalsest alusplaadist (puidupaberist), mis on loodud niiskust imama ilma lagunemata, hoides pinnad kuivana.<\/p>\n<\/li>\n<li>\n<p data-path-to-node=\"13,1,0\"><b data-path-to-node=\"13,1,0\" data-index-in-node=\"0\">Kahepoolne br\u00e4nding:<\/b> Maksimeeri oma s\u00f5numit, printides esi- ja tagak\u00fcljele erinevad kujundused \u2013 ideaalne ristreklaamide v\u00f5i \u00fcllatuss\u00f5numite jaoks.<\/p>\n<\/li>\n<li>\n<p data-path-to-node=\"13,2,0\"><b data-path-to-node=\"13,2,0\" data-index-in-node=\"0\">Kuju mitmekesisus:<\/b> Saadaval klassikalises <b data-path-to-node=\"13,2,0\" data-index-in-node=\"36\">\u00dcmmargune<\/b> v\u00f5i <b data-path-to-node=\"13,2,0\" data-index-in-node=\"45\">Ruut<\/b> \u00fcmarate nurkadega formaadid, mis sobivad teie esteetikaga.<\/p>\n<\/li>\n<li>\n<p data-path-to-node=\"13,3,0\"><b data-path-to-node=\"13,3,0\" data-index-in-node=\"0\">Fotokvaliteediga printimine:<\/b> Meie ofsettr\u00fckiprotsess tagab erksad v\u00e4rvid ja teravad detailid, mis muudavad teie kujunduse silmapaistvaks.<\/p>\n<\/li>\n<\/ul>\n<h2 data-path-to-node=\"14\">Spetsifikatsioonid<\/h2>\n<ul data-path-to-node=\"15\">\n<li>\n<p data-path-to-node=\"15,0,0\"><b data-path-to-node=\"15,0,0\" data-index-in-node=\"0\">Materjal:<\/b> Suure tihedusega imav tselluloosiplaat (\u00f5llemattplaat).<\/p>\n<\/li>\n<li>\n<p data-path-to-node=\"15,1,0\"><b data-path-to-node=\"15,1,0\" data-index-in-node=\"0\">Standardsed kujundid:<\/b><\/p>\n<ul data-path-to-node=\"15,1,1\">\n<li>\n<p data-path-to-node=\"15,1,1,0,0\">\u00dcmmargune (\u00d8 107 mm v\u00f5i \u00d8 93 mm).<\/p>\n<\/li>\n<li>\n<p data-path-to-node=\"15,1,1,1,0\">Ruudukujuline (93 \u00d7 93 mm v\u00f5i 107 \u00d7 107 mm) \u00fcmarate nurkadega.<\/p>\n<\/li>\n<\/ul>\n<\/li>\n<li>\n<p data-path-to-node=\"15,2,0\"><b data-path-to-node=\"15,2,0\" data-index-in-node=\"0\">Paksuse valikud:<\/b> Standardne 1,2 mm, Premium 1,6 mm v\u00f5i vastupidav 2,0 mm.<\/p>\n<\/li>\n<li>\n<p data-path-to-node=\"15,3,0\"><b data-path-to-node=\"15,3,0\" data-index-in-node=\"0\">Tr\u00fckkimine:<\/b> T\u00e4isv\u00e4rviline ofsettr\u00fckk (CMYK) m\u00f5lemal k\u00fcljel.<\/p>\n<\/li>\n<\/ul>\n<h2 data-path-to-node=\"16\">Kasutusjuhud<\/h2>\n<ul data-path-to-node=\"17\">\n<li>\n<p data-path-to-node=\"17,0,0\"><b data-path-to-node=\"17,0,0\" data-index-in-node=\"0\">\u00d5lletehased ja baarid:<\/b> H\u00e4davajalik vaadi\u00f5lle serveerimiseks ja br\u00e4ndi identiteedi tugevdamiseks.<\/p>\n<\/li>\n<li>\n<p data-path-to-node=\"17,1,0\"><b data-path-to-node=\"17,1,0\" data-index-in-node=\"0\">Pulmad ja peod:<\/b> Personaalsed joogialused lisavad lauakujundusele ainulaadse h\u00f5ngu ja toimivad m\u00e4lestusesemetena.<\/p>\n<\/li>\n<li>\n<p data-path-to-node=\"17,2,0\"><b data-path-to-node=\"17,2,0\" data-index-in-node=\"0\">Geriljaturundus:<\/b> Jagage neid partnerkohtades, et reklaamida rakenduse turuletoomist, festivali v\u00f5i taksoteenust.<\/p>\n<\/li>\n<\/ul>","protected":false},"excerpt":{"rendered":"<ul>\n<li>\n<p data-path-to-node=\"9,0,0\"><b data-path-to-node=\"9,0,0\" data-index-in-node=\"0\">V\u00e4ga imav:<\/b> Valmistatud kvaliteetsest paberimassist, mis imab t\u00f5husalt kondensatsiooni, kaitstes laudu ja m\u00f6\u00f6blit.<\/p>\n<\/li>\n<li>\n<p data-path-to-node=\"9,1,0\"><b data-path-to-node=\"9,1,0\" data-index-in-node=\"0\">Maksimaalne s\u00e4ritus:<\/b> Asetatakse otse kliendi ette, tagades, et teie br\u00e4nd on iga lonksuga n\u00e4htav.<\/p>\n<\/li>\n<li>\n<p data-path-to-node=\"9,2,0\"><b data-path-to-node=\"9,2,0\" data-index-in-node=\"0\">Loovturundus:<\/b> Ideaalne QR-koodide, viktoriinide v\u00f5i kogutavate esemete seeriate jaoks, et kliente interaktiivselt kaasata.<\/p>\n<\/li>\n<li>\n<p data-path-to-node=\"9,3,0\"><b data-path-to-node=\"9,3,0\" data-index-in-node=\"0\">Kulut\u00f5hus:<\/b> Taskukohane ja suuremahuline reklaamivahend, mis tagab investeeringult suure tasuvuse.<\/p>\n<\/li>\n<\/ul>","protected":false},"featured_media":6233,"comment_status":"closed","ping_status":"closed","template":"","meta":[],"product_brand":[],"product_cat":[119],"product_tag":[],"class_list":{"0":"post-6232","1":"product","2":"type-product","3":"status-publish","4":"has-post-thumbnail","6":"product_cat-drinkware-accessories","8":"first","9":"instock","10":"shipping-taxable","11":"purchasable","12":"product-type-simple"},"_links":{"self":[{"href":"https:\/\/displayproducts.eu\/et\/wp-json\/wp\/v2\/product\/6232","targetHints":{"allow":["GET"]}}],"collection":[{"href":"https:\/\/displayproducts.eu\/et\/wp-json\/wp\/v2\/product"}],"about":[{"href":"https:\/\/displayproducts.eu\/et\/wp-json\/wp\/v2\/types\/product"}],"replies":[{"embeddable":true,"href":"https:\/\/displayproducts.eu\/et\/wp-json\/wp\/v2\/comments?post=6232"}],"wp:featuredmedia":[{"embeddable":true,"href":"https:\/\/displayproducts.eu\/et\/wp-json\/wp\/v2\/media\/6233"}],"wp:attachment":[{"href":"https:\/\/displayproducts.eu\/et\/wp-json\/wp\/v2\/media?parent=6232"}],"wp:term":[{"taxonomy":"product_brand","embeddable":true,"href":"https:\/\/displayproducts.eu\/et\/wp-json\/wp\/v2\/product_brand?post=6232"},{"taxonomy":"product_cat","embeddable":true,"href":"https:\/\/displayproducts.eu\/et\/wp-json\/wp\/v2\/product_cat?post=6232"},{"taxonomy":"product_tag","embeddable":true,"href":"https:\/\/displayproducts.eu\/et\/wp-json\/wp\/v2\/product_tag?post=6232"}],"curies":[{"name":"wp","href":"https:\/\/api.w.org\/{rel}","templated":true}]}}