{"id":6212,"date":"2025-12-20T17:41:19","date_gmt":"2025-12-20T14:41:19","guid":{"rendered":"https:\/\/wristbandfactory.eu\/?post_type=product&#038;p=6212"},"modified":"2026-04-01T21:52:03","modified_gmt":"2026-04-01T18:52:03","slug":"custom-metal-lapel-pins-with-3d-domed-logo-epoxy","status":"publish","type":"product","link":"https:\/\/displayproducts.eu\/et\/p\/custom-metal-lapel-pins-with-3d-domed-logo-epoxy\/","title":{"rendered":"Logoga metallist rinnam\u00e4rgid (kristallkleebisega)"},"content":{"rendered":"<p data-path-to-node=\"10\">J\u00e4ta p\u00fcsiv mulje meie toodetega <b data-path-to-node=\"10\" data-index-in-node=\"62\">Eridisainiga metallist rinnan\u00f5elad 3D-kuplikujuliste kleebistega<\/b>. Need n\u00f6\u00f6pn\u00f5elad pakuvad ideaalset tasakaalu metallaluse esmaklassilise raskuse ja digitaaltr\u00fcki moodsa mitmek\u00fclgsuse vahel. Need on ideaalne lahendus br\u00e4ndidele, millel on keerukad logod, gradientv\u00e4rvid v\u00f5i fotoelemendid, mida tavalised emailn\u00f6\u00f6pn\u00f5elad ei suuda korrata.<\/p>\n<p data-path-to-node=\"11\">Iga n\u00f6\u00f6pn\u00f5el koosneb eritellimusel valmistatud metallalusest, mille peal on k\u00f5rglahutusega isekleepuv tr\u00fckis. Seej\u00e4rel kapseldatakse see l\u00e4bipaistvasse ja vastupidavasse pol\u00fcuretaanvaiku (kuplikujuline kate), luues keeruka 3D-l\u00e4\u00e4tseefekti, mis toob esile v\u00e4rvid ja kaitseb kujundust kulumise ja pleekimise eest.<\/p>\n<h2 data-path-to-node=\"12\">Peamised omadused<\/h2>\n<ul data-path-to-node=\"13\">\n<li>\n<p data-path-to-node=\"13,0,0\"><b data-path-to-node=\"13,0,0\" data-index-in-node=\"0\">Piiramatu disainipotentsiaal:<\/b> Erinevalt stantsklemmidest toetab meie dome-protsess t\u00e4isv\u00e4rvilist CMYK-printimist, mis t\u00e4hendab, et gradientide v\u00f5i peente detailide osas pole piiranguid.<\/p>\n<\/li>\n<li>\n<p data-path-to-node=\"13,1,0\"><b data-path-to-node=\"13,1,0\" data-index-in-node=\"0\">Kaitsev viimistlus:<\/b> Vaigust kuppel muudab tihvti kriimustuskindlaks, UV-kindlaks ja piisavalt vastupidavaks igap\u00e4evaseks kandmiseks.<\/p>\n<\/li>\n<li>\n<p data-path-to-node=\"13,2,0\"><b data-path-to-node=\"13,2,0\" data-index-in-node=\"0\">Professionaalne esitlus:<\/b> Poleeritud metalli ja l\u00e4ikiva vaigu kombinatsioon loob k\u00f5rge tajutava v\u00e4\u00e4rtuse, mis sobib ettev\u00f5tte riietuseks.<\/p>\n<\/li>\n<li>\n<p data-path-to-node=\"13,3,0\"><b data-path-to-node=\"13,3,0\" data-index-in-node=\"0\">Turvaline kinnitus:<\/b> Standardvarustuses on kasutajas\u00f5bralik liblikl\u00fcliti, mis hoiab \u00e4ra p\u00f6\u00f6rlemise ja juhusliku kaotsimineku.<\/p>\n<\/li>\n<\/ul>\n<h2 data-path-to-node=\"14\">Spetsifikatsioonid<\/h2>\n<ul data-path-to-node=\"15\">\n<li>\n<p data-path-to-node=\"15,0,0\"><b data-path-to-node=\"15,0,0\" data-index-in-node=\"0\">Materjal:<\/b> Metallisulamist alus + pol\u00fcuretaanvaigust kuppel.<\/p>\n<\/li>\n<li>\n<p data-path-to-node=\"15,1,0\"><b data-path-to-node=\"15,1,0\" data-index-in-node=\"0\">Tr\u00fckkimine:<\/b> Digitaalne t\u00e4isv\u00e4rviline (CMYK).<\/p>\n<\/li>\n<li>\n<p data-path-to-node=\"15,2,0\"><b data-path-to-node=\"15,2,0\" data-index-in-node=\"0\">Kuju:<\/b> T\u00e4ielikult kohandatav (l\u00f5igatav vastavalt kuju).<\/p>\n<\/li>\n<li>\n<p data-path-to-node=\"15,3,0\"><b data-path-to-node=\"15,3,0\" data-index-in-node=\"0\">Standardne manus:<\/b> Liblikas sidur (liblikn\u00f5el).<\/p>\n<\/li>\n<li>\n<p data-path-to-node=\"15,4,0\"><b data-path-to-node=\"15,4,0\" data-index-in-node=\"0\">Valikuline manus:<\/b> Neod\u00fc\u00fcmmagnet (riietele ohutu, ei torka l\u00e4bi).<\/p>\n<\/li>\n<li>\n<p data-path-to-node=\"15,5,0\"><b data-path-to-node=\"15,5,0\" data-index-in-node=\"0\">Pakendivalikud:<\/b><\/p>\n<ul data-path-to-node=\"15,5,1\">\n<li>\n<p data-path-to-node=\"15,5,1,0,0\">Lahtiselt (standardne).<\/p>\n<\/li>\n<li>\n<p data-path-to-node=\"15,5,1,1,0\">Individuaalne pol\u00fckott tr\u00fckitud aluskaardiga.<\/p>\n<\/li>\n<li>\n<p data-path-to-node=\"15,5,1,2,0\">Premium ehtekarp (auhindade\/kingituste jaoks).<\/p>\n<\/li>\n<\/ul>\n<\/li>\n<\/ul>\n<h2 data-path-to-node=\"16\">Kasutusjuhud<\/h2>\n<ul data-path-to-node=\"17\">\n<li>\n<p data-path-to-node=\"17,0,0\"><b data-path-to-node=\"17,0,0\" data-index-in-node=\"0\">Ettev\u00f5tte identiteet:<\/b> Pangat\u00f6\u00f6tajate, hotellit\u00f6\u00f6tajate ja lennufirma meeskondade igap\u00e4evase vormiriietuse osa.<\/p>\n<\/li>\n<li>\n<p data-path-to-node=\"17,1,0\"><b data-path-to-node=\"17,1,0\" data-index-in-node=\"0\">Reklaamikampaaniad:<\/b> Kvaliteetsed kingitused tooteesitlusteks ja messidele.<\/p>\n<\/li>\n<li>\n<p data-path-to-node=\"17,2,0\"><b data-path-to-node=\"17,2,0\" data-index-in-node=\"0\">Tunnustus ja auhinnad:<\/b> T\u00f6\u00f6tajatele ja vabatahtlikele m\u00f5eldud teenistusaastate m\u00e4rgid v\u00f5i saavutusm\u00e4rgid.<\/p>\n<\/li>\n<\/ul>","protected":false},"excerpt":{"rendered":"<ul>\n<li>\n<p data-path-to-node=\"9,0,0\"><b data-path-to-node=\"9,0,0\" data-index-in-node=\"0\">Eridisainiga kuju:<\/b> Metallist alus on valmistatud teie logo v\u00f5i kujunduse konkreetse kontuuri j\u00e4rgi.<\/p>\n<\/li>\n<li>\n<p data-path-to-node=\"9,1,0\"><b data-path-to-node=\"9,1,0\" data-index-in-node=\"0\">Fotokvaliteediga printimine:<\/b> CMYK-digitaaltr\u00fckk v\u00f5imaldab gradiente, fotosid ja keerulisi detaile, mis emailn\u00f5eltega v\u00f5imatud on.<\/p>\n<\/li>\n<li>\n<p data-path-to-node=\"9,2,0\"><b data-path-to-node=\"9,2,0\" data-index-in-node=\"0\">3D vaigust kuppel:<\/b> Kristallselge epoks\u00fckate annab esmaklassilise mulliefekti ja kaitseb kriimustuste eest.<\/p>\n<\/li>\n<li>\n<p data-path-to-node=\"9,3,0\"><b data-path-to-node=\"9,3,0\" data-index-in-node=\"0\">Mitmek\u00fclgsed lisaseadmed:<\/b> Saadaval tavalise liblikkinnitusega v\u00f5i riietele sobiva magnetilise tagak\u00fcljega.<\/p>\n<\/li>\n<\/ul>","protected":false},"featured_media":6216,"comment_status":"closed","ping_status":"closed","template":"","meta":[],"product_brand":[],"product_cat":[121],"product_tag":[],"class_list":{"0":"post-6212","1":"product","2":"type-product","3":"status-publish","4":"has-post-thumbnail","6":"product_cat-promotional-merchandise","8":"first","9":"instock","10":"shipping-taxable","11":"product-type-simple"},"_links":{"self":[{"href":"https:\/\/displayproducts.eu\/et\/wp-json\/wp\/v2\/product\/6212","targetHints":{"allow":["GET"]}}],"collection":[{"href":"https:\/\/displayproducts.eu\/et\/wp-json\/wp\/v2\/product"}],"about":[{"href":"https:\/\/displayproducts.eu\/et\/wp-json\/wp\/v2\/types\/product"}],"replies":[{"embeddable":true,"href":"https:\/\/displayproducts.eu\/et\/wp-json\/wp\/v2\/comments?post=6212"}],"wp:featuredmedia":[{"embeddable":true,"href":"https:\/\/displayproducts.eu\/et\/wp-json\/wp\/v2\/media\/6216"}],"wp:attachment":[{"href":"https:\/\/displayproducts.eu\/et\/wp-json\/wp\/v2\/media?parent=6212"}],"wp:term":[{"taxonomy":"product_brand","embeddable":true,"href":"https:\/\/displayproducts.eu\/et\/wp-json\/wp\/v2\/product_brand?post=6212"},{"taxonomy":"product_cat","embeddable":true,"href":"https:\/\/displayproducts.eu\/et\/wp-json\/wp\/v2\/product_cat?post=6212"},{"taxonomy":"product_tag","embeddable":true,"href":"https:\/\/displayproducts.eu\/et\/wp-json\/wp\/v2\/product_tag?post=6212"}],"curies":[{"name":"wp","href":"https:\/\/api.w.org\/{rel}","templated":true}]}}