{"id":6150,"date":"2025-12-19T16:10:08","date_gmt":"2025-12-19T13:10:08","guid":{"rendered":"https:\/\/wristbandfactory.eu\/?post_type=product&#038;p=6150"},"modified":"2026-04-01T21:52:34","modified_gmt":"2026-04-01T18:52:34","slug":"custom-printed-hand-fans-bamboo-wood-plastic","status":"publish","type":"product","link":"https:\/\/displayproducts.eu\/et\/p\/custom-printed-hand-fans-bamboo-wood-plastic\/","title":{"rendered":"Logoga lehvikud (Bambus, Puit ja Plastik)"},"content":{"rendered":"<p data-path-to-node=\"10\">V\u00f5ida kuumus ja tutvusta oma br\u00e4ndi meie mitmek\u00fclgse tootevalikuga <b data-path-to-node=\"10\" data-index-in-node=\"90\">Eridisainiga tr\u00fckitud k\u00e4siventilaatorid<\/b>. \u201cJahe tuuleke\u201d on parim kingitus, mida saate oma sihtr\u00fchmale suvefestivalidel, v\u00e4likonverentsidel v\u00f5i pulmades teha. Erinevalt flaierist, mis \u00e4ra visatakse, on lehvik funktsionaalne aksessuaar, mida osalejad hoiavad ja korduvalt kasutavad, hoides teie logo silmade k\u00f5rgusel.<\/p>\n<p data-path-to-node=\"11\">Pakume nelja erinevat stiili, mis sobivad teie br\u00e4ndi esteetikaga \u2013 alates keskkonnas\u00f5bralikust bambusest ja puidust, mis pakuvad esmaklassilist naturaalset v\u00e4limust, kuni v\u00e4rviliste plastvalikuteni suuremahuliste reklaamide jaoks.<\/p>\n<h3 data-path-to-node=\"12\">Saadaval olevad mudelid<\/h3>\n<p><strong>1. Klassikaline (plastik ja kangas)<\/strong><\/p>\n<p>Vastupidav ja v\u00e4rviline.<\/p>\n<ul data-path-to-node=\"14\">\n<li>\n<p data-path-to-node=\"14,0,0\"><b data-path-to-node=\"14,0,0\" data-index-in-node=\"0\">Ribid:<\/b> Plastik (12 ribi + 2 otsat\u00fckki). Otsat\u00fckid on saadaval mitmes v\u00e4rvitoonis ja neile saab tr\u00fckkida.<\/p>\n<\/li>\n<li>\n<p data-path-to-node=\"14,1,0\"><b data-path-to-node=\"14,1,0\" data-index-in-node=\"0\">Leht:<\/b> Valge 210T pol\u00fcesterkangas.<\/p>\n<\/li>\n<li>\n<p data-path-to-node=\"14,2,0\"><b data-path-to-node=\"14,2,0\" data-index-in-node=\"0\">Prindi:<\/b> \u00dchel k\u00fcljel t\u00e4isv\u00e4rv.<\/p>\n<\/li>\n<\/ul>\n<p><strong>2. Looduslik esmaklassiline (puit ja kangas)<\/strong><\/p>\n<p>Elegantne ja vastupidav.<\/p>\n<ul data-path-to-node=\"16\">\n<li>\n<p data-path-to-node=\"16,0,0\"><b data-path-to-node=\"16,0,0\" data-index-in-node=\"0\">Ribid:<\/b> Naturaalne puit (14 ribi + 2 otsat\u00fckki). Otsat\u00fckkidele saab tr\u00fckkida teie logo.<\/p>\n<\/li>\n<li>\n<p data-path-to-node=\"16,1,0\"><b data-path-to-node=\"16,1,0\" data-index-in-node=\"0\">Leht:<\/b> Valge 210T pol\u00fcesterkangas.<\/p>\n<\/li>\n<li>\n<p data-path-to-node=\"16,2,0\"><b data-path-to-node=\"16,2,0\" data-index-in-node=\"0\">Prindi:<\/b> \u00dchel k\u00fcljel t\u00e4isv\u00e4rv.<\/p>\n<\/li>\n<\/ul>\n<p><strong>3. \u00d6kotraditsiooniline (bambus ja paber)<\/strong><\/p>\n<p>Kerge ja klassikalise paberi tundega.<\/p>\n<ul data-path-to-node=\"18\">\n<li>\n<p data-path-to-node=\"18,0,0\"><b data-path-to-node=\"18,0,0\" data-index-in-node=\"0\">Ribid:<\/b> Bambus (18 ribi + 2 otsat\u00fckki). Otsat\u00fckkidele saab tr\u00fckki teha.<\/p>\n<\/li>\n<li>\n<p data-path-to-node=\"18,1,0\"><b data-path-to-node=\"18,1,0\" data-index-in-node=\"0\">Leht:<\/b> Valge 80 g\/m\u00b2 paber.<\/p>\n<\/li>\n<li>\n<p data-path-to-node=\"18,2,0\"><b data-path-to-node=\"18,2,0\" data-index-in-node=\"0\">Prindi:<\/b> T\u00e4isv\u00e4rv \u00fchel v\u00f5i kahel k\u00fcljel.<\/p>\n<\/li>\n<\/ul>\n<p><strong>4. Reklaamieelarve (plastik ja paber)<\/strong><\/p>\n<p>Kulut\u00f5hus suurte rahvahulkade jaoks.<\/p>\n<ul data-path-to-node=\"20\">\n<li>\n<p data-path-to-node=\"20,0,0\"><b data-path-to-node=\"20,0,0\" data-index-in-node=\"0\">Ribid:<\/b> Valge plastik. (Otsat\u00fckke ei saa tr\u00fckkida; suure tellimuse puhul on v\u00f5imalik v\u00e4rvi sobitamine).<\/p>\n<\/li>\n<li>\n<p data-path-to-node=\"20,1,0\"><b data-path-to-node=\"20,1,0\" data-index-in-node=\"0\">Leht:<\/b> Valge 80 g\/m\u00b2 paber.<\/p>\n<\/li>\n<li>\n<p data-path-to-node=\"20,2,0\"><b data-path-to-node=\"20,2,0\" data-index-in-node=\"0\">Prindi:<\/b> \u00dchel k\u00fcljel t\u00e4isv\u00e4rv.<\/p>\n<\/li>\n<\/ul>\n<h2 data-path-to-node=\"21\">Peamised omadused<\/h2>\n<ul data-path-to-node=\"22\">\n<li>\n<p data-path-to-node=\"22,0,0\"><b data-path-to-node=\"22,0,0\" data-index-in-node=\"0\">Suur br\u00e4ndingupind:<\/b> Lehvikleht pakub laia ja kumera l\u00f5uendi teie kunstiteoste, loosungite v\u00f5i kampaania visuaalide jaoks.<\/p>\n<\/li>\n<li>\n<p data-path-to-node=\"22,1,0\"><b data-path-to-node=\"22,1,0\" data-index-in-node=\"0\">Kohandatavad ribid:<\/b> S\u00f5ltuvalt mudelist lisage j\u00e4ikadele otsat\u00fckkidele (ribidele) t\u00e4iendavaid logosid peene detailse br\u00e4ndingu saavutamiseks.<\/p>\n<\/li>\n<li>\n<p data-path-to-node=\"22,2,0\"><b data-path-to-node=\"22,2,0\" data-index-in-node=\"0\">Kompaktne ja kaasaskantav:<\/b> Volditakse kiiresti kokku, et see mahuks k\u00e4ekotti v\u00f5i taskusse.<\/p>\n<\/li>\n<\/ul>\n<h2 data-path-to-node=\"23\">Spetsifikatsioonid<\/h2>\n<table data-path-to-node=\"24\">\n<thead>\n<tr>\n<td><strong>Funktsioon<\/strong><\/td>\n<td><strong>Plastik + kangas<\/strong><\/td>\n<td><strong>Puit + kangas<\/strong><\/td>\n<td><strong>Bambus + paber<\/strong><\/td>\n<td><strong>Plastik + paber<\/strong><\/td>\n<\/tr>\n<\/thead>\n<tbody>\n<tr>\n<td><span data-path-to-node=\"24,1,0,0\"><b data-path-to-node=\"24,1,0,0\" data-index-in-node=\"0\">Ribi materjal<\/b><\/span><\/td>\n<td><span data-path-to-node=\"24,1,1,0\">Plastik<\/span><\/td>\n<td><span data-path-to-node=\"24,1,2,0\">Puit<\/span><\/td>\n<td><span data-path-to-node=\"24,1,3,0\">Bambus<\/span><\/td>\n<td><span data-path-to-node=\"24,1,4,0\">Plastik (valge)<\/span><\/td>\n<\/tr>\n<tr>\n<td><span data-path-to-node=\"24,2,0,0\"><b data-path-to-node=\"24,2,0,0\" data-index-in-node=\"0\">Lehtmaterjal<\/b><\/span><\/td>\n<td><span data-path-to-node=\"24,2,1,0\">210T pol\u00fcester<\/span><\/td>\n<td><span data-path-to-node=\"24,2,2,0\">210T pol\u00fcester<\/span><\/td>\n<td><span data-path-to-node=\"24,2,3,0\">80 g\/m\u00b2 paber<\/span><\/td>\n<td><span data-path-to-node=\"24,2,4,0\">80 g\/m\u00b2 paber<\/span><\/td>\n<\/tr>\n<tr>\n<td><span data-path-to-node=\"24,3,0,0\"><b data-path-to-node=\"24,3,0,0\" data-index-in-node=\"0\">Ribide arv<\/b><\/span><\/td>\n<td><span data-path-to-node=\"24,3,1,0\">12 + 2 otsat\u00fckki<\/span><\/td>\n<td><span data-path-to-node=\"24,3,2,0\">14 + 2 otsat\u00fckki<\/span><\/td>\n<td><span data-path-to-node=\"24,3,3,0\">18 + 2 otsat\u00fckki<\/span><\/td>\n<td><span data-path-to-node=\"24,3,4,0\">Standardne<\/span><\/td>\n<\/tr>\n<tr>\n<td><span data-path-to-node=\"24,4,0,0\"><b data-path-to-node=\"24,4,0,0\" data-index-in-node=\"0\">M\u00f5\u00f5tmed (Avatud)<\/b><\/span><\/td>\n<td><span data-path-to-node=\"24,4,1,0\">23 x 42 cm<\/span><\/td>\n<td><span data-path-to-node=\"24,4,2,0\">23 x 42 cm<\/span><\/td>\n<td><span data-path-to-node=\"24,4,3,0\">21 x 38 cm<\/span><\/td>\n<td><span data-path-to-node=\"24,4,4,0\">23 x 42 cm<\/span><\/td>\n<\/tr>\n<tr>\n<td><span data-path-to-node=\"24,5,0,0\"><b data-path-to-node=\"24,5,0,0\" data-index-in-node=\"0\">Prindiala<\/b><\/span><\/td>\n<td><span data-path-to-node=\"24,5,1,0\">1 k\u00fclg<\/span><\/td>\n<td><span data-path-to-node=\"24,5,2,0\">1 k\u00fclg<\/span><\/td>\n<td><span data-path-to-node=\"24,5,3,0\">1 v\u00f5i 2 k\u00fclge<\/span><\/td>\n<td><span data-path-to-node=\"24,5,4,0\">1 k\u00fclg<\/span><\/td>\n<\/tr>\n<tr>\n<td><span data-path-to-node=\"24,6,0,0\"><b data-path-to-node=\"24,6,0,0\" data-index-in-node=\"0\">L\u00f5ppt\u00fcki tr\u00fckk<\/b><\/span><\/td>\n<td><span data-path-to-node=\"24,6,1,0\">Jah<\/span><\/td>\n<td><span data-path-to-node=\"24,6,2,0\">Jah<\/span><\/td>\n<td><span data-path-to-node=\"24,6,3,0\">Jah<\/span><\/td>\n<td><span data-path-to-node=\"24,6,4,0\">Ei<\/span><\/td>\n<\/tr>\n<\/tbody>\n<\/table>\n<h2 data-path-to-node=\"25\">Kasutusjuhud<\/h2>\n<ul data-path-to-node=\"26\">\n<li>\n<p data-path-to-node=\"26,0,0\"><b data-path-to-node=\"26,0,0\" data-index-in-node=\"0\">Suvised pulmad:<\/b> Kaunis kingitus k\u00fclalistele \u00f5ues toimuvate tseremooniate ajal.<\/p>\n<\/li>\n<li>\n<p data-path-to-node=\"26,1,0\"><b data-path-to-node=\"26,1,0\" data-index-in-node=\"0\">Muusikafestivalid:<\/b> H\u00e4davajalik elluj\u00e4\u00e4misvarustus tantsivatele rahvahulkadele kuumuses.<\/p>\n<\/li>\n<li>\n<p data-path-to-node=\"26,2,0\"><b data-path-to-node=\"26,2,0\" data-index-in-node=\"0\">Poliitilised kampaaniad:<\/b> H\u00e4sti n\u00e4htavad esemed, millega toetajad \u00f5hus lehvitavad.<\/p>\n<\/li>\n<li>\n<p data-path-to-node=\"26,3,0\"><b data-path-to-node=\"26,3,0\" data-index-in-node=\"0\">Turism ja kuurordid:<\/b> Suurep\u00e4rased tervituskingitused sooja kliimaga hotellidele.<\/p>\n<\/li>\n<\/ul>","protected":false},"excerpt":{"rendered":"<ul>\n<li>\n<p data-path-to-node=\"9,0,0\"><b data-path-to-node=\"9,0,0\" data-index-in-node=\"0\">4 materjalikombinatsiooni:<\/b> Vali plastik\/kangas, puit\/kangas, bambus\/paber v\u00f5i plastik\/paber vahel.<\/p>\n<\/li>\n<li>\n<p data-path-to-node=\"9,1,0\"><b data-path-to-node=\"9,1,0\" data-index-in-node=\"0\">T\u00e4ielik br\u00e4nding:<\/b> Kvaliteetne t\u00e4isv\u00e4rviline tr\u00fckk lehviklehele (paber v\u00f5i pol\u00fcester).<\/p>\n<\/li>\n<li>\n<p data-path-to-node=\"9,2,0\"><b data-path-to-node=\"9,2,0\" data-index-in-node=\"0\">Ribi valikud:<\/b> Tugevate ribide arv on olenevalt mudelist 12\u201318.<\/p>\n<\/li>\n<li>\n<p data-path-to-node=\"9,3,0\"><b data-path-to-node=\"9,3,0\" data-index-in-node=\"0\">Suvine oluline:<\/b> Ideaalne kingitus \u00f5ues toimuvatele pulmadele, festivalidele ja spordi\u00fcritustele.<\/p>\n<\/li>\n<\/ul>","protected":false},"featured_media":6311,"comment_status":"closed","ping_status":"closed","template":"","meta":[],"product_brand":[],"product_cat":[45],"product_tag":[],"class_list":{"0":"post-6150","1":"product","2":"type-product","3":"status-publish","4":"has-post-thumbnail","6":"product_cat-other","8":"first","9":"instock","10":"shipping-taxable","11":"purchasable","12":"product-type-simple"},"_links":{"self":[{"href":"https:\/\/displayproducts.eu\/et\/wp-json\/wp\/v2\/product\/6150","targetHints":{"allow":["GET"]}}],"collection":[{"href":"https:\/\/displayproducts.eu\/et\/wp-json\/wp\/v2\/product"}],"about":[{"href":"https:\/\/displayproducts.eu\/et\/wp-json\/wp\/v2\/types\/product"}],"replies":[{"embeddable":true,"href":"https:\/\/displayproducts.eu\/et\/wp-json\/wp\/v2\/comments?post=6150"}],"wp:featuredmedia":[{"embeddable":true,"href":"https:\/\/displayproducts.eu\/et\/wp-json\/wp\/v2\/media\/6311"}],"wp:attachment":[{"href":"https:\/\/displayproducts.eu\/et\/wp-json\/wp\/v2\/media?parent=6150"}],"wp:term":[{"taxonomy":"product_brand","embeddable":true,"href":"https:\/\/displayproducts.eu\/et\/wp-json\/wp\/v2\/product_brand?post=6150"},{"taxonomy":"product_cat","embeddable":true,"href":"https:\/\/displayproducts.eu\/et\/wp-json\/wp\/v2\/product_cat?post=6150"},{"taxonomy":"product_tag","embeddable":true,"href":"https:\/\/displayproducts.eu\/et\/wp-json\/wp\/v2\/product_tag?post=6150"}],"curies":[{"name":"wp","href":"https:\/\/api.w.org\/{rel}","templated":true}]}}