{"id":6096,"date":"2025-12-17T16:05:07","date_gmt":"2025-12-17T13:05:07","guid":{"rendered":"https:\/\/wristbandfactory.eu\/?post_type=product&#038;p=6096"},"modified":"2026-04-01T21:52:34","modified_gmt":"2026-04-01T18:52:34","slug":"custom-full-print-boxer-shorts-sublimation","status":"publish","type":"product","link":"https:\/\/displayproducts.eu\/et\/p\/custom-full-print-boxer-shorts-sublimation\/","title":{"rendered":"Eridisainiga bokserid (T\u00e4isv\u00e4rvitr\u00fckk)"},"content":{"rendered":"<p data-path-to-node=\"11\">Muuda igap\u00e4evane oluline asi julgeks avalduseks meie abil <b>T\u00e4isprindiga bokserid<\/b>. Olenemata sellest, kas tegemist on \u00fchtset riietust (kuni aluskihini) otsiva spordimeeskonna, ainulaadset kaupa m\u00fc\u00fcva b\u00e4ndi v\u00f5i l\u00f5busat ja meeldej\u00e4\u00e4vat kingitust loova ettev\u00f5ttega, pakuvad need bokserid v\u00f5rratut loomingulist vabadust.<\/p>\n<p data-path-to-node=\"12\">Erinevalt tavalisest tr\u00fckitud aluspesust, mille puhul logo pressitakse valmis r\u00f5ivale kuumpressimise teel, toodame meie need nullist. Tr\u00fckime teie kujunduse enne l\u00f5ikamist ja \u00f5mblemist kvaliteetsele l\u00fckrakangale rullides. See t\u00e4hendab, et teie kujundus \u2013 olgu see siis korduv logomuster, foto v\u00f5i konkreetse br\u00e4ndi v\u00e4rv \u2013 katab <b>Toote 100%<\/b>, kaasa arvatud v\u00f6\u00f6koht.<\/p>\n<h2 data-path-to-node=\"13\">Peamised omadused<\/h2>\n<ul data-path-to-node=\"14\">\n<li>\n<p data-path-to-node=\"14,0,0\"><b>Kvaliteetne l\u00fckra konstruktsioon:<\/b> Valmistatud siledast <b>130 g\/m\u00b2 l\u00fckrat<\/b>, kangas on naha vastas pehme, hingav ja s\u00e4ilitab oma kuju.<\/p>\n<\/li>\n<li>\n<p data-path-to-node=\"14,1,0\"><b>Elav sublimatsioon:<\/b> Me kasutame t\u00e4iustatud <b>1400 dpi printimine<\/b> tehnoloogia. Tint imbub kanga kiududesse, tagades, et disain ei pragune, kooru ega tuhmu isegi p\u00e4rast mitmekordset pesemist.<\/p>\n<\/li>\n<li>\n<p data-path-to-node=\"14,2,0\"><b>Tehniline j\u00f5udlus:<\/b> Kangas on veekindel ja hoiab <b>M1\/B1 tuleaeglusti sertifikaat<\/b>, muutes selle ohutuks ja vastupidavaks.<\/p>\n<\/li>\n<li>\n<p data-path-to-node=\"14,3,0\"><b>Isikup\u00e4rastamine:<\/b> Ideaalne individuaalsete nimede jaoks. Saate tellida partii, kus igal paaril on v\u00f6\u00f6kohale v\u00f5i jalale tr\u00fckitud erinev nimi.<\/p>\n<\/li>\n<\/ul>\n<h2 data-path-to-node=\"15\">Spetsifikatsioonid<\/h2>\n<ul data-path-to-node=\"16\">\n<li>\n<p data-path-to-node=\"16,0,0\"><b>Materjal:<\/b> 130 g\/m\u00b2 l\u00fckrat (pol\u00fcestri ja elastaani segu).<\/p>\n<\/li>\n<li>\n<p data-path-to-node=\"16,1,0\"><b>Tr\u00fckitehnika:<\/b> T\u00e4ielik v\u00e4rvisublimatsioon (CMYK).<\/p>\n<\/li>\n<li>\n<p data-path-to-node=\"16,2,0\"><b>Resolutsioon:<\/b> 1400 dpi (fotokvaliteet).<\/p>\n<\/li>\n<li>\n<p data-path-to-node=\"16,3,0\"><b>Ohutus:<\/b> Tulekindel klass M1\/B1.<\/p>\n<\/li>\n<li>\n<p data-path-to-node=\"16,4,0\"><b>Stiilid:<\/b> Meeste bokserid, naiste alusp\u00fcksid\/l\u00fchikesed p\u00fcksid.<\/p>\n<\/li>\n<li>\n<p data-path-to-node=\"16,5,0\"><b>Suurused:<\/b> XS\u2013XXL.<\/p>\n<\/li>\n<li>\n<p data-path-to-node=\"16,6,0\"><b>MITTEKOHUSTUS:<\/b> 50 \u00fchikut.<\/p>\n<\/li>\n<\/ul>\n<h2 data-path-to-node=\"17\">Kasutusjuhud<\/h2>\n<ul data-path-to-node=\"18\">\n<li>\n<p data-path-to-node=\"18,0,0\"><b>Spordimeeskonnad:<\/b> \u00dchtsed alusriided jalgpalli-, korvpalli- v\u00f5i ragbimeeskondadele.<\/p>\n<\/li>\n<li>\n<p data-path-to-node=\"18,1,0\"><b>Kaup:<\/b> L\u00f5busad ja k\u00f5rge kasumimarginaaliga tooted b\u00e4ndidele, festivalidele ja m\u00f5jutajatele.<\/p>\n<\/li>\n<li>\n<p data-path-to-node=\"18,2,0\"><b>Poissmeeste\/t\u00fcdrukutepeod:<\/b> Naljakad eridisainiga kingitused fotode v\u00f5i sisenaljadega.<\/p>\n<\/li>\n<li>\n<p data-path-to-node=\"18,3,0\"><b>Ettev\u00f5tte snaggi:<\/b> Humoorikas ja ootamatu kingitus, mis kindlasti t\u00e4helepanu k\u00f6idab.<\/p>\n<\/li>\n<\/ul>","protected":false},"excerpt":{"rendered":"<ul>\n<li>\n<p data-path-to-node=\"10,0,0\"><b>\u00dcle\u00fcldine tr\u00fckk:<\/b> 100% kohandatav pind (sh v\u00f6\u00f6koht) sublimatsiooni abil.<\/p>\n<\/li>\n<li>\n<p data-path-to-node=\"10,1,0\"><b>Materjal:<\/b> Sile 130g\/m\u00b2 l\u00fckrakangas (veekindel ja M1\/B1 tulekindel).<\/p>\n<\/li>\n<li>\n<p data-path-to-node=\"10,2,0\"><b>Prindikvaliteet:<\/b> K\u00f5rglahutusega <b>1400 dpi<\/b> teravate fotode ja logode jaoks.<\/p>\n<\/li>\n<li>\n<p data-path-to-node=\"10,3,0\"><b>Stiilid:<\/b> Saadaval l\u00f5iked nii meestele kui naistele.<\/p>\n<\/li>\n<\/ul>","protected":false},"featured_media":6097,"comment_status":"closed","ping_status":"closed","template":"","meta":[],"product_brand":[],"product_cat":[118,45],"product_tag":[],"class_list":{"0":"post-6096","1":"product","2":"type-product","3":"status-publish","4":"has-post-thumbnail","6":"product_cat-sports-fitness","7":"product_cat-other","9":"first","10":"instock","11":"shipping-taxable","12":"product-type-simple"},"_links":{"self":[{"href":"https:\/\/displayproducts.eu\/et\/wp-json\/wp\/v2\/product\/6096","targetHints":{"allow":["GET"]}}],"collection":[{"href":"https:\/\/displayproducts.eu\/et\/wp-json\/wp\/v2\/product"}],"about":[{"href":"https:\/\/displayproducts.eu\/et\/wp-json\/wp\/v2\/types\/product"}],"replies":[{"embeddable":true,"href":"https:\/\/displayproducts.eu\/et\/wp-json\/wp\/v2\/comments?post=6096"}],"wp:featuredmedia":[{"embeddable":true,"href":"https:\/\/displayproducts.eu\/et\/wp-json\/wp\/v2\/media\/6097"}],"wp:attachment":[{"href":"https:\/\/displayproducts.eu\/et\/wp-json\/wp\/v2\/media?parent=6096"}],"wp:term":[{"taxonomy":"product_brand","embeddable":true,"href":"https:\/\/displayproducts.eu\/et\/wp-json\/wp\/v2\/product_brand?post=6096"},{"taxonomy":"product_cat","embeddable":true,"href":"https:\/\/displayproducts.eu\/et\/wp-json\/wp\/v2\/product_cat?post=6096"},{"taxonomy":"product_tag","embeddable":true,"href":"https:\/\/displayproducts.eu\/et\/wp-json\/wp\/v2\/product_tag?post=6096"}],"curies":[{"name":"wp","href":"https:\/\/api.w.org\/{rel}","templated":true}]}}