{"id":5780,"date":"2025-12-10T15:24:17","date_gmt":"2025-12-10T12:24:17","guid":{"rendered":"https:\/\/wristbandfactory.eu\/?post_type=product&#038;p=5780"},"modified":"2026-04-01T21:52:35","modified_gmt":"2026-04-01T18:52:35","slug":"custom-neoprene-lanyards-ultra-soft-cushioned","status":"publish","type":"product","link":"https:\/\/displayproducts.eu\/et\/p\/custom-neoprene-lanyards-ultra-soft-cushioned\/","title":{"rendered":"Pehmest neopreenist kaelapaelad"},"content":{"rendered":"<p data-path-to-node=\"11\">Kogege \u00fclimat mugavust meie <b>Eridisainiga neopreenist kaelapaelad<\/b>. Kui teie t\u00f6\u00f6tajad v\u00f5i osalejad kurdavad peenikeste kaelapaelade h\u00f5\u00f5rdumise \u00fcle, on see just see esmaklassiline uuendus, mida vajate.<\/p>\n<p data-path-to-node=\"12\"><b>Ehitatud nagu kalipso<\/b> Need kvaliteetsest neopreenist valmistatud kaelapaelad on pehmed, painduvad ja higikindlad. Materjalil on loomulik paksus (k\u00e4snataoline s\u00fcdamik), mis toimib amortisaatorina, muutes selle eelistatud valikuks j\u00f5usaalitreeneritele, seiklusjuhtidele ja raskeid v\u00f5tmeid kandvatele hooldust\u00f6\u00f6tajatele.<\/p>\n<p data-path-to-node=\"13\"><b>Sportlik ja professionaalne<\/b> V\u00e4limus on silmatorkavalt sportlik, kuid samas professionaalne. Servad on viimistletud v\u00e4rvitooni sobitatud v\u00f5i kontrastsete \u00f5mblustega, andes kaelapaelale luksusliku ja isikup\u00e4rase v\u00e4limuse. Olenemata sellest, kas valite julge mustri v\u00f5i \u0161iki ettev\u00f5tte logo, on tulemus alati pilkup\u00fc\u00fcdev.<\/p>\n<p data-path-to-node=\"14\"><b>Peamised omadused:<\/b><\/p>\n<ul data-path-to-node=\"15\">\n<li>\n<p data-path-to-node=\"15,0,0\"><b>Materjal:<\/b> Pehme neopreen kangaga kaetud.<\/p>\n<\/li>\n<li>\n<p data-path-to-node=\"15,1,0\"><b>Ehitus:<\/b> Torukujuline v\u00f5i lame \u00f5mmeldud servadega.<\/p>\n<\/li>\n<li>\n<p data-path-to-node=\"15,2,0\"><b>Manused:<\/b> Tugevad metallkonksud, O-r\u00f5ngad ja eemaldatavad pandlad.<\/p>\n<\/li>\n<li>\n<p data-path-to-node=\"15,3,0\"><b>Ohutus:<\/b> Saadaval on plastmassist eemaldatavad pandlad.<\/p>\n<\/li>\n<\/ul>","protected":false},"excerpt":{"rendered":"<ul>\n<li>\n<p data-path-to-node=\"9,0,0\"><b>\u00dclim mugavus:<\/b> Valmistatud k\u00e4snalisest neopreenist (kalipso materjal), mis annab pehmenduse, hoides \u00e4ra kaela\u00e4rrituse isegi raskete koormuste korral.<\/p>\n<\/li>\n<li>\n<p data-path-to-node=\"9,1,0\"><b>Vastupidav viimistlus:<\/b> Tugevdatud \u00f5mblustega servad (overlok), mis v\u00e4ldivad narmendamist ja pikendavad toote eluiga.<\/p>\n<\/li>\n<li>\n<p data-path-to-node=\"9,2,0\"><b>Raskeveokite:<\/b> Paks profiil muudab selle ideaalseks raskete v\u00f5tmekomplektide, t\u00f6\u00f6riistade v\u00f5i suurte elektroonikaseadmete kandmiseks ilma nahka l\u00f5ikamata.<\/p>\n<\/li>\n<li>\n<p data-path-to-node=\"9,3,0\"><b>Elav br\u00e4nding:<\/b> Saadaval karge siiditr\u00fcki v\u00f5i t\u00e4isv\u00e4rvilise sublimatsiooniga mustrite, n\u00e4iteks leoparditr\u00fcki jaoks.<\/p>\n<\/li>\n<\/ul>","protected":false},"featured_media":5797,"comment_status":"closed","ping_status":"closed","template":"","meta":[],"product_brand":[],"product_cat":[104,108,118],"product_tag":[],"class_list":{"0":"post-5780","1":"product","2":"type-product","3":"status-publish","4":"has-post-thumbnail","6":"product_cat-custom-printed-lanyards","7":"product_cat-multifunctional-lanyards","8":"product_cat-sports-fitness","10":"first","11":"instock","12":"shipping-taxable","13":"purchasable","14":"product-type-simple"},"_links":{"self":[{"href":"https:\/\/displayproducts.eu\/et\/wp-json\/wp\/v2\/product\/5780","targetHints":{"allow":["GET"]}}],"collection":[{"href":"https:\/\/displayproducts.eu\/et\/wp-json\/wp\/v2\/product"}],"about":[{"href":"https:\/\/displayproducts.eu\/et\/wp-json\/wp\/v2\/types\/product"}],"replies":[{"embeddable":true,"href":"https:\/\/displayproducts.eu\/et\/wp-json\/wp\/v2\/comments?post=5780"}],"wp:featuredmedia":[{"embeddable":true,"href":"https:\/\/displayproducts.eu\/et\/wp-json\/wp\/v2\/media\/5797"}],"wp:attachment":[{"href":"https:\/\/displayproducts.eu\/et\/wp-json\/wp\/v2\/media?parent=5780"}],"wp:term":[{"taxonomy":"product_brand","embeddable":true,"href":"https:\/\/displayproducts.eu\/et\/wp-json\/wp\/v2\/product_brand?post=5780"},{"taxonomy":"product_cat","embeddable":true,"href":"https:\/\/displayproducts.eu\/et\/wp-json\/wp\/v2\/product_cat?post=5780"},{"taxonomy":"product_tag","embeddable":true,"href":"https:\/\/displayproducts.eu\/et\/wp-json\/wp\/v2\/product_tag?post=5780"}],"curies":[{"name":"wp","href":"https:\/\/api.w.org\/{rel}","templated":true}]}}