{"id":5760,"date":"2025-12-10T15:00:54","date_gmt":"2025-12-10T12:00:54","guid":{"rendered":"https:\/\/wristbandfactory.eu\/?post_type=product&#038;p=5760"},"modified":"2026-04-01T21:52:35","modified_gmt":"2026-04-01T18:52:35","slug":"custom-faux-fur-lanyards-fluffy-fashion-strap","status":"publish","type":"product","link":"https:\/\/displayproducts.eu\/et\/p\/custom-faux-fur-lanyards-fluffy-fashion-strap\/","title":{"rendered":"Karvased kaelapaelad \u2013 Pehme kunstkarv"},"content":{"rendered":"<p data-path-to-node=\"11\">Tee julge avaldus meiega <b>Eridisainiga kunstkarusnahast kaelapaelad<\/b>. Lisaks praktilisusele on need kaelapaelad t\u00f5elised moeaksessuaarid, mis on loodud teie br\u00e4ndi n\u00e4htavaks tegemiseks k\u00f5ige stiilsemal v\u00f5imalikul viisil.<\/p>\n<p data-path-to-node=\"12\"><b>&quot;Kohev&quot; tegur<\/b> Erinevalt lamedatest pol\u00fcesterpaeltest on need kaelapaelad valmistatud pehmest, torukujulisest kunstkarusnahast kangast. Need tunduvad kaelas nagu sall, muutes need uskumatult mugavaks kandmiseks kogu p\u00e4evaks talvistel festivalidel v\u00f5i VIP-\u00fcritustel.<\/p>\n<p data-path-to-node=\"13\"><b>Nutikad br\u00e4ndingulahendused<\/b> Kuna pikk karv peidab tinti, kasutame me seda <b>lisatud kaubam\u00e4rgisildid<\/b>.<\/p>\n<ul data-path-to-node=\"14\">\n<li>\n<p data-path-to-node=\"14,0,0\"><b>Kootud sildid:<\/b> Karusnahale (nagu r\u00f5ivastel) \u00f5mmeldud kvaliteetne kangast silt.<\/p>\n<\/li>\n<li>\n<p data-path-to-node=\"14,1,0\"><b>PVC\/kummist plaastrid:<\/b> Moodsa 3D-ilme saavutamiseks. See meetod tagab, et teie logo j\u00e4\u00e4b loetavaks ja teravaks, s\u00e4ilitades samal ajal toote esmaklassilise koheva esteetika.<\/p>\n<\/li>\n<\/ul>\n<p data-path-to-node=\"15\"><b>Soovitatavad kasutusjuhud:<\/b><\/p>\n<ul data-path-to-node=\"16\">\n<li>\n<p data-path-to-node=\"16,0,0\"><b>T\u00e4navariietuse kaubad:<\/b> K\u00f5rge tajutava v\u00e4\u00e4rtusega kaubad jaem\u00fc\u00fcgiks.<\/p>\n<\/li>\n<li>\n<p data-path-to-node=\"16,1,0\"><b>Suusa- ja lumelaua\u00fcritused:<\/b> Ideaalselt sobib k\u00fclmadesse keskkondadesse.<\/p>\n<\/li>\n<li>\n<p data-path-to-node=\"16,2,0\"><b>Loomingulised agentuurid:<\/b> Ainulaadne kingitus, mis eristub igavate kontoritarvete seast.<\/p>\n<\/li>\n<\/ul>\n<p data-path-to-node=\"17\"><b>Peamised omadused:<\/b><\/p>\n<ul data-path-to-node=\"18\">\n<li>\n<p data-path-to-node=\"18,0,0\"><b>Materjal:<\/b> 100% s\u00fcnteetiline kunstkarusnahk (pol\u00fcester).<\/p>\n<\/li>\n<li>\n<p data-path-to-node=\"18,1,0\"><b>Stiil:<\/b> Torukujuline \/ \u00fcmar profiil.<\/p>\n<\/li>\n<li>\n<p data-path-to-node=\"18,2,0\"><b>Logo meetod:<\/b> Kootud silt v\u00f5i plaaster.<\/p>\n<\/li>\n<li>\n<p data-path-to-node=\"18,3,0\"><b>Manused:<\/b> Metallist homaarikonks v\u00f5i l\u00f5hestatud r\u00f5ngas.<\/p>\n<\/li>\n<\/ul>","protected":false},"excerpt":{"rendered":"<ul>\n<li>\n<p data-path-to-node=\"9,0,0\"><b>\u00dclimalt kohev tekstuur:<\/b> Valmistatud pehmest s\u00fcnteetilisest karusnahast torust, mis pakub ainulaadset ja luksuslikku kombamiskogemust.<\/p>\n<\/li>\n<li>\n<p data-path-to-node=\"9,1,0\"><b>Kootud siltide br\u00e4nding:<\/b> Kuna karusnahka ei saa otse tr\u00fckkida, \u00f5mmeldakse teie logo rihma k\u00fclge kinnitatud kvaliteetsele kootud sildile v\u00f5i embleemile.<\/p>\n<\/li>\n<li>\n<p data-path-to-node=\"9,2,0\"><b>Mood edasi:<\/b> Populaarne valik t\u00e4navariiete br\u00e4ndide, suusakuurortide ja m\u00f5jutajate seas, kes otsivad silmapaistvat kaupa.<\/p>\n<\/li>\n<li>\n<p data-path-to-node=\"9,3,0\"><b>Erksad v\u00e4rvid:<\/b> Saadaval klassikalises valge\/mustas v\u00f5i eritellimusel v\u00e4rvitud mustrites (nt \u201cMonster\u201d sinine\/lilla), et need sobiksid konkreetsete teemadega.<\/p>\n<\/li>\n<\/ul>","protected":false},"featured_media":5845,"comment_status":"closed","ping_status":"closed","template":"","meta":[],"product_brand":[],"product_cat":[104,108,121],"product_tag":[],"class_list":{"0":"post-5760","1":"product","2":"type-product","3":"status-publish","4":"has-post-thumbnail","6":"product_cat-custom-printed-lanyards","7":"product_cat-multifunctional-lanyards","8":"product_cat-promotional-merchandise","10":"first","11":"instock","12":"shipping-taxable","13":"product-type-simple"},"_links":{"self":[{"href":"https:\/\/displayproducts.eu\/et\/wp-json\/wp\/v2\/product\/5760","targetHints":{"allow":["GET"]}}],"collection":[{"href":"https:\/\/displayproducts.eu\/et\/wp-json\/wp\/v2\/product"}],"about":[{"href":"https:\/\/displayproducts.eu\/et\/wp-json\/wp\/v2\/types\/product"}],"replies":[{"embeddable":true,"href":"https:\/\/displayproducts.eu\/et\/wp-json\/wp\/v2\/comments?post=5760"}],"wp:featuredmedia":[{"embeddable":true,"href":"https:\/\/displayproducts.eu\/et\/wp-json\/wp\/v2\/media\/5845"}],"wp:attachment":[{"href":"https:\/\/displayproducts.eu\/et\/wp-json\/wp\/v2\/media?parent=5760"}],"wp:term":[{"taxonomy":"product_brand","embeddable":true,"href":"https:\/\/displayproducts.eu\/et\/wp-json\/wp\/v2\/product_brand?post=5760"},{"taxonomy":"product_cat","embeddable":true,"href":"https:\/\/displayproducts.eu\/et\/wp-json\/wp\/v2\/product_cat?post=5760"},{"taxonomy":"product_tag","embeddable":true,"href":"https:\/\/displayproducts.eu\/et\/wp-json\/wp\/v2\/product_tag?post=5760"}],"curies":[{"name":"wp","href":"https:\/\/api.w.org\/{rel}","templated":true}]}}