{"id":5620,"date":"2025-12-10T11:21:46","date_gmt":"2025-12-10T08:21:46","guid":{"rendered":"https:\/\/wristbandfactory.eu\/?post_type=product&#038;p=5620"},"modified":"2026-04-01T21:52:35","modified_gmt":"2026-04-01T18:52:35","slug":"custom-lanyards-with-integrated-retractable-badge-reel-yo-yo","status":"publish","type":"product","link":"https:\/\/displayproducts.eu\/et\/p\/custom-lanyards-with-integrated-retractable-badge-reel-yo-yo\/","title":{"rendered":"Logoga kaelapaelad sisseehitatud jojoga \u2013 ID-kaardi hoidja"},"content":{"rendered":"<p data-path-to-node=\"11\">Maksimeerige oma t\u00f6\u00f6koha efektiivsust ja turvalisust meie abil <b>Eridisainiga kaelapaelad integreeritud sisset\u00f5mmatava m\u00e4rgirulliga<\/b>. Erinevalt standardlahendustest, kus tavaline m\u00e4rgirull lihtsalt riputatakse kaelapaela k\u00fclge, on sellel esmaklassilisel mudelil spetsiaalne vormitud korpus, mis \u00fchendab rihma ja rulli \u00fcheks sujuvaks tervikuks.<\/p>\n<p data-path-to-node=\"12\"><b>Miks valida integreeritud mudel?<\/b> See disain pakub suurep\u00e4rast stabiilsust. Tavalised kinnitusrullid p\u00f6\u00f6rduvad sageli \u00fcmber v\u00f5i tulevad lahti; integreeritud korpus j\u00e4\u00e4b fikseerituks, tagades, et teie ID-kaart on turvakontrollide jaoks alati ettepoole suunatud. See loob palju puhtama ja tipptasemel ettev\u00f5tte esteetika v\u00f5rreldes ajutiste lahendustega.<\/p>\n<p data-path-to-node=\"13\"><b>Ideaalne ligip\u00e4\u00e4su kontrollimiseks<\/b> Tugev sisset\u00f5mmatav pael v\u00f5imaldab t\u00f6\u00f6tajatel oma ID-kaarti lugeja k\u00f5rguseni pikendada ilma paela eemaldamata. See on eelistatud valik j\u00e4rgmistel juhtudel:<\/p>\n<ul data-path-to-node=\"14\">\n<li>\n<p data-path-to-node=\"14,0,0\"><b>Ettev\u00f5tte kontorid:<\/b> T\u00f6\u00f6tajad kasutavad uksele ligip\u00e4\u00e4semiseks l\u00e4heduskaarte.<\/p>\n<\/li>\n<li>\n<p data-path-to-node=\"14,1,0\"><b>Haiglad ja laborid:<\/b> Meditsiinit\u00f6\u00f6tajad vajavad k\u00e4ed-vabad ID-ekraani.<\/p>\n<\/li>\n<li>\n<p data-path-to-node=\"14,2,0\"><b>Tehnoloogiakonverentsid:<\/b> VIP-p\u00e4\u00e4smed, mis vajavad kontrollpunktides sagedast skaneerimist.<\/p>\n<\/li>\n<\/ul>\n<p data-path-to-node=\"15\"><b>Peamised omadused:<\/b><\/p>\n<ul data-path-to-node=\"16\">\n<li>\n<p data-path-to-node=\"16,0,0\"><b>Materjal:<\/b> Vastupidav pol\u00fcesterrihm ABS-plastikust rullikorpusega.<\/p>\n<\/li>\n<li>\n<p data-path-to-node=\"16,1,0\"><b>Sisset\u00f5mmatav pael:<\/b> Ligikaudu 60 cm pikendusulatus.<\/p>\n<\/li>\n<li>\n<p data-path-to-node=\"16,2,0\"><b>Kohandamine:<\/b> Siiditr\u00fckk v\u00f5i 3D-tr\u00fckk rihmal; epoks\u00fcvaik v\u00f5i tr\u00fckk rullil.<\/p>\n<\/li>\n<li>\n<p data-path-to-node=\"16,3,0\"><b>Ohutus ennek\u00f5ike:<\/b> Saadaval kaelas oleva turvalukuga.<\/p>\n<\/li>\n<\/ul>","protected":false},"excerpt":{"rendered":"<ul>\n<li>\n<p data-path-to-node=\"9,0,0\"><b>Sisseehitatud mehhanism:<\/b> Sisset\u00f5mmatav rull (yo-yo) on otse kaela\u00fcmbrisesse vormitud, luues sujuva ja stabiilse seadme.<\/p>\n<\/li>\n<li>\n<p data-path-to-node=\"9,1,0\"><b>P\u00fchkimisvalmis:<\/b> Kuni 60 cm pikkune \u00fclitugev nailonpael RFID\/NFC ligip\u00e4\u00e4sukaartide kiireks skannimiseks.<\/p>\n<\/li>\n<li>\n<p data-path-to-node=\"9,2,0\"><b>Topeltbr\u00e4ndingu ala:<\/b> Kohanda nii pol\u00fcesterrihma kui ka rulli keskmist nuppu oma logoga.<\/p>\n<\/li>\n<li>\n<p data-path-to-node=\"9,3,0\"><b>V\u00e4\u00e4ndumisvastane disain:<\/b> Erinevalt kinnitusrullidest hoiab integreeritud korpus teie ID-kaardi ettepoole suunatud.<\/p>\n<\/li>\n<\/ul>","protected":false},"featured_media":5621,"comment_status":"closed","ping_status":"closed","template":"","meta":[],"product_brand":[],"product_cat":[104,108,105],"product_tag":[],"class_list":{"0":"post-5620","1":"product","2":"type-product","3":"status-publish","4":"has-post-thumbnail","6":"product_cat-custom-printed-lanyards","7":"product_cat-multifunctional-lanyards","8":"product_cat-badge-holder-lanyards","10":"first","11":"instock","12":"shipping-taxable","13":"product-type-simple"},"_links":{"self":[{"href":"https:\/\/displayproducts.eu\/et\/wp-json\/wp\/v2\/product\/5620","targetHints":{"allow":["GET"]}}],"collection":[{"href":"https:\/\/displayproducts.eu\/et\/wp-json\/wp\/v2\/product"}],"about":[{"href":"https:\/\/displayproducts.eu\/et\/wp-json\/wp\/v2\/types\/product"}],"replies":[{"embeddable":true,"href":"https:\/\/displayproducts.eu\/et\/wp-json\/wp\/v2\/comments?post=5620"}],"wp:featuredmedia":[{"embeddable":true,"href":"https:\/\/displayproducts.eu\/et\/wp-json\/wp\/v2\/media\/5621"}],"wp:attachment":[{"href":"https:\/\/displayproducts.eu\/et\/wp-json\/wp\/v2\/media?parent=5620"}],"wp:term":[{"taxonomy":"product_brand","embeddable":true,"href":"https:\/\/displayproducts.eu\/et\/wp-json\/wp\/v2\/product_brand?post=5620"},{"taxonomy":"product_cat","embeddable":true,"href":"https:\/\/displayproducts.eu\/et\/wp-json\/wp\/v2\/product_cat?post=5620"},{"taxonomy":"product_tag","embeddable":true,"href":"https:\/\/displayproducts.eu\/et\/wp-json\/wp\/v2\/product_tag?post=5620"}],"curies":[{"name":"wp","href":"https:\/\/api.w.org\/{rel}","templated":true}]}}