{"id":5234,"date":"2025-10-22T13:43:36","date_gmt":"2025-10-22T10:43:36","guid":{"rendered":"https:\/\/wristbandfactory.eu\/?post_type=product&#038;p=5234"},"modified":"2026-04-01T21:52:04","modified_gmt":"2026-04-01T18:52:04","slug":"custom-charm-wristbands","status":"publish","type":"product","link":"https:\/\/displayproducts.eu\/et\/p\/custom-charm-wristbands\/","title":{"rendered":"Eridisainiga v\u00f5luk\u00e4epaelad"},"content":{"rendered":"<p>T\u00f5sta oma br\u00e4ndi esile v\u00f5i t\u00e4hista erilist s\u00fcndmust meie t\u00e4ielikult kohandatavate v\u00f5luk\u00e4epaeldega. Need k\u00e4epaeld on ideaalne B2B-lahendus kvaliteetsete ja ihaldusv\u00e4\u00e4rsete kaupade loomiseks suveniiripoodidele, kruiisilaevadele, firma\u00fcritustele v\u00f5i ainulaadsetele reklaamkingitustele.<\/p>\n<p>Meie teeme teie n\u00e4gemuse ellu. Saate kujundada t\u00e4iesti ainulaadse metallist v\u00f5i emailitud ripatsi, mis p\u00f5hineb teie ettev\u00f5tte logol, maskotil v\u00f5i kampaaniateemal. Valige paela v\u00e4rv ja stiil \u2013 lihtsatest paeladest keerukate s\u00f5lmedeni \u2013 ning lisage oma br\u00e4ndi esteetikaga sobivaid dekoratiivseid helmeid, n\u00e4iteks karpe, t\u00e4hti v\u00f5i metallilisi elemente.<\/p>\n<p>See mitmek\u00fclgsus muudab need ideaalseks igale sihtr\u00fchmale. Saame luua isegi \u201cParimad s\u00f5brad\u201d v\u00f5i paariskomplekte, mis sobivad ideaalselt turismiatraktsioonide v\u00f5i f\u00e4nnikaupade jaoks. Iga komplekt tarnitakse tr\u00fckitud aluskaardil, mis on t\u00e4ielikult br\u00e4nditud ja jaem\u00fc\u00fcgiks valmis.<\/p>\n<p><b>Peamised omadused:<\/b><\/p>\n<ul>\n<li><b>Eridisainiga logoga kaunistused:<\/b> Valmistame teie disaini p\u00f5hjal kvaliteetseid emailitud v\u00f5i metallist ripatsid.<\/li>\n<li><b>T\u00e4ielik kohandamine:<\/b> Vali paela v\u00e4rvid, k\u00e4epael stiil ja dekoratiivsed helmed (nt karbid, metallik).<\/li>\n<li><b>Jaem\u00fc\u00fcgivalmis pakend:<\/b> K\u00e4epaeld tarnitakse eritellimusel valmistatud aluskaardil, mis on kohe v\u00e4ljapanekuks valmis.<\/li>\n<li><b>Mitmek\u00fclgne kaup:<\/b> Ideaalne kingitustepoodide, turismiatraktsioonide, br\u00e4ndikoost\u00f6\u00f6 ja \u00fcrituste jaoks.<\/li>\n<li><b>Sobivad komplektid:<\/b> V\u00f5imalus luua \u00fchele kaardile \u201cParimad s\u00f5brad\u201d v\u00f5i sobivaid komplekte.<\/li>\n<li><b>Reguleeritav sobivus:<\/b> Reguleeritavate s\u00f5lmedega disainitud, et see sobiks laiale kliendiskonnale.<\/li>\n<\/ul>","protected":false},"excerpt":{"rendered":"<ul>\n<li>Kujunda ainulaadsed k\u00e4epaeld omaenda logoga ripatsidega.<\/li>\n<li>Vali erinevate paelav\u00e4rvide, helmeste ja stiilide hulgast.<\/li>\n<li>Ideaalne kaubam\u00e4rgiga kaupade, suveniiripoodide v\u00f5i eriliste s\u00fcndmuste jaoks.<\/li>\n<li>Tarnitakse jaem\u00fc\u00fcgivalmis viimistluse tagamiseks eritellimusel tr\u00fckitud aluskaartidel.<\/li>\n<\/ul>","protected":false},"featured_media":6680,"comment_status":"closed","ping_status":"closed","template":"","meta":[],"product_brand":[],"product_cat":[122],"product_tag":[],"class_list":{"0":"post-5234","1":"product","2":"type-product","3":"status-publish","4":"has-post-thumbnail","6":"product_cat-promotional-accessories","8":"first","9":"instock","10":"shipping-taxable","11":"product-type-simple"},"_links":{"self":[{"href":"https:\/\/displayproducts.eu\/et\/wp-json\/wp\/v2\/product\/5234","targetHints":{"allow":["GET"]}}],"collection":[{"href":"https:\/\/displayproducts.eu\/et\/wp-json\/wp\/v2\/product"}],"about":[{"href":"https:\/\/displayproducts.eu\/et\/wp-json\/wp\/v2\/types\/product"}],"replies":[{"embeddable":true,"href":"https:\/\/displayproducts.eu\/et\/wp-json\/wp\/v2\/comments?post=5234"}],"wp:featuredmedia":[{"embeddable":true,"href":"https:\/\/displayproducts.eu\/et\/wp-json\/wp\/v2\/media\/6680"}],"wp:attachment":[{"href":"https:\/\/displayproducts.eu\/et\/wp-json\/wp\/v2\/media?parent=5234"}],"wp:term":[{"taxonomy":"product_brand","embeddable":true,"href":"https:\/\/displayproducts.eu\/et\/wp-json\/wp\/v2\/product_brand?post=5234"},{"taxonomy":"product_cat","embeddable":true,"href":"https:\/\/displayproducts.eu\/et\/wp-json\/wp\/v2\/product_cat?post=5234"},{"taxonomy":"product_tag","embeddable":true,"href":"https:\/\/displayproducts.eu\/et\/wp-json\/wp\/v2\/product_tag?post=5234"}],"curies":[{"name":"wp","href":"https:\/\/api.w.org\/{rel}","templated":true}]}}