{"id":4159,"date":"2025-06-04T23:53:14","date_gmt":"2025-06-04T20:53:14","guid":{"rendered":"https:\/\/wristbandfactory.eu\/?post_type=product&#038;p=4159"},"modified":"2026-04-01T21:52:04","modified_gmt":"2026-04-01T18:52:04","slug":"iml-printed-reusable-event-cups-bpa-free","status":"publish","type":"product","link":"https:\/\/displayproducts.eu\/et\/p\/iml-printed-reusable-event-cups-bpa-free\/","title":{"rendered":"IML tr\u00fckiga korduvkasutatavad topsid"},"content":{"rendered":"<p data-path-to-node=\"8\"><span class=\"citation-103 citation-end-103\">T\u00f5sta oma br\u00e4ndi ja j\u00e4tkusuutlikkuse eesm\u00e4rke meie esmaklassiliste korduvkasutatavate \u00fcritustopsidega, millel on k\u00f5rglahutusega t\u00e4isv\u00e4rviline IML-tr\u00fckk. <\/span><span class=\"citation-102 citation-end-102\">See on parim lahendus festivalidele, staadionidele ja ettev\u00f5tetele, kes otsivad m\u00f5jukat ja keskkonnas\u00f5bralikku br\u00e4ndingut\u00f6\u00f6riista. <\/span><span class=\"citation-101 citation-end-101\">See tehnoloogia muudab lihtsa tassi v\u00f5imsaks ja fotorealistlikuks reklaammeeneks, mida k\u00fclastajad tahavad alles hoida. <\/span><\/p>\n<p data-path-to-node=\"9\">Oleme spetsialiseerunud kahele kvaliteetsele ettev\u00f5ttesisesele tr\u00fckitehnoloogiale, et need vastaksid teie br\u00e4ndi vajadustele:<\/p>\n<ol start=\"1\" data-path-to-node=\"10\">\n<li>\n<p data-path-to-node=\"10,0,1\"><b><span class=\"citation-100\">IML (vormisisese m\u00e4rgistuse) tr\u00fckkimine:<\/span><\/b><span class=\"citation-100 citation-end-100\"> Meie tipptasemel valik, mis pakub vapustavaid, fotorealistlikke graafikaid, mis katavad kogu tassi. <\/span><span class=\"citation-99 citation-end-99\">See ainulaadne tehnoloogia \u00e4ratab keerulised ja v\u00e4rvilised kujundused ellu erakordse detailsusega. <\/span><span class=\"citation-98 citation-end-98\">Pakume valikut stiilse mati v\u00f5i klassikalise l\u00e4bipaistva viimistluse vahel, et luua teie br\u00e4ndile ideaalne l\u00f5uend. <\/span> (Minimaalne tellimus: 1000 \u00fchikut)<span class=\"citation-97 citation-end-97\">. <\/span><\/p>\n<\/li>\n<li>\n<p data-path-to-node=\"10,1,1\"><b><span class=\"citation-96\">P\u00f6\u00f6rdtr\u00fckk:<\/span><\/b><span class=\"citation-96 citation-end-96\"> V\u00e4ga vastupidav ja kulut\u00f5hus lahendus, mis sobib ideaalselt vektorgraafikap\u00f5histe logode ja lihtsamate kujunduste jaoks. <\/span> See meetod tagab kvaliteetse ja kauakestva tr\u00fcki nii l\u00e4bipaistvatele kui ka v\u00e4rvilistele tassidele. (Minimaalne tellimus: 250 \u00fchikut)<span class=\"citation-95 citation-end-95\">. <\/span><\/p>\n<\/li>\n<\/ol>\n<p data-path-to-node=\"11\">Lisaks br\u00e4ndingule on need tassid ka nutikas investeering tegevusse. <span class=\"citation-94 citation-end-94\">Need on toodetud Euroopas ning on sertifitseeritud tervisele ohutuks, 100% BPA-vabad, toiduohutud ja 100% taaskasutatavad. <\/span><span class=\"citation-93 citation-end-93\">Paljudel meie IML-mudelitel (nagu Nicknacki seeria) on metroloogiliselt kontrollitud m\u00f5\u00f5teskaala t\u00e4pseks ja professionaalseks jookide serveerimiseks. <\/span><\/p>\n<p data-path-to-node=\"12\"><span class=\"citation-92 citation-end-92\">Vastupidav PP-plastist konstruktsioon on loodud kestma <\/span> ja on t\u00e4ielikult n\u00f5udepesumasinas pestav. (IML-disainide maksimaalse vastupidavuse tagamiseks on soovitatav k\u00e4sitsi pesta.)<span class=\"citation-91 citation-end-91\">. <\/span><span class=\"citation-90 citation-end-90\">Saadaval mitmes suuruses, sh 330 ml ja 500 ml, on need praktilised, virnastatavad ja ruumis\u00e4\u00e4stlikud lahendused igale toimumiskohale. <\/span><\/p>\n<p data-path-to-node=\"13\">Need on ideaalne j\u00e4tkusuutlik valik j\u00e4rgmistel juhtudel:<\/p>\n<ul data-path-to-node=\"14\">\n<li>\n<p data-path-to-node=\"14,0,0\"><span class=\"citation-89 citation-end-89\">Festivalid, kontserdid ja klubid <\/span><\/p>\n<\/li>\n<li>\n<p data-path-to-node=\"14,1,0\"><span class=\"citation-88 citation-end-88\">Spordiareenid ja meeskonna\u00fcritused <\/span><\/p>\n<\/li>\n<li>\n<p data-path-to-node=\"14,2,0\"><span class=\"citation-87 citation-end-87\">Ettev\u00f5tte\u00fcritused ja messid <\/span><\/p>\n<\/li>\n<li>\n<p data-path-to-node=\"14,3,0\"><span class=\"citation-86 citation-end-86\">Valla\u00fcritused, laadad ja turud <\/span><\/p>\n<\/li>\n<\/ul>\n<p data-path-to-node=\"15\">V\u00f5tke meiega juba t\u00e4na \u00fchendust, et arutada oma IML- v\u00f5i siiditr\u00fckiprojekti ja j\u00e4tta p\u00fcsiv mulje oma eritellimusel valmistatud korduvkasutatavate topsidega.<\/p>\n<h3 data-path-to-node=\"16\"><b>Peamised omadused:<\/b><\/h3>\n<ul data-path-to-node=\"17\">\n<li>\n<p data-path-to-node=\"17,0,1\"><b><span class=\"citation-85\">Premium IML-printimine:<\/span><\/b><span class=\"citation-85 citation-end-85\"> Pakub fotorealistlikku br\u00e4ndingut kogu topsi pinnal. <\/span><\/p>\n<\/li>\n<li>\n<p data-path-to-node=\"17,1,1\"><b><span class=\"citation-84\">Eridisainiga viimistlusvalikud:<\/span><\/b><span class=\"citation-84 citation-end-84\"> Saadaval nii mati kui ka l\u00e4bipaistva viimistlusega IML-disainide jaoks. <\/span><\/p>\n<\/li>\n<li>\n<p data-path-to-node=\"17,2,1\"><b><span class=\"citation-83\">Vastupidav siiditr\u00fckk:<\/span><\/b><span class=\"citation-83 citation-end-83\"> Kvaliteetne ja kauakestev alternatiiv vektorgraafikale. <\/span><\/p>\n<\/li>\n<li>\n<p data-path-to-node=\"17,3,1\"><b><span class=\"citation-82\">Sertifitseeritud tervisele ohutu:<\/span><\/b><span class=\"citation-82 citation-end-82\"> Valmistatud 100% BPA-vabast, toiduohutust ja 100% taaskasutatavast PP-plastist. <\/span><\/p>\n<\/li>\n<li>\n<p data-path-to-node=\"17,4,1\"><b><span class=\"citation-81\">Kontrollitud m\u00f5\u00f5teskaala:<\/span><\/b><span class=\"citation-81 citation-end-81\"> Paljudel mudelitel on t\u00e4pse ja j\u00e4rjepideva jookide serveerimise tagamiseks kontrollitud kaal. <\/span><\/p>\n<\/li>\n<li>\n<p data-path-to-node=\"17,5,1\"><b><span class=\"citation-80\">Mitmed mahutavused:<\/span><\/b><span class=\"citation-80 citation-end-80\"> Saadaval erinevates suurustes (nt 330ml, 500ml), et see sobiks teie vajadustega. <\/span><\/p>\n<\/li>\n<li>\n<p data-path-to-node=\"17,6,1\"><b><span class=\"citation-79\">Kvaliteetne EL-i toodang:<\/span><\/b><span class=\"citation-79 citation-end-79\"> Valmistatud Euroopas (nt T\u0161ehhi Vabariigis) vastavalt k\u00f5rgetele ohutus- ja kvaliteedistandarditele. <\/span><\/p>\n<\/li>\n<\/ul>","protected":false},"excerpt":{"rendered":"<ul>\n<li data-path-to-node=\"7,0,0\"><span class=\"citation-108 citation-end-108\">Kvaliteetne, t\u00e4isv\u00e4rviline ja fotorealistlik IML-tr\u00fckk maksimaalse br\u00e4ndim\u00f5ju saavutamiseks. <\/span><\/li>\n<li data-path-to-node=\"7,0,0\"><span class=\"citation-107 citation-end-107\">Saadaval mitmes suuruses (nt 330ml, 500ml) ja viimistlusega (matt v\u00f5i l\u00e4bipaistev). <\/span><\/li>\n<li data-path-to-node=\"7,0,0\"><span class=\"citation-106 citation-end-106\">Sertifitseeritud BPA-vaba, tervisele ohutu materjal <\/span><span class=\"citation-105 citation-end-105\">; paljudel mudelitel on kontrollitud m\u00f5\u00f5teskaala. <\/span><\/li>\n<li data-path-to-node=\"7,0,0\"><span class=\"citation-104 citation-end-104\">Saadaval ka vastupidava ja kulut\u00f5husa rotatsioonsiiditr\u00fckiga lihtsamate logode jaoks. <\/span><\/li>\n<li style=\"list-style-type: none;\"><\/li>\n<\/ul>","protected":false},"featured_media":6517,"comment_status":"closed","ping_status":"closed","template":"","meta":[],"product_brand":[],"product_cat":[111],"product_tag":[],"class_list":{"0":"post-4159","1":"product","2":"type-product","3":"status-publish","4":"has-post-thumbnail","6":"product_cat-reusable-event-cups","8":"first","9":"instock","10":"shipping-taxable","11":"purchasable","12":"product-type-simple"},"_links":{"self":[{"href":"https:\/\/displayproducts.eu\/et\/wp-json\/wp\/v2\/product\/4159","targetHints":{"allow":["GET"]}}],"collection":[{"href":"https:\/\/displayproducts.eu\/et\/wp-json\/wp\/v2\/product"}],"about":[{"href":"https:\/\/displayproducts.eu\/et\/wp-json\/wp\/v2\/types\/product"}],"replies":[{"embeddable":true,"href":"https:\/\/displayproducts.eu\/et\/wp-json\/wp\/v2\/comments?post=4159"}],"wp:featuredmedia":[{"embeddable":true,"href":"https:\/\/displayproducts.eu\/et\/wp-json\/wp\/v2\/media\/6517"}],"wp:attachment":[{"href":"https:\/\/displayproducts.eu\/et\/wp-json\/wp\/v2\/media?parent=4159"}],"wp:term":[{"taxonomy":"product_brand","embeddable":true,"href":"https:\/\/displayproducts.eu\/et\/wp-json\/wp\/v2\/product_brand?post=4159"},{"taxonomy":"product_cat","embeddable":true,"href":"https:\/\/displayproducts.eu\/et\/wp-json\/wp\/v2\/product_cat?post=4159"},{"taxonomy":"product_tag","embeddable":true,"href":"https:\/\/displayproducts.eu\/et\/wp-json\/wp\/v2\/product_tag?post=4159"}],"curies":[{"name":"wp","href":"https:\/\/api.w.org\/{rel}","templated":true}]}}