{"id":1382,"date":"2024-07-17T13:03:02","date_gmt":"2024-07-17T10:03:02","guid":{"rendered":"https:\/\/wristbandfactory.eu\/toode\/lanyard-made-of-1-5-cm-rpet-with-cup-holder-sublimation-print\/"},"modified":"2026-04-01T21:52:36","modified_gmt":"2026-04-01T18:52:36","slug":"printed-lanyards-with-cup-holder","status":"publish","type":"product","link":"https:\/\/displayproducts.eu\/et\/p\/printed-lanyards-with-cup-holder\/","title":{"rendered":"Tr\u00fckitud kaelapaelad topsihoidjaga"},"content":{"rendered":"<div class=\"flex flex-grow flex-col max-w-full\">\n<div class=\"min-h-[20px] text-message flex flex-col items-start whitespace-pre-wrap break-words [.text-message+&amp;]:mt-5 juice:w-full juice:items-end overflow-x-auto gap-2\" dir=\"auto\" data-message-author-role=\"assistant\" data-message-id=\"29d0cc2f-9703-4b46-a2f3-f0401257c60f\">\n<div class=\"flex w-full flex-col gap-1 juice:empty:hidden juice:first:pt-[3px]\">\n<div class=\"markdown prose w-full break-words dark:prose-invert light\">\n<p>Muutke oma j\u00e4rgmisel festivalil, konverentsil v\u00f5i v\u00e4li\u00fcritusel osalejate kogemus veelgi paremaks. Meie tr\u00fckitud kaelapaelad topsihoidjatega pakuvad \u00fclimalt praktilist lahendust, v\u00f5imaldades teie k\u00fclalistel, t\u00f6\u00f6tajatel v\u00f5i VIP-idel k\u00e4ed vabad olla, hoides samal ajal teie br\u00e4ndi selgelt n\u00e4htavana.<\/p>\n<p>See funktsionaalne kaelapael on valmistatud tugevast kootud RPET-pol\u00fcestrist, mis n\u00e4itab teie br\u00e4ndi p\u00fchendumust j\u00e4tkusuutlikele valikutele. Hind sisaldab erksav\u00e4rvilist sublimatsioonitr\u00fcki m\u00f5lemal k\u00fcljel, mis sobib ideaalselt keerukate logode, detailsete kujunduste ja piiramatu v\u00e4rvivaliku jaoks. Paindlik ja universaalne silikoonist topsihoidja (l\u00e4bim\u00f5\u00f5duga 6 cm) hoiab kindlalt kinni enamikku standardseid \u00fcrituste tasse (m\u00e4rkus: tass ei kuulu komplekti). See kaelapael on ideaalne aksessuaar igale \u00fcritusele, kus pakutakse jooke, tagades, et teie br\u00e4nd p\u00fcsib esiplaanil ja kesksel kohal.<\/p>\n<p><b>Peamised omadused:<\/b><\/p>\n<ul>\n<li><b>Materjal:<\/b> 1,5 cm paksune kootud RPET (taaskasutatud pol\u00fcester)<\/li>\n<li><b>Omanik:<\/b> Universaalne silikoon (\u00d8 6 cm)<\/li>\n<li><b>Tr\u00fckkimine:<\/b> T\u00e4isv\u00e4rviline sublimatsioonitr\u00fckk (m\u00f5lemad pooled kaasas)<\/li>\n<li><b>Kasu:<\/b> Hoiab k\u00e4ed vabad; ideaalne korduvkasutatavate tasside programmidele<\/li>\n<li><b>Ideaalne:<\/b> Festivalid, kontserdid, messid ja firma\u00fcritused<\/li>\n<li><b>P\u00e4ritolu:<\/b> Valmistatud Euroopas<\/li>\n<\/ul>\n<p>&nbsp;<\/p>\n<\/div>\n<\/div>\n<\/div>\n<\/div>","protected":false},"excerpt":{"rendered":"<ul>\n<li>Pakub k\u00e4ed-vabad mugavust festivalidel ja vaba\u00f5hu\u00fcritustel.<\/li>\n<li>T\u00e4isv\u00e4rviline kahepoolne sublimatsioonitr\u00fckk br\u00e4ndi maksimaalse n\u00e4htavuse tagamiseks.<\/li>\n<li>Valmistatud vastupidavast ja keskkonnas\u00f5bralikust RPET (taaskasutatud) materjalist.<\/li>\n<li>Universaalne silikoonist hoidik (\u00d8 6 cm) sobib enamiku korduvkasutatavate tasside jaoks.<\/li>\n<\/ul>","protected":false},"featured_media":6564,"comment_status":"closed","ping_status":"closed","template":"","meta":[],"product_brand":[],"product_cat":[43,108,68,119],"product_tag":[],"class_list":{"0":"post-1382","1":"product","2":"type-product","3":"status-publish","4":"has-post-thumbnail","6":"product_cat-lanyards","7":"product_cat-multifunctional-lanyards","8":"product_cat-event-supplies","9":"product_cat-drinkware-accessories","11":"first","12":"instock","13":"shipping-taxable","14":"purchasable","15":"product-type-simple"},"_links":{"self":[{"href":"https:\/\/displayproducts.eu\/et\/wp-json\/wp\/v2\/product\/1382","targetHints":{"allow":["GET"]}}],"collection":[{"href":"https:\/\/displayproducts.eu\/et\/wp-json\/wp\/v2\/product"}],"about":[{"href":"https:\/\/displayproducts.eu\/et\/wp-json\/wp\/v2\/types\/product"}],"replies":[{"embeddable":true,"href":"https:\/\/displayproducts.eu\/et\/wp-json\/wp\/v2\/comments?post=1382"}],"wp:featuredmedia":[{"embeddable":true,"href":"https:\/\/displayproducts.eu\/et\/wp-json\/wp\/v2\/media\/6564"}],"wp:attachment":[{"href":"https:\/\/displayproducts.eu\/et\/wp-json\/wp\/v2\/media?parent=1382"}],"wp:term":[{"taxonomy":"product_brand","embeddable":true,"href":"https:\/\/displayproducts.eu\/et\/wp-json\/wp\/v2\/product_brand?post=1382"},{"taxonomy":"product_cat","embeddable":true,"href":"https:\/\/displayproducts.eu\/et\/wp-json\/wp\/v2\/product_cat?post=1382"},{"taxonomy":"product_tag","embeddable":true,"href":"https:\/\/displayproducts.eu\/et\/wp-json\/wp\/v2\/product_tag?post=1382"}],"curies":[{"name":"wp","href":"https:\/\/api.w.org\/{rel}","templated":true}]}}