{"id":1292,"date":"2024-07-15T22:03:57","date_gmt":"2024-07-15T19:03:57","guid":{"rendered":"https:\/\/wristbandfactory.eu\/toode\/tyvek-wristbands-for-hospitals\/"},"modified":"2026-04-01T21:52:36","modified_gmt":"2026-04-01T18:52:36","slug":"direct-thermal-hospital-wristbands","status":"publish","type":"product","link":"https:\/\/displayproducts.eu\/et\/p\/direct-thermal-hospital-wristbands\/","title":{"rendered":"Antibakteriaalsed haigla k\u00e4epaelad"},"content":{"rendered":"<p data-path-to-node=\"8\">T\u00f5stke oma asutuse patsientide tuvastamise standardeid meie otsetermiliste haiglak\u00e4epaeltega. Need k\u00e4epaelad on loodud sujuvaks integreerimiseks olemasolevatesse tervishoiu t\u00f6\u00f6voogudesse ning need v\u00e4listavad k\u00e4ekirjavigade ohu, v\u00f5imaldades v\u00f6\u00f6tkoodide, teksti ja patsientide fotode kohest printimist. T\u00e4iskasvanute suurus (29x290 mm) pakub mugavat istuvust ja suurt pinda skannitavate andmete jaoks, tagades t\u00f5hususe alates triaa\u017eist kuni v\u00e4ljakirjutamiseni.<\/p>\n<h2 data-path-to-node=\"9\">Peamised omadused<\/h2>\n<ul data-path-to-node=\"10\">\n<li>\n<p data-path-to-node=\"10,0,0\"><b data-path-to-node=\"10,0,0\" data-index-in-node=\"0\">Antibakteriaalne kaitse:<\/b> Spetsiaalne kate, mis p\u00e4rsib aktiivselt bakterite kasvu, mis on kliinilises keskkonnas kriitilise t\u00e4htsusega.<\/p>\n<\/li>\n<li>\n<p data-path-to-node=\"10,1,0\"><b data-path-to-node=\"10,1,0\" data-index-in-node=\"0\">M\u00e4\u00e4rdumiskindel vastupidavus:<\/b> Kvaliteetne pol\u00fcprop\u00fcleenkile lukustab termotr\u00fcki, hoides patsiendiandmed loetavatena ka p\u00e4rast kokkupuudet vee, alkoholi v\u00f5i k\u00e4te desinfitseerimisvahenditega.<\/p>\n<\/li>\n<li>\n<p data-path-to-node=\"10,2,0\"><b data-path-to-node=\"10,2,0\" data-index-in-node=\"0\">Avatud uste sulgemine:<\/b> Kasutab k\u00f5rge kleepuvusega liimi, mis puruneb, kui rihma eemaldamist v\u00f5i \u00fcmberpaigutamist \u00fcritatakse.<\/p>\n<\/li>\n<li>\n<p data-path-to-node=\"10,3,0\"><b data-path-to-node=\"10,3,0\" data-index-in-node=\"0\">Lateksivaba ja h\u00fcpoallergeenne:<\/b> Ohutu k\u00f5ikidele nahat\u00fc\u00fcpidele, minimeerides allergiliste reaktsioonide riski pikaajalise statsionaarse ravi ajal.<\/p>\n<\/li>\n<\/ul>\n<h2 data-path-to-node=\"11\">Spetsifikatsioonid<\/h2>\n<ul data-path-to-node=\"12\">\n<li>\n<p data-path-to-node=\"12,0,0\"><b data-path-to-node=\"12,0,0\" data-index-in-node=\"0\">M\u00f5\u00f5tmed:<\/b> 29 mm x 290 mm (t\u00e4iskasvanu standardsuurus).<\/p>\n<\/li>\n<li>\n<p data-path-to-node=\"12,1,0\"><b data-path-to-node=\"12,1,0\" data-index-in-node=\"0\">Materjal:<\/b> Pol\u00fcprop\u00fcleen antibakteriaalse kattega.<\/p>\n<\/li>\n<li>\n<p data-path-to-node=\"12,2,0\"><b data-path-to-node=\"12,2,0\" data-index-in-node=\"0\">Tr\u00fckitehnoloogia:<\/b> Otsene termotr\u00fckk (lint ega tinti pole vaja).<\/p>\n<\/li>\n<li>\n<p data-path-to-node=\"12,3,0\"><b data-path-to-node=\"12,3,0\" data-index-in-node=\"0\">\u00dchilduvus:<\/b> Optimeeritud Zebra (GK-888T, TLP2824), Brother (TD-2020) ja TSC lauaprinteritele.<\/p>\n<\/li>\n<li>\n<p data-path-to-node=\"12,4,0\"><b data-path-to-node=\"12,4,0\" data-index-in-node=\"0\">Pakend:<\/b> 100 k\u00e4epaela rullis, 25 mm (1-tolline) s\u00fcdamik.<\/p>\n<\/li>\n<li>\n<p data-path-to-node=\"12,5,0\"><b data-path-to-node=\"12,5,0\" data-index-in-node=\"0\">Minimaalne tellimuse kogus (MOQ):<\/b> 100 \u00fchikut.<\/p>\n<\/li>\n<\/ul>\n<h2 data-path-to-node=\"13\">Kasutusjuhud<\/h2>\n<ul data-path-to-node=\"14\">\n<li>\n<p data-path-to-node=\"14,0,0\"><b data-path-to-node=\"14,0,0\" data-index-in-node=\"0\">Suuremahulised vastuv\u00f5tud:<\/b> Ideaalne erakorralise meditsiini osakondadele ja kiirabiteenuste keskustele, mis vajavad kiiret ID-kaardi genereerimist.<\/p>\n<\/li>\n<li>\n<p data-path-to-node=\"14,1,0\"><b data-path-to-node=\"14,1,0\" data-index-in-node=\"0\">Statsionaarne ravi:<\/b> Pikaajaline identifitseerimine ravimite manustamiseks ja voodi\u00e4\u00e4rseks skaneerimiseks.<\/p>\n<\/li>\n<li>\n<p data-path-to-node=\"14,2,0\"><b data-path-to-node=\"14,2,0\" data-index-in-node=\"0\">Ambulatoorsed protseduurid:<\/b> Turvaline m\u00e4rgistamine samal p\u00e4eval tehtavateks operatsioonideks ja diagnostilisteks testideks.<\/p>\n<\/li>\n<li>\n<p data-path-to-node=\"14,3,0\"><b data-path-to-node=\"14,3,0\" data-index-in-node=\"0\">S\u00fcnnitus- ja lasteosakonnad:<\/b> Usaldusv\u00e4\u00e4rne identifitseerimine olukordades, kus ohutus ja mugavus on esmat\u00e4htsad.<\/p>\n<\/li>\n<\/ul>\n<p data-path-to-node=\"15\">","protected":false},"excerpt":{"rendered":"<p data-path-to-node=\"6\">Sujuvamaks muutke oma patsientide vastuv\u00f5tuprotsessi meie otsetermiliste haigla k\u00e4epaeltega, mis on loodud t\u00e4nap\u00e4evastele tervishoiuasutustele, mis vajavad kohest ja k\u00f5rge eraldusv\u00f5imega andmete printimist otse vastuv\u00f5tus\u00fcsteemidest.<\/p>\n<ul data-path-to-node=\"7\">\n<li>\n<p data-path-to-node=\"7,0,0\"><b data-path-to-node=\"7,0,0\" data-index-in-node=\"0\">Printeri \u00fchilduvus:<\/b> T\u00e4ielikult optimeeritud t\u00f6\u00f6stusstandardile vastavatele otsetermoprinteritele nagu Zebra, Brother ja TSC.<\/p>\n<\/li>\n<li>\n<p data-path-to-node=\"7,1,0\"><b data-path-to-node=\"7,1,0\" data-index-in-node=\"0\">Nakkuskontroll:<\/b> Spetsiaalne antibakteriaalne kate p\u00e4rsib bakterite kasvu, toetades haigla rangeid h\u00fcgieeniprotokolle.<\/p>\n<\/li>\n<li>\n<p data-path-to-node=\"7,2,0\"><b data-path-to-node=\"7,2,0\" data-index-in-node=\"0\">Maksimaalne turvalisus:<\/b> V\u00e4ljal\u00f5igatud sulguriga turvaline akr\u00fc\u00fclliim hoiab \u00e4ra \u00fclekandmise ja tagab patsiendi ID terviklikkuse.<\/p>\n<\/li>\n<li>\n<p data-path-to-node=\"7,3,0\"><b data-path-to-node=\"7,3,0\" data-index-in-node=\"0\">B2B efektiivsus:<\/b> Tarnitakse 100 riba rullides kiireks laadimiseks ja suuremahuliseks vastuv\u00f5tuks.<\/p>\n<\/li>\n<\/ul>","protected":false},"featured_media":631,"comment_status":"closed","ping_status":"closed","template":"","meta":[],"product_brand":[],"product_cat":[66,72],"product_tag":[],"class_list":{"0":"post-1292","1":"product","2":"type-product","3":"status-publish","4":"has-post-thumbnail","6":"product_cat-wristbands","7":"product_cat-medical-and-hospital","9":"first","10":"instock","11":"shipping-taxable","12":"purchasable","13":"product-type-simple"},"_links":{"self":[{"href":"https:\/\/displayproducts.eu\/et\/wp-json\/wp\/v2\/product\/1292","targetHints":{"allow":["GET"]}}],"collection":[{"href":"https:\/\/displayproducts.eu\/et\/wp-json\/wp\/v2\/product"}],"about":[{"href":"https:\/\/displayproducts.eu\/et\/wp-json\/wp\/v2\/types\/product"}],"replies":[{"embeddable":true,"href":"https:\/\/displayproducts.eu\/et\/wp-json\/wp\/v2\/comments?post=1292"}],"wp:featuredmedia":[{"embeddable":true,"href":"https:\/\/displayproducts.eu\/et\/wp-json\/wp\/v2\/media\/631"}],"wp:attachment":[{"href":"https:\/\/displayproducts.eu\/et\/wp-json\/wp\/v2\/media?parent=1292"}],"wp:term":[{"taxonomy":"product_brand","embeddable":true,"href":"https:\/\/displayproducts.eu\/et\/wp-json\/wp\/v2\/product_brand?post=1292"},{"taxonomy":"product_cat","embeddable":true,"href":"https:\/\/displayproducts.eu\/et\/wp-json\/wp\/v2\/product_cat?post=1292"},{"taxonomy":"product_tag","embeddable":true,"href":"https:\/\/displayproducts.eu\/et\/wp-json\/wp\/v2\/product_tag?post=1292"}],"curies":[{"name":"wp","href":"https:\/\/api.w.org\/{rel}","templated":true}]}}